{"id":34423,"date":"2024-05-28T14:54:44","date_gmt":"2024-05-28T14:54:44","guid":{"rendered":"https:\/\/sakaba.mghosteur.com\/?post_type=product&#038;p=34423"},"modified":"2024-06-03T13:10:10","modified_gmt":"2024-06-03T13:10:10","slug":"peach-slices-redness-relief-azelaic-acid-serum","status":"publish","type":"product","link":"https:\/\/sakaba.mghosteur.com\/en\/product\/peach-slices-redness-relief-azelaic-acid-serum\/","title":{"rendered":"PEACH SLICES REDNESS RELIEF AZELAIC ACID SERUM"},"content":{"rendered":"","protected":false},"excerpt":{"rendered":"","protected":false},"featured_media":0,"comment_status":"open","ping_status":"closed","template":"","meta":[],"product_brand":[952],"product_cat":[451,334],"product_tag":[],"class_list":{"0":"post-34423","1":"product","2":"type-product","3":"status-publish","5":"product_brand-peach-slices","6":"product_cat-aab-soin-du-visage","7":"product_cat-traitement-serum","9":"first","10":"instock","11":"shipping-taxable","12":"product-type-simple"},"jetpack-related-posts":[{"id":29195,"url":"https:\/\/sakaba.mghosteur.com\/en\/product\/the-inkey-list-redness-relief-solution-10-azelaic\/","url_meta":{"origin":34423,"position":0},"title":"THE INKEY LIST REDNESS RELIEF SOLUTION 10% AZELAIC","author":"admin","date":"March 21, 2023","format":false,"excerpt":"D\u00e9couvrez la solution de soulagement des rougeurs de la marque The Inkey List, cr\u00e9\u00e9e en partenariat avec des dermatologues. Cette formule innovante contient des particules micro-fines de couleur verte qui masquent les rougeurs et de l'allanto\u00efne \u00e0 0,3% pour apaiser la peau. Elle peut \u00eatre facilement associ\u00e9e \u00e0 d'autres produits\u2026","rel":"","context":"Similar post","block_context":{"text":"Similar post","link":""},"img":{"alt_text":"","src":"","width":0,"height":0},"classes":[]},{"id":56132,"url":"https:\/\/sakaba.mghosteur.com\/en\/product\/anua-azelaic-acid-10-hyaluron-redness-soothing-serum\/","url_meta":{"origin":34423,"position":1},"title":"Anua Azelaic Acid 10 + Hyaluron Redness Soothing Serum","author":"Sope DIA","date":"January 2, 2026","format":false,"excerpt":"[APAISANT POUR LES ROUGEURS] L'acide az\u00e9la\u00efque \u00e0 10 % apaise les peaux normales. Les extraits de bl\u00e9 et d'orge, ingr\u00e9dients doux et efficaces, hydratent en profondeur et contribuent \u00e0 \u00e9quilibrer la peau pour un teint plus \u00e9clatant. [SOIN DOUX ET EFFICACE POUR LA PEAU] Un m\u00e9lange de trois types d'acide\u2026","rel":"","context":"Similar post","block_context":{"text":"Similar post","link":""},"img":{"alt_text":"","src":"","width":0,"height":0},"classes":[]},{"id":34426,"url":"https:\/\/sakaba.mghosteur.com\/en\/product\/peach-slices-snail-rescue-intensive-serum\/","url_meta":{"origin":34423,"position":2},"title":"PEACH SLICES SNAIL RESCUE INTENSIVE SERUM","author":"admin","date":"May 28, 2024","format":false,"excerpt":"","rel":"","context":"Similar post","block_context":{"text":"Similar post","link":""},"img":{"alt_text":"","src":"","width":0,"height":0},"classes":[]},{"id":34420,"url":"https:\/\/sakaba.mghosteur.com\/en\/product\/peach-slices-oil-free-moisturizer\/","url_meta":{"origin":34423,"position":3},"title":"PEACH SLICES OIL FREE MOISTURIZER","author":"admin","date":"May 28, 2024","format":false,"excerpt":"","rel":"","context":"Similar post","block_context":{"text":"Similar post","link":""},"img":{"alt_text":"","src":"","width":0,"height":0},"classes":[]},{"id":34429,"url":"https:\/\/sakaba.mghosteur.com\/en\/product\/peach-slices-snail-rescue-purifying-cleanser\/","url_meta":{"origin":34423,"position":4},"title":"PEACH SLICES SNAIL RESCUE PURIFYING CLEANSER","author":"admin","date":"May 28, 2024","format":false,"excerpt":"","rel":"","context":"Similar post","block_context":{"text":"Similar post","link":""},"img":{"alt_text":"","src":"","width":0,"height":0},"classes":[]},{"id":26379,"url":"https:\/\/sakaba.mghosteur.com\/en\/product\/peach-slices-clarifying-cleanser\/","url_meta":{"origin":34423,"position":5},"title":"PEACH SLICES CLARIFYING CLEANSER","author":"admin","date":"November 25, 2022","format":false,"excerpt":"","rel":"","context":"Similar post","block_context":{"text":"Similar post","link":""},"img":{"alt_text":"","src":"","width":0,"height":0},"classes":[]}],"_links":{"self":[{"href":"https:\/\/sakaba.mghosteur.com\/en\/wp-json\/wp\/v2\/product\/34423","targetHints":{"allow":["GET"]}}],"collection":[{"href":"https:\/\/sakaba.mghosteur.com\/en\/wp-json\/wp\/v2\/product"}],"about":[{"href":"https:\/\/sakaba.mghosteur.com\/en\/wp-json\/wp\/v2\/types\/product"}],"replies":[{"embeddable":true,"href":"https:\/\/sakaba.mghosteur.com\/en\/wp-json\/wp\/v2\/comments?post=34423"}],"version-history":[{"count":0,"href":"https:\/\/sakaba.mghosteur.com\/en\/wp-json\/wp\/v2\/product\/34423\/revisions"}],"wp:attachment":[{"href":"https:\/\/sakaba.mghosteur.com\/en\/wp-json\/wp\/v2\/media?parent=34423"}],"wp:term":[{"taxonomy":"product_brand","embeddable":true,"href":"https:\/\/sakaba.mghosteur.com\/en\/wp-json\/wp\/v2\/product_brand?post=34423"},{"taxonomy":"product_cat","embeddable":true,"href":"https:\/\/sakaba.mghosteur.com\/en\/wp-json\/wp\/v2\/product_cat?post=34423"},{"taxonomy":"product_tag","embeddable":true,"href":"https:\/\/sakaba.mghosteur.com\/en\/wp-json\/wp\/v2\/product_tag?post=34423"}],"curies":[{"name":"wp","href":"https:\/\/api.w.org\/{rel}","templated":true}]}}