{"id":34441,"date":"2024-05-28T15:00:45","date_gmt":"2024-05-28T15:00:45","guid":{"rendered":"https:\/\/sakaba.mghosteur.com\/?post_type=product&#038;p=34441"},"modified":"2024-09-01T13:53:41","modified_gmt":"2024-09-01T13:53:41","slug":"tretinoin-and-clindamycin-gel-retino-ac-gel","status":"publish","type":"product","link":"https:\/\/sakaba.mghosteur.com\/en\/product\/tretinoin-and-clindamycin-gel-retino-ac-gel\/","title":{"rendered":"TRETINOIN AND CLINDAMYCIN GEL RETINO AC GEL"},"content":{"rendered":"<p>Le gel Retino AC est une combinaison de deux m\u00e9dicaments, utilis\u00e9s pour traiter l&#8217;acn\u00e9, qui appara\u00eet sous forme de taches ou de boutons sur le visage, la poitrine ou le dos. Ce m\u00e9dicament agit en attaquant les germes qui les provoquent et rajeunit la peau endommag\u00e9e par le soleil.<\/p>","protected":false},"excerpt":{"rendered":"<p>Le gel Retino AC est une combinaison de deux m\u00e9dicaments, utilis\u00e9s pour traiter l&#8217;acn\u00e9, qui appara\u00eet sous forme de taches ou de boutons sur le visage, la poitrine ou le dos. Ce m\u00e9dicament agit en attaquant les germes qui les provoquent et rajeunit la peau endommag\u00e9e par le soleil.<\/p>","protected":false},"featured_media":0,"comment_status":"open","ping_status":"closed","template":"","meta":[],"product_brand":[1081],"product_cat":[1095,294,293,291,451,334],"product_tag":[],"class_list":{"0":"post-34441","1":"product","2":"type-product","3":"status-publish","5":"product_brand-menarini","6":"product_cat-anti-age","7":"product_cat-acne","8":"product_cat-anti-taches","9":"product_cat-eclaircissant","10":"product_cat-aab-soin-du-visage","11":"product_cat-traitement-serum","13":"first","14":"instock","15":"shipping-taxable","16":"product-type-simple"},"jetpack-related-posts":[{"id":34444,"url":"https:\/\/sakaba.mghosteur.com\/en\/product\/tretinoin-gel-usp-0-1-w-w\/","url_meta":{"origin":34441,"position":0},"title":"TRETINOIN GEL USP 0.1% W\/W","author":"admin","date":"May 28, 2024","format":false,"excerpt":"Traitement de l'acn\u00e9 Le gel A-Ret 0,1 % est une forme de vitamine A. Il aide \u00e0 traiter l'acn\u00e9 en nettoyant les pores de la peau et en emp\u00eachant l'apparition de taches ou de boutons. Il faut g\u00e9n\u00e9ralement plusieurs semaines pour obtenir un effet notable, alors continuez \u00e0 l'utiliser m\u00eame\u2026","rel":"","context":"Similar post","block_context":{"text":"Similar post","link":""},"img":{"alt_text":"","src":"","width":0,"height":0},"classes":[]},{"id":30303,"url":"https:\/\/sakaba.mghosteur.com\/en\/product\/beauty-of-joseon-revive-eye-serum-ginseng-retinal\/","url_meta":{"origin":34441,"position":1},"title":"BEAUTY OF JOSEON REVIVE EYE SERUM GINSENG + RETINAL","author":"admin","date":"May 8, 2023","format":false,"excerpt":"D\u00e9couvrez le S\u00e9rum Contour des Yeux Ravivant au Ginseng et au R\u00e9tinal de la marque Beauty of Joseon, con\u00e7u pour am\u00e9liorer les rides de la peau sensible autour des yeux. La combinaison d'extrait de ginseng et de r\u00e9tinal aide \u00e0 augmenter l'\u00e9lasticit\u00e9 de la couche dermique de la peau, en\u2026","rel":"","context":"Similar post","block_context":{"text":"Similar post","link":""},"img":{"alt_text":"","src":"","width":0,"height":0},"classes":[]},{"id":32877,"url":"https:\/\/sakaba.mghosteur.com\/en\/product\/differen-gel-acne-treatment-adapalene-gel-01\/","url_meta":{"origin":34441,"position":2},"title":"DIFFEREN GEL ACNE TREATMENT ADAPALENE GEL 0,1%","author":"admin","date":"May 16, 2024","format":false,"excerpt":"","rel":"","context":"Similar post","block_context":{"text":"Similar post","link":""},"img":{"alt_text":"","src":"","width":0,"height":0},"classes":[]},{"id":26581,"url":"https:\/\/sakaba.mghosteur.com\/en\/product\/adapalene-gel-0-1-w-w-aqueous-gel\/","url_meta":{"origin":34441,"position":3},"title":"ADAPALENE GEL 0.1% W\/W AQUEOUS GEL","author":"admin","date":"November 25, 2022","format":false,"excerpt":"","rel":"","context":"Similar post","block_context":{"text":"Similar post","link":""},"img":{"alt_text":"","src":"","width":0,"height":0},"classes":[]},{"id":25630,"url":"https:\/\/sakaba.mghosteur.com\/en\/product\/got2b-ultra-glued-invincible-styling-gel\/","url_meta":{"origin":34441,"position":4},"title":"Got2b Ultra Glued invincible Styling Gel","author":"admin","date":"November 14, 2022","format":false,"excerpt":"Non collant, ne s'\u00e9caille pas, tenue folle. Sensation de gel, tenue comme de la colle. Pour la tenue de gel la plus forte jamais vue et cimenter le style individuel. Got 2b Ultra Glued Invincible Styling Gel, pour la tenue de gel la plus forte jamais vue et cimenter le\u2026","rel":"","context":"Similar post","block_context":{"text":"Similar post","link":""},"img":{"alt_text":"","src":"","width":0,"height":0},"classes":[]},{"id":30266,"url":"https:\/\/sakaba.mghosteur.com\/en\/product\/neutragena-hydro-boost-water-gel-hyaluronic-acid\/","url_meta":{"origin":34441,"position":5},"title":"NEUTROGENA HYDRO BOOST WATER GEL HYALURONIC ACID","author":"admin","date":"May 5, 2023","format":false,"excerpt":"D\u00e9couvrez le Gel d'Eau Hydro Boost de Neutrogena, une solution r\u00e9volutionnaire pour les peaux s\u00e8ches en qu\u00eate d'hydratation. Gr\u00e2ce \u00e0 sa formule prim\u00e9e \u00e0 l'acide hyaluronique, ce gel hydratant p\u00e9n\u00e8tre rapidement comme un gel tout en offrant une hydratation intense et durable comme une cr\u00e8me. Cliniquement prouv\u00e9 pour renforcer la\u2026","rel":"","context":"Similar post","block_context":{"text":"Similar post","link":""},"img":{"alt_text":"","src":"","width":0,"height":0},"classes":[]}],"_links":{"self":[{"href":"https:\/\/sakaba.mghosteur.com\/en\/wp-json\/wp\/v2\/product\/34441","targetHints":{"allow":["GET"]}}],"collection":[{"href":"https:\/\/sakaba.mghosteur.com\/en\/wp-json\/wp\/v2\/product"}],"about":[{"href":"https:\/\/sakaba.mghosteur.com\/en\/wp-json\/wp\/v2\/types\/product"}],"replies":[{"embeddable":true,"href":"https:\/\/sakaba.mghosteur.com\/en\/wp-json\/wp\/v2\/comments?post=34441"}],"version-history":[{"count":0,"href":"https:\/\/sakaba.mghosteur.com\/en\/wp-json\/wp\/v2\/product\/34441\/revisions"}],"wp:attachment":[{"href":"https:\/\/sakaba.mghosteur.com\/en\/wp-json\/wp\/v2\/media?parent=34441"}],"wp:term":[{"taxonomy":"product_brand","embeddable":true,"href":"https:\/\/sakaba.mghosteur.com\/en\/wp-json\/wp\/v2\/product_brand?post=34441"},{"taxonomy":"product_cat","embeddable":true,"href":"https:\/\/sakaba.mghosteur.com\/en\/wp-json\/wp\/v2\/product_cat?post=34441"},{"taxonomy":"product_tag","embeddable":true,"href":"https:\/\/sakaba.mghosteur.com\/en\/wp-json\/wp\/v2\/product_tag?post=34441"}],"curies":[{"name":"wp","href":"https:\/\/api.w.org\/{rel}","templated":true}]}}