{"id":34444,"date":"2024-05-28T15:03:56","date_gmt":"2024-05-28T15:03:56","guid":{"rendered":"https:\/\/sakaba.mghosteur.com\/?post_type=product&#038;p=34444"},"modified":"2025-03-30T22:40:13","modified_gmt":"2025-03-30T22:40:13","slug":"tretinoin-gel-usp-0-1-w-w","status":"publish","type":"product","link":"https:\/\/sakaba.mghosteur.com\/en\/product\/tretinoin-gel-usp-0-1-w-w\/","title":{"rendered":"TRETINOIN GEL USP 0.1% W\/W"},"content":{"rendered":"<p>Traitement de l&#8217;acn\u00e9<\/p>\n<p>Le gel A-Ret 0,1 % est une forme de vitamine A. Il aide \u00e0 traiter l&#8217;acn\u00e9 en nettoyant les pores de la peau et en emp\u00eachant l&#8217;apparition de taches ou de boutons. Il faut g\u00e9n\u00e9ralement plusieurs semaines pour obtenir un effet notable, alors continuez \u00e0 l&#8217;utiliser m\u00eame s&#8217;il ne semble pas fonctionner. Parfois, l&#8217;acn\u00e9 peut s&#8217;aggraver avant de s&#8217;am\u00e9liorer, mais avec une utilisation appropri\u00e9e, votre peau deviendra plus claire. Plus t\u00f4t vous commencerez \u00e0 l&#8217;utiliser, moins vous risquez d&#8217;avoir des cicatrices. Ce m\u00e9dicament vous aidera \u00e0 am\u00e9liorer votre humeur et \u00e0 renforcer votre confiance en vous \u00e0 mesure que votre peau sera d\u00e9barrass\u00e9e de l&#8217;acn\u00e9. Il ne doit pas \u00eatre utilis\u00e9 si vous avez de l&#8217;ecz\u00e9ma ou une peau br\u00fbl\u00e9e par le soleil.<\/p>","protected":false},"excerpt":{"rendered":"<p>Traitement de l&#8217;acn\u00e9 Le gel A-Ret 0,1 % est une forme de vitamine A. Il aide \u00e0 traiter l&#8217;acn\u00e9 en nettoyant les pores de la peau et en emp\u00eachant l&#8217;apparition de taches ou de boutons. Il faut g\u00e9n\u00e9ralement plusieurs semaines pour obtenir un effet notable, alors continuez \u00e0 l&#8217;utiliser m\u00eame s&#8217;il ne semble pas fonctionner.<span class=\"read-more-faq\"><a href=\"https:\/\/sakaba.mghosteur.com\/en\/product\/tretinoin-gel-usp-0-1-w-w\/\">Read More<\/a><\/span><\/p>","protected":false},"featured_media":0,"comment_status":"open","ping_status":"closed","template":"","meta":[],"product_brand":[1081],"product_cat":[1095,294,293,291,451,334],"product_tag":[],"class_list":{"0":"post-34444","1":"product","2":"type-product","3":"status-publish","5":"product_brand-menarini","6":"product_cat-anti-age","7":"product_cat-acne","8":"product_cat-anti-taches","9":"product_cat-eclaircissant","10":"product_cat-aab-soin-du-visage","11":"product_cat-traitement-serum","13":"first","14":"instock","15":"shipping-taxable","16":"product-type-simple"},"jetpack-related-posts":[{"id":23934,"url":"https:\/\/sakaba.mghosteur.com\/en\/product\/cerave-acne-control-gel-2-salicylic-acid\/","url_meta":{"origin":34444,"position":0},"title":"CERAVE : ACNE CONTROL GEL 2% SALICYLIC ACID","author":"admin","date":"November 9, 2022","format":false,"excerpt":"Le gel anti-acn\u00e9 hydratant CeraVe Acne Control Gel est la solution compl\u00e8te pour traiter l'acn\u00e9 et pr\u00e9venir les \u00e9ruptions cutan\u00e9es futures. Avec sa formule l\u00e9g\u00e8re et non ass\u00e9chante, il est parfait pour une utilisation quotidienne et convient \u00e0 tous les types de peau, m\u00eame les plus sensibles. Enrichi en acides\u2026","rel":"","context":"Similar post","block_context":{"text":"Similar post","link":""},"img":{"alt_text":"","src":"","width":0,"height":0},"classes":[]},{"id":23918,"url":"https:\/\/sakaba.mghosteur.com\/en\/product\/cerave-acne-control-cleanser\/","url_meta":{"origin":34444,"position":1},"title":"CERAVE ACNE CONTROL CLEANSER","author":"admin","date":"November 9, 2022","format":false,"excerpt":"Le nettoyant anti-acn\u00e9 de CeraVe est un gel nettoyant pour le visage sp\u00e9cialement con\u00e7u pour les peaux sujettes \u00e0 l'acn\u00e9. Il contient 2% d'acide salicylique, qui aide \u00e0 traiter l'acn\u00e9 existante et \u00e0 pr\u00e9venir de nouvelles \u00e9ruptions en p\u00e9n\u00e9trant les pores de la peau. En outre, l'argile hectorite aide \u00e0\u2026","rel":"","context":"Similar post","block_context":{"text":"Similar post","link":""},"img":{"alt_text":"","src":"","width":0,"height":0},"classes":[]},{"id":34448,"url":"https:\/\/sakaba.mghosteur.com\/en\/product\/tretinoin-gel-usp-as-microsphere-0-04-w-w-trunex-15g\/","url_meta":{"origin":34444,"position":2},"title":"TRETINOIN GEL USP AS MICROSPHERE 0.04% W W TRUNEX 15G","author":"admin","date":"May 28, 2024","format":false,"excerpt":"Le gel aqueux Trunex MS est une forme de vitamine A utilis\u00e9e pour traiter l'acn\u00e9 qui appara\u00eet sous forme de taches ou de boutons sur le visage, la poitrine ou le dos. Il aide \u00e9galement \u00e0 lisser la peau rugueuse du visage et \u00e0 r\u00e9duire les ridules de la peau.","rel":"","context":"Similar post","block_context":{"text":"Similar post","link":""},"img":{"alt_text":"","src":"","width":0,"height":0},"classes":[]},{"id":24352,"url":"https:\/\/sakaba.mghosteur.com\/en\/product\/neutrogena-rapid-clear-acne-eliminating-spot-gel\/","url_meta":{"origin":34444,"position":3},"title":"NEUTROGENA RAPID CLEAR ACNE ELIMINATING SPOT GEL","author":"admin","date":"November 10, 2022","format":false,"excerpt":"D\u00e9couvrez le traitement rapide et transparent de l'acn\u00e9 \u00e0 l'acide salicylique avec hamam\u00e9lis de la marque Neutrogena. Ce gel contre l'acn\u00e9 est l'ajout parfait \u00e0 votre routine de soins de la peau pour pr\u00e9venir et traiter les boutons. Con\u00e7u pour les peaux sujettes \u00e0 l'acn\u00e9, il \u00e9limine rapidement les \u00e9ruptions\u2026","rel":"","context":"Similar post","block_context":{"text":"Similar post","link":""},"img":{"alt_text":"","src":"","width":0,"height":0},"classes":[]},{"id":29227,"url":"https:\/\/sakaba.mghosteur.com\/en\/product\/good-molecules-acne-foaming-cleanser\/","url_meta":{"origin":34444,"position":4},"title":"GOOD MOLECULES ACNE FOAMING CLEANSER","author":"admin","date":"March 21, 2023","format":false,"excerpt":"Le nettoyant moussant contre l'acn\u00e9 de Good Molecules est un produit de soin de la peau id\u00e9al pour traiter les \u00e9ruptions cutan\u00e9es et l'acn\u00e9. Avec une formule exfoliante douce, ce nettoyant moussant aide \u00e0 nettoyer en profondeur les pores, \u00e9liminant ainsi les impuret\u00e9s qui obstruent la peau. Aliment\u00e9 par 2\u2026","rel":"","context":"Similar post","block_context":{"text":"Similar post","link":""},"img":{"alt_text":"","src":"","width":0,"height":0},"classes":[]},{"id":31934,"url":"https:\/\/sakaba.mghosteur.com\/en\/product\/cerave-acne-control-cleanser-473ml\/","url_meta":{"origin":34444,"position":5},"title":"CERAVE ACNE CONTROL CLEANSER 473ML","author":"admin","date":"May 13, 2024","format":false,"excerpt":"Le nettoyant visage anti-acn\u00e9 de CeraVe est formul\u00e9 avec 2 % d'acide salicylique pour \u00e9liminer l'acn\u00e9 et r\u00e9duire les points noirs. L'argile purifiante aide \u00e0 am\u00e9liorer l'apparence des pores gr\u00e2ce \u00e0 une technologie d'absorption d'huile. Dans une texture gel-mousse rafra\u00eechissante, ce traitement contre l'acn\u00e9 nettoie la peau et cible les\u2026","rel":"","context":"Similar post","block_context":{"text":"Similar post","link":""},"img":{"alt_text":"","src":"","width":0,"height":0},"classes":[]}],"_links":{"self":[{"href":"https:\/\/sakaba.mghosteur.com\/en\/wp-json\/wp\/v2\/product\/34444","targetHints":{"allow":["GET"]}}],"collection":[{"href":"https:\/\/sakaba.mghosteur.com\/en\/wp-json\/wp\/v2\/product"}],"about":[{"href":"https:\/\/sakaba.mghosteur.com\/en\/wp-json\/wp\/v2\/types\/product"}],"replies":[{"embeddable":true,"href":"https:\/\/sakaba.mghosteur.com\/en\/wp-json\/wp\/v2\/comments?post=34444"}],"version-history":[{"count":0,"href":"https:\/\/sakaba.mghosteur.com\/en\/wp-json\/wp\/v2\/product\/34444\/revisions"}],"wp:attachment":[{"href":"https:\/\/sakaba.mghosteur.com\/en\/wp-json\/wp\/v2\/media?parent=34444"}],"wp:term":[{"taxonomy":"product_brand","embeddable":true,"href":"https:\/\/sakaba.mghosteur.com\/en\/wp-json\/wp\/v2\/product_brand?post=34444"},{"taxonomy":"product_cat","embeddable":true,"href":"https:\/\/sakaba.mghosteur.com\/en\/wp-json\/wp\/v2\/product_cat?post=34444"},{"taxonomy":"product_tag","embeddable":true,"href":"https:\/\/sakaba.mghosteur.com\/en\/wp-json\/wp\/v2\/product_tag?post=34444"}],"curies":[{"name":"wp","href":"https:\/\/api.w.org\/{rel}","templated":true}]}}