{"id":34466,"date":"2024-05-29T15:38:47","date_gmt":"2024-05-29T15:38:47","guid":{"rendered":"https:\/\/sakaba.mghosteur.com\/?post_type=product&#038;p=34466"},"modified":"2024-05-29T15:38:47","modified_gmt":"2024-05-29T15:38:47","slug":"fenty-beauty-diamond-bomb-rose-rave","status":"publish","type":"product","link":"https:\/\/sakaba.mghosteur.com\/en\/product\/fenty-beauty-diamond-bomb-rose-rave\/","title":{"rendered":"FENTY BEAUTY DIAMOND BOMB ROSE RAVE"},"content":{"rendered":"","protected":false},"excerpt":{"rendered":"","protected":false},"featured_media":0,"comment_status":"open","ping_status":"closed","template":"","meta":[],"product_brand":[858],"product_cat":[289],"product_tag":[],"class_list":{"0":"post-34466","1":"product","2":"type-product","3":"status-publish","5":"product_brand-fenty","6":"product_cat-aaa-maquillage","8":"first","9":"instock","10":"shipping-taxable","11":"product-type-simple"},"jetpack-related-posts":[{"id":29502,"url":"https:\/\/sakaba.mghosteur.com\/en\/product\/fenty-beauty-diamond-bomb-all-over-diamond-veil\/","url_meta":{"origin":34466,"position":0},"title":"FENTY BEAUTY DIAMOND BOMB ALL OVER DIAMOND VEIL","author":"admin","date":"April 7, 2023","format":false,"excerpt":"Nom du Produit : DIAMOND BOMB ALL-OVER DIAMOND VEIL Description : Le DIAMOND BOMB ALL-OVER DIAMOND VEIL est un enlumineur unique en son genre, saupoudr\u00e9 de diamants, qui s'applique comme un voile paillet\u00e9 3D, offrant une brillance pure et \u00e9poustouflante sur tout le visage et le corps. En savoir plus\u2026","rel":"","context":"Similar post","block_context":{"text":"Similar post","link":""},"img":{"alt_text":"","src":"","width":0,"height":0},"classes":[]},{"id":34472,"url":"https:\/\/sakaba.mghosteur.com\/en\/product\/fenty-beauty-gloss-bomb-fenty-glow\/","url_meta":{"origin":34466,"position":1},"title":"FENTY BEAUTY GLOSS BOMB FENTY GLOW","author":"admin","date":"May 29, 2024","format":false,"excerpt":"","rel":"","context":"Similar post","block_context":{"text":"Similar post","link":""},"img":{"alt_text":"","src":"","width":0,"height":0},"classes":[]},{"id":34478,"url":"https:\/\/sakaba.mghosteur.com\/en\/product\/fenty-beauty-gloss-bomb-hot-chocolit\/","url_meta":{"origin":34466,"position":2},"title":"FENTY BEAUTY GLOSS BOMB HOT CHOCOLIT","author":"admin","date":"May 29, 2024","format":false,"excerpt":"","rel":"","context":"Similar post","block_context":{"text":"Similar post","link":""},"img":{"alt_text":"","src":"","width":0,"height":0},"classes":[]},{"id":34481,"url":"https:\/\/sakaba.mghosteur.com\/en\/product\/fenty-beauty-gloss-bomb-ruby-milk\/","url_meta":{"origin":34466,"position":3},"title":"FENTY BEAUTY GLOSS BOMB RUBY MILK","author":"admin","date":"May 29, 2024","format":false,"excerpt":"","rel":"","context":"Similar post","block_context":{"text":"Similar post","link":""},"img":{"alt_text":"","src":"","width":0,"height":0},"classes":[]},{"id":34469,"url":"https:\/\/sakaba.mghosteur.com\/en\/product\/fenty-beauty-gloss-bomb-cream-cookie-jar-04\/","url_meta":{"origin":34466,"position":4},"title":"FENTY BEAUTY GLOSS BOMB CREAM COOKIE JAR 04","author":"admin","date":"May 29, 2024","format":false,"excerpt":"","rel":"","context":"Similar post","block_context":{"text":"Similar post","link":""},"img":{"alt_text":"","src":"","width":0,"height":0},"classes":[]},{"id":34475,"url":"https:\/\/sakaba.mghosteur.com\/en\/product\/fenty-beauty-gloss-bomb-heat-lemon-lava-05\/","url_meta":{"origin":34466,"position":5},"title":"FENTY BEAUTY GLOSS BOMB HEAT LEMON LAVA 05","author":"admin","date":"May 29, 2024","format":false,"excerpt":"","rel":"","context":"Similar post","block_context":{"text":"Similar post","link":""},"img":{"alt_text":"","src":"","width":0,"height":0},"classes":[]}],"_links":{"self":[{"href":"https:\/\/sakaba.mghosteur.com\/en\/wp-json\/wp\/v2\/product\/34466","targetHints":{"allow":["GET"]}}],"collection":[{"href":"https:\/\/sakaba.mghosteur.com\/en\/wp-json\/wp\/v2\/product"}],"about":[{"href":"https:\/\/sakaba.mghosteur.com\/en\/wp-json\/wp\/v2\/types\/product"}],"replies":[{"embeddable":true,"href":"https:\/\/sakaba.mghosteur.com\/en\/wp-json\/wp\/v2\/comments?post=34466"}],"version-history":[{"count":0,"href":"https:\/\/sakaba.mghosteur.com\/en\/wp-json\/wp\/v2\/product\/34466\/revisions"}],"wp:attachment":[{"href":"https:\/\/sakaba.mghosteur.com\/en\/wp-json\/wp\/v2\/media?parent=34466"}],"wp:term":[{"taxonomy":"product_brand","embeddable":true,"href":"https:\/\/sakaba.mghosteur.com\/en\/wp-json\/wp\/v2\/product_brand?post=34466"},{"taxonomy":"product_cat","embeddable":true,"href":"https:\/\/sakaba.mghosteur.com\/en\/wp-json\/wp\/v2\/product_cat?post=34466"},{"taxonomy":"product_tag","embeddable":true,"href":"https:\/\/sakaba.mghosteur.com\/en\/wp-json\/wp\/v2\/product_tag?post=34466"}],"curies":[{"name":"wp","href":"https:\/\/api.w.org\/{rel}","templated":true}]}}