{"id":34487,"date":"2024-05-29T15:44:44","date_gmt":"2024-05-29T15:44:44","guid":{"rendered":"https:\/\/sakaba.mghosteur.com\/?post_type=product&#038;p=34487"},"modified":"2024-08-28T03:16:46","modified_gmt":"2024-08-28T03:16:46","slug":"fenty-beauty-mascara-volumateur-hella-thicc","status":"publish","type":"product","link":"https:\/\/sakaba.mghosteur.com\/en\/product\/fenty-beauty-mascara-volumateur-hella-thicc\/","title":{"rendered":"FENTY BEAUTY MASCARA VOLUMATEUR HELLA THICC"},"content":{"rendered":"<p>Obtenez des cils \u00e9pais et rehauss\u00e9s avec ce mascara longue tenue. La formule noire ultra-cr\u00e9meuse est dot\u00e9e d&#8217;une brosse qui recouvre chaque cil pour un effet extravagant.<\/p>","protected":false},"excerpt":{"rendered":"<p>Obtenez des cils \u00e9pais et rehauss\u00e9s avec ce mascara longue tenue. La formule noire ultra-cr\u00e9meuse est dot\u00e9e d&#8217;une brosse qui recouvre chaque cil pour un effet extravagant.<\/p>","protected":false},"featured_media":0,"comment_status":"open","ping_status":"closed","template":"","meta":[],"product_brand":[858],"product_cat":[289,297],"product_tag":[],"class_list":{"0":"post-34487","1":"product","2":"type-product","3":"status-publish","5":"product_brand-fenty","6":"product_cat-aaa-maquillage","7":"product_cat-yeux","9":"first","10":"instock","11":"shipping-taxable","12":"product-type-simple"},"jetpack-related-posts":[{"id":32059,"url":"https:\/\/sakaba.mghosteur.com\/en\/product\/sephora-mascara-01-ultra-black-size-up\/","url_meta":{"origin":34487,"position":0},"title":"SEPHORA MASCARA 01 ULTRA BLACK SIZE UP","author":"admin","date":"May 13, 2024","format":false,"excerpt":"Description du produit Ce mascara Sephora Collection offre un volume instantan\u00e9 extra large et allonge et bouclera les cils pour des r\u00e9sultats spectaculaires en un seul geste. Quel type de maquillage ressemble \u00e0 un maquillage quotidien. Les cils ne peuvent jamais \u00eatre trop grands : plus de volume, veuillez vous\u2026","rel":"","context":"Similar post","block_context":{"text":"Similar post","link":""},"img":{"alt_text":"","src":"","width":0,"height":0},"classes":[]},{"id":29063,"url":"https:\/\/sakaba.mghosteur.com\/en\/product\/hydrating-makeup-removing-plant-based-wipes\/","url_meta":{"origin":34487,"position":1},"title":"HYDRATING MAKEUP REMOVING PLANT BASED WIPES","author":"admin","date":"March 13, 2023","format":false,"excerpt":"Les lingettes d\u00e9maquillantes hydratantes \u00e0 base de plantes de CeraVe sont une solution efficace pour nettoyer la peau en \u00e9liminant le maquillage, la salet\u00e9 et l'huile. D\u00e9velopp\u00e9es avec des dermatologues, ces lingettes d\u00e9maquillantes sont douces mais efficaces pour enlever le mascara, m\u00eame s'il est imperm\u00e9able. Elles emprisonnent l'hydratation pour laisser\u2026","rel":"","context":"Similar post","block_context":{"text":"Similar post","link":""},"img":{"alt_text":"","src":"","width":0,"height":0},"classes":[]},{"id":24498,"url":"https:\/\/sakaba.mghosteur.com\/en\/product\/la-colors-hd-waterproof-mascara\/","url_meta":{"origin":34487,"position":2},"title":"LA Colors HD Waterproof Mascara","author":"admin","date":"November 10, 2022","format":false,"excerpt":"","rel":"","context":"Similar post","block_context":{"text":"Similar post","link":""},"img":{"alt_text":"","src":"","width":0,"height":0},"classes":[]},{"id":24508,"url":"https:\/\/sakaba.mghosteur.com\/en\/product\/la-colors-drama-lash-mascara\/","url_meta":{"origin":34487,"position":3},"title":"LA Colors Drama Lash Mascara","author":"admin","date":"November 10, 2022","format":false,"excerpt":"","rel":"","context":"Similar post","block_context":{"text":"Similar post","link":""},"img":{"alt_text":"","src":"","width":0,"height":0},"classes":[]},{"id":25023,"url":"https:\/\/sakaba.mghosteur.com\/en\/product\/bobbi-brown-smokey-eye-mascara\/","url_meta":{"origin":34487,"position":4},"title":"Bobbi Brown Smokey Eye Mascara","author":"admin","date":"November 11, 2022","format":false,"excerpt":"","rel":"","context":"Similar post","block_context":{"text":"Similar post","link":""},"img":{"alt_text":"","src":"","width":0,"height":0},"classes":[]},{"id":24505,"url":"https:\/\/sakaba.mghosteur.com\/en\/product\/la-colors-drama-x-volume-mascara\/","url_meta":{"origin":34487,"position":5},"title":"LA Colors Drama X Volume Mascara","author":"admin","date":"November 10, 2022","format":false,"excerpt":"","rel":"","context":"Similar post","block_context":{"text":"Similar post","link":""},"img":{"alt_text":"","src":"","width":0,"height":0},"classes":[]}],"_links":{"self":[{"href":"https:\/\/sakaba.mghosteur.com\/en\/wp-json\/wp\/v2\/product\/34487","targetHints":{"allow":["GET"]}}],"collection":[{"href":"https:\/\/sakaba.mghosteur.com\/en\/wp-json\/wp\/v2\/product"}],"about":[{"href":"https:\/\/sakaba.mghosteur.com\/en\/wp-json\/wp\/v2\/types\/product"}],"replies":[{"embeddable":true,"href":"https:\/\/sakaba.mghosteur.com\/en\/wp-json\/wp\/v2\/comments?post=34487"}],"version-history":[{"count":0,"href":"https:\/\/sakaba.mghosteur.com\/en\/wp-json\/wp\/v2\/product\/34487\/revisions"}],"wp:attachment":[{"href":"https:\/\/sakaba.mghosteur.com\/en\/wp-json\/wp\/v2\/media?parent=34487"}],"wp:term":[{"taxonomy":"product_brand","embeddable":true,"href":"https:\/\/sakaba.mghosteur.com\/en\/wp-json\/wp\/v2\/product_brand?post=34487"},{"taxonomy":"product_cat","embeddable":true,"href":"https:\/\/sakaba.mghosteur.com\/en\/wp-json\/wp\/v2\/product_cat?post=34487"},{"taxonomy":"product_tag","embeddable":true,"href":"https:\/\/sakaba.mghosteur.com\/en\/wp-json\/wp\/v2\/product_tag?post=34487"}],"curies":[{"name":"wp","href":"https:\/\/api.w.org\/{rel}","templated":true}]}}