{"id":34533,"date":"2024-05-29T15:55:57","date_gmt":"2024-05-29T15:55:57","guid":{"rendered":"https:\/\/sakaba.mghosteur.com\/?post_type=product&#038;p=34533"},"modified":"2024-08-25T03:29:00","modified_gmt":"2024-08-25T03:29:00","slug":"fenty-beauty-sun-stalk-r-caramel-cutie-06","status":"publish","type":"product","link":"https:\/\/sakaba.mghosteur.com\/en\/product\/fenty-beauty-sun-stalk-r-caramel-cutie-06\/","title":{"rendered":"FENTY BEAUTY SUN STALK R CARAMEL CUTIE 06"},"content":{"rendered":"<p>Poudre bronzante longue tenue et r\u00e9sistante au transfert qui donne vie \u00e0 tous les tons de peau avec un \u00e9clat ensoleill\u00e9 instantan\u00e9.<\/p>","protected":false},"excerpt":{"rendered":"<p>Poudre bronzante longue tenue et r\u00e9sistante au transfert qui donne vie \u00e0 tous les tons de peau avec un \u00e9clat ensoleill\u00e9 instantan\u00e9.<\/p>","protected":false},"featured_media":0,"comment_status":"open","ping_status":"closed","template":"","meta":[],"product_brand":[858],"product_cat":[289,311],"product_tag":[],"class_list":{"0":"post-34533","1":"product","2":"type-product","3":"status-publish","5":"product_brand-fenty","6":"product_cat-aaa-maquillage","7":"product_cat-teint","9":"first","10":"instock","11":"shipping-taxable","12":"product-type-simple"},"jetpack-related-posts":[],"_links":{"self":[{"href":"https:\/\/sakaba.mghosteur.com\/en\/wp-json\/wp\/v2\/product\/34533","targetHints":{"allow":["GET"]}}],"collection":[{"href":"https:\/\/sakaba.mghosteur.com\/en\/wp-json\/wp\/v2\/product"}],"about":[{"href":"https:\/\/sakaba.mghosteur.com\/en\/wp-json\/wp\/v2\/types\/product"}],"replies":[{"embeddable":true,"href":"https:\/\/sakaba.mghosteur.com\/en\/wp-json\/wp\/v2\/comments?post=34533"}],"version-history":[{"count":0,"href":"https:\/\/sakaba.mghosteur.com\/en\/wp-json\/wp\/v2\/product\/34533\/revisions"}],"wp:attachment":[{"href":"https:\/\/sakaba.mghosteur.com\/en\/wp-json\/wp\/v2\/media?parent=34533"}],"wp:term":[{"taxonomy":"product_brand","embeddable":true,"href":"https:\/\/sakaba.mghosteur.com\/en\/wp-json\/wp\/v2\/product_brand?post=34533"},{"taxonomy":"product_cat","embeddable":true,"href":"https:\/\/sakaba.mghosteur.com\/en\/wp-json\/wp\/v2\/product_cat?post=34533"},{"taxonomy":"product_tag","embeddable":true,"href":"https:\/\/sakaba.mghosteur.com\/en\/wp-json\/wp\/v2\/product_tag?post=34533"}],"curies":[{"name":"wp","href":"https:\/\/api.w.org\/{rel}","templated":true}]}}