{"id":34542,"date":"2024-05-29T15:58:19","date_gmt":"2024-05-29T15:58:19","guid":{"rendered":"https:\/\/sakaba.mghosteur.com\/?post_type=product&#038;p=34542"},"modified":"2024-05-30T12:19:49","modified_gmt":"2024-05-30T12:19:49","slug":"fenty-fond-de-teint-poudre-mat-255","status":"publish","type":"product","link":"https:\/\/sakaba.mghosteur.com\/en\/product\/fenty-fond-de-teint-poudre-mat-255\/","title":{"rendered":"FENTY FOND DE TEINT POUDRE MAT"},"content":{"rendered":"<h4 class=\"h4 bold\"><strong><span>LUMI\u00c8RE CONSTRUCTIBLE POUR UNE COUVERTURE COMPL\u00c8TE POUR TOUS.<\/span><\/strong><\/h4>\n<h4 class=\"h4 bold\"><strong><span>LONGUE TENUE, L\u00c9G\u00c8RE COMME L&#8217;AIR, INFROISSABLE.<\/span><\/strong><\/h4>\n<h4 class=\"h4 bold\"><strong><span>Donne-le-moi vite :<\/span><\/strong><\/h4>\n<p><span>Le fond de teint prim\u00e9 qui a chang\u00e9 la donne pour toujours, maintenant dans une poudre longue tenue l\u00e9g\u00e8re comme l&#8217;air pour offrir une couvrance l\u00e9g\u00e8re \u00e0 compl\u00e8te dans un fini mat doux et non p\u00e2teux dans 50 nuances pour tous. C&#8217;est rapide, impeccable, facile.<\/span><\/p>\n<h4 class=\"h4 bold\"><strong><span>Dis m&#8217;en plus:<\/span><\/strong><\/h4>\n<ul class=\"pdp-steps\">\n<li><span>Longue tenue, l\u00e9ger comme l&#8217;air, sans flash-back<\/span><\/li>\n<li><span>Complexe Blur Filt&#8217;r pour offrir une finition floue ultime<\/span><\/li>\n<li><span>R\u00e9sistant \u00e0 la sueur, \u00e0 l&#8217;humidit\u00e9 et aux plis<\/span><\/li>\n<li><span>Formule modulable, l\u00e9g\u00e8re \u00e0 couvrante, qui aime \u00eatre superpos\u00e9e<\/span><\/li>\n<li><span>Ne s&#8217;installe pas dans les ridules, n&#8217;obstrue pas les pores et ne s&#8217;agglutine pas.<\/span><\/li>\n<li><span>R\u00e9duit l&#8217;apparence de la brillance<\/span><\/li>\n<li><span>Un poudrier chic et portable qui tient dans la main<\/span><\/li>\n<\/ul>\n<h4 class=\"h4 bold\"><\/h4>\n<h4 class=\"h4 bold\"><em><span>Saviez-vous?!\u00a0<\/span><\/em><\/h4>\n<p><span>Rihanna adore les peaux sans pores et floues, mais n&#8217;a jamais pu trouver la poudre parfaite pour satisfaire ses besoins. Apr\u00e8s 3 ans pass\u00e9s \u00e0 perfectionner cette formule, elle a d\u00e9velopp\u00e9 la poudre ultime qui donne \u00e0 la peau un aspect semblable \u00e0 de la peau, sans p\u00e2te, et qui fonctionne sur tous les types et tons de peau. C&#8217;est le filtre parfait en d\u00e9placement et elle l&#8217;a toujours dans son sac \u00e0 main.<\/span><\/p>","protected":false},"excerpt":{"rendered":"<p>LUMI\u00c8RE CONSTRUCTIBLE POUR UNE COUVERTURE COMPL\u00c8TE POUR TOUS. LONGUE TENUE, L\u00c9G\u00c8RE COMME L&#8217;AIR, INFROISSABLE. Donne-le-moi vite : Le fond de teint prim\u00e9 qui a chang\u00e9 la donne pour toujours, maintenant dans une poudre longue tenue l\u00e9g\u00e8re comme l&#8217;air pour offrir une couvrance l\u00e9g\u00e8re \u00e0 compl\u00e8te dans un fini mat doux et non p\u00e2teux dans 50<span class=\"read-more-faq\"><a href=\"https:\/\/sakaba.mghosteur.com\/en\/product\/fenty-fond-de-teint-poudre-mat-255\/\">Read More<\/a><\/span><\/p>","protected":false},"featured_media":0,"comment_status":"open","ping_status":"closed","template":"","meta":[],"product_brand":[858],"product_cat":[289,311],"product_tag":[],"class_list":{"0":"post-34542","1":"product","2":"type-product","3":"status-publish","5":"product_brand-fenty","6":"product_cat-aaa-maquillage","7":"product_cat-teint","9":"first","10":"instock","11":"shipping-taxable","12":"product-type-variable"},"jetpack-related-posts":[{"id":22992,"url":"https:\/\/sakaba.mghosteur.com\/en\/product\/fenty-beauty-pro-filtr-soft-matte-longwear-foundation\/","url_meta":{"origin":34542,"position":0},"title":"Fenty Beauty Pro Filt&#8217;r Soft Matte Longwear Foundation","author":"admin","date":"October 25, 2022","format":false,"excerpt":"Le fond de teint prim\u00e9 qui a chang\u00e9 la donne pour toujours, d\u00e9sormais disponible en poudre longue tenue, l\u00e9g\u00e8re comme l'air, pour une couvrance l\u00e9g\u00e8re \u00e0 totale dans un fini mat doux et non p\u00e2teux. C'est rapide, impeccable et facile. Description; Longue tenue, l\u00e9g\u00e8re comme l'air, sans effet flashback Complexe\u2026","rel":"","context":"Similar post","block_context":{"text":"Similar post","link":""},"img":{"alt_text":"","src":"","width":0,"height":0},"classes":[]},{"id":34670,"url":"https:\/\/sakaba.mghosteur.com\/en\/product\/fenty-trio-conceal-contour-highlight-deep\/","url_meta":{"origin":34542,"position":1},"title":"FENTY TRIO CONCEAL ,CONTOUR ,HIGHLIGHT DEEP","author":"admin","date":"May 30, 2024","format":false,"excerpt":"Un trio magn\u00e9tis\u00e9 de b\u00e2tons de maquillage longue tenue, l\u00e9gers comme l'air, s\u00e9lectionn\u00e9s en fonction du teint, avec deux Match Stix MATTE Skinsticks pour dissimuler et contourner, et un Match Stix SHIMMER Skinstick pour mettre en valeur. Avec les Match Stix Trios, faites passer votre teint au niveau sup\u00e9rieur sans\u2026","rel":"","context":"Similar post","block_context":{"text":"Similar post","link":""},"img":{"alt_text":"","src":"","width":0,"height":0},"classes":[]},{"id":25100,"url":"https:\/\/sakaba.mghosteur.com\/en\/product\/fenty-fond-de-teint-stix-trio-tan-300\/","url_meta":{"origin":34542,"position":2},"title":"FENTY FOND DE TEINT STIX TRIO TAN 300","author":"admin","date":"November 11, 2022","format":false,"excerpt":"D\u00e9couvrez le MATCH STIX CORRECTING SKINSTICK de la marque FENTY, un b\u00e2ton de correction de couleur longue tenue et l\u00e9ger comme l'air, con\u00e7u pour illuminer et neutraliser les cernes fonc\u00e9es et les imperfections de la peau. Sa formule longue tenue et sa texture lisse, cr\u00e9meuse et l\u00e9g\u00e8re permettent une application\u2026","rel":"","context":"Similar post","block_context":{"text":"Similar post","link":""},"img":{"alt_text":"","src":"","width":0,"height":0},"classes":[]},{"id":22910,"url":"https:\/\/sakaba.mghosteur.com\/en\/product\/fenty-beauty-pro-filtr-instant-retouch-setting-powder\/","url_meta":{"origin":34542,"position":3},"title":"Fenty Beauty Pro Filt&#8217;r Instant Retouch Setting Powder","author":"admin","date":"October 24, 2022","format":false,"excerpt":"Une poudre libre ultra-fine et l\u00e9g\u00e8re, propos\u00e9e en 8 teintes transparentes pour parfaire et prolonger la tenue du maquillage, pour un fini filtr\u00e9 et pr\u00eat \u00e0 photographier. Lorsque l'apparence est le ma\u00eetre mot, votre maquillage doit pouvoir suivre. D\u00e9couvrez la poudre fixatrice Pro Filt'r Instant Retouch\u00a0: cette poudre libre ultra-fine\u2026","rel":"","context":"Similar post","block_context":{"text":"Similar post","link":""},"img":{"alt_text":"","src":"","width":0,"height":0},"classes":[]},{"id":34992,"url":"https:\/\/sakaba.mghosteur.com\/en\/product\/nars-natural-radiant-longwear-foundation-cadiz\/","url_meta":{"origin":34542,"position":4},"title":"NARS NATURAL RADIANT LONGWEAR FOUNDATION CADIZ","author":"admin","date":"June 5, 2024","format":false,"excerpt":"Il y a la tenue longue dur\u00e9e. Et puis il y a la tenue intense. Voici le premier fond de teint NARS qui tient 16 heures et reste actif gr\u00e2ce au pouvoir de l'\u00e9clat. Ind\u00e9tectable. Inarr\u00eatable. Contrairement \u00e0 tout autre produit. La tenue longue dur\u00e9e est enfin l\u00e9g\u00e8re et \u00e9clatante.\u2026","rel":"","context":"Similar post","block_context":{"text":"Similar post","link":""},"img":{"alt_text":"","src":"","width":0,"height":0},"classes":[]},{"id":34995,"url":"https:\/\/sakaba.mghosteur.com\/en\/product\/nars-natural-radiant-longwear-foundation-caracas\/","url_meta":{"origin":34542,"position":5},"title":"NARS NATURAL RADIANT LONGWEAR FOUNDATION CARACAS","author":"admin","date":"June 5, 2024","format":false,"excerpt":"Il y a la tenue longue dur\u00e9e. Et puis il y a la tenue intense. Voici le premier fond de teint NARS qui tient 16 heures et reste actif gr\u00e2ce au pouvoir de l'\u00e9clat. Ind\u00e9tectable. Inarr\u00eatable. Contrairement \u00e0 tout autre produit. La tenue longue dur\u00e9e est enfin l\u00e9g\u00e8re et \u00e9clatante.\u2026","rel":"","context":"Similar post","block_context":{"text":"Similar post","link":""},"img":{"alt_text":"","src":"","width":0,"height":0},"classes":[]}],"_links":{"self":[{"href":"https:\/\/sakaba.mghosteur.com\/en\/wp-json\/wp\/v2\/product\/34542","targetHints":{"allow":["GET"]}}],"collection":[{"href":"https:\/\/sakaba.mghosteur.com\/en\/wp-json\/wp\/v2\/product"}],"about":[{"href":"https:\/\/sakaba.mghosteur.com\/en\/wp-json\/wp\/v2\/types\/product"}],"replies":[{"embeddable":true,"href":"https:\/\/sakaba.mghosteur.com\/en\/wp-json\/wp\/v2\/comments?post=34542"}],"version-history":[{"count":0,"href":"https:\/\/sakaba.mghosteur.com\/en\/wp-json\/wp\/v2\/product\/34542\/revisions"}],"wp:attachment":[{"href":"https:\/\/sakaba.mghosteur.com\/en\/wp-json\/wp\/v2\/media?parent=34542"}],"wp:term":[{"taxonomy":"product_brand","embeddable":true,"href":"https:\/\/sakaba.mghosteur.com\/en\/wp-json\/wp\/v2\/product_brand?post=34542"},{"taxonomy":"product_cat","embeddable":true,"href":"https:\/\/sakaba.mghosteur.com\/en\/wp-json\/wp\/v2\/product_cat?post=34542"},{"taxonomy":"product_tag","embeddable":true,"href":"https:\/\/sakaba.mghosteur.com\/en\/wp-json\/wp\/v2\/product_tag?post=34542"}],"curies":[{"name":"wp","href":"https:\/\/api.w.org\/{rel}","templated":true}]}}