{"id":34551,"date":"2024-05-29T16:00:41","date_gmt":"2024-05-29T16:00:41","guid":{"rendered":"https:\/\/sakaba.mghosteur.com\/?post_type=product&#038;p=34551"},"modified":"2024-05-29T16:00:41","modified_gmt":"2024-05-29T16:00:41","slug":"fenty-icon-semi-matte-lipstick-03-board-memb-r","status":"publish","type":"product","link":"https:\/\/sakaba.mghosteur.com\/en\/product\/fenty-icon-semi-matte-lipstick-03-board-memb-r\/","title":{"rendered":"FENTY ICON SEMI MATTE LIPSTICK 03 BOARD MEMB R"},"content":{"rendered":"","protected":false},"excerpt":{"rendered":"","protected":false},"featured_media":0,"comment_status":"open","ping_status":"closed","template":"","meta":[],"product_brand":[858],"product_cat":[289],"product_tag":[],"class_list":{"0":"post-34551","1":"product","2":"type-product","3":"status-publish","5":"product_brand-fenty","6":"product_cat-aaa-maquillage","8":"first","9":"instock","10":"shipping-taxable","11":"product-type-simple"},"jetpack-related-posts":[{"id":34569,"url":"https:\/\/sakaba.mghosteur.com\/en\/product\/fenty-icon-the-fill-semi-matte-lipstick-nosy-rosy\/","url_meta":{"origin":34551,"position":0},"title":"FENTY ICON THE FILL SEMI MATTE LIPSTICK NOSY ROSY","author":"admin","date":"May 29, 2024","format":false,"excerpt":"","rel":"","context":"Similar post","block_context":{"text":"Similar post","link":""},"img":{"alt_text":"","src":"","width":0,"height":0},"classes":[]},{"id":34572,"url":"https:\/\/sakaba.mghosteur.com\/en\/product\/fenty-icon-the-fill-semi-matte-lipstick-tropic-doll\/","url_meta":{"origin":34551,"position":1},"title":"FENTY ICON THE FILL SEMI MATTE LIPSTICK TROPIC DOLL","author":"admin","date":"May 29, 2024","format":false,"excerpt":"","rel":"","context":"Similar post","block_context":{"text":"Similar post","link":""},"img":{"alt_text":"","src":"","width":0,"height":0},"classes":[]},{"id":34566,"url":"https:\/\/sakaba.mghosteur.com\/en\/product\/fenty-icon-the-fill-semi-matte-lipstick-miss-candy-venom\/","url_meta":{"origin":34551,"position":2},"title":"FENTY ICON THE FILL SEMI MATTE LIPSTICK MISS CANDY VENOM","author":"admin","date":"May 29, 2024","format":false,"excerpt":"Le rouge \u00e0 l\u00e8vres semi-mat rechargeable Fenty Icon est fait pour \u00eatre vu. Rihanna a s\u00e9lectionn\u00e9 chaque teinte pour une gamme parfaite de rouges et de neutres \u00e0 haute teneur en pigments et n\u00e9cessitant peu d'entretien pour tous. Con\u00e7u pour \u00eatre rechargeable : une fois que vous avez choisi la\u2026","rel":"","context":"Similar post","block_context":{"text":"Similar post","link":""},"img":{"alt_text":"","src":"","width":0,"height":0},"classes":[]},{"id":29605,"url":"https:\/\/sakaba.mghosteur.com\/en\/product\/fenty-the-fill-semi-matte-lipstick\/","url_meta":{"origin":34551,"position":3},"title":"FENTY THE FILL SEMI MATTE LIPSTICK","author":"admin","date":"April 10, 2023","format":false,"excerpt":"D\u00e9couvrez le Rouge \u00e0 L\u00e8vres Semi-Mat Rechargeable Fenty Icon de la marque Fenty. Chaque nuance a \u00e9t\u00e9 soigneusement s\u00e9lectionn\u00e9e par Rihanna pour cr\u00e9er la collection parfaite de rouges et de tons neutres \u00e0 haute pigmentation et facile \u00e0 porter. Sa formule semi-mate cr\u00e9meuse assure un confort optimal tout en offrant\u2026","rel":"","context":"Similar post","block_context":{"text":"Similar post","link":""},"img":{"alt_text":"","src":"","width":0,"height":0},"classes":[]},{"id":34664,"url":"https:\/\/sakaba.mghosteur.com\/en\/product\/fenty-the-fill-semi-matte-lipstick-05-pose-queen\/","url_meta":{"origin":34551,"position":4},"title":"FENTY THE FILL SEMI MATTE LIPSTICK 05 POSE QUEEN","author":"admin","date":"May 30, 2024","format":false,"excerpt":"Le rouge \u00e0 l\u00e8vres semi-mat rechargeable Fenty Icon est fait pour \u00eatre vu. Rihanna a s\u00e9lectionn\u00e9 chaque teinte pour une gamme parfaite de rouges et de neutres \u00e0 haute teneur en pigments et n\u00e9cessitant peu d'entretien pour tous. Con\u00e7u pour \u00eatre rechargeable : une fois que vous avez choisi la\u2026","rel":"","context":"Similar post","block_context":{"text":"Similar post","link":""},"img":{"alt_text":"","src":"","width":0,"height":0},"classes":[]},{"id":34667,"url":"https:\/\/sakaba.mghosteur.com\/en\/product\/fenty-the-fill-semi-matte-lipstick-10-flaunty-aunt\/","url_meta":{"origin":34551,"position":5},"title":"FENTY THE FILL SEMI MATTE LIPSTICK 10 FLAUNTY AUNT","author":"admin","date":"May 30, 2024","format":false,"excerpt":"Le rouge \u00e0 l\u00e8vres semi-mat rechargeable Fenty Icon est fait pour \u00eatre vu. Rihanna a s\u00e9lectionn\u00e9 chaque teinte pour une gamme parfaite de rouges et de neutres \u00e0 haute teneur en pigments et n\u00e9cessitant peu d'entretien pour tous. Con\u00e7u pour \u00eatre rechargeable : une fois que vous avez choisi la\u2026","rel":"","context":"Similar post","block_context":{"text":"Similar post","link":""},"img":{"alt_text":"","src":"","width":0,"height":0},"classes":[]}],"_links":{"self":[{"href":"https:\/\/sakaba.mghosteur.com\/en\/wp-json\/wp\/v2\/product\/34551","targetHints":{"allow":["GET"]}}],"collection":[{"href":"https:\/\/sakaba.mghosteur.com\/en\/wp-json\/wp\/v2\/product"}],"about":[{"href":"https:\/\/sakaba.mghosteur.com\/en\/wp-json\/wp\/v2\/types\/product"}],"replies":[{"embeddable":true,"href":"https:\/\/sakaba.mghosteur.com\/en\/wp-json\/wp\/v2\/comments?post=34551"}],"version-history":[{"count":0,"href":"https:\/\/sakaba.mghosteur.com\/en\/wp-json\/wp\/v2\/product\/34551\/revisions"}],"wp:attachment":[{"href":"https:\/\/sakaba.mghosteur.com\/en\/wp-json\/wp\/v2\/media?parent=34551"}],"wp:term":[{"taxonomy":"product_brand","embeddable":true,"href":"https:\/\/sakaba.mghosteur.com\/en\/wp-json\/wp\/v2\/product_brand?post=34551"},{"taxonomy":"product_cat","embeddable":true,"href":"https:\/\/sakaba.mghosteur.com\/en\/wp-json\/wp\/v2\/product_cat?post=34551"},{"taxonomy":"product_tag","embeddable":true,"href":"https:\/\/sakaba.mghosteur.com\/en\/wp-json\/wp\/v2\/product_tag?post=34551"}],"curies":[{"name":"wp","href":"https:\/\/api.w.org\/{rel}","templated":true}]}}