{"id":34560,"date":"2024-05-29T16:02:41","date_gmt":"2024-05-29T16:02:41","guid":{"rendered":"https:\/\/sakaba.mghosteur.com\/?post_type=product&#038;p=34560"},"modified":"2024-05-29T16:02:41","modified_gmt":"2024-05-29T16:02:41","slug":"fenty-icon-the-case-red-edition","status":"publish","type":"product","link":"https:\/\/sakaba.mghosteur.com\/en\/product\/fenty-icon-the-case-red-edition\/","title":{"rendered":"FENTY ICON THE CASE RED EDITION"},"content":{"rendered":"","protected":false},"excerpt":{"rendered":"","protected":false},"featured_media":0,"comment_status":"open","ping_status":"closed","template":"","meta":[],"product_brand":[858],"product_cat":[289],"product_tag":[],"class_list":{"0":"post-34560","1":"product","2":"type-product","3":"status-publish","5":"product_brand-fenty","6":"product_cat-aaa-maquillage","8":"first","9":"instock","10":"shipping-taxable","11":"product-type-simple"},"jetpack-related-posts":[{"id":34563,"url":"https:\/\/sakaba.mghosteur.com\/en\/product\/fenty-icon-the-case-the-navy-edition\/","url_meta":{"origin":34560,"position":0},"title":"FENTY ICON THE CASE THE NAVY EDITION","author":"admin","date":"May 29, 2024","format":false,"excerpt":"","rel":"","context":"Similar post","block_context":{"text":"Similar post","link":""},"img":{"alt_text":"","src":"","width":0,"height":0},"classes":[]},{"id":34554,"url":"https:\/\/sakaba.mghosteur.com\/en\/product\/fenty-icon-the-case\/","url_meta":{"origin":34560,"position":1},"title":"FENTY ICON THE CASE","author":"admin","date":"May 29, 2024","format":false,"excerpt":"","rel":"","context":"Similar post","block_context":{"text":"Similar post","link":""},"img":{"alt_text":"","src":"","width":0,"height":0},"classes":[]},{"id":34557,"url":"https:\/\/sakaba.mghosteur.com\/en\/product\/fenty-icon-the-case-matte-black\/","url_meta":{"origin":34560,"position":2},"title":"FENTY ICON THE CASE MATTE BLACK","author":"admin","date":"May 29, 2024","format":false,"excerpt":"","rel":"","context":"Similar post","block_context":{"text":"Similar post","link":""},"img":{"alt_text":"","src":"","width":0,"height":0},"classes":[]},{"id":34569,"url":"https:\/\/sakaba.mghosteur.com\/en\/product\/fenty-icon-the-fill-semi-matte-lipstick-nosy-rosy\/","url_meta":{"origin":34560,"position":3},"title":"FENTY ICON THE FILL SEMI MATTE LIPSTICK NOSY ROSY","author":"admin","date":"May 29, 2024","format":false,"excerpt":"","rel":"","context":"Similar post","block_context":{"text":"Similar post","link":""},"img":{"alt_text":"","src":"","width":0,"height":0},"classes":[]},{"id":34572,"url":"https:\/\/sakaba.mghosteur.com\/en\/product\/fenty-icon-the-fill-semi-matte-lipstick-tropic-doll\/","url_meta":{"origin":34560,"position":4},"title":"FENTY ICON THE FILL SEMI MATTE LIPSTICK TROPIC DOLL","author":"admin","date":"May 29, 2024","format":false,"excerpt":"","rel":"","context":"Similar post","block_context":{"text":"Similar post","link":""},"img":{"alt_text":"","src":"","width":0,"height":0},"classes":[]},{"id":34566,"url":"https:\/\/sakaba.mghosteur.com\/en\/product\/fenty-icon-the-fill-semi-matte-lipstick-miss-candy-venom\/","url_meta":{"origin":34560,"position":5},"title":"FENTY ICON THE FILL SEMI MATTE LIPSTICK MISS CANDY VENOM","author":"admin","date":"May 29, 2024","format":false,"excerpt":"Le rouge \u00e0 l\u00e8vres semi-mat rechargeable Fenty Icon est fait pour \u00eatre vu. Rihanna a s\u00e9lectionn\u00e9 chaque teinte pour une gamme parfaite de rouges et de neutres \u00e0 haute teneur en pigments et n\u00e9cessitant peu d'entretien pour tous. Con\u00e7u pour \u00eatre rechargeable : une fois que vous avez choisi la\u2026","rel":"","context":"Similar post","block_context":{"text":"Similar post","link":""},"img":{"alt_text":"","src":"","width":0,"height":0},"classes":[]}],"_links":{"self":[{"href":"https:\/\/sakaba.mghosteur.com\/en\/wp-json\/wp\/v2\/product\/34560","targetHints":{"allow":["GET"]}}],"collection":[{"href":"https:\/\/sakaba.mghosteur.com\/en\/wp-json\/wp\/v2\/product"}],"about":[{"href":"https:\/\/sakaba.mghosteur.com\/en\/wp-json\/wp\/v2\/types\/product"}],"replies":[{"embeddable":true,"href":"https:\/\/sakaba.mghosteur.com\/en\/wp-json\/wp\/v2\/comments?post=34560"}],"version-history":[{"count":0,"href":"https:\/\/sakaba.mghosteur.com\/en\/wp-json\/wp\/v2\/product\/34560\/revisions"}],"wp:attachment":[{"href":"https:\/\/sakaba.mghosteur.com\/en\/wp-json\/wp\/v2\/media?parent=34560"}],"wp:term":[{"taxonomy":"product_brand","embeddable":true,"href":"https:\/\/sakaba.mghosteur.com\/en\/wp-json\/wp\/v2\/product_brand?post=34560"},{"taxonomy":"product_cat","embeddable":true,"href":"https:\/\/sakaba.mghosteur.com\/en\/wp-json\/wp\/v2\/product_cat?post=34560"},{"taxonomy":"product_tag","embeddable":true,"href":"https:\/\/sakaba.mghosteur.com\/en\/wp-json\/wp\/v2\/product_tag?post=34560"}],"curies":[{"name":"wp","href":"https:\/\/api.w.org\/{rel}","templated":true}]}}