{"id":34575,"date":"2024-05-29T16:06:21","date_gmt":"2024-05-29T16:06:21","guid":{"rendered":"https:\/\/sakaba.mghosteur.com\/?post_type=product&#038;p=34575"},"modified":"2024-08-19T03:12:37","modified_gmt":"2024-08-19T03:12:37","slug":"fenty-icon-velvet-liquid-bread-winnr-05","status":"publish","type":"product","link":"https:\/\/sakaba.mghosteur.com\/en\/product\/fenty-icon-velvet-liquid-bread-winnr-05\/","title":{"rendered":"FENTY ICON VELVET LIQUID BREAD WINN&#8217;R 05"},"content":{"rendered":"<p>Craquez pour un nouveau type de mat. La texture cr\u00e9meuse et fouett\u00e9e enveloppe les l\u00e8vres d&#8217;une couleur intense en un seul passage pr\u00e9cis. Cette formule unique laisse les l\u00e8vres douces et confortables, sans les dess\u00e9cher.<\/p>\n<p>Oubliez les ridules et la s\u00e9cheresse du pass\u00e9 : obtenez une couleur liquide luxueuse et fouett\u00e9e dans des teintes riches et attrayantes qui n&#8217;aspireront pas la vie de vos l\u00e8vres.<\/p>\n<ul>\n<li>Couleur \u00e0 fort impact en un seul passage, dans une gamme de nuances pour chaque carnation<\/li>\n<\/ul>\n<ul>\n<li>Formule moelleuse qui offre une texture douce et l\u00e9g\u00e8re<\/li>\n<\/ul>\n<ul>\n<li>Formule fouett\u00e9e qui est confortable et ne dess\u00e8che pas les l\u00e8vres<\/li>\n<\/ul>\n<ul>\n<li>S\u00e8che pour un fini mat velout\u00e9<\/li>\n<\/ul>\n<ul>\n<li>Applicateur en pied de biche pour une application facile et pr\u00e9cise<\/li>\n<\/ul>","protected":false},"excerpt":{"rendered":"<p>Craquez pour un nouveau type de mat. La texture cr\u00e9meuse et fouett\u00e9e enveloppe les l\u00e8vres d&#8217;une couleur intense en un seul passage pr\u00e9cis. Cette formule unique laisse les l\u00e8vres douces et confortables, sans les dess\u00e9cher. Oubliez les ridules et la s\u00e9cheresse du pass\u00e9 : obtenez une couleur liquide luxueuse et fouett\u00e9e dans des teintes riches<span class=\"read-more-faq\"><a href=\"https:\/\/sakaba.mghosteur.com\/en\/product\/fenty-icon-velvet-liquid-bread-winnr-05\/\">Read More<\/a><\/span><\/p>","protected":false},"featured_media":0,"comment_status":"open","ping_status":"closed","template":"","meta":[],"product_brand":[858],"product_cat":[305,289],"product_tag":[],"class_list":{"0":"post-34575","1":"product","2":"type-product","3":"status-publish","5":"product_brand-fenty","6":"product_cat-levres","7":"product_cat-aaa-maquillage","9":"first","10":"instock","11":"shipping-taxable","12":"product-type-simple"},"jetpack-related-posts":[{"id":34581,"url":"https:\/\/sakaba.mghosteur.com\/en\/product\/fenty-icon-velvet-liquid-pink-limoscene\/","url_meta":{"origin":34575,"position":0},"title":"FENTY ICON VELVET LIQUID PINK LIMO&#8217;SCENE","author":"admin","date":"May 29, 2024","format":false,"excerpt":"Craquez pour un nouveau type de mat. La texture cr\u00e9meuse et fouett\u00e9e enveloppe les l\u00e8vres d'une couleur intense en un seul passage pr\u00e9cis. Cette formule unique laisse les l\u00e8vres douces et confortables, sans les dess\u00e9cher. Oubliez les ridules et la s\u00e9cheresse du pass\u00e9 : obtenez une couleur liquide luxueuse et\u2026","rel":"","context":"Similar post","block_context":{"text":"Similar post","link":""},"img":{"alt_text":"","src":"","width":0,"height":0},"classes":[]},{"id":34584,"url":"https:\/\/sakaba.mghosteur.com\/en\/product\/fenty-icon-velvet-liquid-riri-04\/","url_meta":{"origin":34575,"position":1},"title":"FENTY ICON VELVET LIQUID RIRI 04","author":"admin","date":"May 29, 2024","format":false,"excerpt":"Craquez pour un nouveau type de mat. La texture cr\u00e9meuse et fouett\u00e9e enveloppe les l\u00e8vres d'une couleur intense en un seul passage pr\u00e9cis. Cette formule unique laisse les l\u00e8vres douces et confortables, sans les dess\u00e9cher. Oubliez les ridules et la s\u00e9cheresse du pass\u00e9 : obtenez une couleur liquide luxueuse et\u2026","rel":"","context":"Similar post","block_context":{"text":"Similar post","link":""},"img":{"alt_text":"","src":"","width":0,"height":0},"classes":[]},{"id":34587,"url":"https:\/\/sakaba.mghosteur.com\/en\/product\/fenty-icon-velvet-liquid-the-mvp-01\/","url_meta":{"origin":34575,"position":2},"title":"FENTY ICON VELVET LIQUID THE MVP 01","author":"admin","date":"May 29, 2024","format":false,"excerpt":"Craquez pour un nouveau type de mat. La texture cr\u00e9meuse et fouett\u00e9e enveloppe les l\u00e8vres d'une couleur intense en un seul passage pr\u00e9cis. Cette formule unique laisse les l\u00e8vres douces et confortables, sans les dess\u00e9cher. Oubliez les ridules et la s\u00e9cheresse du pass\u00e9 : obtenez une couleur liquide luxueuse et\u2026","rel":"","context":"Similar post","block_context":{"text":"Similar post","link":""},"img":{"alt_text":"","src":"","width":0,"height":0},"classes":[]},{"id":34590,"url":"https:\/\/sakaba.mghosteur.com\/en\/product\/fenty-icon-velvet-liquid-wicked-whine-11\/","url_meta":{"origin":34575,"position":3},"title":"FENTY ICON VELVET LIQUID WICKED WHINE 11","author":"admin","date":"May 29, 2024","format":false,"excerpt":"Craquez pour un nouveau type de mat. La texture cr\u00e9meuse et fouett\u00e9e enveloppe les l\u00e8vres d'une couleur intense en un seul passage pr\u00e9cis. Cette formule unique laisse les l\u00e8vres douces et confortables, sans les dess\u00e9cher. Oubliez les ridules et la s\u00e9cheresse du pass\u00e9 : obtenez une couleur liquide luxueuse et\u2026","rel":"","context":"Similar post","block_context":{"text":"Similar post","link":""},"img":{"alt_text":"","src":"","width":0,"height":0},"classes":[]},{"id":34578,"url":"https:\/\/sakaba.mghosteur.com\/en\/product\/fenty-icon-velvet-liquid-h-b-i-c-02\/","url_meta":{"origin":34575,"position":4},"title":"FENTY ICON VELVET LIQUID H.B.I.C. 02","author":"admin","date":"May 29, 2024","format":false,"excerpt":"Craquez pour un nouveau type de mat. La texture cr\u00e9meuse et fouett\u00e9e enveloppe les l\u00e8vres d'une couleur intense en un seul passage pr\u00e9cis. Cette formule unique laisse les l\u00e8vres douces et confortables, sans les dess\u00e9cher. Oubliez les ridules et la s\u00e9cheresse du pass\u00e9 : obtenez une couleur liquide luxueuse et\u2026","rel":"","context":"Similar post","block_context":{"text":"Similar post","link":""},"img":{"alt_text":"","src":"","width":0,"height":0},"classes":[]},{"id":32703,"url":"https:\/\/sakaba.mghosteur.com\/en\/product\/sephora-cream-lip-stain-90-sunrise-pink\/","url_meta":{"origin":34575,"position":5},"title":"Sephora Cream Lip Stain 90 Sunrise Pink","author":"admin","date":"May 15, 2024","format":false,"excerpt":"Ce rouge \u00e0 l\u00e8vres \u00e0 couvrance \u00e9lev\u00e9e est un best-seller qui glisse en douceur et se transforme d'une texture cr\u00e9meuse en une teinte soyeuse et l\u00e9g\u00e8re. Infus\u00e9e d'huile d'avocat, la formule longue tenue offre une couleur riche qui est confortable, ne colle jamais et ne dess\u00e8che pas les l\u00e8vres.","rel":"","context":"Similar post","block_context":{"text":"Similar post","link":""},"img":{"alt_text":"","src":"","width":0,"height":0},"classes":[]}],"_links":{"self":[{"href":"https:\/\/sakaba.mghosteur.com\/en\/wp-json\/wp\/v2\/product\/34575","targetHints":{"allow":["GET"]}}],"collection":[{"href":"https:\/\/sakaba.mghosteur.com\/en\/wp-json\/wp\/v2\/product"}],"about":[{"href":"https:\/\/sakaba.mghosteur.com\/en\/wp-json\/wp\/v2\/types\/product"}],"replies":[{"embeddable":true,"href":"https:\/\/sakaba.mghosteur.com\/en\/wp-json\/wp\/v2\/comments?post=34575"}],"version-history":[{"count":0,"href":"https:\/\/sakaba.mghosteur.com\/en\/wp-json\/wp\/v2\/product\/34575\/revisions"}],"wp:attachment":[{"href":"https:\/\/sakaba.mghosteur.com\/en\/wp-json\/wp\/v2\/media?parent=34575"}],"wp:term":[{"taxonomy":"product_brand","embeddable":true,"href":"https:\/\/sakaba.mghosteur.com\/en\/wp-json\/wp\/v2\/product_brand?post=34575"},{"taxonomy":"product_cat","embeddable":true,"href":"https:\/\/sakaba.mghosteur.com\/en\/wp-json\/wp\/v2\/product_cat?post=34575"},{"taxonomy":"product_tag","embeddable":true,"href":"https:\/\/sakaba.mghosteur.com\/en\/wp-json\/wp\/v2\/product_tag?post=34575"}],"curies":[{"name":"wp","href":"https:\/\/api.w.org\/{rel}","templated":true}]}}