{"id":34593,"date":"2024-05-29T16:11:48","date_gmt":"2024-05-29T16:11:48","guid":{"rendered":"https:\/\/sakaba.mghosteur.com\/?post_type=product&#038;p=34593"},"modified":"2024-08-19T03:17:34","modified_gmt":"2024-08-19T03:17:34","slug":"fenty-invisimatte-poudre-fixatrice-matifiante","status":"publish","type":"product","link":"https:\/\/sakaba.mghosteur.com\/en\/product\/fenty-invisimatte-poudre-fixatrice-matifiante\/","title":{"rendered":"FENTY INVISIMATTE POUDRE FIXATRICE MATIFIANTE"},"content":{"rendered":"<p>Ce matifiant instantan\u00e9 est devenu encore meilleur : une poudre de finition universelle rechargeable qui estompe l&#8217;apparence des pores, absorbe la brillance et prolonge la tenue du maquillage toute la journ\u00e9e.<\/p>\n<p>Description:<\/p>\n<p>Teinte universelle pour toutes les carnations<\/p>\n<p>Pas de flashback ni d&#8217;effet p\u00e2teux<\/p>\n<p>Fini mat naturel et prolonge la tenue du maquillage<\/p>\n<p>Estompe instantan\u00e9ment l&#8217;apparence des pores<\/p>\n<p>Confortable pour tous les types de peau<\/p>\n<p>Emballage rechargeable, sans aimant<\/p>\n<p>Sans talc et v\u00e9g\u00e9talien<\/p>\n<p>Extrait de graines de chia pour aider \u00e0 matifier le s\u00e9bum et \u00e0 faire briller toute la journ\u00e9e<\/p>\n<p>Hyaluronate de sodium pour aider \u00e0 offrir une tenue confortable et non dess\u00e9chante toute la journ\u00e9e<\/p>","protected":false},"excerpt":{"rendered":"<p>Ce matifiant instantan\u00e9 est devenu encore meilleur : une poudre de finition universelle rechargeable qui estompe l&#8217;apparence des pores, absorbe la brillance et prolonge la tenue du maquillage toute la journ\u00e9e. Description: Teinte universelle pour toutes les carnations Pas de flashback ni d&#8217;effet p\u00e2teux Fini mat naturel et prolonge la tenue du maquillage Estompe instantan\u00e9ment<span class=\"read-more-faq\"><a href=\"https:\/\/sakaba.mghosteur.com\/en\/product\/fenty-invisimatte-poudre-fixatrice-matifiante\/\">Read More<\/a><\/span><\/p>","protected":false},"featured_media":0,"comment_status":"open","ping_status":"closed","template":"","meta":[],"product_brand":[858],"product_cat":[289,311],"product_tag":[],"class_list":{"0":"post-34593","1":"product","2":"type-product","3":"status-publish","5":"product_brand-fenty","6":"product_cat-aaa-maquillage","7":"product_cat-teint","9":"first","10":"instock","11":"shipping-taxable","12":"product-type-simple"},"jetpack-related-posts":[{"id":22910,"url":"https:\/\/sakaba.mghosteur.com\/en\/product\/fenty-beauty-pro-filtr-instant-retouch-setting-powder\/","url_meta":{"origin":34593,"position":0},"title":"Fenty Beauty Pro Filt&#8217;r Instant Retouch Setting Powder","author":"admin","date":"October 24, 2022","format":false,"excerpt":"Une poudre libre ultra-fine et l\u00e9g\u00e8re, propos\u00e9e en 8 teintes transparentes pour parfaire et prolonger la tenue du maquillage, pour un fini filtr\u00e9 et pr\u00eat \u00e0 photographier. Lorsque l'apparence est le ma\u00eetre mot, votre maquillage doit pouvoir suivre. D\u00e9couvrez la poudre fixatrice Pro Filt'r Instant Retouch\u00a0: cette poudre libre ultra-fine\u2026","rel":"","context":"Similar post","block_context":{"text":"Similar post","link":""},"img":{"alt_text":"","src":"","width":0,"height":0},"classes":[]},{"id":34986,"url":"https:\/\/sakaba.mghosteur.com\/en\/product\/nars-light-reflecting-fond-de-teint-medium-deep-5-marquises\/","url_meta":{"origin":34593,"position":1},"title":"NARS LIGHT REFLECTING FOND DE TEINT MEDIUM DEEP 5 MARQUISES","author":"admin","date":"June 5, 2024","format":false,"excerpt":"Ce m\u00e9lange innovant de maquillage et de soin de la peau estompe instantan\u00e9ment les imperfections, lisse l'apparence de la peau textur\u00e9e et aide \u00e0 dissimuler les imperfections, les taches brunes et les rougeurs. Am\u00e9liore visiblement la clart\u00e9 de la peau apr\u00e8s six semaines d'utilisation quotidienne, m\u00eame apr\u00e8s le d\u00e9maquillage. Aliment\u00e9\u2026","rel":"","context":"Similar post","block_context":{"text":"Similar post","link":""},"img":{"alt_text":"","src":"","width":0,"height":0},"classes":[]},{"id":34989,"url":"https:\/\/sakaba.mghosteur.com\/en\/product\/nars-light-reflecting-fond-de-teint-medium-deep-macao\/","url_meta":{"origin":34593,"position":2},"title":"NARS LIGHT REFLECTING FOND DE TEINT MEDIUM DEEP MACAO","author":"admin","date":"June 5, 2024","format":false,"excerpt":"Ce m\u00e9lange innovant de maquillage et de soin de la peau estompe instantan\u00e9ment les imperfections, lisse l'apparence de la peau textur\u00e9e et aide \u00e0 dissimuler les imperfections, les taches brunes et les rougeurs. Am\u00e9liore visiblement la clart\u00e9 de la peau apr\u00e8s six semaines d'utilisation quotidienne, m\u00eame apr\u00e8s le d\u00e9maquillage. Aliment\u00e9\u2026","rel":"","context":"Similar post","block_context":{"text":"Similar post","link":""},"img":{"alt_text":"","src":"","width":0,"height":0},"classes":[]},{"id":34983,"url":"https:\/\/sakaba.mghosteur.com\/en\/product\/nars-light-reflecting-fond-de-teint-medium-deep-2-6-huahine\/","url_meta":{"origin":34593,"position":3},"title":"NARS LIGHT REFLECTING FOND DE TEINT MEDIUM DEEP 2.6 HUAHINE","author":"admin","date":"June 5, 2024","format":false,"excerpt":"Ce m\u00e9lange innovant de maquillage et de soin de la peau estompe instantan\u00e9ment les imperfections, lisse l'apparence de la peau textur\u00e9e et aide \u00e0 dissimuler les imperfections, les taches brunes et les rougeurs. Am\u00e9liore visiblement la clart\u00e9 de la peau apr\u00e8s six semaines d'utilisation quotidienne, m\u00eame apr\u00e8s le d\u00e9maquillage. Aliment\u00e9\u2026","rel":"","context":"Similar post","block_context":{"text":"Similar post","link":""},"img":{"alt_text":"","src":"","width":0,"height":0},"classes":[]},{"id":28239,"url":"https:\/\/sakaba.mghosteur.com\/en\/product\/the-ordinary-100-niacinamide-poudre\/","url_meta":{"origin":34593,"position":4},"title":"THE ORDINARY 100% NIACINAMIDE POUDRE","author":"admin","date":"November 30, 2022","format":false,"excerpt":"La poudre de Niacinamide \u00e0 100 % de la marque The Ordinary est une solution personnalisable pour une peau plus lumineuse et \u00e9clatante. Compos\u00e9e enti\u00e8rement de vitamine B3, cette poudre ultra-fine aide \u00e0 lisser les irr\u00e9gularit\u00e9s de texture, \u00e0 matifier la peau et \u00e0 minimiser les s\u00e9bums. Vous pouvez facilement\u2026","rel":"","context":"Similar post","block_context":{"text":"Similar post","link":""},"img":{"alt_text":"","src":"","width":0,"height":0},"classes":[]},{"id":34992,"url":"https:\/\/sakaba.mghosteur.com\/en\/product\/nars-natural-radiant-longwear-foundation-cadiz\/","url_meta":{"origin":34593,"position":5},"title":"NARS NATURAL RADIANT LONGWEAR FOUNDATION CADIZ","author":"admin","date":"June 5, 2024","format":false,"excerpt":"Il y a la tenue longue dur\u00e9e. Et puis il y a la tenue intense. Voici le premier fond de teint NARS qui tient 16 heures et reste actif gr\u00e2ce au pouvoir de l'\u00e9clat. Ind\u00e9tectable. Inarr\u00eatable. Contrairement \u00e0 tout autre produit. La tenue longue dur\u00e9e est enfin l\u00e9g\u00e8re et \u00e9clatante.\u2026","rel":"","context":"Similar post","block_context":{"text":"Similar post","link":""},"img":{"alt_text":"","src":"","width":0,"height":0},"classes":[]}],"_links":{"self":[{"href":"https:\/\/sakaba.mghosteur.com\/en\/wp-json\/wp\/v2\/product\/34593","targetHints":{"allow":["GET"]}}],"collection":[{"href":"https:\/\/sakaba.mghosteur.com\/en\/wp-json\/wp\/v2\/product"}],"about":[{"href":"https:\/\/sakaba.mghosteur.com\/en\/wp-json\/wp\/v2\/types\/product"}],"replies":[{"embeddable":true,"href":"https:\/\/sakaba.mghosteur.com\/en\/wp-json\/wp\/v2\/comments?post=34593"}],"version-history":[{"count":0,"href":"https:\/\/sakaba.mghosteur.com\/en\/wp-json\/wp\/v2\/product\/34593\/revisions"}],"wp:attachment":[{"href":"https:\/\/sakaba.mghosteur.com\/en\/wp-json\/wp\/v2\/media?parent=34593"}],"wp:term":[{"taxonomy":"product_brand","embeddable":true,"href":"https:\/\/sakaba.mghosteur.com\/en\/wp-json\/wp\/v2\/product_brand?post=34593"},{"taxonomy":"product_cat","embeddable":true,"href":"https:\/\/sakaba.mghosteur.com\/en\/wp-json\/wp\/v2\/product_cat?post=34593"},{"taxonomy":"product_tag","embeddable":true,"href":"https:\/\/sakaba.mghosteur.com\/en\/wp-json\/wp\/v2\/product_tag?post=34593"}],"curies":[{"name":"wp","href":"https:\/\/api.w.org\/{rel}","templated":true}]}}