{"id":34596,"date":"2024-05-29T16:12:38","date_gmt":"2024-05-29T16:12:38","guid":{"rendered":"https:\/\/sakaba.mghosteur.com\/?post_type=product&#038;p=34596"},"modified":"2024-08-19T03:19:15","modified_gmt":"2024-08-19T03:19:15","slug":"fenty-juicy-satin-lipstick-purpsicle","status":"publish","type":"product","link":"https:\/\/sakaba.mghosteur.com\/en\/product\/fenty-juicy-satin-lipstick-purpsicle\/","title":{"rendered":"FENTY Juicy Satin Lipstick-poutsickle"},"content":{"rendered":"<p>Le rouge \u00e0 l\u00e8vres Poutsicle Juicy Satin \u00ab \u00e9pouse \u00bb vos l\u00e8vres avec une couleur audacieuse et pulpeuse et un fini satin\u00e9 juteux qui fait ressortir votre moue. Disponible en sept teintes ultra-vives dans un emballage sur mesure, Poutsicle est disponible dans une gamme de teintes irr\u00e9sistibles pour mettre en valeur tous les tons de peau. Soyez coquine avec des roses et des violets \u00e9lectrisants, ou optez pour un orange et un bleu vibrants.<\/p>","protected":false},"excerpt":{"rendered":"<p>Le rouge \u00e0 l\u00e8vres Poutsicle Juicy Satin \u00ab \u00e9pouse \u00bb vos l\u00e8vres avec une couleur audacieuse et pulpeuse et un fini satin\u00e9 juteux qui fait ressortir votre moue. Disponible en sept teintes ultra-vives dans un emballage sur mesure, Poutsicle est disponible dans une gamme de teintes irr\u00e9sistibles pour mettre en valeur tous les tons de<span class=\"read-more-faq\"><a href=\"https:\/\/sakaba.mghosteur.com\/en\/product\/fenty-juicy-satin-lipstick-purpsicle\/\">Read More<\/a><\/span><\/p>","protected":false},"featured_media":0,"comment_status":"open","ping_status":"closed","template":"","meta":[],"product_brand":[858],"product_cat":[305,289],"product_tag":[],"class_list":{"0":"post-34596","1":"product","2":"type-product","3":"status-publish","5":"product_brand-fenty","6":"product_cat-levres","7":"product_cat-aaa-maquillage","9":"first","10":"instock","11":"shipping-taxable","12":"product-type-simple"},"jetpack-related-posts":[{"id":23651,"url":"https:\/\/sakaba.mghosteur.com\/en\/product\/bene-tint-rose-tinted-lip-cheek-satin\/","url_meta":{"origin":34596,"position":0},"title":"BENE TINT ROSE TINTED LIP &amp; CHEEK SATIN","author":"admin","date":"November 3, 2022","format":false,"excerpt":"Ce rouge \u00e0 l\u00e8vres et \u00e0 joues rouge vif et anti-bavures est le rouge \u00e0 l\u00e8vres le plus passionn\u00e9 que vous puissiez obtenir avec un flacon. L'applicateur \u00e0 l\u00e8vres pr\u00e9cis glisse directement pour un look magnifique en quelques secondes. Appliquez sur les l\u00e8vres et les joues pour une couleur vibrante\u2026","rel":"","context":"Similar post","block_context":{"text":"Similar post","link":""},"img":{"alt_text":"","src":"","width":0,"height":0},"classes":[]},{"id":32697,"url":"https:\/\/sakaba.mghosteur.com\/en\/product\/sephora-cream-lip-satin-26\/","url_meta":{"origin":34596,"position":1},"title":"SEPHORA CREAM LIP  SATIN 26","author":"admin","date":"May 15, 2024","format":false,"excerpt":"","rel":"","context":"Similar post","block_context":{"text":"Similar post","link":""},"img":{"alt_text":"","src":"","width":0,"height":0},"classes":[]},{"id":23834,"url":"https:\/\/sakaba.mghosteur.com\/en\/product\/satin-skinz-b-beau\/","url_meta":{"origin":34596,"position":2},"title":"SATIN SKINZ B BEAU PWITEZ PEARL 500MG CAPSULE","author":"admin","date":"November 8, 2022","format":false,"excerpt":"D\u00e9couvrez la perle B'Beau Pwitez de Satin Skin, le l\u00e9gendaire roi des tr\u00e9sors de l'oc\u00e9an de perle. Si vous avez des probl\u00e8mes de peau tels que la haute teneur en m\u00e9lanine, les taches de rousseur, la peau s\u00e8che et squameuse, la peau sujette \u00e0 l'acn\u00e9, le visage fatigu\u00e9 et p\u00e2le,\u2026","rel":"","context":"Similar post","block_context":{"text":"Similar post","link":""},"img":{"alt_text":"","src":"","width":0,"height":0},"classes":[]},{"id":33811,"url":"https:\/\/sakaba.mghosteur.com\/en\/product\/milani-amore-matte-satin-matte-lip-creme\/","url_meta":{"origin":34596,"position":3},"title":"MILANI Amore Matte Satin Matte LIP CREME","author":"admin","date":"May 23, 2024","format":false,"excerpt":"","rel":"","context":"Similar post","block_context":{"text":"Similar post","link":""},"img":{"alt_text":"","src":"","width":0,"height":0},"classes":[]},{"id":25174,"url":"https:\/\/sakaba.mghosteur.com\/en\/product\/maybelline-dream-satin-liquid-60-sandy-beige\/","url_meta":{"origin":34596,"position":4},"title":"Maybelline dream satin liquid 60 sandy Beige","author":"admin","date":"November 11, 2022","format":false,"excerpt":"","rel":"","context":"Similar post","block_context":{"text":"Similar post","link":""},"img":{"alt_text":"","src":"","width":0,"height":0},"classes":[]},{"id":23822,"url":"https:\/\/sakaba.mghosteur.com\/en\/product\/satin-skinz-glutathione-plus-astaxanthin-plus\/","url_meta":{"origin":34596,"position":5},"title":"SATIN SKINZ GLUTATHIONE PLUS ASTAXANTHIN PLUS","author":"admin","date":"November 8, 2022","format":false,"excerpt":"Satin Skinz Glutathione Plus & Astaxanthin Plus est un produit de beaut\u00e9 innovant qui offre une multitude d'avantages pour votre peau. Ce produit de la marque Satin Skinz est compos\u00e9 d'un m\u00e9lange d'ingr\u00e9dients soigneusement s\u00e9lectionn\u00e9s pour vous aider \u00e0 obtenir une peau plus jeune et plus lumineuse. Le glutathion est\u2026","rel":"","context":"Similar post","block_context":{"text":"Similar post","link":""},"img":{"alt_text":"","src":"","width":0,"height":0},"classes":[]}],"_links":{"self":[{"href":"https:\/\/sakaba.mghosteur.com\/en\/wp-json\/wp\/v2\/product\/34596","targetHints":{"allow":["GET"]}}],"collection":[{"href":"https:\/\/sakaba.mghosteur.com\/en\/wp-json\/wp\/v2\/product"}],"about":[{"href":"https:\/\/sakaba.mghosteur.com\/en\/wp-json\/wp\/v2\/types\/product"}],"replies":[{"embeddable":true,"href":"https:\/\/sakaba.mghosteur.com\/en\/wp-json\/wp\/v2\/comments?post=34596"}],"version-history":[{"count":0,"href":"https:\/\/sakaba.mghosteur.com\/en\/wp-json\/wp\/v2\/product\/34596\/revisions"}],"wp:attachment":[{"href":"https:\/\/sakaba.mghosteur.com\/en\/wp-json\/wp\/v2\/media?parent=34596"}],"wp:term":[{"taxonomy":"product_brand","embeddable":true,"href":"https:\/\/sakaba.mghosteur.com\/en\/wp-json\/wp\/v2\/product_brand?post=34596"},{"taxonomy":"product_cat","embeddable":true,"href":"https:\/\/sakaba.mghosteur.com\/en\/wp-json\/wp\/v2\/product_cat?post=34596"},{"taxonomy":"product_tag","embeddable":true,"href":"https:\/\/sakaba.mghosteur.com\/en\/wp-json\/wp\/v2\/product_tag?post=34596"}],"curies":[{"name":"wp","href":"https:\/\/api.w.org\/{rel}","templated":true}]}}