{"id":34599,"date":"2024-05-29T16:13:19","date_gmt":"2024-05-29T16:13:19","guid":{"rendered":"https:\/\/sakaba.mghosteur.com\/?post_type=product&#038;p=34599"},"modified":"2024-09-01T13:44:03","modified_gmt":"2024-09-01T13:44:03","slug":"fenty-luscious-lip-balm-cocoa-drizzle","status":"publish","type":"product","link":"https:\/\/sakaba.mghosteur.com\/en\/product\/fenty-luscious-lip-balm-cocoa-drizzle\/","title":{"rendered":"FENTY LUSCIOUS LIP BALM COCOA DRIZZLE"},"content":{"rendered":"<p>Un baume \u00e0 l\u00e8vres cr\u00e9meux et hydratant dot\u00e9 d&#8217;un applicateur en forme de pied de biche moelleux qui lisse, adoucit et pr\u00e9pare vos l\u00e8vres pour des l\u00e8vres instantan\u00e9ment pulpeuses et dignes d&#8217;un baiser qui durent, dans des teintes transparentes con\u00e7ues pour tous les tons de peau.<\/p>\n<p>Description:<\/p>\n<p>Super cr\u00e9meux et l\u00e9ger, il glisse sur les l\u00e8vres pour retenir l&#8217;hydratation, dans des teintes transparentes con\u00e7ues pour tous les tons de peau.<\/p>\n<p>Contrairement \u00e0 la plupart des baumes \u00e0 l\u00e8vres, Pro Kiss&#8217;r est dot\u00e9 d&#8217;un applicateur en forme de pied de biche ultra moelleux qui offre aux l\u00e8vres une exp\u00e9rience luxueuse et addictive \u00e0 chaque passage.<\/p>\n<p>Fabriqu\u00e9 \u00e0 partir de beurres de karit\u00e9 et de mangue riches mais non gras, ce baume \u00e0 l\u00e8vres apaise et nourrit tout en rendant les l\u00e8vres instantan\u00e9ment plus douces, plus lisses et pr\u00eates \u00e0 l&#8217;application du rouge \u00e0 l\u00e8vres.<\/p>\n<p>De plus, la formule non collante a un l\u00e9ger parfum p\u00eache-vanille<\/p>","protected":false},"excerpt":{"rendered":"<p>Un baume \u00e0 l\u00e8vres cr\u00e9meux et hydratant dot\u00e9 d&#8217;un applicateur en forme de pied de biche moelleux qui lisse, adoucit et pr\u00e9pare vos l\u00e8vres pour des l\u00e8vres instantan\u00e9ment pulpeuses et dignes d&#8217;un baiser qui durent, dans des teintes transparentes con\u00e7ues pour tous les tons de peau. Description: Super cr\u00e9meux et l\u00e9ger, il glisse sur les<span class=\"read-more-faq\"><a href=\"https:\/\/sakaba.mghosteur.com\/en\/product\/fenty-luscious-lip-balm-cocoa-drizzle\/\">Read More<\/a><\/span><\/p>","protected":false},"featured_media":0,"comment_status":"open","ping_status":"closed","template":"","meta":[],"product_brand":[858],"product_cat":[1054,451],"product_tag":[],"class_list":{"0":"post-34599","1":"product","2":"type-product","3":"status-publish","5":"product_brand-fenty","6":"product_cat-soins-des-levres","7":"product_cat-aab-soin-du-visage","9":"first","10":"instock","11":"shipping-taxable","12":"product-type-simple"},"jetpack-related-posts":[{"id":34602,"url":"https:\/\/sakaba.mghosteur.com\/en\/product\/fenty-luscious-lip-balm-latte-lips\/","url_meta":{"origin":34599,"position":0},"title":"FENTY LUSCIOUS LIP BALM LATTE LIPS","author":"admin","date":"May 29, 2024","format":false,"excerpt":"Un baume \u00e0 l\u00e8vres cr\u00e9meux et hydratant dot\u00e9 d'un applicateur en forme de pied de biche moelleux qui lisse, adoucit et pr\u00e9pare vos l\u00e8vres pour des l\u00e8vres instantan\u00e9ment pulpeuses et dignes d'un baiser qui durent, dans des teintes transparentes con\u00e7ues pour tous les tons de peau. Description: Super cr\u00e9meux et\u2026","rel":"","context":"Similar post","block_context":{"text":"Similar post","link":""},"img":{"alt_text":"","src":"","width":0,"height":0},"classes":[]},{"id":34652,"url":"https:\/\/sakaba.mghosteur.com\/en\/product\/fenty-skin-melon-treat-hydrating-stengrethening-lip-oil\/","url_meta":{"origin":34599,"position":1},"title":"FENTY SKIN MELON TREAT HYDRATING + STENGRETHENING LIP OIL","author":"admin","date":"May 30, 2024","format":false,"excerpt":"Votre barri\u00e8re d'hydratation est la premi\u00e8re ligne de d\u00e9fense de vos l\u00e8vres contre les \u00e9l\u00e9ments. Gardez-la forte et elle restera plus hydrat\u00e9e, plus lisse et sans squames. Cette huile pour les l\u00e8vres ultra-hydratante et non collante est transparente et maintient la barri\u00e8re d'hydratation des l\u00e8vres sous contr\u00f4le Hydrate et renforce\u2026","rel":"","context":"Similar post","block_context":{"text":"Similar post","link":""},"img":{"alt_text":"","src":"","width":0,"height":0},"classes":[]},{"id":34575,"url":"https:\/\/sakaba.mghosteur.com\/en\/product\/fenty-icon-velvet-liquid-bread-winnr-05\/","url_meta":{"origin":34599,"position":2},"title":"FENTY ICON VELVET LIQUID BREAD WINN&#8217;R 05","author":"admin","date":"May 29, 2024","format":false,"excerpt":"Craquez pour un nouveau type de mat. La texture cr\u00e9meuse et fouett\u00e9e enveloppe les l\u00e8vres d'une couleur intense en un seul passage pr\u00e9cis. Cette formule unique laisse les l\u00e8vres douces et confortables, sans les dess\u00e9cher. Oubliez les ridules et la s\u00e9cheresse du pass\u00e9 : obtenez une couleur liquide luxueuse et\u2026","rel":"","context":"Similar post","block_context":{"text":"Similar post","link":""},"img":{"alt_text":"","src":"","width":0,"height":0},"classes":[]},{"id":34581,"url":"https:\/\/sakaba.mghosteur.com\/en\/product\/fenty-icon-velvet-liquid-pink-limoscene\/","url_meta":{"origin":34599,"position":3},"title":"FENTY ICON VELVET LIQUID PINK LIMO&#8217;SCENE","author":"admin","date":"May 29, 2024","format":false,"excerpt":"Craquez pour un nouveau type de mat. La texture cr\u00e9meuse et fouett\u00e9e enveloppe les l\u00e8vres d'une couleur intense en un seul passage pr\u00e9cis. Cette formule unique laisse les l\u00e8vres douces et confortables, sans les dess\u00e9cher. Oubliez les ridules et la s\u00e9cheresse du pass\u00e9 : obtenez une couleur liquide luxueuse et\u2026","rel":"","context":"Similar post","block_context":{"text":"Similar post","link":""},"img":{"alt_text":"","src":"","width":0,"height":0},"classes":[]},{"id":34584,"url":"https:\/\/sakaba.mghosteur.com\/en\/product\/fenty-icon-velvet-liquid-riri-04\/","url_meta":{"origin":34599,"position":4},"title":"FENTY ICON VELVET LIQUID RIRI 04","author":"admin","date":"May 29, 2024","format":false,"excerpt":"Craquez pour un nouveau type de mat. La texture cr\u00e9meuse et fouett\u00e9e enveloppe les l\u00e8vres d'une couleur intense en un seul passage pr\u00e9cis. Cette formule unique laisse les l\u00e8vres douces et confortables, sans les dess\u00e9cher. Oubliez les ridules et la s\u00e9cheresse du pass\u00e9 : obtenez une couleur liquide luxueuse et\u2026","rel":"","context":"Similar post","block_context":{"text":"Similar post","link":""},"img":{"alt_text":"","src":"","width":0,"height":0},"classes":[]},{"id":34587,"url":"https:\/\/sakaba.mghosteur.com\/en\/product\/fenty-icon-velvet-liquid-the-mvp-01\/","url_meta":{"origin":34599,"position":5},"title":"FENTY ICON VELVET LIQUID THE MVP 01","author":"admin","date":"May 29, 2024","format":false,"excerpt":"Craquez pour un nouveau type de mat. La texture cr\u00e9meuse et fouett\u00e9e enveloppe les l\u00e8vres d'une couleur intense en un seul passage pr\u00e9cis. Cette formule unique laisse les l\u00e8vres douces et confortables, sans les dess\u00e9cher. Oubliez les ridules et la s\u00e9cheresse du pass\u00e9 : obtenez une couleur liquide luxueuse et\u2026","rel":"","context":"Similar post","block_context":{"text":"Similar post","link":""},"img":{"alt_text":"","src":"","width":0,"height":0},"classes":[]}],"_links":{"self":[{"href":"https:\/\/sakaba.mghosteur.com\/en\/wp-json\/wp\/v2\/product\/34599","targetHints":{"allow":["GET"]}}],"collection":[{"href":"https:\/\/sakaba.mghosteur.com\/en\/wp-json\/wp\/v2\/product"}],"about":[{"href":"https:\/\/sakaba.mghosteur.com\/en\/wp-json\/wp\/v2\/types\/product"}],"replies":[{"embeddable":true,"href":"https:\/\/sakaba.mghosteur.com\/en\/wp-json\/wp\/v2\/comments?post=34599"}],"version-history":[{"count":0,"href":"https:\/\/sakaba.mghosteur.com\/en\/wp-json\/wp\/v2\/product\/34599\/revisions"}],"wp:attachment":[{"href":"https:\/\/sakaba.mghosteur.com\/en\/wp-json\/wp\/v2\/media?parent=34599"}],"wp:term":[{"taxonomy":"product_brand","embeddable":true,"href":"https:\/\/sakaba.mghosteur.com\/en\/wp-json\/wp\/v2\/product_brand?post=34599"},{"taxonomy":"product_cat","embeddable":true,"href":"https:\/\/sakaba.mghosteur.com\/en\/wp-json\/wp\/v2\/product_cat?post=34599"},{"taxonomy":"product_tag","embeddable":true,"href":"https:\/\/sakaba.mghosteur.com\/en\/wp-json\/wp\/v2\/product_tag?post=34599"}],"curies":[{"name":"wp","href":"https:\/\/api.w.org\/{rel}","templated":true}]}}