{"id":34605,"date":"2024-05-29T16:14:41","date_gmt":"2024-05-29T16:14:41","guid":{"rendered":"https:\/\/sakaba.mghosteur.com\/?post_type=product&#038;p=34605"},"modified":"2024-09-01T02:47:48","modified_gmt":"2024-09-01T02:47:48","slug":"olaplex-intensive-bond-building-hair-treatment-n0","status":"publish","type":"product","link":"https:\/\/sakaba.mghosteur.com\/en\/product\/olaplex-intensive-bond-building-hair-treatment-n0\/","title":{"rendered":"OLAPLEX INTENSIVE BOND BUILDING HAIR TREATMENT No 0"},"content":{"rendered":"<p>Le traitement capillaire intensif de renforcement des liaisons Olaplex No.0 est un traitement d&#8217;inspiration professionnelle qui pr\u00e9pare les cheveux \u00e0 une r\u00e9paration plus profonde, reconstruit les liaisons capillaires et renforce et prot\u00e8ge l&#8217;int\u00e9grit\u00e9 des cheveux. Il s&#8217;agit d&#8217;un produit sans sulfate, sans parab\u00e8ne et sans cruaut\u00e9. Il est con\u00e7u pour r\u00e9parer les cheveux des effets thermiques, des dommages chimiques, des tiraillements\/brossages g\u00e9n\u00e9raux des cheveux et des facteurs environnementaux. Il est \u00e9galement sans danger pour la couleur<\/p>","protected":false},"excerpt":{"rendered":"<p>Le traitement capillaire intensif de renforcement des liaisons Olaplex No.0 est un traitement d&#8217;inspiration professionnelle qui pr\u00e9pare les cheveux \u00e0 une r\u00e9paration plus profonde, reconstruit les liaisons capillaires et renforce et prot\u00e8ge l&#8217;int\u00e9grit\u00e9 des cheveux. Il s&#8217;agit d&#8217;un produit sans sulfate, sans parab\u00e8ne et sans cruaut\u00e9. Il est con\u00e7u pour r\u00e9parer les cheveux des effets<span class=\"read-more-faq\"><a href=\"https:\/\/sakaba.mghosteur.com\/en\/product\/olaplex-intensive-bond-building-hair-treatment-n0\/\">Read More<\/a><\/span><\/p>","protected":false},"featured_media":0,"comment_status":"open","ping_status":"closed","template":"","meta":[],"product_brand":[858],"product_cat":[284,1063],"product_tag":[],"class_list":{"0":"post-34605","1":"product","2":"type-product","3":"status-publish","5":"product_brand-fenty","6":"product_cat-aad-cheveux","7":"product_cat-traitement-capilaire","9":"first","10":"instock","11":"shipping-taxable","12":"product-type-simple"},"jetpack-related-posts":[{"id":32033,"url":"https:\/\/sakaba.mghosteur.com\/en\/product\/olaplex-intensive-bond-building-hair-treatment-2\/","url_meta":{"origin":34605,"position":0},"title":"OLAPLEX INTENSIVE BOND BUILDING HAIR TREATMENT","author":"admin","date":"May 13, 2024","format":false,"excerpt":"Le traitement capillaire intensif N\u00ba.0, infus\u00e9 de la technologie brevet\u00e9e OLAPLEX Bond Building, est un traitement intense qui renforce l'efficacit\u00e9 du OLAPLEX N\u00ba.3 Hair Perfector pour une r\u00e9paration en profondeur tout en renfor\u00e7ant et en prot\u00e9geant l'int\u00e9grit\u00e9 des cheveux. AVANTAGES Augmente l'efficacit\u00e9 du Perfecteur Capillaire OLAPLEX N\u00ba.3. P\u00e9n\u00e8tre rapidement pour\u2026","rel":"","context":"Similar post","block_context":{"text":"Similar post","link":""},"img":{"alt_text":"","src":"","width":0,"height":0},"classes":[]},{"id":32022,"url":"https:\/\/sakaba.mghosteur.com\/en\/product\/olaplex-n9-bond-nourishing-hair-serum\/","url_meta":{"origin":34605,"position":1},"title":"OLAPLEX No 9 BOND NOURISHING HAIR SERUM","author":"admin","date":"May 13, 2024","format":false,"excerpt":"Votre sauveur capillaire. Le\u00a0Bond Protector Nourishing Hair Serum No.9\u00a0d'Olaplex\u00a0aide\u00a0\u00e0 prot\u00e9ger les cheveux des influences quotidiennes. Ce s\u00e9rum capillaire sans silicone offrira une protection parfaite contre la pollution environnementale et les dommages caus\u00e9s par la chaleur jusqu'\u00e0 232 \u00b0C pendant 48 heures. Bond Building Technology\u2122 aide \u00e0 reconstruire les cheveux ab\u00eem\u00e9s\u2026","rel":"","context":"Similar post","block_context":{"text":"Similar post","link":""},"img":{"alt_text":"","src":"","width":0,"height":0},"classes":[]},{"id":26040,"url":"https:\/\/sakaba.mghosteur.com\/en\/product\/olaplex-intensive-bond-building-hair-treatment\/","url_meta":{"origin":34605,"position":2},"title":"OLAPLEX INTENSIVE BOND BUILDING HAIR TREATMENT","author":"admin","date":"November 24, 2022","format":false,"excerpt":"","rel":"","context":"Similar post","block_context":{"text":"Similar post","link":""},"img":{"alt_text":"","src":"","width":0,"height":0},"classes":[]},{"id":26052,"url":"https:\/\/sakaba.mghosteur.com\/en\/product\/olaplex-n8-bond-intense-moisture-mask\/","url_meta":{"origin":34605,"position":3},"title":"OLAPLEX N8 BOND INTENSE MOISTURE MASK","author":"admin","date":"November 24, 2022","format":false,"excerpt":"","rel":"","context":"Similar post","block_context":{"text":"Similar post","link":""},"img":{"alt_text":"","src":"","width":0,"height":0},"classes":[]},{"id":27233,"url":"https:\/\/sakaba.mghosteur.com\/en\/product\/the-inkey-list-peptide-volumizing-hair-treatment\/","url_meta":{"origin":34605,"position":4},"title":"THE INKEY LIST PEPTIDE VOLUMIZING HAIR TREATMENT","author":"admin","date":"November 29, 2022","format":false,"excerpt":"Le traitement capillaire volumateur aux peptides de la marque The Inkey List est la solution id\u00e9ale pour les personnes ayant des cheveux mous et fins qui cherchent \u00e0 leur donner une apparence plus volumineuse. Ce s\u00e9rum l\u00e9ger contient des peptides, qui sont des cha\u00eenes d'acides amin\u00e9s naturellement pr\u00e9sents dans les\u2026","rel":"","context":"Similar post","block_context":{"text":"Similar post","link":""},"img":{"alt_text":"","src":"","width":0,"height":0},"classes":[]},{"id":26038,"url":"https:\/\/sakaba.mghosteur.com\/en\/product\/olaplex-bond-maintenance-conditioner\/","url_meta":{"origin":34605,"position":5},"title":"OLAPLEX BOND MAINTENANCE CONDITIONER","author":"admin","date":"November 24, 2022","format":false,"excerpt":"","rel":"","context":"Similar post","block_context":{"text":"Similar post","link":""},"img":{"alt_text":"","src":"","width":0,"height":0},"classes":[]}],"_links":{"self":[{"href":"https:\/\/sakaba.mghosteur.com\/en\/wp-json\/wp\/v2\/product\/34605","targetHints":{"allow":["GET"]}}],"collection":[{"href":"https:\/\/sakaba.mghosteur.com\/en\/wp-json\/wp\/v2\/product"}],"about":[{"href":"https:\/\/sakaba.mghosteur.com\/en\/wp-json\/wp\/v2\/types\/product"}],"replies":[{"embeddable":true,"href":"https:\/\/sakaba.mghosteur.com\/en\/wp-json\/wp\/v2\/comments?post=34605"}],"version-history":[{"count":0,"href":"https:\/\/sakaba.mghosteur.com\/en\/wp-json\/wp\/v2\/product\/34605\/revisions"}],"wp:attachment":[{"href":"https:\/\/sakaba.mghosteur.com\/en\/wp-json\/wp\/v2\/media?parent=34605"}],"wp:term":[{"taxonomy":"product_brand","embeddable":true,"href":"https:\/\/sakaba.mghosteur.com\/en\/wp-json\/wp\/v2\/product_brand?post=34605"},{"taxonomy":"product_cat","embeddable":true,"href":"https:\/\/sakaba.mghosteur.com\/en\/wp-json\/wp\/v2\/product_cat?post=34605"},{"taxonomy":"product_tag","embeddable":true,"href":"https:\/\/sakaba.mghosteur.com\/en\/wp-json\/wp\/v2\/product_tag?post=34605"}],"curies":[{"name":"wp","href":"https:\/\/api.w.org\/{rel}","templated":true}]}}