{"id":34609,"date":"2024-05-29T16:36:45","date_gmt":"2024-05-29T16:36:45","guid":{"rendered":"https:\/\/sakaba.mghosteur.com\/?post_type=product&#038;p=34609"},"modified":"2024-08-17T13:58:54","modified_gmt":"2024-08-17T13:58:54","slug":"fenty-nettoyant-en-profondeur-skin-cleanser","status":"publish","type":"product","link":"https:\/\/sakaba.mghosteur.com\/en\/product\/fenty-nettoyant-en-profondeur-skin-cleanser\/","title":{"rendered":"FENTY TOTAL CLEANS&#8217;R REMOVE-IT-ALL CLEANSER WITH BARBADOS CHERRY"},"content":{"rendered":"<p>Obtenez cette sensation de fra\u00eecheur et de propret\u00e9 avec notre nettoyant cr\u00e9meux moelleux qui affine l&#8217;apparence des pores et \u00e9limine instantan\u00e9ment la salet\u00e9, le s\u00e9bum et les impuret\u00e9s sans laisser de sensation de tiraillement sur la peau.<\/p>\n<p>B\u00e9n\u00e9fices<\/p>\n<p>Le Ginkgo Biloba aide \u00e0 \u00e9quilibrer les pores et \u00e0 lutter contre la brillance longtemps apr\u00e8s le rin\u00e7age<\/p>\n<p>La cerise de la Barbade, riche en antioxydants, aide \u00e0 revitaliser la peau<\/p>\n<p>Les nettoyants \u00e0 base de coing et de noix de coco riches en min\u00e9raux r\u00e9confortent et rafra\u00eechissent la peau<\/p>\n<p>La formule bien-\u00eatre se transforme d&#8217;une cr\u00e8me d\u00e9cadente en une mousse moelleuse<\/p>","protected":false},"excerpt":{"rendered":"<p>Obtenez cette sensation de fra\u00eecheur et de propret\u00e9 avec notre nettoyant cr\u00e9meux moelleux qui affine l&#8217;apparence des pores et \u00e9limine instantan\u00e9ment la salet\u00e9, le s\u00e9bum et les impuret\u00e9s sans laisser de sensation de tiraillement sur la peau. B\u00e9n\u00e9fices Le Ginkgo Biloba aide \u00e0 \u00e9quilibrer les pores et \u00e0 lutter contre la brillance longtemps apr\u00e8s le<span class=\"read-more-faq\"><a href=\"https:\/\/sakaba.mghosteur.com\/en\/product\/fenty-nettoyant-en-profondeur-skin-cleanser\/\">Read More<\/a><\/span><\/p>","protected":false},"featured_media":0,"comment_status":"open","ping_status":"closed","template":"","meta":[],"product_brand":[858],"product_cat":[324,451],"product_tag":[],"class_list":{"0":"post-34609","1":"product","2":"type-product","3":"status-publish","5":"product_brand-fenty","6":"product_cat-demaquillant-nettoyant","7":"product_cat-aab-soin-du-visage","9":"first","10":"instock","11":"shipping-taxable","12":"product-type-simple"},"jetpack-related-posts":[{"id":30424,"url":"https:\/\/sakaba.mghosteur.com\/en\/product\/rapid-clear-oil-eliminating-foaming-cleanser\/","url_meta":{"origin":34609,"position":0},"title":"RAPID CLEAR OIL ELIMINATING FOAMING CLEANSER","author":"admin","date":"May 10, 2023","format":false,"excerpt":"D\u00e9couvrez le nettoyant moussant \u00e9liminateur de s\u00e9bum Rapid Clear de la marque Neutrogena, sp\u00e9cialement con\u00e7u pour aider \u00e0 contr\u00f4ler le s\u00e9bum de votre peau pendant des heures. Ce nettoyant moussant anti-s\u00e9bum est formul\u00e9 avec une texture riche et cr\u00e9meuse qui se transforme en une mousse l\u00e9g\u00e8re et sans huile pour\u2026","rel":"","context":"Similar post","block_context":{"text":"Similar post","link":""},"img":{"alt_text":"","src":"","width":0,"height":0},"classes":[]},{"id":31735,"url":"https:\/\/sakaba.mghosteur.com\/en\/product\/byoma-creamy-jelly-cleanser\/","url_meta":{"origin":34609,"position":1},"title":"BYOMA CREAMY JELLY CLEANSER","author":"admin","date":"May 10, 2024","format":false,"excerpt":"GEL\u00c9E NETTOYANTE CR\u00c9MEUSE HYDRATANTE ET \u00c9CLAIRCISSANTE 175 ML\/5,91 FL.OZ Cette gel\u00e9e nettoyante hydratante ultra-cr\u00e8me \u00e9limine en douceur et efficacement la salet\u00e9, l'exc\u00e8s de s\u00e9bum et le maquillage sans perturber la barri\u00e8re cutan\u00e9e. C'est le nettoyant quotidien id\u00e9al pour votre visage, tout-en-un. Infus\u00e9e de notre complexe tri-c\u00e9ramide, qui renforce la barri\u00e8re\u2026","rel":"","context":"Similar post","block_context":{"text":"Similar post","link":""},"img":{"alt_text":"","src":"","width":0,"height":0},"classes":[]},{"id":30353,"url":"https:\/\/sakaba.mghosteur.com\/en\/product\/neutrogena-rainbath-bath-gel-fresh-plum\/","url_meta":{"origin":34609,"position":2},"title":"NEUTROGENA RAINBATH BATH GEL FRESH PLUM","author":"admin","date":"May 8, 2023","format":false,"excerpt":"D\u00e9couvrez le gel douche et bain Neutrogena Rainbath Restoring Fresh Plum, con\u00e7u pour aider \u00e0 restaurer l'apparence et la sensation saines de votre peau. Le parfum frais et m\u00fbr de prunes et de fleurs vous transporte dans une exp\u00e9rience de spa relaxante. Ce gel douche hydratant nettoie en douceur, adoucit\u2026","rel":"","context":"Similar post","block_context":{"text":"Similar post","link":""},"img":{"alt_text":"","src":"","width":0,"height":0},"classes":[]},{"id":56199,"url":"https:\/\/sakaba.mghosteur.com\/en\/product\/dr-althea-vitamin-c-boosting-serum\/","url_meta":{"origin":34609,"position":3},"title":"Dr. Althea Vitamin C Boosting Serum","author":"Sope DIA","date":"January 2, 2026","format":false,"excerpt":"SOIN INTENSIF DU TEINT\u00a0: Contient 640\u00a0000\u00a0ppm d\u2019eau d\u2019argousier, riche en vitamine\u00a0C, pour unifier le teint et revitaliser les peaux ternes et fatigu\u00e9es. Sa formule douce p\u00e9n\u00e8tre plus facilement que la vitamine\u00a0C pure, ce qui la rend adapt\u00e9e \u00e0 tous les types de peau, m\u00eame les plus sensibles. APAISEZ VOTRE PEAU\u00a0:\u2026","rel":"","context":"Similar post","block_context":{"text":"Similar post","link":""},"img":{"alt_text":"","src":"","width":0,"height":0},"classes":[]},{"id":31860,"url":"https:\/\/sakaba.mghosteur.com\/en\/product\/olay-vitamin-c-gel-de-douche-591ml\/","url_meta":{"origin":34609,"position":4},"title":"OLAY VITAMIN C GEL DE DOUCHE 591ML","author":"admin","date":"May 10, 2024","format":false,"excerpt":"Faites mousser votre peau avec luxe \u00e0 chaque douche. Le nettoyant pour le corps nettoyant et \u00e9claircissant Olay, avec sa mousse riche et cr\u00e9meuse, impr\u00e8gne votre peau d\u2019ingr\u00e9dients de soin, la laissant douce et soyeuse au toucher. Il est enrichi de vitamine C et de vitamine B3 pour donner \u00e0\u2026","rel":"","context":"Similar post","block_context":{"text":"Similar post","link":""},"img":{"alt_text":"","src":"","width":0,"height":0},"classes":[]},{"id":34649,"url":"https:\/\/sakaba.mghosteur.com\/en\/product\/fenty-skin-cocoa-cleansr-soothing-all-over\/","url_meta":{"origin":34609,"position":5},"title":"FENTY SKIN COCOA CLEANS&#8217;R SOOTHING ALL-OVER","author":"admin","date":"May 30, 2024","format":false,"excerpt":"Dites adieu \u00e0 votre peau cendr\u00e9e avec ce savon nourrissant pour le visage et le corps. Les vibrations tropicales se lib\u00e8rent tandis que la mousse moelleuse et d\u00e9cadente cr\u00e9e une exp\u00e9rience sous la douche ultra-sensorielle qui impr\u00e8gne votre salle de bain d'un parfum inspir\u00e9 de la plage. Description Assez doux\u2026","rel":"","context":"Similar post","block_context":{"text":"Similar post","link":""},"img":{"alt_text":"","src":"","width":0,"height":0},"classes":[]}],"_links":{"self":[{"href":"https:\/\/sakaba.mghosteur.com\/en\/wp-json\/wp\/v2\/product\/34609","targetHints":{"allow":["GET"]}}],"collection":[{"href":"https:\/\/sakaba.mghosteur.com\/en\/wp-json\/wp\/v2\/product"}],"about":[{"href":"https:\/\/sakaba.mghosteur.com\/en\/wp-json\/wp\/v2\/types\/product"}],"replies":[{"embeddable":true,"href":"https:\/\/sakaba.mghosteur.com\/en\/wp-json\/wp\/v2\/comments?post=34609"}],"version-history":[{"count":0,"href":"https:\/\/sakaba.mghosteur.com\/en\/wp-json\/wp\/v2\/product\/34609\/revisions"}],"wp:attachment":[{"href":"https:\/\/sakaba.mghosteur.com\/en\/wp-json\/wp\/v2\/media?parent=34609"}],"wp:term":[{"taxonomy":"product_brand","embeddable":true,"href":"https:\/\/sakaba.mghosteur.com\/en\/wp-json\/wp\/v2\/product_brand?post=34609"},{"taxonomy":"product_cat","embeddable":true,"href":"https:\/\/sakaba.mghosteur.com\/en\/wp-json\/wp\/v2\/product_cat?post=34609"},{"taxonomy":"product_tag","embeddable":true,"href":"https:\/\/sakaba.mghosteur.com\/en\/wp-json\/wp\/v2\/product_tag?post=34609"}],"curies":[{"name":"wp","href":"https:\/\/api.w.org\/{rel}","templated":true}]}}