{"id":34612,"date":"2024-05-29T16:37:40","date_gmt":"2024-05-29T16:37:40","guid":{"rendered":"https:\/\/sakaba.mghosteur.com\/?post_type=product&#038;p=34612"},"modified":"2024-08-18T04:37:16","modified_gmt":"2024-08-18T04:37:16","slug":"fenty-parfum-75-ml","status":"publish","type":"product","link":"https:\/\/sakaba.mghosteur.com\/en\/product\/fenty-parfum-75-ml\/","title":{"rendered":"FENTY PARFUM 75 ML"},"content":{"rendered":"<p>L&#8217;Eau de Parfum Fenty de Fenty Beauty est un parfum qui incarne l&#8217;essence de l&#8217;audace et de la sophistication moderne. Cr\u00e9\u00e9 par Rihanna, la fondatrice de Fenty Beauty, ce parfum refl\u00e8te sa vision innovante et son esprit intr\u00e9pide.<\/p>\n<p>Description:<\/p>\n<ul>\n<li>Parfum floral chaleureux : magnolia, musc, mandarine + rose bulgare<\/li>\n<li>S&#8217;exprime de mani\u00e8re unique sur chaque personne qui le porte<\/li>\n<li>Compos\u00e9 uniquement de notes de c\u0153ur pour un parfum longue dur\u00e9e<\/li>\n<li>Flacon incurv\u00e9 en verre brun ambr\u00e9 + touches d&#8217;or<\/li>\n<\/ul>","protected":false},"excerpt":{"rendered":"<p>L&#8217;Eau de Parfum Fenty de Fenty Beauty est un parfum qui incarne l&#8217;essence de l&#8217;audace et de la sophistication moderne. Cr\u00e9\u00e9 par Rihanna, la fondatrice de Fenty Beauty, ce parfum refl\u00e8te sa vision innovante et son esprit intr\u00e9pide. Description: Parfum floral chaleureux : magnolia, musc, mandarine + rose bulgare S&#8217;exprime de mani\u00e8re unique sur chaque<span class=\"read-more-faq\"><a href=\"https:\/\/sakaba.mghosteur.com\/en\/product\/fenty-parfum-75-ml\/\">Read More<\/a><\/span><\/p>","protected":false},"featured_media":0,"comment_status":"open","ping_status":"closed","template":"","meta":[],"product_brand":[858],"product_cat":[283],"product_tag":[],"class_list":{"0":"post-34612","1":"product","2":"type-product","3":"status-publish","5":"product_brand-fenty","6":"product_cat-aah-parfums","8":"first","9":"instock","10":"shipping-taxable","11":"product-type-simple"},"jetpack-related-posts":[{"id":34615,"url":"https:\/\/sakaba.mghosteur.com\/en\/product\/fenty-parfum-body-creme-200ml\/","url_meta":{"origin":34612,"position":0},"title":"FENTY PARFUM BODY CREME 200ML","author":"admin","date":"May 29, 2024","format":false,"excerpt":"Une cr\u00e8me pour le corps \u00e0 l'huile fouett\u00e9e d\u00e9licieusement \u00e9paisse, agr\u00e9ment\u00e9e de notes de magnolia, de musc, de mandarine et de rose bulgare. Hydrate en profondeur avec un parfum enivrant. Une dose g\u00e9n\u00e9reuse et d\u00e9cadente de parfum floral \u00e9pic\u00e9 et sensuel suspendu dans une cr\u00e8me hydratante de luxe. Pour un\u2026","rel":"","context":"Similar post","block_context":{"text":"Similar post","link":""},"img":{"alt_text":"","src":"","width":0,"height":0},"classes":[]},{"id":29592,"url":"https:\/\/sakaba.mghosteur.com\/en\/product\/fenty-skin-pre-show-glow-2\/","url_meta":{"origin":34612,"position":1},"title":"FENTY SKIN PRE SHOW GLOW","author":"admin","date":"April 10, 2023","format":false,"excerpt":"D\u00e9couvrez le FENTY SKIN PRE SHOW GLOW, un traitement pour une peau lisse et pr\u00eate en une minute. Avec une concentration de 10% d'acide alpha-hydroxy (AHA), ce traitement clarifie, purifie et lisse votre peau en douceur en \u00e9liminant les cellules mortes \u00e0 la surface et en profondeur dans les pores.\u2026","rel":"","context":"Similar post","block_context":{"text":"Similar post","link":""},"img":{"alt_text":"","src":"","width":0,"height":0},"classes":[]},{"id":34719,"url":"https:\/\/sakaba.mghosteur.com\/en\/product\/fenty-skin-cherry-dub-75ml\/","url_meta":{"origin":34612,"position":2},"title":"FENTY SKIN CHERRY DUB 75ml","author":"admin","date":"May 30, 2024","format":false,"excerpt":"Le masque visage en gel\u00e9e \u00e9claircissant Fenty Skin Cherry Dub 75 ml utilise un complexe triple cerise et 5 % d'AHA pour clarifier et renouveler la peau. Il est non com\u00e9dog\u00e8ne et convient \u00e0 tous les types de peau. Passez d'une peau terne \u00e0 une peau \u00e9clatante en quelques minutes\u2026","rel":"","context":"Similar post","block_context":{"text":"Similar post","link":""},"img":{"alt_text":"","src":"","width":0,"height":0},"classes":[]},{"id":34658,"url":"https:\/\/sakaba.mghosteur.com\/en\/product\/fenty-skin-the-body-duo\/","url_meta":{"origin":34612,"position":3},"title":"Fenty Beauty by Rihanna Fenty Skin The Body Duo Set Buff Ryder Exfoliating Body Scrub 57g + Butta Drop Whipped Oil","author":"admin","date":"May 30, 2024","format":false,"excerpt":"Fenty Skin - Duo Mini Gommage Corps + Cr\u00e8me Hydratante Essentiels Un ensemble comprenant un gommage corporel de format voyage et une cr\u00e8me corporelle \u00e0 l'huile fouett\u00e9e de format voyage pour vous donner une peau lisse, douce et souple. Cet ensemble vous aidera \u00e0 obtenir un \u00e9clat inspir\u00e9 des Cara\u00efbes\u2026","rel":"","context":"Similar post","block_context":{"text":"Similar post","link":""},"img":{"alt_text":"","src":"","width":0,"height":0},"classes":[]},{"id":29611,"url":"https:\/\/sakaba.mghosteur.com\/en\/product\/fenty-universal-lip-luminizer-2\/","url_meta":{"origin":34612,"position":4},"title":"FENTY UNIVERSAL LIP LUMINIZER","author":"admin","date":"April 10, 2023","format":false,"excerpt":"D\u00e9couvrez le GLOSS BOMB UNIVERSAL LIP LUMINIZER de la marque FENTY ! Ce gloss \u00e0 l'\u00e9clat explosif est l'accessoire indispensable pour sublimer votre maquillage. Il est disponible en sept teintes universelles s\u00e9lectionn\u00e9es par Rihanna elle-m\u00eame. Sa formule non-collante, enrichie en beurre de karit\u00e9, nourrit vos l\u00e8vres tout en leur donnant\u2026","rel":"","context":"Similar post","block_context":{"text":"Similar post","link":""},"img":{"alt_text":"","src":"","width":0,"height":0},"classes":[]},{"id":26605,"url":"https:\/\/sakaba.mghosteur.com\/en\/product\/fenty-skin-buff-ryder-exfoliating-body-scrub\/","url_meta":{"origin":34612,"position":5},"title":"FENTY SKIN BUFF RYDER EXFOLIATING BODY  SCRUB","author":"admin","date":"November 28, 2022","format":false,"excerpt":"D\u00e9couvrez le BUFF RYDER EXFOLIATING BODY SCRUB WITH SUPERFINE SAND + FRUIT ENZYMES de la marque FENTY, le gommage corporel inspir\u00e9 de la Barbade qui transformera votre peau en une douceur soyeuse en un rien de temps. Ce m\u00e9lange unique de sucre, de sel, de sable ultrafin, d'enzymes de fruits\u2026","rel":"","context":"Similar post","block_context":{"text":"Similar post","link":""},"img":{"alt_text":"","src":"","width":0,"height":0},"classes":[]}],"_links":{"self":[{"href":"https:\/\/sakaba.mghosteur.com\/en\/wp-json\/wp\/v2\/product\/34612","targetHints":{"allow":["GET"]}}],"collection":[{"href":"https:\/\/sakaba.mghosteur.com\/en\/wp-json\/wp\/v2\/product"}],"about":[{"href":"https:\/\/sakaba.mghosteur.com\/en\/wp-json\/wp\/v2\/types\/product"}],"replies":[{"embeddable":true,"href":"https:\/\/sakaba.mghosteur.com\/en\/wp-json\/wp\/v2\/comments?post=34612"}],"version-history":[{"count":0,"href":"https:\/\/sakaba.mghosteur.com\/en\/wp-json\/wp\/v2\/product\/34612\/revisions"}],"wp:attachment":[{"href":"https:\/\/sakaba.mghosteur.com\/en\/wp-json\/wp\/v2\/media?parent=34612"}],"wp:term":[{"taxonomy":"product_brand","embeddable":true,"href":"https:\/\/sakaba.mghosteur.com\/en\/wp-json\/wp\/v2\/product_brand?post=34612"},{"taxonomy":"product_cat","embeddable":true,"href":"https:\/\/sakaba.mghosteur.com\/en\/wp-json\/wp\/v2\/product_cat?post=34612"},{"taxonomy":"product_tag","embeddable":true,"href":"https:\/\/sakaba.mghosteur.com\/en\/wp-json\/wp\/v2\/product_tag?post=34612"}],"curies":[{"name":"wp","href":"https:\/\/api.w.org\/{rel}","templated":true}]}}