{"id":34615,"date":"2024-05-29T16:38:22","date_gmt":"2024-05-29T16:38:22","guid":{"rendered":"https:\/\/sakaba.mghosteur.com\/?post_type=product&#038;p=34615"},"modified":"2024-08-18T04:40:58","modified_gmt":"2024-08-18T04:40:58","slug":"fenty-parfum-body-creme-200ml","status":"publish","type":"product","link":"https:\/\/sakaba.mghosteur.com\/en\/product\/fenty-parfum-body-creme-200ml\/","title":{"rendered":"FENTY PARFUM BODY CREME 200ML"},"content":{"rendered":"<p>Une cr\u00e8me pour le corps \u00e0 l&#8217;huile fouett\u00e9e d\u00e9licieusement \u00e9paisse, agr\u00e9ment\u00e9e de notes de magnolia, de musc, de mandarine et de rose bulgare. Hydrate en profondeur avec un parfum enivrant.<\/p>\n<ul>\n<li>Une dose g\u00e9n\u00e9reuse et d\u00e9cadente de parfum floral \u00e9pic\u00e9 et sensuel suspendu dans une cr\u00e8me hydratante de luxe. Pour un plaisir corporel complet.<\/li>\n<\/ul>\n<ul>\n<li>Charg\u00e9 de pr\u00e8s de 25 % de beurres riches et d&#8217;huiles et d&#8217;extraits tropicaux r\u00e9parateurs<\/li>\n<\/ul>\n<ul>\n<li>Une exp\u00e9rience longue dur\u00e9e et sensuelle con\u00e7ue pour celles qui n&#8217;ont pas peur d&#8217;\u00eatre remarqu\u00e9es<\/li>\n<li>Prouv\u00e9 qu&#8217;il laisse la peau lumineuse, r\u00e9g\u00e9n\u00e9r\u00e9e et richement conditionn\u00e9e<\/li>\n<\/ul>","protected":false},"excerpt":{"rendered":"<p>Une cr\u00e8me pour le corps \u00e0 l&#8217;huile fouett\u00e9e d\u00e9licieusement \u00e9paisse, agr\u00e9ment\u00e9e de notes de magnolia, de musc, de mandarine et de rose bulgare. Hydrate en profondeur avec un parfum enivrant. Une dose g\u00e9n\u00e9reuse et d\u00e9cadente de parfum floral \u00e9pic\u00e9 et sensuel suspendu dans une cr\u00e8me hydratante de luxe. Pour un plaisir corporel complet. Charg\u00e9 de<span class=\"read-more-faq\"><a href=\"https:\/\/sakaba.mghosteur.com\/en\/product\/fenty-parfum-body-creme-200ml\/\">Read More<\/a><\/span><\/p>","protected":false},"featured_media":0,"comment_status":"open","ping_status":"closed","template":"","meta":[],"product_brand":[858],"product_cat":[447,1061],"product_tag":[],"class_list":{"0":"post-34615","1":"product","2":"type-product","3":"status-publish","5":"product_brand-fenty","6":"product_cat-aac-bain-et-corps","7":"product_cat-lait-huile_corporelle","9":"first","10":"instock","11":"shipping-taxable","12":"product-type-simple"},"jetpack-related-posts":[{"id":56185,"url":"https:\/\/sakaba.mghosteur.com\/en\/product\/eos-cashmere-skin-shave-butter\/","url_meta":{"origin":34615,"position":0},"title":"eos Cashmere Skin Shave Butter","author":"Sope DIA","date":"January 2, 2026","format":false,"excerpt":"eos VANILLE CASMERE\u00a0: Notre cr\u00e8me \u00e0 raser non moussante offre un parfum doux et enveloppant de vanille cachemire qui capture la chaleur de la vanille fouett\u00e9e, la douceur du musc et le r\u00e9confort du caramel pour une fragrance riche et luxueuse avec une touche sensuelle. COMPLEXE DOUX CACHEMIRE : La\u2026","rel":"","context":"Similar post","block_context":{"text":"Similar post","link":""},"img":{"alt_text":"","src":"","width":0,"height":0},"classes":[]},{"id":32055,"url":"https:\/\/sakaba.mghosteur.com\/en\/product\/victoria-secret-almond-blossom-oat-milk\/","url_meta":{"origin":34615,"position":1},"title":"VICTORIA SECRET ALMOND BLOSSOM OAT MILK","author":"admin","date":"May 13, 2024","format":false,"excerpt":"La Brume parfum\u00e9e corps Natural Beauty Almond Blossom & Oat Milk est le nouveau rituel beaut\u00e9 pour votre corps. R\u00e9veillez vos sens avec notre brume parfum\u00e9e rafra\u00eechissante. Vaporisez-en une touche pour vous mettre de bonne humeur et sentir bon de la t\u00eate aux pieds. Laissez-vous envo\u00fbter par l'odeur du lait\u2026","rel":"","context":"Similar post","block_context":{"text":"Similar post","link":""},"img":{"alt_text":"","src":"","width":0,"height":0},"classes":[]},{"id":29088,"url":"https:\/\/sakaba.mghosteur.com\/en\/product\/cerave-moisturizing-cream-453g\/","url_meta":{"origin":34615,"position":2},"title":"CERAVE MOISTURIZING CREAM 453G","author":"admin","date":"March 13, 2023","format":false,"excerpt":"La cr\u00e8me hydratante CeraVe est une solution id\u00e9ale pour les personnes souffrant de s\u00e9cheresse cutan\u00e9e et de d\u00e9mangeaisons. Gr\u00e2ce \u00e0 sa formule riche en acide hyaluronique et en c\u00e9ramides, elle aide \u00e0 hydrater la peau en profondeur et \u00e0 restaurer sa barri\u00e8re naturelle de protection. La cr\u00e8me contient trois c\u00e9ramides\u2026","rel":"","context":"Similar post","block_context":{"text":"Similar post","link":""},"img":{"alt_text":"","src":"","width":0,"height":0},"classes":[]},{"id":34658,"url":"https:\/\/sakaba.mghosteur.com\/en\/product\/fenty-skin-the-body-duo\/","url_meta":{"origin":34615,"position":3},"title":"Fenty Beauty by Rihanna Fenty Skin The Body Duo Set Buff Ryder Exfoliating Body Scrub 57g + Butta Drop Whipped Oil","author":"admin","date":"May 30, 2024","format":false,"excerpt":"Fenty Skin - Duo Mini Gommage Corps + Cr\u00e8me Hydratante Essentiels Un ensemble comprenant un gommage corporel de format voyage et une cr\u00e8me corporelle \u00e0 l'huile fouett\u00e9e de format voyage pour vous donner une peau lisse, douce et souple. Cet ensemble vous aidera \u00e0 obtenir un \u00e9clat inspir\u00e9 des Cara\u00efbes\u2026","rel":"","context":"Similar post","block_context":{"text":"Similar post","link":""},"img":{"alt_text":"","src":"","width":0,"height":0},"classes":[]},{"id":31758,"url":"https:\/\/sakaba.mghosteur.com\/en\/product\/byoma-moisturing-rich-cream\/","url_meta":{"origin":34615,"position":4},"title":"BYOMA MOISTURING RICH CREAM","author":"admin","date":"May 10, 2024","format":false,"excerpt":"CR\u00c8ME RICHE HYDRATANTE HYDRATER ET RESTAURER 50 ML\/1,69 FL.OZ Cette cr\u00e8me riche et profond\u00e9ment hydratante fond sur la peau pour une hydratation intense et une am\u00e9lioration de la texture cutan\u00e9e, offrant des r\u00e9sultats repulp\u00e9s et souples ainsi qu'une barri\u00e8re cutan\u00e9e plus forte. Le complexe tri-c\u00e9ramide, compos\u00e9 de c\u00e9ramides, de cholest\u00e9rol\u2026","rel":"","context":"Similar post","block_context":{"text":"Similar post","link":""},"img":{"alt_text":"","src":"","width":0,"height":0},"classes":[]},{"id":32404,"url":"https:\/\/sakaba.mghosteur.com\/en\/product\/sol-janeiro-beija-flor-elasti-cream-75ml\/","url_meta":{"origin":34615,"position":5},"title":"SOL JANEIRO BEIJA FLOR ELASTI CREAM 75ML","author":"admin","date":"May 14, 2024","format":false,"excerpt":"D\u00e9couvrez le Beija Flor Elasti-Cream de Sol de Janeiro, une nouvelle cr\u00e8me enrichie de 75 ml. Con\u00e7ue pour am\u00e9liorer l'\u00e9lasticit\u00e9 et la fermet\u00e9 de la peau, cette cr\u00e8me riche est le dernier ajout \u00e0 la gamme \u00e0 succ\u00e8s des beurres pour le corps de Sol de Janeiro. Sa formule unique\u2026","rel":"","context":"Similar post","block_context":{"text":"Similar post","link":""},"img":{"alt_text":"","src":"","width":0,"height":0},"classes":[]}],"_links":{"self":[{"href":"https:\/\/sakaba.mghosteur.com\/en\/wp-json\/wp\/v2\/product\/34615","targetHints":{"allow":["GET"]}}],"collection":[{"href":"https:\/\/sakaba.mghosteur.com\/en\/wp-json\/wp\/v2\/product"}],"about":[{"href":"https:\/\/sakaba.mghosteur.com\/en\/wp-json\/wp\/v2\/types\/product"}],"replies":[{"embeddable":true,"href":"https:\/\/sakaba.mghosteur.com\/en\/wp-json\/wp\/v2\/comments?post=34615"}],"version-history":[{"count":0,"href":"https:\/\/sakaba.mghosteur.com\/en\/wp-json\/wp\/v2\/product\/34615\/revisions"}],"wp:attachment":[{"href":"https:\/\/sakaba.mghosteur.com\/en\/wp-json\/wp\/v2\/media?parent=34615"}],"wp:term":[{"taxonomy":"product_brand","embeddable":true,"href":"https:\/\/sakaba.mghosteur.com\/en\/wp-json\/wp\/v2\/product_brand?post=34615"},{"taxonomy":"product_cat","embeddable":true,"href":"https:\/\/sakaba.mghosteur.com\/en\/wp-json\/wp\/v2\/product_cat?post=34615"},{"taxonomy":"product_tag","embeddable":true,"href":"https:\/\/sakaba.mghosteur.com\/en\/wp-json\/wp\/v2\/product_tag?post=34615"}],"curies":[{"name":"wp","href":"https:\/\/api.w.org\/{rel}","templated":true}]}}