{"id":34646,"date":"2024-05-30T14:49:51","date_gmt":"2024-05-30T14:49:51","guid":{"rendered":"https:\/\/sakaba.mghosteur.com\/?post_type=product&#038;p=34646"},"modified":"2024-08-19T03:22:00","modified_gmt":"2024-08-19T03:22:00","slug":"fenty-pro-kissr-coffret-soin-du-levres","status":"publish","type":"product","link":"https:\/\/sakaba.mghosteur.com\/en\/product\/fenty-pro-kissr-coffret-soin-du-levres\/","title":{"rendered":"FENTY PRO KISS&#8217;R COFFRET SOIN DU LEVRES"},"content":{"rendered":"<div id=\"short_description_block\" style=\"margin: 0px;padding: 0px;border: 0px;font-style: normal;font-weight: 400;line-height: inherit;font-family: Arial, Helvetica, sans-serif;font-size: 13px;vertical-align: baseline;letter-spacing: normal;text-align: start;text-indent: 0px;text-transform: none;text-decoration: none\">\n<div id=\"short_description_content\" class=\"rte align_justify\" style=\"margin: 0px;padding: 0px 0px 5px;border: 0px;font-style: inherit;font-weight: inherit;line-height: inherit;font-family: inherit;font-size: 13px;vertical-align: baseline;background: 0px 0px repeat\">\n<p style=\"margin: 0px 0px 1em;padding: 0px;border: 0px;font-style: inherit;font-weight: inherit;line-height: 18px;font-family: inherit;font-size: 13px;vertical-align: baseline;min-height: 1px\">Fenty Beauty Pro Kiss&#8217;r Duo Scrubstick + Lip Balm Set est un&nbsp;ensemble de deux produits essentiels pour&nbsp;le soin des&nbsp;l\u00e8vres.&nbsp;Offrez&nbsp;\u00e0 vos l\u00e8vres le traitement qu&#8217;elles m\u00e9ritent! Pr\u00e9parez vos l\u00e8vres en les exfoliant \u00e0 l&#8217;aide du Pro Kiss&#8217;r scrub pour les lisser instantan\u00e9ment. Faites les ensuite briller gr\u00e2ce au mini Pro Kiss&#8217;r lip balm, qui nourrira vos l\u00e8vres en profondeur car \u00e0 l&#8217;applicateur mousse et sa formule hydratante, transparente et non collante. Prendre soin de ses l\u00e8vres est extr\u00eamement important pour Rihanna, elle n&#8217;oublie jamais cette \u00e9tape dans sa routine maquillage!<\/p>\n<\/div>\n<\/div>","protected":false},"excerpt":{"rendered":"<p>Fenty Beauty Pro Kiss&#8217;r Duo Scrubstick + Lip Balm Set est un&nbsp;ensemble de deux produits essentiels pour&nbsp;le soin des&nbsp;l\u00e8vres.&nbsp;Offrez&nbsp;\u00e0 vos l\u00e8vres le traitement qu&#8217;elles m\u00e9ritent! Pr\u00e9parez vos l\u00e8vres en les exfoliant \u00e0 l&#8217;aide du Pro Kiss&#8217;r scrub pour les lisser instantan\u00e9ment. Faites les ensuite briller gr\u00e2ce au mini Pro Kiss&#8217;r lip balm, qui nourrira vos<span class=\"read-more-faq\"><a href=\"https:\/\/sakaba.mghosteur.com\/en\/product\/fenty-pro-kissr-coffret-soin-du-levres\/\">Read More<\/a><\/span><\/p>","protected":false},"featured_media":0,"comment_status":"open","ping_status":"closed","template":"","meta":[],"product_brand":[858],"product_cat":[1057,1054,451],"product_tag":[],"class_list":{"0":"post-34646","1":"product","2":"type-product","3":"status-publish","5":"product_brand-fenty","6":"product_cat-coffret-soins-visage","7":"product_cat-soins-des-levres","8":"product_cat-aab-soin-du-visage","10":"first","11":"instock","12":"shipping-taxable","13":"product-type-simple"},"jetpack-related-posts":[{"id":23602,"url":"https:\/\/sakaba.mghosteur.com\/en\/product\/fenty-beauty-lip-loving-scrubstick\/","url_meta":{"origin":34646,"position":0},"title":"PRO KISS&#8217;R LIP-LOVING SCRUBSTICK","author":"admin","date":"November 2, 2022","format":false,"excerpt":"Le PRO KISS'R LIP-LOVING SCRUBSTICK est un stick exfoliant pour les l\u00e8vres qui vous donnera des l\u00e8vres douces et lisses en un rien de temps. Ce b\u00e2ton pratique contient des grains exfoliants de noyau d'abricot pour exfolier en douceur et nourrir les l\u00e8vres, sans le d\u00e9sordre des exfoliants traditionnels. Il\u2026","rel":"","context":"Similar post","block_context":{"text":"Similar post","link":""},"img":{"alt_text":"","src":"","width":0,"height":0},"classes":[]},{"id":34599,"url":"https:\/\/sakaba.mghosteur.com\/en\/product\/fenty-luscious-lip-balm-cocoa-drizzle\/","url_meta":{"origin":34646,"position":1},"title":"FENTY LUSCIOUS LIP BALM COCOA DRIZZLE","author":"admin","date":"May 29, 2024","format":false,"excerpt":"Un baume \u00e0 l\u00e8vres cr\u00e9meux et hydratant dot\u00e9 d'un applicateur en forme de pied de biche moelleux qui lisse, adoucit et pr\u00e9pare vos l\u00e8vres pour des l\u00e8vres instantan\u00e9ment pulpeuses et dignes d'un baiser qui durent, dans des teintes transparentes con\u00e7ues pour tous les tons de peau. Description: Super cr\u00e9meux et\u2026","rel":"","context":"Similar post","block_context":{"text":"Similar post","link":""},"img":{"alt_text":"","src":"","width":0,"height":0},"classes":[]},{"id":34602,"url":"https:\/\/sakaba.mghosteur.com\/en\/product\/fenty-luscious-lip-balm-latte-lips\/","url_meta":{"origin":34646,"position":2},"title":"FENTY LUSCIOUS LIP BALM LATTE LIPS","author":"admin","date":"May 29, 2024","format":false,"excerpt":"Un baume \u00e0 l\u00e8vres cr\u00e9meux et hydratant dot\u00e9 d'un applicateur en forme de pied de biche moelleux qui lisse, adoucit et pr\u00e9pare vos l\u00e8vres pour des l\u00e8vres instantan\u00e9ment pulpeuses et dignes d'un baiser qui durent, dans des teintes transparentes con\u00e7ues pour tous les tons de peau. Description: Super cr\u00e9meux et\u2026","rel":"","context":"Similar post","block_context":{"text":"Similar post","link":""},"img":{"alt_text":"","src":"","width":0,"height":0},"classes":[]},{"id":34703,"url":"https:\/\/sakaba.mghosteur.com\/en\/product\/pro-kissr-lip-loving-scrubstick\/","url_meta":{"origin":34646,"position":3},"title":"PRO KISS\u2019R LIP-LOVING SCRUBSTICK","author":"admin","date":"May 30, 2024","format":false,"excerpt":"","rel":"","context":"Similar post","block_context":{"text":"Similar post","link":""},"img":{"alt_text":"","src":"","width":0,"height":0},"classes":[]},{"id":34621,"url":"https:\/\/sakaba.mghosteur.com\/en\/product\/fenty-plush-puddin-melon-masque-reparateur-levres\/","url_meta":{"origin":34646,"position":4},"title":"FENTY PLUSH PUDDIN&#8217; MELON MASQUE REPARATEUR LEVRES","author":"admin","date":"May 29, 2024","format":false,"excerpt":"Cette texture moelleuse, semblable \u00e0 du pudding, enrobe les l\u00e8vres d'une hydratation suraliment\u00e9e pour une moue plus lisse, plus ferme et plus pulpeuse. Description: Hydrate et nourrit instantan\u00e9ment, et offre une hydratation longue dur\u00e9e jour et nuit Lisse la texture et r\u00e9duit l'apparence des rides et ridules en seulement 1\u2026","rel":"","context":"Similar post","block_context":{"text":"Similar post","link":""},"img":{"alt_text":"","src":"","width":0,"height":0},"classes":[]},{"id":34655,"url":"https:\/\/sakaba.mghosteur.com\/en\/product\/fenty-skin-plush-puddinz-15g\/","url_meta":{"origin":34646,"position":5},"title":"FENTY SKIN PLUSH PUDDINZ 15G","author":"admin","date":"May 30, 2024","format":false,"excerpt":"Faites parler de vos l\u00e8vres naturellement pulpeuses avec ce soin des l\u00e8vres de niveau sup\u00e9rieur. Cette texture moelleuse, semblable \u00e0 du pudding, enrobe les l\u00e8vres d'une hydratation suraliment\u00e9e pour une moue plus lisse, plus ferme et plus pulpeuse. Description Hydrate et nourrit instantan\u00e9ment, et offre une hydratation longue dur\u00e9e jour\u2026","rel":"","context":"Similar post","block_context":{"text":"Similar post","link":""},"img":{"alt_text":"","src":"","width":0,"height":0},"classes":[]}],"_links":{"self":[{"href":"https:\/\/sakaba.mghosteur.com\/en\/wp-json\/wp\/v2\/product\/34646","targetHints":{"allow":["GET"]}}],"collection":[{"href":"https:\/\/sakaba.mghosteur.com\/en\/wp-json\/wp\/v2\/product"}],"about":[{"href":"https:\/\/sakaba.mghosteur.com\/en\/wp-json\/wp\/v2\/types\/product"}],"replies":[{"embeddable":true,"href":"https:\/\/sakaba.mghosteur.com\/en\/wp-json\/wp\/v2\/comments?post=34646"}],"version-history":[{"count":0,"href":"https:\/\/sakaba.mghosteur.com\/en\/wp-json\/wp\/v2\/product\/34646\/revisions"}],"wp:attachment":[{"href":"https:\/\/sakaba.mghosteur.com\/en\/wp-json\/wp\/v2\/media?parent=34646"}],"wp:term":[{"taxonomy":"product_brand","embeddable":true,"href":"https:\/\/sakaba.mghosteur.com\/en\/wp-json\/wp\/v2\/product_brand?post=34646"},{"taxonomy":"product_cat","embeddable":true,"href":"https:\/\/sakaba.mghosteur.com\/en\/wp-json\/wp\/v2\/product_cat?post=34646"},{"taxonomy":"product_tag","embeddable":true,"href":"https:\/\/sakaba.mghosteur.com\/en\/wp-json\/wp\/v2\/product_tag?post=34646"}],"curies":[{"name":"wp","href":"https:\/\/api.w.org\/{rel}","templated":true}]}}