{"id":34655,"date":"2024-05-30T14:54:32","date_gmt":"2024-05-30T14:54:32","guid":{"rendered":"https:\/\/sakaba.mghosteur.com\/?post_type=product&#038;p=34655"},"modified":"2024-08-19T03:25:24","modified_gmt":"2024-08-19T03:25:24","slug":"fenty-skin-plush-puddinz-15g","status":"publish","type":"product","link":"https:\/\/sakaba.mghosteur.com\/en\/product\/fenty-skin-plush-puddinz-15g\/","title":{"rendered":"FENTY SKIN PLUSH PUDDINZ 15G"},"content":{"rendered":"<p>Faites parler de vos l\u00e8vres naturellement pulpeuses avec ce soin des l\u00e8vres de niveau sup\u00e9rieur. Cette texture moelleuse, semblable \u00e0 du pudding, enrobe les l\u00e8vres d&#8217;une hydratation suraliment\u00e9e pour une moue plus lisse, plus ferme et plus pulpeuse.<\/p>\n<p>Description<\/p>\n<p>Hydrate et nourrit instantan\u00e9ment, et offre une hydratation longue dur\u00e9e jour et nuit<\/p>\n<p>Lisse la texture et r\u00e9duit l&#8217;apparence des rides et ridules en seulement 1 semaine<\/p>\n<p>Rafferne et am\u00e9liore l&#8217;\u00e9lasticit\u00e9 en seulement 1 semaine<\/p>\n<p>Laisse les l\u00e8vres plus pulpeuses, plus sculpt\u00e9es et mieux d\u00e9finies<\/p>\n<p>Ravive les l\u00e8vres s\u00e8ches et squameuses, les laissant restaur\u00e9es, douces et r\u00e9g\u00e9n\u00e9r\u00e9es<\/p>","protected":false},"excerpt":{"rendered":"<p>Faites parler de vos l\u00e8vres naturellement pulpeuses avec ce soin des l\u00e8vres de niveau sup\u00e9rieur. Cette texture moelleuse, semblable \u00e0 du pudding, enrobe les l\u00e8vres d&#8217;une hydratation suraliment\u00e9e pour une moue plus lisse, plus ferme et plus pulpeuse. Description Hydrate et nourrit instantan\u00e9ment, et offre une hydratation longue dur\u00e9e jour et nuit Lisse la texture<span class=\"read-more-faq\"><a href=\"https:\/\/sakaba.mghosteur.com\/en\/product\/fenty-skin-plush-puddinz-15g\/\">Read More<\/a><\/span><\/p>","protected":false},"featured_media":0,"comment_status":"open","ping_status":"closed","template":"","meta":[],"product_brand":[858],"product_cat":[1054,451],"product_tag":[],"class_list":{"0":"post-34655","1":"product","2":"type-product","3":"status-publish","5":"product_brand-fenty","6":"product_cat-soins-des-levres","7":"product_cat-aab-soin-du-visage","9":"first","10":"instock","11":"shipping-taxable","12":"product-type-simple"},"jetpack-related-posts":[{"id":34621,"url":"https:\/\/sakaba.mghosteur.com\/en\/product\/fenty-plush-puddin-melon-masque-reparateur-levres\/","url_meta":{"origin":34655,"position":0},"title":"FENTY PLUSH PUDDIN&#8217; MELON MASQUE REPARATEUR LEVRES","author":"admin","date":"May 29, 2024","format":false,"excerpt":"Cette texture moelleuse, semblable \u00e0 du pudding, enrobe les l\u00e8vres d'une hydratation suraliment\u00e9e pour une moue plus lisse, plus ferme et plus pulpeuse. Description: Hydrate et nourrit instantan\u00e9ment, et offre une hydratation longue dur\u00e9e jour et nuit Lisse la texture et r\u00e9duit l'apparence des rides et ridules en seulement 1\u2026","rel":"","context":"Similar post","block_context":{"text":"Similar post","link":""},"img":{"alt_text":"","src":"","width":0,"height":0},"classes":[]},{"id":34618,"url":"https:\/\/sakaba.mghosteur.com\/en\/product\/fenty-plush-puddin-kalahari-melon\/","url_meta":{"origin":34655,"position":1},"title":"FENTY PLUSH PUDDIN  KALAHARI MELON","author":"admin","date":"May 29, 2024","format":false,"excerpt":"Cette texture moelleuse, semblable \u00e0 du pudding, enrobe les l\u00e8vres d'une hydratation suraliment\u00e9e pour une moue plus lisse, plus ferme et plus pulpeuse. Description: Hydrate et nourrit instantan\u00e9ment, et offre une hydratation longue dur\u00e9e jour et nuit Lisse la texture et r\u00e9duit l'apparence des rides et ridules en seulement 1\u2026","rel":"","context":"Similar post","block_context":{"text":"Similar post","link":""},"img":{"alt_text":"","src":"","width":0,"height":0},"classes":[]},{"id":34652,"url":"https:\/\/sakaba.mghosteur.com\/en\/product\/fenty-skin-melon-treat-hydrating-stengrethening-lip-oil\/","url_meta":{"origin":34655,"position":2},"title":"FENTY SKIN MELON TREAT HYDRATING + STENGRETHENING LIP OIL","author":"admin","date":"May 30, 2024","format":false,"excerpt":"Votre barri\u00e8re d'hydratation est la premi\u00e8re ligne de d\u00e9fense de vos l\u00e8vres contre les \u00e9l\u00e9ments. Gardez-la forte et elle restera plus hydrat\u00e9e, plus lisse et sans squames. Cette huile pour les l\u00e8vres ultra-hydratante et non collante est transparente et maintient la barri\u00e8re d'hydratation des l\u00e8vres sous contr\u00f4le Hydrate et renforce\u2026","rel":"","context":"Similar post","block_context":{"text":"Similar post","link":""},"img":{"alt_text":"","src":"","width":0,"height":0},"classes":[]},{"id":31636,"url":"https:\/\/sakaba.mghosteur.com\/en\/product\/the-inkey-list-tripeptide-plumpling-lip-balm\/","url_meta":{"origin":34655,"position":3},"title":"THE INKEY LIST TRIPEPTIDE PLUMPLING LIP BALM","author":"admin","date":"May 10, 2024","format":false,"excerpt":"Baume \u00e0 L\u00e8vres Repulpant Tripeptide \u2013 Teinte Roseamide ou du r\u00e9tinol. Cliniquement prouv\u00e9 pour repulper les l\u00e8vres jusqu'\u00e0 40 % en 4 semaines*, ce baume \u00e0 l\u00e8vres repulpant tripeptide viral et prim\u00e9 est de retour dans une nouvelle teinte rose \u00e0 l\u00e8vres modulable et universellement flatteuse pour redonner du volume\u2026","rel":"","context":"Similar post","block_context":{"text":"Similar post","link":""},"img":{"alt_text":"","src":"","width":0,"height":0},"classes":[]},{"id":34599,"url":"https:\/\/sakaba.mghosteur.com\/en\/product\/fenty-luscious-lip-balm-cocoa-drizzle\/","url_meta":{"origin":34655,"position":4},"title":"FENTY LUSCIOUS LIP BALM COCOA DRIZZLE","author":"admin","date":"May 29, 2024","format":false,"excerpt":"Un baume \u00e0 l\u00e8vres cr\u00e9meux et hydratant dot\u00e9 d'un applicateur en forme de pied de biche moelleux qui lisse, adoucit et pr\u00e9pare vos l\u00e8vres pour des l\u00e8vres instantan\u00e9ment pulpeuses et dignes d'un baiser qui durent, dans des teintes transparentes con\u00e7ues pour tous les tons de peau. Description: Super cr\u00e9meux et\u2026","rel":"","context":"Similar post","block_context":{"text":"Similar post","link":""},"img":{"alt_text":"","src":"","width":0,"height":0},"classes":[]},{"id":34602,"url":"https:\/\/sakaba.mghosteur.com\/en\/product\/fenty-luscious-lip-balm-latte-lips\/","url_meta":{"origin":34655,"position":5},"title":"FENTY LUSCIOUS LIP BALM LATTE LIPS","author":"admin","date":"May 29, 2024","format":false,"excerpt":"Un baume \u00e0 l\u00e8vres cr\u00e9meux et hydratant dot\u00e9 d'un applicateur en forme de pied de biche moelleux qui lisse, adoucit et pr\u00e9pare vos l\u00e8vres pour des l\u00e8vres instantan\u00e9ment pulpeuses et dignes d'un baiser qui durent, dans des teintes transparentes con\u00e7ues pour tous les tons de peau. Description: Super cr\u00e9meux et\u2026","rel":"","context":"Similar post","block_context":{"text":"Similar post","link":""},"img":{"alt_text":"","src":"","width":0,"height":0},"classes":[]}],"_links":{"self":[{"href":"https:\/\/sakaba.mghosteur.com\/en\/wp-json\/wp\/v2\/product\/34655","targetHints":{"allow":["GET"]}}],"collection":[{"href":"https:\/\/sakaba.mghosteur.com\/en\/wp-json\/wp\/v2\/product"}],"about":[{"href":"https:\/\/sakaba.mghosteur.com\/en\/wp-json\/wp\/v2\/types\/product"}],"replies":[{"embeddable":true,"href":"https:\/\/sakaba.mghosteur.com\/en\/wp-json\/wp\/v2\/comments?post=34655"}],"version-history":[{"count":0,"href":"https:\/\/sakaba.mghosteur.com\/en\/wp-json\/wp\/v2\/product\/34655\/revisions"}],"wp:attachment":[{"href":"https:\/\/sakaba.mghosteur.com\/en\/wp-json\/wp\/v2\/media?parent=34655"}],"wp:term":[{"taxonomy":"product_brand","embeddable":true,"href":"https:\/\/sakaba.mghosteur.com\/en\/wp-json\/wp\/v2\/product_brand?post=34655"},{"taxonomy":"product_cat","embeddable":true,"href":"https:\/\/sakaba.mghosteur.com\/en\/wp-json\/wp\/v2\/product_cat?post=34655"},{"taxonomy":"product_tag","embeddable":true,"href":"https:\/\/sakaba.mghosteur.com\/en\/wp-json\/wp\/v2\/product_tag?post=34655"}],"curies":[{"name":"wp","href":"https:\/\/api.w.org\/{rel}","templated":true}]}}