{"id":34661,"date":"2024-05-30T14:56:03","date_gmt":"2024-05-30T14:56:03","guid":{"rendered":"https:\/\/sakaba.mghosteur.com\/?post_type=product&#038;p=34661"},"modified":"2024-08-19T03:33:06","modified_gmt":"2024-08-19T03:33:06","slug":"fenty-skin-thicc-n-smooth-creme-contour-yeux","status":"publish","type":"product","link":"https:\/\/sakaba.mghosteur.com\/en\/product\/fenty-skin-thicc-n-smooth-creme-contour-yeux\/","title":{"rendered":"FENTY SKIN THICC N SMOOTH CREME CONTOUR YEUX"},"content":{"rendered":"<p>Jeune ou adulte, il est temps de lutter contre la s\u00e9cheresse et les cernes sous les yeux avec une cr\u00e8me pour les yeux polyvalente. Hydratez, illuminez et r\u00e9duisez l&#8217;apparence des poches gr\u00e2ce \u00e0 un m\u00e9lange d&#8217;ingr\u00e9dients cibl\u00e9s sur les yeux, notamment des peptides, de la caf\u00e9ine et des vitamines qui fondent instantan\u00e9ment dans la peau. Vous commencerez \u00e0 remarquer moins de rides et de ridules en seulement une semaine.<\/p>\n<p>Description<\/p>\n<p>La texture riche et \u00e9paisse offre une hydratation en profondeur sans glissement gras<\/p>\n<p>R\u00e9duit l&#8217;apparence des poches, des ridules, des rides et des pattes d&#8217;oie autour du contour des yeux<\/p>\n<p>\u00c9claircit et r\u00e9duit l&#8217;apparence des cernes au fil du temps<\/p>\n<p>Le beurre d&#8217;illip\u00e9 et l&#8217;acide hyaluronique aident \u00e0 offrir une hydratation imm\u00e9diate et durable<\/p>\n<p>Texture riche et douce (plus riche que la texture gel-cr\u00e8me de Flash Nap)<\/p>\n<p>Livr\u00e9 dans un pot \u00e0 visser pour nos baes aux ongles longs<\/p>","protected":false},"excerpt":{"rendered":"<p>Jeune ou adulte, il est temps de lutter contre la s\u00e9cheresse et les cernes sous les yeux avec une cr\u00e8me pour les yeux polyvalente. Hydratez, illuminez et r\u00e9duisez l&#8217;apparence des poches gr\u00e2ce \u00e0 un m\u00e9lange d&#8217;ingr\u00e9dients cibl\u00e9s sur les yeux, notamment des peptides, de la caf\u00e9ine et des vitamines qui fondent instantan\u00e9ment dans la peau.<span class=\"read-more-faq\"><a href=\"https:\/\/sakaba.mghosteur.com\/en\/product\/fenty-skin-thicc-n-smooth-creme-contour-yeux\/\">Read More<\/a><\/span><\/p>","protected":false},"featured_media":0,"comment_status":"open","ping_status":"closed","template":"","meta":[],"product_brand":[858],"product_cat":[451,334],"product_tag":[],"class_list":{"0":"post-34661","1":"product","2":"type-product","3":"status-publish","5":"product_brand-fenty","6":"product_cat-aab-soin-du-visage","7":"product_cat-traitement-serum","9":"first","10":"instock","11":"shipping-taxable","12":"product-type-simple"},"jetpack-related-posts":[{"id":27622,"url":"https:\/\/sakaba.mghosteur.com\/en\/product\/age-correcting-eye-cream\/","url_meta":{"origin":34661,"position":0},"title":"AGE CORRECTING EYE CREAM","author":"admin","date":"November 29, 2022","format":false,"excerpt":"La marque HadaLabo vous pr\u00e9sente sa cr\u00e8me contour des yeux anti-\u00e2ge, une formule l\u00e9g\u00e8re et multifonctionnelle con\u00e7ue pour traiter les principaux signes de l'\u00e2ge et de la fatigue pour transformer visiblement toute la zone des yeux. Cette cr\u00e8me de 0,5 oz est id\u00e9ale pour restaurer l'humidit\u00e9, lisser les rides et\u2026","rel":"","context":"Similar post","block_context":{"text":"Similar post","link":""},"img":{"alt_text":"","src":"","width":0,"height":0},"classes":[]},{"id":29139,"url":"https:\/\/sakaba.mghosteur.com\/en\/product\/the-inkey-list-coffret-winter-skin-101\/","url_meta":{"origin":34661,"position":1},"title":"THE INKEY LIST COFFRET WINTER SKIN 101","author":"admin","date":"March 15, 2023","format":false,"excerpt":"L'ensemble INKEY List Winter Skin 101 de la marque THE INKEY LIST est la solution parfaite pour les peaux s\u00e8ches et hivernales qui ont besoin d'\u00eatre chouchout\u00e9es. Ce kit complet en 4 \u00e9tapes vous offre des produits en taille r\u00e9elle pour une peau renouvel\u00e9e et hydrat\u00e9e. Le Baume nettoyant \u00e0\u2026","rel":"","context":"Similar post","block_context":{"text":"Similar post","link":""},"img":{"alt_text":"","src":"","width":0,"height":0},"classes":[]},{"id":23938,"url":"https:\/\/sakaba.mghosteur.com\/en\/product\/cerave-eye-repair-cream\/","url_meta":{"origin":34661,"position":2},"title":"CERAVE EYE REPAIR CREAM","author":"admin","date":"November 9, 2022","format":false,"excerpt":"La Cr\u00e8me R\u00e9paratrice Yeux s\u00e8che des diab\u00e9tiques de CeraVe est sp\u00e9cialement con\u00e7ue pour les personnes atteintes de diab\u00e8te qui souffrent de s\u00e9cheresse oculaire. Cette cr\u00e8me hydratante pour les yeux est formul\u00e9e avec de l'acide hyaluronique et des c\u00e9ramides qui aident \u00e0 hydrater et \u00e0 renforcer la barri\u00e8re protectrice de la\u2026","rel":"","context":"Similar post","block_context":{"text":"Similar post","link":""},"img":{"alt_text":"","src":"","width":0,"height":0},"classes":[]},{"id":31801,"url":"https:\/\/sakaba.mghosteur.com\/en\/product\/olay-eyes-brigthtening-eye-cream\/","url_meta":{"origin":34661,"position":3},"title":"Olay Eyes Brigthtening eye cream","author":"admin","date":"May 10, 2024","format":false,"excerpt":"La cr\u00e8me \u00e9claircissante pour les yeux Olay pour les cernes est une cr\u00e8me qui hydrate le contour des yeux pour aider \u00e0 r\u00e9duire les cernes, les rides et \u00e0 lisser les ridules. Elle contient de la vitamine E, de la vitamine C, de la caf\u00e9ine, de la niacinamide et du\u2026","rel":"","context":"Similar post","block_context":{"text":"Similar post","link":""},"img":{"alt_text":"","src":"","width":0,"height":0},"classes":[]},{"id":31645,"url":"https:\/\/sakaba.mghosteur.com\/en\/product\/the-inkey-retinol-eye-cream-2\/","url_meta":{"origin":34661,"position":4},"title":"THE INKEY RETINOL EYE CREAM","author":"admin","date":"May 10, 2024","format":false,"excerpt":"Une cr\u00e8me contour des yeux de nuit con\u00e7ue pour cibler les ridules, formul\u00e9e sp\u00e9cifiquement pour r\u00e9duire l'apparence des rides tout en offrant un soutien suppl\u00e9mentaire \u00e0 la peau la plus fragile. Cette cr\u00e8me pour les yeux au r\u00e9tinol a \u00e9t\u00e9 \u00e9labor\u00e9e avec des d\u00e9riv\u00e9s de vitamine A \u00e0 lib\u00e9ration lente,\u2026","rel":"","context":"Similar post","block_context":{"text":"Similar post","link":""},"img":{"alt_text":"","src":"","width":0,"height":0},"classes":[]},{"id":26963,"url":"https:\/\/sakaba.mghosteur.com\/en\/product\/facetheory-ocuwake-eye-cream\/","url_meta":{"origin":34661,"position":5},"title":"FACETHEORY Ocuwake Eye Cream EYE1","author":"admin","date":"November 28, 2022","format":false,"excerpt":"Produit : FACETHEORY Ocuwake Eye Cream EYE1 La cr\u00e8me pour les yeux FACETHEORY Ocuwake Eye Cream EYE1 est un m\u00e9lange d'actifs de pointe, con\u00e7u pour r\u00e9duire les cernes et les poches sous les yeux. La formule contient un m\u00e9lange de vitamine C, acide f\u00e9rulique, r\u00e9glisse et camomille, ainsi que la\u2026","rel":"","context":"Similar post","block_context":{"text":"Similar post","link":""},"img":{"alt_text":"","src":"","width":0,"height":0},"classes":[]}],"_links":{"self":[{"href":"https:\/\/sakaba.mghosteur.com\/en\/wp-json\/wp\/v2\/product\/34661","targetHints":{"allow":["GET"]}}],"collection":[{"href":"https:\/\/sakaba.mghosteur.com\/en\/wp-json\/wp\/v2\/product"}],"about":[{"href":"https:\/\/sakaba.mghosteur.com\/en\/wp-json\/wp\/v2\/types\/product"}],"replies":[{"embeddable":true,"href":"https:\/\/sakaba.mghosteur.com\/en\/wp-json\/wp\/v2\/comments?post=34661"}],"version-history":[{"count":0,"href":"https:\/\/sakaba.mghosteur.com\/en\/wp-json\/wp\/v2\/product\/34661\/revisions"}],"wp:attachment":[{"href":"https:\/\/sakaba.mghosteur.com\/en\/wp-json\/wp\/v2\/media?parent=34661"}],"wp:term":[{"taxonomy":"product_brand","embeddable":true,"href":"https:\/\/sakaba.mghosteur.com\/en\/wp-json\/wp\/v2\/product_brand?post=34661"},{"taxonomy":"product_cat","embeddable":true,"href":"https:\/\/sakaba.mghosteur.com\/en\/wp-json\/wp\/v2\/product_cat?post=34661"},{"taxonomy":"product_tag","embeddable":true,"href":"https:\/\/sakaba.mghosteur.com\/en\/wp-json\/wp\/v2\/product_tag?post=34661"}],"curies":[{"name":"wp","href":"https:\/\/api.w.org\/{rel}","templated":true}]}}