{"id":34664,"date":"2024-05-30T14:57:06","date_gmt":"2024-05-30T14:57:06","guid":{"rendered":"https:\/\/sakaba.mghosteur.com\/?post_type=product&#038;p=34664"},"modified":"2024-08-19T03:35:30","modified_gmt":"2024-08-19T03:35:30","slug":"fenty-the-fill-semi-matte-lipstick-05-pose-queen","status":"publish","type":"product","link":"https:\/\/sakaba.mghosteur.com\/en\/product\/fenty-the-fill-semi-matte-lipstick-05-pose-queen\/","title":{"rendered":"FENTY THE FILL SEMI MATTE LIPSTICK 05 POSE QUEEN"},"content":{"rendered":"<p>Le rouge \u00e0 l\u00e8vres semi-mat rechargeable Fenty Icon est fait pour \u00eatre vu. Rihanna a s\u00e9lectionn\u00e9 chaque teinte pour une gamme parfaite de rouges et de neutres \u00e0 haute teneur en pigments et n\u00e9cessitant peu d&#8217;entretien pour tous. Con\u00e7u pour \u00eatre rechargeable : une fois que vous avez choisi la teinte qui vous pla\u00eet, n&#8217;oubliez pas d&#8217;ajouter l&#8217;\u00e9tui au panier.<\/p>","protected":false},"excerpt":{"rendered":"<p>Le rouge \u00e0 l\u00e8vres semi-mat rechargeable Fenty Icon est fait pour \u00eatre vu. Rihanna a s\u00e9lectionn\u00e9 chaque teinte pour une gamme parfaite de rouges et de neutres \u00e0 haute teneur en pigments et n\u00e9cessitant peu d&#8217;entretien pour tous. Con\u00e7u pour \u00eatre rechargeable : une fois que vous avez choisi la teinte qui vous pla\u00eet, n&#8217;oubliez<span class=\"read-more-faq\"><a href=\"https:\/\/sakaba.mghosteur.com\/en\/product\/fenty-the-fill-semi-matte-lipstick-05-pose-queen\/\">Read More<\/a><\/span><\/p>","protected":false},"featured_media":0,"comment_status":"open","ping_status":"closed","template":"","meta":[],"product_brand":[858],"product_cat":[305,289],"product_tag":[],"class_list":{"0":"post-34664","1":"product","2":"type-product","3":"status-publish","5":"product_brand-fenty","6":"product_cat-levres","7":"product_cat-aaa-maquillage","9":"first","10":"instock","11":"shipping-taxable","12":"product-type-simple"},"jetpack-related-posts":[{"id":34667,"url":"https:\/\/sakaba.mghosteur.com\/en\/product\/fenty-the-fill-semi-matte-lipstick-10-flaunty-aunt\/","url_meta":{"origin":34664,"position":0},"title":"FENTY THE FILL SEMI MATTE LIPSTICK 10 FLAUNTY AUNT","author":"admin","date":"May 30, 2024","format":false,"excerpt":"Le rouge \u00e0 l\u00e8vres semi-mat rechargeable Fenty Icon est fait pour \u00eatre vu. Rihanna a s\u00e9lectionn\u00e9 chaque teinte pour une gamme parfaite de rouges et de neutres \u00e0 haute teneur en pigments et n\u00e9cessitant peu d'entretien pour tous. Con\u00e7u pour \u00eatre rechargeable : une fois que vous avez choisi la\u2026","rel":"","context":"Similar post","block_context":{"text":"Similar post","link":""},"img":{"alt_text":"","src":"","width":0,"height":0},"classes":[]},{"id":34566,"url":"https:\/\/sakaba.mghosteur.com\/en\/product\/fenty-icon-the-fill-semi-matte-lipstick-miss-candy-venom\/","url_meta":{"origin":34664,"position":1},"title":"FENTY ICON THE FILL SEMI MATTE LIPSTICK MISS CANDY VENOM","author":"admin","date":"May 29, 2024","format":false,"excerpt":"Le rouge \u00e0 l\u00e8vres semi-mat rechargeable Fenty Icon est fait pour \u00eatre vu. Rihanna a s\u00e9lectionn\u00e9 chaque teinte pour une gamme parfaite de rouges et de neutres \u00e0 haute teneur en pigments et n\u00e9cessitant peu d'entretien pour tous. Con\u00e7u pour \u00eatre rechargeable : une fois que vous avez choisi la\u2026","rel":"","context":"Similar post","block_context":{"text":"Similar post","link":""},"img":{"alt_text":"","src":"","width":0,"height":0},"classes":[]},{"id":29605,"url":"https:\/\/sakaba.mghosteur.com\/en\/product\/fenty-the-fill-semi-matte-lipstick\/","url_meta":{"origin":34664,"position":2},"title":"FENTY THE FILL SEMI MATTE LIPSTICK","author":"admin","date":"April 10, 2023","format":false,"excerpt":"D\u00e9couvrez le Rouge \u00e0 L\u00e8vres Semi-Mat Rechargeable Fenty Icon de la marque Fenty. Chaque nuance a \u00e9t\u00e9 soigneusement s\u00e9lectionn\u00e9e par Rihanna pour cr\u00e9er la collection parfaite de rouges et de tons neutres \u00e0 haute pigmentation et facile \u00e0 porter. Sa formule semi-mate cr\u00e9meuse assure un confort optimal tout en offrant\u2026","rel":"","context":"Similar post","block_context":{"text":"Similar post","link":""},"img":{"alt_text":"","src":"","width":0,"height":0},"classes":[]},{"id":34593,"url":"https:\/\/sakaba.mghosteur.com\/en\/product\/fenty-invisimatte-poudre-fixatrice-matifiante\/","url_meta":{"origin":34664,"position":3},"title":"FENTY INVISIMATTE POUDRE FIXATRICE MATIFIANTE","author":"admin","date":"May 29, 2024","format":false,"excerpt":"Ce matifiant instantan\u00e9 est devenu encore meilleur : une poudre de finition universelle rechargeable qui estompe l'apparence des pores, absorbe la brillance et prolonge la tenue du maquillage toute la journ\u00e9e. Description: Teinte universelle pour toutes les carnations Pas de flashback ni d'effet p\u00e2teux Fini mat naturel et prolonge la\u2026","rel":"","context":"Similar post","block_context":{"text":"Similar post","link":""},"img":{"alt_text":"","src":"","width":0,"height":0},"classes":[]},{"id":34596,"url":"https:\/\/sakaba.mghosteur.com\/en\/product\/fenty-juicy-satin-lipstick-purpsicle\/","url_meta":{"origin":34664,"position":4},"title":"FENTY Juicy Satin Lipstick-poutsickle","author":"admin","date":"May 29, 2024","format":false,"excerpt":"Le rouge \u00e0 l\u00e8vres Poutsicle Juicy Satin \u00ab \u00e9pouse \u00bb vos l\u00e8vres avec une couleur audacieuse et pulpeuse et un fini satin\u00e9 juteux qui fait ressortir votre moue. Disponible en sept teintes ultra-vives dans un emballage sur mesure, Poutsicle est disponible dans une gamme de teintes irr\u00e9sistibles pour mettre en\u2026","rel":"","context":"Similar post","block_context":{"text":"Similar post","link":""},"img":{"alt_text":"","src":"","width":0,"height":0},"classes":[]},{"id":29544,"url":"https:\/\/sakaba.mghosteur.com\/en\/product\/fenty-beauty-stunna-lip-paint\/","url_meta":{"origin":34664,"position":5},"title":"FENTY BEAUTY STUNNA LIP PAINT","author":"admin","date":"April 7, 2023","format":false,"excerpt":"D\u00e9couvrez le STUNNA LIP PAINT, un rouge \u00e0 l\u00e8vres liquide \u00e0 la finition mate douce et longue tenue. Disponible dans une gamme de 8 teintes \u00e9blouissantes cr\u00e9\u00e9es par Rihanna, ce produit convient \u00e0 toutes les carnations. Sa formule l\u00e9g\u00e8re ne vous alourdira pas et vous permettra de vous concentrer sur\u2026","rel":"","context":"Similar post","block_context":{"text":"Similar post","link":""},"img":{"alt_text":"","src":"","width":0,"height":0},"classes":[]}],"_links":{"self":[{"href":"https:\/\/sakaba.mghosteur.com\/en\/wp-json\/wp\/v2\/product\/34664","targetHints":{"allow":["GET"]}}],"collection":[{"href":"https:\/\/sakaba.mghosteur.com\/en\/wp-json\/wp\/v2\/product"}],"about":[{"href":"https:\/\/sakaba.mghosteur.com\/en\/wp-json\/wp\/v2\/types\/product"}],"replies":[{"embeddable":true,"href":"https:\/\/sakaba.mghosteur.com\/en\/wp-json\/wp\/v2\/comments?post=34664"}],"version-history":[{"count":0,"href":"https:\/\/sakaba.mghosteur.com\/en\/wp-json\/wp\/v2\/product\/34664\/revisions"}],"wp:attachment":[{"href":"https:\/\/sakaba.mghosteur.com\/en\/wp-json\/wp\/v2\/media?parent=34664"}],"wp:term":[{"taxonomy":"product_brand","embeddable":true,"href":"https:\/\/sakaba.mghosteur.com\/en\/wp-json\/wp\/v2\/product_brand?post=34664"},{"taxonomy":"product_cat","embeddable":true,"href":"https:\/\/sakaba.mghosteur.com\/en\/wp-json\/wp\/v2\/product_cat?post=34664"},{"taxonomy":"product_tag","embeddable":true,"href":"https:\/\/sakaba.mghosteur.com\/en\/wp-json\/wp\/v2\/product_tag?post=34664"}],"curies":[{"name":"wp","href":"https:\/\/api.w.org\/{rel}","templated":true}]}}