{"id":34670,"date":"2024-05-30T14:58:38","date_gmt":"2024-05-30T14:58:38","guid":{"rendered":"https:\/\/sakaba.mghosteur.com\/?post_type=product&#038;p=34670"},"modified":"2024-08-19T03:38:52","modified_gmt":"2024-08-19T03:38:52","slug":"fenty-trio-conceal-contour-highlight-deep","status":"publish","type":"product","link":"https:\/\/sakaba.mghosteur.com\/en\/product\/fenty-trio-conceal-contour-highlight-deep\/","title":{"rendered":"FENTY TRIO CONCEAL ,CONTOUR ,HIGHLIGHT DEEP"},"content":{"rendered":"<p>Un trio magn\u00e9tis\u00e9 de b\u00e2tons de maquillage longue tenue, l\u00e9gers comme l&#8217;air, s\u00e9lectionn\u00e9s en fonction du teint, avec deux Match Stix MATTE Skinsticks pour dissimuler et contourner, et un Match Stix SHIMMER Skinstick pour mettre en valeur.<\/p>\n<p>Avec les Match Stix Trios, faites passer votre teint au niveau sup\u00e9rieur sans deviner. Nos ensembles pr\u00e9-emball\u00e9s facilitent le camouflage, le contouring et l&#8217;illumination \u00e0 r\u00e9p\u00e9tition. Ces b\u00e2tons de contouring, anti-cernes et surligneurs l\u00e9gers comme l&#8217;air sont soigneusement s\u00e9lectionn\u00e9s et magn\u00e9tis\u00e9s ensemble, pour que vous soyez toujours pr\u00eate \u00e0 tout.<\/p>\n<p>Chaque ensemble est livr\u00e9 avec deux Match Stix MATTE Skinsticks (b\u00e2ton anti-cernes et b\u00e2ton de contouring) et un Match Stix SHIMMER Skinstick (b\u00e2ton surligneur), tous l\u00e9gers, faciles \u00e0 m\u00e9langer et \u00e0 tenir. Les formules cr\u00e8me-poudre sont si homog\u00e8nes qu&#8217;il est impossible de dire o\u00f9 se termine la peau et o\u00f9 commence le maquillage. Elles sont modulables et VIVENT pour \u00eatre superpos\u00e9es dans une gamme de combos qui illuminent tous les tons de peau.<\/p>\n<p>Et gr\u00e2ce \u00e0 une attraction physique magn\u00e9tique, les MATTE et SHIMMER Skinsticks s&#8217;accrochent l&#8217;un \u00e0 l&#8217;autre, s&#8217;unissant pour une \u00e9vidence totale<\/p>","protected":false},"excerpt":{"rendered":"<p>Un trio magn\u00e9tis\u00e9 de b\u00e2tons de maquillage longue tenue, l\u00e9gers comme l&#8217;air, s\u00e9lectionn\u00e9s en fonction du teint, avec deux Match Stix MATTE Skinsticks pour dissimuler et contourner, et un Match Stix SHIMMER Skinstick pour mettre en valeur. Avec les Match Stix Trios, faites passer votre teint au niveau sup\u00e9rieur sans deviner. Nos ensembles pr\u00e9-emball\u00e9s facilitent<span class=\"read-more-faq\"><a href=\"https:\/\/sakaba.mghosteur.com\/en\/product\/fenty-trio-conceal-contour-highlight-deep\/\">Read More<\/a><\/span><\/p>","protected":false},"featured_media":0,"comment_status":"open","ping_status":"closed","template":"","meta":[],"product_brand":[858],"product_cat":[289,311],"product_tag":[],"class_list":{"0":"post-34670","1":"product","2":"type-product","3":"status-publish","5":"product_brand-fenty","6":"product_cat-aaa-maquillage","7":"product_cat-teint","9":"first","10":"instock","11":"shipping-taxable","12":"product-type-simple"},"jetpack-related-posts":[{"id":25100,"url":"https:\/\/sakaba.mghosteur.com\/en\/product\/fenty-fond-de-teint-stix-trio-tan-300\/","url_meta":{"origin":34670,"position":0},"title":"FENTY FOND DE TEINT STIX TRIO TAN 300","author":"admin","date":"November 11, 2022","format":false,"excerpt":"D\u00e9couvrez le MATCH STIX CORRECTING SKINSTICK de la marque FENTY, un b\u00e2ton de correction de couleur longue tenue et l\u00e9ger comme l'air, con\u00e7u pour illuminer et neutraliser les cernes fonc\u00e9es et les imperfections de la peau. Sa formule longue tenue et sa texture lisse, cr\u00e9meuse et l\u00e9g\u00e8re permettent une application\u2026","rel":"","context":"Similar post","block_context":{"text":"Similar post","link":""},"img":{"alt_text":"","src":"","width":0,"height":0},"classes":[]},{"id":34697,"url":"https:\/\/sakaba.mghosteur.com\/en\/product\/match-stix-trio-medium-200\/","url_meta":{"origin":34670,"position":1},"title":"MATCH STIX TRIO MEDIUM 200","author":"admin","date":"May 30, 2024","format":false,"excerpt":"","rel":"","context":"Similar post","block_context":{"text":"Similar post","link":""},"img":{"alt_text":"","src":"","width":0,"height":0},"classes":[]},{"id":31384,"url":"https:\/\/sakaba.mghosteur.com\/en\/product\/beauty-of-joseon-matte-sun-stick-mugwort-camelia\/","url_meta":{"origin":34670,"position":2},"title":"BEAUTY OF JOSEON MATTE SUN STICK MUGWORT + CAMELIA","author":"admin","date":"May 10, 2024","format":false,"excerpt":"Matte Sun Stick : Mugwort+Camelia (SPF 50+ PA+++) Contrairement \u00e0 la plupart des sticks solaires con\u00e7us principalement pour les activit\u00e9s en ext\u00e9rieur, notre Matte Sun Stick est sp\u00e9cialement formul\u00e9 pour r\u00e9pondre aux besoins des environnements urbains quotidiens. Il est crucial de r\u00e9appliquer r\u00e9guli\u00e8rement une protection solaire toutes les 2 \u00e0\u2026","rel":"","context":"Similar post","block_context":{"text":"Similar post","link":""},"img":{"alt_text":"","src":"","width":0,"height":0},"classes":[]},{"id":22992,"url":"https:\/\/sakaba.mghosteur.com\/en\/product\/fenty-beauty-pro-filtr-soft-matte-longwear-foundation\/","url_meta":{"origin":34670,"position":3},"title":"Fenty Beauty Pro Filt&#8217;r Soft Matte Longwear Foundation","author":"admin","date":"October 25, 2022","format":false,"excerpt":"Le fond de teint prim\u00e9 qui a chang\u00e9 la donne pour toujours, d\u00e9sormais disponible en poudre longue tenue, l\u00e9g\u00e8re comme l'air, pour une couvrance l\u00e9g\u00e8re \u00e0 totale dans un fini mat doux et non p\u00e2teux. C'est rapide, impeccable et facile. Description; Longue tenue, l\u00e9g\u00e8re comme l'air, sans effet flashback Complexe\u2026","rel":"","context":"Similar post","block_context":{"text":"Similar post","link":""},"img":{"alt_text":"","src":"","width":0,"height":0},"classes":[]},{"id":24832,"url":"https:\/\/sakaba.mghosteur.com\/en\/product\/eos-100-natural-shea-lip-balm-vanilla-bean\/","url_meta":{"origin":34670,"position":4},"title":"EOS 100% Natural Shea Lip Balm Vanilla Bean","author":"admin","date":"November 11, 2022","format":false,"excerpt":"Le Baume \u00e0 L\u00e8vres B\u00e2ton Vanille de la marque EOS est un produit de beaut\u00e9 naturel et biologique qui hydrate et nourrit vos l\u00e8vres tout en leur offrant une saveur de vanille douce, riche et cr\u00e9meuse. Ce baume \u00e0 l\u00e8vres est compos\u00e9 d'ingr\u00e9dients de qualit\u00e9 sup\u00e9rieure, tels que l'huile de\u2026","rel":"","context":"Similar post","block_context":{"text":"Similar post","link":""},"img":{"alt_text":"","src":"","width":0,"height":0},"classes":[]},{"id":34542,"url":"https:\/\/sakaba.mghosteur.com\/en\/product\/fenty-fond-de-teint-poudre-mat-255\/","url_meta":{"origin":34670,"position":5},"title":"FENTY FOND DE TEINT POUDRE MAT","author":"admin","date":"May 29, 2024","format":false,"excerpt":"LUMI\u00c8RE CONSTRUCTIBLE POUR UNE COUVERTURE COMPL\u00c8TE POUR TOUS. LONGUE TENUE, L\u00c9G\u00c8RE COMME L'AIR, INFROISSABLE. Donne-le-moi vite : Le fond de teint prim\u00e9 qui a chang\u00e9 la donne pour toujours, maintenant dans une poudre longue tenue l\u00e9g\u00e8re comme l'air pour offrir une couvrance l\u00e9g\u00e8re \u00e0 compl\u00e8te dans un fini mat doux\u2026","rel":"","context":"Similar post","block_context":{"text":"Similar post","link":""},"img":{"alt_text":"","src":"","width":0,"height":0},"classes":[]}],"_links":{"self":[{"href":"https:\/\/sakaba.mghosteur.com\/en\/wp-json\/wp\/v2\/product\/34670","targetHints":{"allow":["GET"]}}],"collection":[{"href":"https:\/\/sakaba.mghosteur.com\/en\/wp-json\/wp\/v2\/product"}],"about":[{"href":"https:\/\/sakaba.mghosteur.com\/en\/wp-json\/wp\/v2\/types\/product"}],"replies":[{"embeddable":true,"href":"https:\/\/sakaba.mghosteur.com\/en\/wp-json\/wp\/v2\/comments?post=34670"}],"version-history":[{"count":0,"href":"https:\/\/sakaba.mghosteur.com\/en\/wp-json\/wp\/v2\/product\/34670\/revisions"}],"wp:attachment":[{"href":"https:\/\/sakaba.mghosteur.com\/en\/wp-json\/wp\/v2\/media?parent=34670"}],"wp:term":[{"taxonomy":"product_brand","embeddable":true,"href":"https:\/\/sakaba.mghosteur.com\/en\/wp-json\/wp\/v2\/product_brand?post=34670"},{"taxonomy":"product_cat","embeddable":true,"href":"https:\/\/sakaba.mghosteur.com\/en\/wp-json\/wp\/v2\/product_cat?post=34670"},{"taxonomy":"product_tag","embeddable":true,"href":"https:\/\/sakaba.mghosteur.com\/en\/wp-json\/wp\/v2\/product_tag?post=34670"}],"curies":[{"name":"wp","href":"https:\/\/api.w.org\/{rel}","templated":true}]}}