{"id":34691,"date":"2024-05-30T15:04:58","date_gmt":"2024-05-30T15:04:58","guid":{"rendered":"https:\/\/sakaba.mghosteur.com\/?post_type=product&#038;p=34691"},"modified":"2024-06-03T12:08:41","modified_gmt":"2024-06-03T12:08:41","slug":"gloss-bomb-cream-cupcakin","status":"publish","type":"product","link":"https:\/\/sakaba.mghosteur.com\/en\/product\/gloss-bomb-cream-cupcakin\/","title":{"rendered":"GLOSS BOMB CREAM CUPCAKIN"},"content":{"rendered":"","protected":false},"excerpt":{"rendered":"","protected":false},"featured_media":0,"comment_status":"open","ping_status":"closed","template":"","meta":[],"product_brand":[1089],"product_cat":[305,289],"product_tag":[],"class_list":{"0":"post-34691","1":"product","2":"type-product","3":"status-publish","5":"product_brand-full-spectrum","6":"product_cat-levres","7":"product_cat-aaa-maquillage","9":"first","10":"instock","11":"shipping-taxable","12":"product-type-simple"},"jetpack-related-posts":[{"id":23608,"url":"https:\/\/sakaba.mghosteur.com\/en\/product\/gloss-bomb-cream-doubletake-lip-duo\/","url_meta":{"origin":34691,"position":0},"title":"GLOSS BOMB CREAM DOUBLETAKE LIP DUO","author":"admin","date":"November 3, 2022","format":false,"excerpt":"","rel":"","context":"Similar post","block_context":{"text":"Similar post","link":""},"img":{"alt_text":"","src":"","width":0,"height":0},"classes":[]},{"id":34469,"url":"https:\/\/sakaba.mghosteur.com\/en\/product\/fenty-beauty-gloss-bomb-cream-cookie-jar-04\/","url_meta":{"origin":34691,"position":1},"title":"FENTY BEAUTY GLOSS BOMB CREAM COOKIE JAR 04","author":"admin","date":"May 29, 2024","format":false,"excerpt":"","rel":"","context":"Similar post","block_context":{"text":"Similar post","link":""},"img":{"alt_text":"","src":"","width":0,"height":0},"classes":[]},{"id":29506,"url":"https:\/\/sakaba.mghosteur.com\/en\/product\/fenty-beauty-gloss-bomb-cream-bubble-binge\/","url_meta":{"origin":34691,"position":2},"title":"FENTY BEAUTY GLOSS BOMB CREAM BUBBLE BINGE","author":"admin","date":"April 7, 2023","format":false,"excerpt":"D\u00e9couvrez le FENTY BEAUTY GLOSS BOMB, le num\u00e9ro 1 des gloss qui vous offre une couleur pure et cr\u00e9meuse avec un \u00e9clat incroyable. Obtenez des l\u00e8vres plus douces et volumineuses instantan\u00e9ment, tout en profitant d'une couleur intense et d'un brillant \u00e9clatant, sans aucun effet brillant. Ce gloss est disponible en\u2026","rel":"","context":"Similar post","block_context":{"text":"Similar post","link":""},"img":{"alt_text":"","src":"","width":0,"height":0},"classes":[]},{"id":34548,"url":"https:\/\/sakaba.mghosteur.com\/en\/product\/fenty-gloss-bomb-trio\/","url_meta":{"origin":34691,"position":3},"title":"FENTY GLOSS BOMB TRIO","author":"admin","date":"May 29, 2024","format":false,"excerpt":"","rel":"","context":"Similar post","block_context":{"text":"Similar post","link":""},"img":{"alt_text":"","src":"","width":0,"height":0},"classes":[]},{"id":34694,"url":"https:\/\/sakaba.mghosteur.com\/en\/product\/gloss-bomb-universal-lipluminizer\/","url_meta":{"origin":34691,"position":4},"title":"GLOSS BOMB UNIVERSAL LIPLUMINIZER","author":"admin","date":"May 30, 2024","format":false,"excerpt":"","rel":"","context":"Similar post","block_context":{"text":"Similar post","link":""},"img":{"alt_text":"","src":"","width":0,"height":0},"classes":[]},{"id":29577,"url":"https:\/\/sakaba.mghosteur.com\/en\/product\/fenty-gloss-bomb-heat-hot-cherry\/","url_meta":{"origin":34691,"position":5},"title":"FENTY GLOSS BOMB HEAT HOT CHERRY","author":"admin","date":"April 10, 2023","format":false,"excerpt":"D\u00e9couvrez Gloss Bomb Heat, le lip luminizer et plumper de FENTY pour des l\u00e8vres incroyables ! Avec sa formule innovante Plump Job Complex \u00e0 base d'huile de gingembre et d'extrait de fruit de poivre, ce gloss offre un effet repulpant instantan\u00e9 pour des l\u00e8vres lisses et pleines. Enrichi en beurre\u2026","rel":"","context":"Similar post","block_context":{"text":"Similar post","link":""},"img":{"alt_text":"","src":"","width":0,"height":0},"classes":[]}],"_links":{"self":[{"href":"https:\/\/sakaba.mghosteur.com\/en\/wp-json\/wp\/v2\/product\/34691","targetHints":{"allow":["GET"]}}],"collection":[{"href":"https:\/\/sakaba.mghosteur.com\/en\/wp-json\/wp\/v2\/product"}],"about":[{"href":"https:\/\/sakaba.mghosteur.com\/en\/wp-json\/wp\/v2\/types\/product"}],"replies":[{"embeddable":true,"href":"https:\/\/sakaba.mghosteur.com\/en\/wp-json\/wp\/v2\/comments?post=34691"}],"version-history":[{"count":0,"href":"https:\/\/sakaba.mghosteur.com\/en\/wp-json\/wp\/v2\/product\/34691\/revisions"}],"wp:attachment":[{"href":"https:\/\/sakaba.mghosteur.com\/en\/wp-json\/wp\/v2\/media?parent=34691"}],"wp:term":[{"taxonomy":"product_brand","embeddable":true,"href":"https:\/\/sakaba.mghosteur.com\/en\/wp-json\/wp\/v2\/product_brand?post=34691"},{"taxonomy":"product_cat","embeddable":true,"href":"https:\/\/sakaba.mghosteur.com\/en\/wp-json\/wp\/v2\/product_cat?post=34691"},{"taxonomy":"product_tag","embeddable":true,"href":"https:\/\/sakaba.mghosteur.com\/en\/wp-json\/wp\/v2\/product_tag?post=34691"}],"curies":[{"name":"wp","href":"https:\/\/api.w.org\/{rel}","templated":true}]}}