{"id":34694,"date":"2024-05-30T15:05:51","date_gmt":"2024-05-30T15:05:51","guid":{"rendered":"https:\/\/sakaba.mghosteur.com\/?post_type=product&#038;p=34694"},"modified":"2024-11-09T12:23:08","modified_gmt":"2024-11-09T12:23:08","slug":"gloss-bomb-universal-lipluminizer","status":"publish","type":"product","link":"https:\/\/sakaba.mghosteur.com\/en\/product\/gloss-bomb-universal-lipluminizer\/","title":{"rendered":"GLOSS BOMB UNIVERSAL LIPLUMINIZER"},"content":{"rendered":"","protected":false},"excerpt":{"rendered":"","protected":false},"featured_media":0,"comment_status":"open","ping_status":"closed","template":"","meta":[],"product_brand":[858],"product_cat":[305,289],"product_tag":[],"class_list":{"0":"post-34694","1":"product","2":"type-product","3":"status-publish","5":"product_brand-fenty","6":"product_cat-levres","7":"product_cat-aaa-maquillage","9":"first","10":"instock","11":"shipping-taxable","12":"product-type-simple"},"jetpack-related-posts":[{"id":34484,"url":"https:\/\/sakaba.mghosteur.com\/en\/product\/fenty-beauty-gloss-bomb-universal-luminizer-riri-08\/","url_meta":{"origin":34694,"position":0},"title":"FENTY BEAUTY GLOSS BOMB UNIVERSAL LUMINIZER RIRI 08","author":"admin","date":"May 29, 2024","format":false,"excerpt":"","rel":"","context":"Similar post","block_context":{"text":"Similar post","link":""},"img":{"alt_text":"","src":"","width":0,"height":0},"classes":[]},{"id":23594,"url":"https:\/\/sakaba.mghosteur.com\/en\/product\/fenty-universal-lip-luminizer\/","url_meta":{"origin":34694,"position":1},"title":"FENTY BEAUTY GLOSS BOMB","author":"admin","date":"November 2, 2022","format":false,"excerpt":"","rel":"","context":"Similar post","block_context":{"text":"Similar post","link":""},"img":{"alt_text":"","src":"","width":0,"height":0},"classes":[]},{"id":29611,"url":"https:\/\/sakaba.mghosteur.com\/en\/product\/fenty-universal-lip-luminizer-2\/","url_meta":{"origin":34694,"position":2},"title":"FENTY UNIVERSAL LIP LUMINIZER","author":"admin","date":"April 10, 2023","format":false,"excerpt":"D\u00e9couvrez le GLOSS BOMB UNIVERSAL LIP LUMINIZER de la marque FENTY ! Ce gloss \u00e0 l'\u00e9clat explosif est l'accessoire indispensable pour sublimer votre maquillage. Il est disponible en sept teintes universelles s\u00e9lectionn\u00e9es par Rihanna elle-m\u00eame. Sa formule non-collante, enrichie en beurre de karit\u00e9, nourrit vos l\u00e8vres tout en leur donnant\u2026","rel":"","context":"Similar post","block_context":{"text":"Similar post","link":""},"img":{"alt_text":"","src":"","width":0,"height":0},"classes":[]},{"id":34548,"url":"https:\/\/sakaba.mghosteur.com\/en\/product\/fenty-gloss-bomb-trio\/","url_meta":{"origin":34694,"position":3},"title":"FENTY GLOSS BOMB TRIO","author":"admin","date":"May 29, 2024","format":false,"excerpt":"","rel":"","context":"Similar post","block_context":{"text":"Similar post","link":""},"img":{"alt_text":"","src":"","width":0,"height":0},"classes":[]},{"id":29506,"url":"https:\/\/sakaba.mghosteur.com\/en\/product\/fenty-beauty-gloss-bomb-cream-bubble-binge\/","url_meta":{"origin":34694,"position":4},"title":"FENTY BEAUTY GLOSS BOMB CREAM BUBBLE BINGE","author":"admin","date":"April 7, 2023","format":false,"excerpt":"D\u00e9couvrez le FENTY BEAUTY GLOSS BOMB, le num\u00e9ro 1 des gloss qui vous offre une couleur pure et cr\u00e9meuse avec un \u00e9clat incroyable. Obtenez des l\u00e8vres plus douces et volumineuses instantan\u00e9ment, tout en profitant d'une couleur intense et d'un brillant \u00e9clatant, sans aucun effet brillant. Ce gloss est disponible en\u2026","rel":"","context":"Similar post","block_context":{"text":"Similar post","link":""},"img":{"alt_text":"","src":"","width":0,"height":0},"classes":[]},{"id":34691,"url":"https:\/\/sakaba.mghosteur.com\/en\/product\/gloss-bomb-cream-cupcakin\/","url_meta":{"origin":34694,"position":5},"title":"GLOSS BOMB CREAM CUPCAKIN","author":"admin","date":"May 30, 2024","format":false,"excerpt":"","rel":"","context":"Similar post","block_context":{"text":"Similar post","link":""},"img":{"alt_text":"","src":"","width":0,"height":0},"classes":[]}],"_links":{"self":[{"href":"https:\/\/sakaba.mghosteur.com\/en\/wp-json\/wp\/v2\/product\/34694","targetHints":{"allow":["GET"]}}],"collection":[{"href":"https:\/\/sakaba.mghosteur.com\/en\/wp-json\/wp\/v2\/product"}],"about":[{"href":"https:\/\/sakaba.mghosteur.com\/en\/wp-json\/wp\/v2\/types\/product"}],"replies":[{"embeddable":true,"href":"https:\/\/sakaba.mghosteur.com\/en\/wp-json\/wp\/v2\/comments?post=34694"}],"version-history":[{"count":0,"href":"https:\/\/sakaba.mghosteur.com\/en\/wp-json\/wp\/v2\/product\/34694\/revisions"}],"wp:attachment":[{"href":"https:\/\/sakaba.mghosteur.com\/en\/wp-json\/wp\/v2\/media?parent=34694"}],"wp:term":[{"taxonomy":"product_brand","embeddable":true,"href":"https:\/\/sakaba.mghosteur.com\/en\/wp-json\/wp\/v2\/product_brand?post=34694"},{"taxonomy":"product_cat","embeddable":true,"href":"https:\/\/sakaba.mghosteur.com\/en\/wp-json\/wp\/v2\/product_cat?post=34694"},{"taxonomy":"product_tag","embeddable":true,"href":"https:\/\/sakaba.mghosteur.com\/en\/wp-json\/wp\/v2\/product_tag?post=34694"}],"curies":[{"name":"wp","href":"https:\/\/api.w.org\/{rel}","templated":true}]}}