{"id":34697,"date":"2024-05-30T15:06:42","date_gmt":"2024-05-30T15:06:42","guid":{"rendered":"https:\/\/sakaba.mghosteur.com\/?post_type=product&#038;p=34697"},"modified":"2024-06-03T12:07:49","modified_gmt":"2024-06-03T12:07:49","slug":"match-stix-trio-medium-200","status":"publish","type":"product","link":"https:\/\/sakaba.mghosteur.com\/en\/product\/match-stix-trio-medium-200\/","title":{"rendered":"MATCH STIX TRIO MEDIUM 200"},"content":{"rendered":"","protected":false},"excerpt":{"rendered":"","protected":false},"featured_media":0,"comment_status":"open","ping_status":"closed","template":"","meta":[],"product_brand":[858],"product_cat":[305,289],"product_tag":[],"class_list":{"0":"post-34697","1":"product","2":"type-product","3":"status-publish","5":"product_brand-fenty","6":"product_cat-levres","7":"product_cat-aaa-maquillage","9":"first","10":"instock","11":"shipping-taxable","12":"product-type-simple"},"jetpack-related-posts":[{"id":34670,"url":"https:\/\/sakaba.mghosteur.com\/en\/product\/fenty-trio-conceal-contour-highlight-deep\/","url_meta":{"origin":34697,"position":0},"title":"FENTY TRIO CONCEAL ,CONTOUR ,HIGHLIGHT DEEP","author":"admin","date":"May 30, 2024","format":false,"excerpt":"Un trio magn\u00e9tis\u00e9 de b\u00e2tons de maquillage longue tenue, l\u00e9gers comme l'air, s\u00e9lectionn\u00e9s en fonction du teint, avec deux Match Stix MATTE Skinsticks pour dissimuler et contourner, et un Match Stix SHIMMER Skinstick pour mettre en valeur. Avec les Match Stix Trios, faites passer votre teint au niveau sup\u00e9rieur sans\u2026","rel":"","context":"Similar post","block_context":{"text":"Similar post","link":""},"img":{"alt_text":"","src":"","width":0,"height":0},"classes":[]},{"id":25100,"url":"https:\/\/sakaba.mghosteur.com\/en\/product\/fenty-fond-de-teint-stix-trio-tan-300\/","url_meta":{"origin":34697,"position":1},"title":"FENTY FOND DE TEINT STIX TRIO TAN 300","author":"admin","date":"November 11, 2022","format":false,"excerpt":"D\u00e9couvrez le MATCH STIX CORRECTING SKINSTICK de la marque FENTY, un b\u00e2ton de correction de couleur longue tenue et l\u00e9ger comme l'air, con\u00e7u pour illuminer et neutraliser les cernes fonc\u00e9es et les imperfections de la peau. Sa formule longue tenue et sa texture lisse, cr\u00e9meuse et l\u00e9g\u00e8re permettent une application\u2026","rel":"","context":"Similar post","block_context":{"text":"Similar post","link":""},"img":{"alt_text":"","src":"","width":0,"height":0},"classes":[]},{"id":34548,"url":"https:\/\/sakaba.mghosteur.com\/en\/product\/fenty-gloss-bomb-trio\/","url_meta":{"origin":34697,"position":2},"title":"FENTY GLOSS BOMB TRIO","author":"admin","date":"May 29, 2024","format":false,"excerpt":"","rel":"","context":"Similar post","block_context":{"text":"Similar post","link":""},"img":{"alt_text":"","src":"","width":0,"height":0},"classes":[]},{"id":33682,"url":"https:\/\/sakaba.mghosteur.com\/en\/product\/mac-lipstick-trio-best-sellers\/","url_meta":{"origin":34697,"position":3},"title":"MAC LIPSTICK TRIO BEST SELLERS","author":"admin","date":"May 22, 2024","format":false,"excerpt":"","rel":"","context":"Similar post","block_context":{"text":"Similar post","link":""},"img":{"alt_text":"","src":"","width":0,"height":0},"classes":[]},{"id":27955,"url":"https:\/\/sakaba.mghosteur.com\/en\/product\/innisfree-dewy-glow-trio-with-jeju-cherry-blossom\/","url_meta":{"origin":34697,"position":4},"title":"INNISFREE DEWY GLOW TRIO WITH JEJU CHERRY BLOSSOM","author":"admin","date":"November 29, 2022","format":false,"excerpt":"","rel":"","context":"Similar post","block_context":{"text":"Similar post","link":""},"img":{"alt_text":"","src":"","width":0,"height":0},"classes":[]},{"id":32392,"url":"https:\/\/sakaba.mghosteur.com\/en\/product\/sol-de-janeiro-rio-body-trio\/","url_meta":{"origin":34697,"position":5},"title":"SOL DE JANEIRO RIO BODY TRIO","author":"admin","date":"May 14, 2024","format":false,"excerpt":"D\u00e9couvrez un trio de cr\u00e8mes br\u00e9siliennes iconiques qui vous promet une peau magnifique. Id\u00e9al pour offrir \u00e0 vos proches ou pour vous faire plaisir, ce coffret cadeau contient les trois produits pr\u00e9f\u00e9r\u00e9s du corps br\u00e9silien. La Cr\u00e8me \u00e9claircissante Bom Dia\u2122 Bright Cream de 50 ml illumine votre peau tout en\u2026","rel":"","context":"Similar post","block_context":{"text":"Similar post","link":""},"img":{"alt_text":"","src":"","width":0,"height":0},"classes":[]}],"_links":{"self":[{"href":"https:\/\/sakaba.mghosteur.com\/en\/wp-json\/wp\/v2\/product\/34697","targetHints":{"allow":["GET"]}}],"collection":[{"href":"https:\/\/sakaba.mghosteur.com\/en\/wp-json\/wp\/v2\/product"}],"about":[{"href":"https:\/\/sakaba.mghosteur.com\/en\/wp-json\/wp\/v2\/types\/product"}],"replies":[{"embeddable":true,"href":"https:\/\/sakaba.mghosteur.com\/en\/wp-json\/wp\/v2\/comments?post=34697"}],"version-history":[{"count":0,"href":"https:\/\/sakaba.mghosteur.com\/en\/wp-json\/wp\/v2\/product\/34697\/revisions"}],"wp:attachment":[{"href":"https:\/\/sakaba.mghosteur.com\/en\/wp-json\/wp\/v2\/media?parent=34697"}],"wp:term":[{"taxonomy":"product_brand","embeddable":true,"href":"https:\/\/sakaba.mghosteur.com\/en\/wp-json\/wp\/v2\/product_brand?post=34697"},{"taxonomy":"product_cat","embeddable":true,"href":"https:\/\/sakaba.mghosteur.com\/en\/wp-json\/wp\/v2\/product_cat?post=34697"},{"taxonomy":"product_tag","embeddable":true,"href":"https:\/\/sakaba.mghosteur.com\/en\/wp-json\/wp\/v2\/product_tag?post=34697"}],"curies":[{"name":"wp","href":"https:\/\/api.w.org\/{rel}","templated":true}]}}