{"id":34700,"date":"2024-05-30T15:07:22","date_gmt":"2024-05-30T15:07:22","guid":{"rendered":"https:\/\/sakaba.mghosteur.com\/?post_type=product&#038;p=34700"},"modified":"2024-06-03T12:06:47","modified_gmt":"2024-06-03T12:06:47","slug":"pro-filt-r-soft-matte-powder-foundation-235","status":"publish","type":"product","link":"https:\/\/sakaba.mghosteur.com\/en\/product\/pro-filt-r-soft-matte-powder-foundation-235\/","title":{"rendered":"PRO FILT R SOFT MATTE POWDER FOUNDATION 235"},"content":{"rendered":"","protected":false},"excerpt":{"rendered":"","protected":false},"featured_media":0,"comment_status":"open","ping_status":"closed","template":"","meta":[],"product_brand":[858],"product_cat":[310,289,311],"product_tag":[],"class_list":{"0":"post-34700","1":"product","2":"type-product","3":"status-publish","5":"product_brand-fenty","6":"product_cat-fond-de-teint","7":"product_cat-aaa-maquillage","8":"product_cat-teint","10":"first","11":"instock","12":"shipping-taxable","13":"product-type-simple"},"jetpack-related-posts":[{"id":23075,"url":"https:\/\/sakaba.mghosteur.com\/en\/product\/fenty-beauty-pro-filtr-soft-matte-longwear-foundation-2\/","url_meta":{"origin":34700,"position":0},"title":"Fenty Beauty Pro Filt&#8217;r Soft Matte Longwear Foundation","author":"admin","date":"October 25, 2022","format":false,"excerpt":"D\u00e9couvrez le fond de teint Pro Filt\u2019r Soft Matte Longwear de Fenty Beauty, le choix parfait pour un teint frais et mat tout au long de la journ\u00e9e et de la nuit. Avec sa technologie adaptative au climat, ce fond de teint r\u00e9siste \u00e0 la chaleur, la sueur et les\u2026","rel":"","context":"Similar post","block_context":{"text":"Similar post","link":""},"img":{"alt_text":"","src":"","width":0,"height":0},"classes":[]},{"id":22992,"url":"https:\/\/sakaba.mghosteur.com\/en\/product\/fenty-beauty-pro-filtr-soft-matte-longwear-foundation\/","url_meta":{"origin":34700,"position":1},"title":"Fenty Beauty Pro Filt&#8217;r Soft Matte Longwear Foundation","author":"admin","date":"October 25, 2022","format":false,"excerpt":"Le fond de teint prim\u00e9 qui a chang\u00e9 la donne pour toujours, d\u00e9sormais disponible en poudre longue tenue, l\u00e9g\u00e8re comme l'air, pour une couvrance l\u00e9g\u00e8re \u00e0 totale dans un fini mat doux et non p\u00e2teux. C'est rapide, impeccable et facile. Description; Longue tenue, l\u00e9g\u00e8re comme l'air, sans effet flashback Complexe\u2026","rel":"","context":"Similar post","block_context":{"text":"Similar post","link":""},"img":{"alt_text":"","src":"","width":0,"height":0},"classes":[]},{"id":33866,"url":"https:\/\/sakaba.mghosteur.com\/en\/product\/nars-soft-velvet-loose-powder\/","url_meta":{"origin":34700,"position":2},"title":"NARS SOFT VELVET LOOSE POWDER","author":"admin","date":"May 23, 2024","format":false,"excerpt":"Prolong the wear time of your foundation with the NARS Cosmetics Soft Velvet Loose Powder. The powder works to seal your foundation as well as controlling the production of oil in the skin. Perfect for covering up any fine lines, wrinkles and pores with a smooth finish. The NARS Cosmetics\u2026","rel":"","context":"Similar post","block_context":{"text":"Similar post","link":""},"img":{"alt_text":"","src":"","width":0,"height":0},"classes":[]},{"id":35028,"url":"https:\/\/sakaba.mghosteur.com\/en\/product\/nars-soft-matte-complete-foundation-cadiz\/","url_meta":{"origin":34700,"position":3},"title":"NARS Soft Matte Complete Foundation Cadiz","author":"admin","date":"June 5, 2024","format":false,"excerpt":"Le fond de teint Soft Matte Complete de NARS, qui se diffuse parfaitement et offre un effet seconde peau, offre jusqu'\u00e0 16 heures de tenue fid\u00e8le de la couleur avec un fini couvrant. D\u00e9velopp\u00e9 avec le complexe antioxydant \u00e0 base de plantes de la marque, ce fond de teint riche\u2026","rel":"","context":"Similar post","block_context":{"text":"Similar post","link":""},"img":{"alt_text":"","src":"","width":0,"height":0},"classes":[]},{"id":35031,"url":"https:\/\/sakaba.mghosteur.com\/en\/product\/nars-soft-matte-complete-foundation-caracas\/","url_meta":{"origin":34700,"position":4},"title":"NARS Soft Matte Complete Foundation Caracas","author":"admin","date":"June 5, 2024","format":false,"excerpt":"Le fond de teint Soft Matte Complete de NARS, qui se diffuse parfaitement et offre un effet seconde peau, offre jusqu'\u00e0 16 heures de tenue fid\u00e8le de la couleur avec un fini couvrant. D\u00e9velopp\u00e9 avec le complexe antioxydant \u00e0 base de plantes de la marque, ce fond de teint riche\u2026","rel":"","context":"Similar post","block_context":{"text":"Similar post","link":""},"img":{"alt_text":"","src":"","width":0,"height":0},"classes":[]},{"id":35034,"url":"https:\/\/sakaba.mghosteur.com\/en\/product\/nars-soft-matte-complete-foundation-deauville\/","url_meta":{"origin":34700,"position":5},"title":"NARS Soft Matte Complete Foundation DEAUVILLE","author":"admin","date":"June 5, 2024","format":false,"excerpt":"Le fond de teint Soft Matte Complete de NARS, qui se diffuse parfaitement et offre un effet seconde peau, offre jusqu'\u00e0 16 heures de tenue fid\u00e8le de la couleur avec un fini couvrant. D\u00e9velopp\u00e9 avec le complexe antioxydant \u00e0 base de plantes de la marque, ce fond de teint riche\u2026","rel":"","context":"Similar post","block_context":{"text":"Similar post","link":""},"img":{"alt_text":"","src":"","width":0,"height":0},"classes":[]}],"_links":{"self":[{"href":"https:\/\/sakaba.mghosteur.com\/en\/wp-json\/wp\/v2\/product\/34700","targetHints":{"allow":["GET"]}}],"collection":[{"href":"https:\/\/sakaba.mghosteur.com\/en\/wp-json\/wp\/v2\/product"}],"about":[{"href":"https:\/\/sakaba.mghosteur.com\/en\/wp-json\/wp\/v2\/types\/product"}],"replies":[{"embeddable":true,"href":"https:\/\/sakaba.mghosteur.com\/en\/wp-json\/wp\/v2\/comments?post=34700"}],"version-history":[{"count":0,"href":"https:\/\/sakaba.mghosteur.com\/en\/wp-json\/wp\/v2\/product\/34700\/revisions"}],"wp:attachment":[{"href":"https:\/\/sakaba.mghosteur.com\/en\/wp-json\/wp\/v2\/media?parent=34700"}],"wp:term":[{"taxonomy":"product_brand","embeddable":true,"href":"https:\/\/sakaba.mghosteur.com\/en\/wp-json\/wp\/v2\/product_brand?post=34700"},{"taxonomy":"product_cat","embeddable":true,"href":"https:\/\/sakaba.mghosteur.com\/en\/wp-json\/wp\/v2\/product_cat?post=34700"},{"taxonomy":"product_tag","embeddable":true,"href":"https:\/\/sakaba.mghosteur.com\/en\/wp-json\/wp\/v2\/product_tag?post=34700"}],"curies":[{"name":"wp","href":"https:\/\/api.w.org\/{rel}","templated":true}]}}