{"id":34703,"date":"2024-05-30T15:08:04","date_gmt":"2024-05-30T15:08:04","guid":{"rendered":"https:\/\/sakaba.mghosteur.com\/?post_type=product&#038;p=34703"},"modified":"2024-06-03T12:05:04","modified_gmt":"2024-06-03T12:05:04","slug":"pro-kissr-lip-loving-scrubstick","status":"publish","type":"product","link":"https:\/\/sakaba.mghosteur.com\/en\/product\/pro-kissr-lip-loving-scrubstick\/","title":{"rendered":"PRO KISS\u2019R LIP-LOVING SCRUBSTICK"},"content":{"rendered":"","protected":false},"excerpt":{"rendered":"","protected":false},"featured_media":0,"comment_status":"open","ping_status":"closed","template":"","meta":[],"product_brand":[858],"product_cat":[305,289],"product_tag":[],"class_list":{"0":"post-34703","1":"product","2":"type-product","3":"status-publish","5":"product_brand-fenty","6":"product_cat-levres","7":"product_cat-aaa-maquillage","9":"first","10":"instock","11":"shipping-taxable","12":"product-type-simple"},"jetpack-related-posts":[{"id":23602,"url":"https:\/\/sakaba.mghosteur.com\/en\/product\/fenty-beauty-lip-loving-scrubstick\/","url_meta":{"origin":34703,"position":0},"title":"PRO KISS&#8217;R LIP-LOVING SCRUBSTICK","author":"admin","date":"November 2, 2022","format":false,"excerpt":"Le PRO KISS'R LIP-LOVING SCRUBSTICK est un stick exfoliant pour les l\u00e8vres qui vous donnera des l\u00e8vres douces et lisses en un rien de temps. Ce b\u00e2ton pratique contient des grains exfoliants de noyau d'abricot pour exfolier en douceur et nourrir les l\u00e8vres, sans le d\u00e9sordre des exfoliants traditionnels. Il\u2026","rel":"","context":"Similar post","block_context":{"text":"Similar post","link":""},"img":{"alt_text":"","src":"","width":0,"height":0},"classes":[]},{"id":34646,"url":"https:\/\/sakaba.mghosteur.com\/en\/product\/fenty-pro-kissr-coffret-soin-du-levres\/","url_meta":{"origin":34703,"position":1},"title":"FENTY PRO KISS&#8217;R COFFRET SOIN DU LEVRES","author":"admin","date":"May 30, 2024","format":false,"excerpt":"Fenty Beauty Pro Kiss'r Duo Scrubstick + Lip Balm Set est un\u00a0ensemble de deux produits essentiels pour\u00a0le soin des\u00a0l\u00e8vres.\u00a0Offrez\u00a0\u00e0 vos l\u00e8vres le traitement qu'elles m\u00e9ritent! Pr\u00e9parez vos l\u00e8vres en les exfoliant \u00e0 l'aide du Pro Kiss'r scrub pour les lisser instantan\u00e9ment. Faites les ensuite briller gr\u00e2ce au mini Pro Kiss'r\u2026","rel":"","context":"Similar post","block_context":{"text":"Similar post","link":""},"img":{"alt_text":"","src":"","width":0,"height":0},"classes":[]},{"id":34602,"url":"https:\/\/sakaba.mghosteur.com\/en\/product\/fenty-luscious-lip-balm-latte-lips\/","url_meta":{"origin":34703,"position":2},"title":"FENTY LUSCIOUS LIP BALM LATTE LIPS","author":"admin","date":"May 29, 2024","format":false,"excerpt":"Un baume \u00e0 l\u00e8vres cr\u00e9meux et hydratant dot\u00e9 d'un applicateur en forme de pied de biche moelleux qui lisse, adoucit et pr\u00e9pare vos l\u00e8vres pour des l\u00e8vres instantan\u00e9ment pulpeuses et dignes d'un baiser qui durent, dans des teintes transparentes con\u00e7ues pour tous les tons de peau. Description: Super cr\u00e9meux et\u2026","rel":"","context":"Similar post","block_context":{"text":"Similar post","link":""},"img":{"alt_text":"","src":"","width":0,"height":0},"classes":[]},{"id":34599,"url":"https:\/\/sakaba.mghosteur.com\/en\/product\/fenty-luscious-lip-balm-cocoa-drizzle\/","url_meta":{"origin":34703,"position":3},"title":"FENTY LUSCIOUS LIP BALM COCOA DRIZZLE","author":"admin","date":"May 29, 2024","format":false,"excerpt":"Un baume \u00e0 l\u00e8vres cr\u00e9meux et hydratant dot\u00e9 d'un applicateur en forme de pied de biche moelleux qui lisse, adoucit et pr\u00e9pare vos l\u00e8vres pour des l\u00e8vres instantan\u00e9ment pulpeuses et dignes d'un baiser qui durent, dans des teintes transparentes con\u00e7ues pour tous les tons de peau. Description: Super cr\u00e9meux et\u2026","rel":"","context":"Similar post","block_context":{"text":"Similar post","link":""},"img":{"alt_text":"","src":"","width":0,"height":0},"classes":[]},{"id":34754,"url":"https:\/\/sakaba.mghosteur.com\/en\/product\/lip-injection-power-plumping-lip-gloss\/","url_meta":{"origin":34703,"position":4},"title":"LIP INJECTION POWER PLUMPING LIP GLOSS","author":"admin","date":"May 31, 2024","format":false,"excerpt":"","rel":"","context":"Similar post","block_context":{"text":"Similar post","link":""},"img":{"alt_text":"","src":"","width":0,"height":0},"classes":[]},{"id":28834,"url":"https:\/\/sakaba.mghosteur.com\/en\/product\/vaseline-lip-therapy-rosy-lips-pink-lips\/","url_meta":{"origin":34703,"position":5},"title":"VASELINE LIP THERAPY ROSE MINI","author":"admin","date":"December 13, 2022","format":false,"excerpt":"D\u00e9couvrez Vaseline Lip Therapy Rosy Mini pour des l\u00e8vres plus douces, plus lisses et plus saines avec une touche de rose transparente. Sa formule non collante et son parfum de rose aident \u00e0 apaiser et \u00e0 soigner les l\u00e8vres s\u00e8ches en emprisonnant l'humidit\u00e9, pour des l\u00e8vres visiblement plus belles et\u2026","rel":"","context":"Similar post","block_context":{"text":"Similar post","link":""},"img":{"alt_text":"","src":"","width":0,"height":0},"classes":[]}],"_links":{"self":[{"href":"https:\/\/sakaba.mghosteur.com\/en\/wp-json\/wp\/v2\/product\/34703","targetHints":{"allow":["GET"]}}],"collection":[{"href":"https:\/\/sakaba.mghosteur.com\/en\/wp-json\/wp\/v2\/product"}],"about":[{"href":"https:\/\/sakaba.mghosteur.com\/en\/wp-json\/wp\/v2\/types\/product"}],"replies":[{"embeddable":true,"href":"https:\/\/sakaba.mghosteur.com\/en\/wp-json\/wp\/v2\/comments?post=34703"}],"version-history":[{"count":0,"href":"https:\/\/sakaba.mghosteur.com\/en\/wp-json\/wp\/v2\/product\/34703\/revisions"}],"wp:attachment":[{"href":"https:\/\/sakaba.mghosteur.com\/en\/wp-json\/wp\/v2\/media?parent=34703"}],"wp:term":[{"taxonomy":"product_brand","embeddable":true,"href":"https:\/\/sakaba.mghosteur.com\/en\/wp-json\/wp\/v2\/product_brand?post=34703"},{"taxonomy":"product_cat","embeddable":true,"href":"https:\/\/sakaba.mghosteur.com\/en\/wp-json\/wp\/v2\/product_cat?post=34703"},{"taxonomy":"product_tag","embeddable":true,"href":"https:\/\/sakaba.mghosteur.com\/en\/wp-json\/wp\/v2\/product_tag?post=34703"}],"curies":[{"name":"wp","href":"https:\/\/api.w.org\/{rel}","templated":true}]}}