{"id":34706,"date":"2024-05-30T15:08:53","date_gmt":"2024-05-30T15:08:53","guid":{"rendered":"https:\/\/sakaba.mghosteur.com\/?post_type=product&#038;p=34706"},"modified":"2024-09-01T03:27:15","modified_gmt":"2024-09-01T03:27:15","slug":"sephora-best-skin-ever-concealer-29y","status":"publish","type":"product","link":"https:\/\/sakaba.mghosteur.com\/en\/product\/sephora-best-skin-ever-concealer-29y\/","title":{"rendered":"SEPHORA BEST SKIN EVER  CONCEALER 29Y"},"content":{"rendered":"","protected":false},"excerpt":{"rendered":"","protected":false},"featured_media":0,"comment_status":"open","ping_status":"closed","template":"","meta":[],"product_brand":[966],"product_cat":[289,311],"product_tag":[],"class_list":{"0":"post-34706","1":"product","2":"type-product","3":"status-publish","5":"product_brand-sephora","6":"product_cat-aaa-maquillage","7":"product_cat-teint","9":"first","10":"instock","11":"shipping-taxable","12":"product-type-simple"},"jetpack-related-posts":[{"id":32679,"url":"https:\/\/sakaba.mghosteur.com\/en\/product\/sephora-best-skin-ever-fond-de-teint-44y\/","url_meta":{"origin":34706,"position":0},"title":"SEPHORA BEST SKIN EVER FOND DE TEINT 44Y","author":"admin","date":"May 15, 2024","format":false,"excerpt":"","rel":"","context":"Similar post","block_context":{"text":"Similar post","link":""},"img":{"alt_text":"","src":"","width":0,"height":0},"classes":[]},{"id":34709,"url":"https:\/\/sakaba.mghosteur.com\/en\/product\/sephora-best-skin-fond-de-teint-61p\/","url_meta":{"origin":34706,"position":1},"title":"SEPHORA BEST SKIN FOND DE TEINT 61P","author":"admin","date":"May 30, 2024","format":false,"excerpt":"","rel":"","context":"Similar post","block_context":{"text":"Similar post","link":""},"img":{"alt_text":"","src":"","width":0,"height":0},"classes":[]},{"id":32703,"url":"https:\/\/sakaba.mghosteur.com\/en\/product\/sephora-cream-lip-stain-90-sunrise-pink\/","url_meta":{"origin":34706,"position":2},"title":"Sephora Cream Lip Stain 90 Sunrise Pink","author":"admin","date":"May 15, 2024","format":false,"excerpt":"Ce rouge \u00e0 l\u00e8vres \u00e0 couvrance \u00e9lev\u00e9e est un best-seller qui glisse en douceur et se transforme d'une texture cr\u00e9meuse en une teinte soyeuse et l\u00e9g\u00e8re. Infus\u00e9e d'huile d'avocat, la formule longue tenue offre une couleur riche qui est confortable, ne colle jamais et ne dess\u00e8che pas les l\u00e8vres.","rel":"","context":"Similar post","block_context":{"text":"Similar post","link":""},"img":{"alt_text":"","src":"","width":0,"height":0},"classes":[]},{"id":22983,"url":"https:\/\/sakaba.mghosteur.com\/en\/product\/make-up-for-ever-matte-velvet-skin\/","url_meta":{"origin":34706,"position":3},"title":"Make Up For Ever Matte Velvet Skin","author":"admin","date":"October 25, 2022","format":false,"excerpt":"","rel":"","context":"Similar post","block_context":{"text":"Similar post","link":""},"img":{"alt_text":"","src":"","width":0,"height":0},"classes":[]},{"id":32714,"url":"https:\/\/sakaba.mghosteur.com\/en\/product\/sephora-eyeliner-noir\/","url_meta":{"origin":34706,"position":4},"title":"SEPHORA EYELINER NOIR","author":"admin","date":"May 15, 2024","format":false,"excerpt":"","rel":"","context":"Similar post","block_context":{"text":"Similar post","link":""},"img":{"alt_text":"","src":"","width":0,"height":0},"classes":[]},{"id":32706,"url":"https:\/\/sakaba.mghosteur.com\/en\/product\/sephora-ensemble-de-rasoir-pour-le-sourcils\/","url_meta":{"origin":34706,"position":5},"title":"SEPHORA ENSEMBLE DE RASOIR POUR LE SOURCILS","author":"admin","date":"May 15, 2024","format":false,"excerpt":"","rel":"","context":"Similar post","block_context":{"text":"Similar post","link":""},"img":{"alt_text":"","src":"","width":0,"height":0},"classes":[]}],"_links":{"self":[{"href":"https:\/\/sakaba.mghosteur.com\/en\/wp-json\/wp\/v2\/product\/34706","targetHints":{"allow":["GET"]}}],"collection":[{"href":"https:\/\/sakaba.mghosteur.com\/en\/wp-json\/wp\/v2\/product"}],"about":[{"href":"https:\/\/sakaba.mghosteur.com\/en\/wp-json\/wp\/v2\/types\/product"}],"replies":[{"embeddable":true,"href":"https:\/\/sakaba.mghosteur.com\/en\/wp-json\/wp\/v2\/comments?post=34706"}],"version-history":[{"count":0,"href":"https:\/\/sakaba.mghosteur.com\/en\/wp-json\/wp\/v2\/product\/34706\/revisions"}],"wp:attachment":[{"href":"https:\/\/sakaba.mghosteur.com\/en\/wp-json\/wp\/v2\/media?parent=34706"}],"wp:term":[{"taxonomy":"product_brand","embeddable":true,"href":"https:\/\/sakaba.mghosteur.com\/en\/wp-json\/wp\/v2\/product_brand?post=34706"},{"taxonomy":"product_cat","embeddable":true,"href":"https:\/\/sakaba.mghosteur.com\/en\/wp-json\/wp\/v2\/product_cat?post=34706"},{"taxonomy":"product_tag","embeddable":true,"href":"https:\/\/sakaba.mghosteur.com\/en\/wp-json\/wp\/v2\/product_tag?post=34706"}],"curies":[{"name":"wp","href":"https:\/\/api.w.org\/{rel}","templated":true}]}}