{"id":34712,"date":"2024-05-30T15:10:24","date_gmt":"2024-05-30T15:10:24","guid":{"rendered":"https:\/\/sakaba.mghosteur.com\/?post_type=product&#038;p=34712"},"modified":"2024-09-01T03:58:25","modified_gmt":"2024-09-01T03:58:25","slug":"sephora-eye-love-deep-warm-eyeshadow-palette","status":"publish","type":"product","link":"https:\/\/sakaba.mghosteur.com\/en\/product\/sephora-eye-love-deep-warm-eyeshadow-palette\/","title":{"rendered":"SEPHORA EYE LOVE DEEP WARM EYESHADOW PALETTE"},"content":{"rendered":"","protected":false},"excerpt":{"rendered":"","protected":false},"featured_media":0,"comment_status":"open","ping_status":"closed","template":"","meta":[],"product_brand":[966],"product_cat":[289,297],"product_tag":[],"class_list":{"0":"post-34712","1":"product","2":"type-product","3":"status-publish","5":"product_brand-sephora","6":"product_cat-aaa-maquillage","7":"product_cat-yeux","9":"first","10":"instock","11":"shipping-taxable","12":"product-type-simple"},"jetpack-related-posts":[{"id":32724,"url":"https:\/\/sakaba.mghosteur.com\/en\/product\/sephora-poudre-60-warm-toffee-caramel\/","url_meta":{"origin":34712,"position":0},"title":"Sephora poudre 60 WARM TOFFEE CARAMEL","author":"admin","date":"May 15, 2024","format":false,"excerpt":"","rel":"","context":"Similar post","block_context":{"text":"Similar post","link":""},"img":{"alt_text":"","src":"","width":0,"height":0},"classes":[]},{"id":33841,"url":"https:\/\/sakaba.mghosteur.com\/en\/product\/urban-decay-naked-heat-eyeshadow-palette\/","url_meta":{"origin":34712,"position":1},"title":"Urban Decay Naked Heat Eyeshadow Palette","author":"admin","date":"May 23, 2024","format":false,"excerpt":"","rel":"","context":"Similar post","block_context":{"text":"Similar post","link":""},"img":{"alt_text":"","src":"","width":0,"height":0},"classes":[]},{"id":32733,"url":"https:\/\/sakaba.mghosteur.com\/en\/product\/white-barn-warm-vanilla-sugar\/","url_meta":{"origin":34712,"position":2},"title":"WHITE BARN WARM VANILLA SUGAR","author":"admin","date":"May 15, 2024","format":false,"excerpt":"","rel":"","context":"Similar post","block_context":{"text":"Similar post","link":""},"img":{"alt_text":"","src":"","width":0,"height":0},"classes":[]},{"id":23509,"url":"https:\/\/sakaba.mghosteur.com\/en\/product\/hudabeauty-naughty-eyes-hadow-palette\/","url_meta":{"origin":34712,"position":3},"title":"HUDABEAUTY NAUGHTY EYES HADOW PALETTE","author":"admin","date":"October 31, 2022","format":false,"excerpt":"","rel":"","context":"Similar post","block_context":{"text":"Similar post","link":""},"img":{"alt_text":"","src":"","width":0,"height":0},"classes":[]},{"id":34736,"url":"https:\/\/sakaba.mghosteur.com\/en\/product\/born-this-way-the-natural-nudes-eye-shadow-palette\/","url_meta":{"origin":34712,"position":4},"title":"BORN THIS WAY THE NATURAL NUDES EYE SHADOW PALETTE","author":"admin","date":"May 31, 2024","format":false,"excerpt":"Une palette de fards \u00e0 paupi\u00e8res nudes modernes inspir\u00e9e des belles nuances des vrais tons de peau. Effets : Inspir\u00e9es de la magnifique collection de teintes de fond de teint Born This Way, ces 16 teintes de fards \u00e0 paupi\u00e8res nude modernes et hautement pigment\u00e9es vont des teintes mates flatteuses\u2026","rel":"","context":"Similar post","block_context":{"text":"Similar post","link":""},"img":{"alt_text":"","src":"","width":0,"height":0},"classes":[]},{"id":23479,"url":"https:\/\/sakaba.mghosteur.com\/en\/product\/juvias-eyeshadow\/","url_meta":{"origin":34712,"position":5},"title":"Juvia&#8217;s-Eyeshadow","author":"admin","date":"October 31, 2022","format":false,"excerpt":"","rel":"","context":"Similar post","block_context":{"text":"Similar post","link":""},"img":{"alt_text":"","src":"","width":0,"height":0},"classes":[]}],"_links":{"self":[{"href":"https:\/\/sakaba.mghosteur.com\/en\/wp-json\/wp\/v2\/product\/34712","targetHints":{"allow":["GET"]}}],"collection":[{"href":"https:\/\/sakaba.mghosteur.com\/en\/wp-json\/wp\/v2\/product"}],"about":[{"href":"https:\/\/sakaba.mghosteur.com\/en\/wp-json\/wp\/v2\/types\/product"}],"replies":[{"embeddable":true,"href":"https:\/\/sakaba.mghosteur.com\/en\/wp-json\/wp\/v2\/comments?post=34712"}],"version-history":[{"count":0,"href":"https:\/\/sakaba.mghosteur.com\/en\/wp-json\/wp\/v2\/product\/34712\/revisions"}],"wp:attachment":[{"href":"https:\/\/sakaba.mghosteur.com\/en\/wp-json\/wp\/v2\/media?parent=34712"}],"wp:term":[{"taxonomy":"product_brand","embeddable":true,"href":"https:\/\/sakaba.mghosteur.com\/en\/wp-json\/wp\/v2\/product_brand?post=34712"},{"taxonomy":"product_cat","embeddable":true,"href":"https:\/\/sakaba.mghosteur.com\/en\/wp-json\/wp\/v2\/product_cat?post=34712"},{"taxonomy":"product_tag","embeddable":true,"href":"https:\/\/sakaba.mghosteur.com\/en\/wp-json\/wp\/v2\/product_tag?post=34712"}],"curies":[{"name":"wp","href":"https:\/\/api.w.org\/{rel}","templated":true}]}}