{"id":34719,"date":"2024-05-30T15:23:42","date_gmt":"2024-05-30T15:23:42","guid":{"rendered":"https:\/\/sakaba.mghosteur.com\/?post_type=product&#038;p=34719"},"modified":"2024-08-18T04:50:05","modified_gmt":"2024-08-18T04:50:05","slug":"fenty-skin-cherry-dub-75ml","status":"publish","type":"product","link":"https:\/\/sakaba.mghosteur.com\/en\/product\/fenty-skin-cherry-dub-75ml\/","title":{"rendered":"FENTY SKIN CHERRY DUB 75ml"},"content":{"rendered":"<p>Le masque visage en gel\u00e9e \u00e9claircissant Fenty Skin Cherry Dub 75 ml utilise un complexe triple cerise et 5 % d&#8217;AHA pour clarifier et renouveler la peau. Il est non com\u00e9dog\u00e8ne et convient \u00e0 tous les types de peau.<\/p>\n<p>Passez d&#8217;une peau terne \u00e0 une peau \u00e9clatante en quelques minutes pour le coup de fouet instantan\u00e9 dont votre peau a besoin. Ce masque visage en gel\u00e9e \u00e9claircissant est la cerise sur le g\u00e2teau, avec le complexe Triple Cherry* et 5 % d&#8217;AHA qui clarifient et renouvellent, laissant la peau douce et lisse.<\/p>\n<p>Description:<\/p>\n<ul>\n<li>La texture unique de la gel\u00e9e exfolie en douceur<\/li>\n<\/ul>\n<ul>\n<li>\u00c9claircit instantan\u00e9ment la peau, sans irritation ni s\u00e9cheresse<\/li>\n<\/ul>\n<ul>\n<li>Lisse la texture de la peau pour une application impeccable du maquillage<\/li>\n<\/ul>\n<ul>\n<li>R\u00e9duit l&#8217;apparence des pores, des taches brunes, des ridules et des rides<\/li>\n<\/ul>\n<ul>\n<li>Laisse la peau rebondie et rebondie<\/li>\n<\/ul>\n<ul>\n<li>Infus\u00e9 d&#8217;un parfum juteux inspir\u00e9 de la cerise de la Barbade<\/li>\n<\/ul>","protected":false},"excerpt":{"rendered":"<p>Le masque visage en gel\u00e9e \u00e9claircissant Fenty Skin Cherry Dub 75 ml utilise un complexe triple cerise et 5 % d&#8217;AHA pour clarifier et renouveler la peau. Il est non com\u00e9dog\u00e8ne et convient \u00e0 tous les types de peau. Passez d&#8217;une peau terne \u00e0 une peau \u00e9clatante en quelques minutes pour le coup de fouet<span class=\"read-more-faq\"><a href=\"https:\/\/sakaba.mghosteur.com\/en\/product\/fenty-skin-cherry-dub-75ml\/\">Read More<\/a><\/span><\/p>","protected":false},"featured_media":0,"comment_status":"open","ping_status":"closed","template":"","meta":[],"product_brand":[858],"product_cat":[451,334],"product_tag":[],"class_list":{"0":"post-34719","1":"product","2":"type-product","3":"status-publish","5":"product_brand-fenty","6":"product_cat-aab-soin-du-visage","7":"product_cat-traitement-serum","9":"first","10":"instock","11":"shipping-taxable","12":"product-type-simple"},"jetpack-related-posts":[{"id":34609,"url":"https:\/\/sakaba.mghosteur.com\/en\/product\/fenty-nettoyant-en-profondeur-skin-cleanser\/","url_meta":{"origin":34719,"position":0},"title":"FENTY TOTAL CLEANS&#8217;R REMOVE-IT-ALL CLEANSER WITH BARBADOS CHERRY","author":"admin","date":"May 29, 2024","format":false,"excerpt":"Obtenez cette sensation de fra\u00eecheur et de propret\u00e9 avec notre nettoyant cr\u00e9meux moelleux qui affine l'apparence des pores et \u00e9limine instantan\u00e9ment la salet\u00e9, le s\u00e9bum et les impuret\u00e9s sans laisser de sensation de tiraillement sur la peau. B\u00e9n\u00e9fices Le Ginkgo Biloba aide \u00e0 \u00e9quilibrer les pores et \u00e0 lutter contre\u2026","rel":"","context":"Similar post","block_context":{"text":"Similar post","link":""},"img":{"alt_text":"","src":"","width":0,"height":0},"classes":[]},{"id":31451,"url":"https:\/\/sakaba.mghosteur.com\/en\/product\/numbuzin-vitamine-niacinamidee-concentrade-pad-5-180ml\/","url_meta":{"origin":34719,"position":1},"title":"NUMBUZIN VITAMINE NIACINAMIDEE CONCENTRADE PAD 5+ 180ml","author":"admin","date":"May 10, 2024","format":false,"excerpt":"D\u00e9couvrez le Numbuzin n\u00b05, un tampon concentr\u00e9 en vitamine niacinamide con\u00e7u pour laisser votre peau claire et revitalis\u00e9e. Sa formule \u00e9clairante associe habilement le glutathion, la niacinamide et la vitamine pour un effet optimal. Les tampons \u00e0 double face offrent un double effet : d'un c\u00f4t\u00e9, le glutathion lisse la\u2026","rel":"","context":"Similar post","block_context":{"text":"Similar post","link":""},"img":{"alt_text":"","src":"","width":0,"height":0},"classes":[]},{"id":26852,"url":"https:\/\/sakaba.mghosteur.com\/en\/product\/skin-perfecting-25aha-2bha-exfoliant-peel\/","url_meta":{"origin":34719,"position":2},"title":"SKIN PERFECTING 25%AHA +2%BHA EXFOLIANT PEEL","author":"admin","date":"November 28, 2022","format":false,"excerpt":"D\u00e9couvrez le Peeling Exfoliant 25% AHA + 2% BHA de la marque Paula's Choice, un gommage exfoliant multi-acides qui transformera votre peau en profondeur. Ce produit unique en son genre est con\u00e7u pour lisser les rides, affiner la texture de la peau, \u00e9claircir le teint et d\u00e9sobstruer les pores pour\u2026","rel":"","context":"Similar post","block_context":{"text":"Similar post","link":""},"img":{"alt_text":"","src":"","width":0,"height":0},"classes":[]},{"id":30023,"url":"https:\/\/sakaba.mghosteur.com\/en\/product\/jergens-cherry-almond-621ml\/","url_meta":{"origin":34719,"position":3},"title":"JERGENS CHERRY ALMOND 621ML","author":"admin","date":"May 2, 2023","format":false,"excerpt":"D\u00e9couvrez le secret pour une peau magnifiquement douce avec l'hydratant pour peau s\u00e8che Jergens, maintenant disponible en flacon de 21 oz (621 ml). Cette formule exclusive est enrichie d'un m\u00e9lange \u00e9claircissant HYDRALUCENCE\u00ae et d'essences naturelles de cerise et d'amande pour une hydratation longue dur\u00e9e qui adoucit et nourrit la peau.\u2026","rel":"","context":"Similar post","block_context":{"text":"Similar post","link":""},"img":{"alt_text":"","src":"","width":0,"height":0},"classes":[]},{"id":29602,"url":"https:\/\/sakaba.mghosteur.com\/en\/product\/fenty-skin-watch-ya-tone-niacinamide-dard-spot-ser\/","url_meta":{"origin":34719,"position":4},"title":"FENTY SKIN WATCH YA TONE NIACINAMIDE DARD SPOT SER","author":"admin","date":"April 10, 2023","format":false,"excerpt":"D\u00e9couvrez le s\u00e9rum WATCH YA TONE NIACINAMIDE DARK SPOT de la marque FENTY, un traitement cibl\u00e9 pour une peau uniforme et lumineuse. Les taches sombres ne sont plus un probl\u00e8me avec ce cocktail concentr\u00e9 d'ingr\u00e9dients anti-taches. En seulement une semaine, vous verrez une am\u00e9lioration de l'apparence de votre peau, qui\u2026","rel":"","context":"Similar post","block_context":{"text":"Similar post","link":""},"img":{"alt_text":"","src":"","width":0,"height":0},"classes":[]},{"id":29502,"url":"https:\/\/sakaba.mghosteur.com\/en\/product\/fenty-beauty-diamond-bomb-all-over-diamond-veil\/","url_meta":{"origin":34719,"position":5},"title":"FENTY BEAUTY DIAMOND BOMB ALL OVER DIAMOND VEIL","author":"admin","date":"April 7, 2023","format":false,"excerpt":"Nom du Produit : DIAMOND BOMB ALL-OVER DIAMOND VEIL Description : Le DIAMOND BOMB ALL-OVER DIAMOND VEIL est un enlumineur unique en son genre, saupoudr\u00e9 de diamants, qui s'applique comme un voile paillet\u00e9 3D, offrant une brillance pure et \u00e9poustouflante sur tout le visage et le corps. En savoir plus\u2026","rel":"","context":"Similar post","block_context":{"text":"Similar post","link":""},"img":{"alt_text":"","src":"","width":0,"height":0},"classes":[]}],"_links":{"self":[{"href":"https:\/\/sakaba.mghosteur.com\/en\/wp-json\/wp\/v2\/product\/34719","targetHints":{"allow":["GET"]}}],"collection":[{"href":"https:\/\/sakaba.mghosteur.com\/en\/wp-json\/wp\/v2\/product"}],"about":[{"href":"https:\/\/sakaba.mghosteur.com\/en\/wp-json\/wp\/v2\/types\/product"}],"replies":[{"embeddable":true,"href":"https:\/\/sakaba.mghosteur.com\/en\/wp-json\/wp\/v2\/comments?post=34719"}],"version-history":[{"count":0,"href":"https:\/\/sakaba.mghosteur.com\/en\/wp-json\/wp\/v2\/product\/34719\/revisions"}],"wp:attachment":[{"href":"https:\/\/sakaba.mghosteur.com\/en\/wp-json\/wp\/v2\/media?parent=34719"}],"wp:term":[{"taxonomy":"product_brand","embeddable":true,"href":"https:\/\/sakaba.mghosteur.com\/en\/wp-json\/wp\/v2\/product_brand?post=34719"},{"taxonomy":"product_cat","embeddable":true,"href":"https:\/\/sakaba.mghosteur.com\/en\/wp-json\/wp\/v2\/product_cat?post=34719"},{"taxonomy":"product_tag","embeddable":true,"href":"https:\/\/sakaba.mghosteur.com\/en\/wp-json\/wp\/v2\/product_tag?post=34719"}],"curies":[{"name":"wp","href":"https:\/\/api.w.org\/{rel}","templated":true}]}}