{"id":34736,"date":"2024-05-31T16:16:13","date_gmt":"2024-05-31T16:16:13","guid":{"rendered":"https:\/\/sakaba.mghosteur.com\/?post_type=product&#038;p=34736"},"modified":"2024-08-28T03:15:41","modified_gmt":"2024-08-28T03:15:41","slug":"born-this-way-the-natural-nudes-eye-shadow-palette","status":"publish","type":"product","link":"https:\/\/sakaba.mghosteur.com\/en\/product\/born-this-way-the-natural-nudes-eye-shadow-palette\/","title":{"rendered":"BORN THIS WAY THE NATURAL NUDES EYE SHADOW PALETTE"},"content":{"rendered":"<p>Une palette de fards \u00e0 paupi\u00e8res nudes modernes inspir\u00e9e des belles nuances des vrais tons de peau.<\/p>\n<p>Effets : Inspir\u00e9es de la magnifique collection de teintes de fond de teint Born This Way, ces 16 teintes de fards \u00e0 paupi\u00e8res nude modernes et hautement pigment\u00e9es vont des teintes mates flatteuses aux teintes m\u00e9talliques, scintillantes et scintillantes sensuelles pour un \u00e9clat sexy si naturel qu&#8217;elles vous feront penser que vous \u00eates Born This Way. Les ombres \u00e0 paupi\u00e8res cr\u00e9meuses et hautement pigment\u00e9es sont infus\u00e9es d&#8217;eau de coco, de rose des Alpes et d&#8217;acide hyaluronique. Elles offrent un r\u00e9sultat en un seul passage et sont faciles \u00e0 m\u00e9langer. La formule est infus\u00e9e d&#8217;eau de coco, de rose des Alpes et d&#8217;acide hyaluronique<\/p>","protected":false},"excerpt":{"rendered":"<p>Une palette de fards \u00e0 paupi\u00e8res nudes modernes inspir\u00e9e des belles nuances des vrais tons de peau. Effets : Inspir\u00e9es de la magnifique collection de teintes de fond de teint Born This Way, ces 16 teintes de fards \u00e0 paupi\u00e8res nude modernes et hautement pigment\u00e9es vont des teintes mates flatteuses aux teintes m\u00e9talliques, scintillantes et<span class=\"read-more-faq\"><a href=\"https:\/\/sakaba.mghosteur.com\/en\/product\/born-this-way-the-natural-nudes-eye-shadow-palette\/\">Read More<\/a><\/span><\/p>","protected":false},"featured_media":0,"comment_status":"open","ping_status":"closed","template":"","meta":[],"product_brand":[991],"product_cat":[289,297],"product_tag":[],"class_list":{"0":"post-34736","1":"product","2":"type-product","3":"status-publish","5":"product_brand-too-faced","6":"product_cat-aaa-maquillage","7":"product_cat-yeux","9":"first","10":"instock","11":"shipping-taxable","12":"product-type-simple"},"jetpack-related-posts":[],"_links":{"self":[{"href":"https:\/\/sakaba.mghosteur.com\/en\/wp-json\/wp\/v2\/product\/34736","targetHints":{"allow":["GET"]}}],"collection":[{"href":"https:\/\/sakaba.mghosteur.com\/en\/wp-json\/wp\/v2\/product"}],"about":[{"href":"https:\/\/sakaba.mghosteur.com\/en\/wp-json\/wp\/v2\/types\/product"}],"replies":[{"embeddable":true,"href":"https:\/\/sakaba.mghosteur.com\/en\/wp-json\/wp\/v2\/comments?post=34736"}],"version-history":[{"count":0,"href":"https:\/\/sakaba.mghosteur.com\/en\/wp-json\/wp\/v2\/product\/34736\/revisions"}],"wp:attachment":[{"href":"https:\/\/sakaba.mghosteur.com\/en\/wp-json\/wp\/v2\/media?parent=34736"}],"wp:term":[{"taxonomy":"product_brand","embeddable":true,"href":"https:\/\/sakaba.mghosteur.com\/en\/wp-json\/wp\/v2\/product_brand?post=34736"},{"taxonomy":"product_cat","embeddable":true,"href":"https:\/\/sakaba.mghosteur.com\/en\/wp-json\/wp\/v2\/product_cat?post=34736"},{"taxonomy":"product_tag","embeddable":true,"href":"https:\/\/sakaba.mghosteur.com\/en\/wp-json\/wp\/v2\/product_tag?post=34736"}],"curies":[{"name":"wp","href":"https:\/\/api.w.org\/{rel}","templated":true}]}}