{"id":34742,"date":"2024-05-31T16:19:46","date_gmt":"2024-05-31T16:19:46","guid":{"rendered":"https:\/\/sakaba.mghosteur.com\/?post_type=product&#038;p=34742"},"modified":"2024-06-03T11:45:29","modified_gmt":"2024-06-03T11:45:29","slug":"horny-goat-weed-1000mg-per-serving","status":"publish","type":"product","link":"https:\/\/sakaba.mghosteur.com\/en\/product\/horny-goat-weed-1000mg-per-serving\/","title":{"rendered":"HORNY GOAT WEED 1000MG PER SERVING"},"content":{"rendered":"","protected":false},"excerpt":{"rendered":"","protected":false},"featured_media":0,"comment_status":"open","ping_status":"closed","template":"","meta":[],"product_brand":[1090],"product_cat":[381],"product_tag":[],"class_list":{"0":"post-34742","1":"product","2":"type-product","3":"status-publish","5":"product_brand-natures-graft","6":"product_cat-vitamine-et-complements","8":"first","9":"instock","10":"shipping-taxable","11":"product-type-simple"},"jetpack-related-posts":[{"id":34775,"url":"https:\/\/sakaba.mghosteur.com\/en\/product\/natures-craft-horny-goat-weed\/","url_meta":{"origin":34742,"position":0},"title":"NATURES CRAFT HORNY GOAT WEED","author":"admin","date":"May 31, 2024","format":false,"excerpt":"","rel":"","context":"Similar post","block_context":{"text":"Similar post","link":""},"img":{"alt_text":"","src":"","width":0,"height":0},"classes":[]},{"id":25206,"url":"https:\/\/sakaba.mghosteur.com\/en\/product\/puritans-pride-c-1000mg-with-bioflavonoids\/","url_meta":{"origin":34742,"position":1},"title":"PURITAN&#8217;S PRIDE C 1000MG WITH BIOFLAVONOIDS","author":"admin","date":"November 14, 2022","format":false,"excerpt":"","rel":"","context":"Similar post","block_context":{"text":"Similar post","link":""},"img":{"alt_text":"","src":"","width":0,"height":0},"classes":[]},{"id":25557,"url":"https:\/\/sakaba.mghosteur.com\/en\/product\/goats-milk-company-soap-bar-with-coconut\/","url_meta":{"origin":34742,"position":2},"title":"GOATS MILK COMPANY SOAP BAR WITH COCONUT","author":"admin","date":"November 14, 2022","format":false,"excerpt":"","rel":"","context":"Similar post","block_context":{"text":"Similar post","link":""},"img":{"alt_text":"","src":"","width":0,"height":0},"classes":[]},{"id":23826,"url":"https:\/\/sakaba.mghosteur.com\/en\/product\/satin-skinz-hithion-plus\/","url_meta":{"origin":34742,"position":3},"title":"SATIN SKINZ HITHION PLUS","author":"admin","date":"November 8, 2022","format":false,"excerpt":"Le produit Satin Skinz Hithion Plus de la marque Satin Skin est une formule de blanchiment avanc\u00e9e, sp\u00e9cialement con\u00e7ue pour les peaux brunes \u00e0 tr\u00e8s fonc\u00e9es. Elle est dix fois plus puissante que le L-Glutathion et est formul\u00e9e avec des ingr\u00e9dients de haute qualit\u00e9 tels que la Pureway C, l'Appleh\u00e9non,\u2026","rel":"","context":"Similar post","block_context":{"text":"Similar post","link":""},"img":{"alt_text":"","src":"","width":0,"height":0},"classes":[]},{"id":25093,"url":"https:\/\/sakaba.mghosteur.com\/en\/product\/solgar-menopause-relief\/","url_meta":{"origin":34742,"position":4},"title":"SOLGAR MENOPAUSE RELIEF","author":"admin","date":"November 11, 2022","format":false,"excerpt":"Si vous cherchez un soulagement des sympt\u00f4mes de la m\u00e9nopause, les comprim\u00e9s de Soulagement de la M\u00e9nopause de Solgar\u00ae pourraient \u00eatre la solution que vous recherchez. Cette formule unique est con\u00e7ue pour aider \u00e0 soulager une gamme compl\u00e8te de sympt\u00f4mes physiques et \u00e9motionnels courants de la m\u00e9nopause, sans hormones. La\u2026","rel":"","context":"Similar post","block_context":{"text":"Similar post","link":""},"img":{"alt_text":"","src":"","width":0,"height":0},"classes":[]}],"_links":{"self":[{"href":"https:\/\/sakaba.mghosteur.com\/en\/wp-json\/wp\/v2\/product\/34742","targetHints":{"allow":["GET"]}}],"collection":[{"href":"https:\/\/sakaba.mghosteur.com\/en\/wp-json\/wp\/v2\/product"}],"about":[{"href":"https:\/\/sakaba.mghosteur.com\/en\/wp-json\/wp\/v2\/types\/product"}],"replies":[{"embeddable":true,"href":"https:\/\/sakaba.mghosteur.com\/en\/wp-json\/wp\/v2\/comments?post=34742"}],"version-history":[{"count":0,"href":"https:\/\/sakaba.mghosteur.com\/en\/wp-json\/wp\/v2\/product\/34742\/revisions"}],"wp:attachment":[{"href":"https:\/\/sakaba.mghosteur.com\/en\/wp-json\/wp\/v2\/media?parent=34742"}],"wp:term":[{"taxonomy":"product_brand","embeddable":true,"href":"https:\/\/sakaba.mghosteur.com\/en\/wp-json\/wp\/v2\/product_brand?post=34742"},{"taxonomy":"product_cat","embeddable":true,"href":"https:\/\/sakaba.mghosteur.com\/en\/wp-json\/wp\/v2\/product_cat?post=34742"},{"taxonomy":"product_tag","embeddable":true,"href":"https:\/\/sakaba.mghosteur.com\/en\/wp-json\/wp\/v2\/product_tag?post=34742"}],"curies":[{"name":"wp","href":"https:\/\/api.w.org\/{rel}","templated":true}]}}