{"id":34745,"date":"2024-05-31T16:21:37","date_gmt":"2024-05-31T16:21:37","guid":{"rendered":"https:\/\/sakaba.mghosteur.com\/?post_type=product&#038;p=34745"},"modified":"2024-09-01T02:41:52","modified_gmt":"2024-09-01T02:41:52","slug":"jamaican-black-castor-oil-gm","status":"publish","type":"product","link":"https:\/\/sakaba.mghosteur.com\/en\/product\/jamaican-black-castor-oil-gm\/","title":{"rendered":"SUNNY ISLE JAMAICAN BLACK CASTOR OIL GM"},"content":{"rendered":"<p><span>Sunny Isle The Original Jamaican Black Castor Oil is a hair oil that is made from pure Jamaican black castor seeds.<\/span><span><span class=\"Apple-converted-space\">&nbsp;<\/span><\/span><span>It is rich in nutrients such as omega fatty acids, vitamin E, and minerals, and is designed to moisturize dry hair, reduce breakage, and help repair damaged strands.<\/span><span><span class=\"Apple-converted-space\">&nbsp;<\/span><\/span><span>It has a medium consistency, a light ashy aroma, and a high ash content<\/span><\/p>","protected":false},"excerpt":{"rendered":"<p>Sunny Isle The Original Jamaican Black Castor Oil is a hair oil that is made from pure Jamaican black castor seeds.&nbsp;It is rich in nutrients such as omega fatty acids, vitamin E, and minerals, and is designed to moisturize dry hair, reduce breakage, and help repair damaged strands.&nbsp;It has a medium consistency, a light ashy<span class=\"read-more-faq\"><a href=\"https:\/\/sakaba.mghosteur.com\/en\/product\/jamaican-black-castor-oil-gm\/\">Read More<\/a><\/span><\/p>","protected":false},"featured_media":0,"comment_status":"open","ping_status":"closed","template":"","meta":[],"product_brand":[981],"product_cat":[284,1063],"product_tag":[],"class_list":{"0":"post-34745","1":"product","2":"type-product","3":"status-publish","5":"product_brand-sunny-isle","6":"product_cat-aad-cheveux","7":"product_cat-traitement-capilaire","9":"first","10":"instock","11":"shipping-taxable","12":"product-type-simple"},"jetpack-related-posts":[{"id":34748,"url":"https:\/\/sakaba.mghosteur.com\/en\/product\/jamaican-black-castor-oil-pm\/","url_meta":{"origin":34745,"position":0},"title":"JAMAICAN BLACK CASTOR OIL PM","author":"admin","date":"May 31, 2024","format":false,"excerpt":"","rel":"","context":"Similar post","block_context":{"text":"Similar post","link":""},"img":{"alt_text":"","src":"","width":0,"height":0},"classes":[]},{"id":26134,"url":"https:\/\/sakaba.mghosteur.com\/en\/product\/sunny-kle-extra-dark-hair-food-pomade\/","url_meta":{"origin":34745,"position":1},"title":"SUNNY ISLE EXTRA DARK HAIR FOOD POMADE","author":"admin","date":"November 24, 2022","format":false,"excerpt":"La pommade capillaire Sunny Isle Extra Dark Jamaican Black Castor Oil est une pommade 100 % naturelle qui peut hydrater le cuir chevelu sec, pr\u00e9venir la casse des cheveux et lutter contre les pellicules. Elle convient \u00e9galement aux cheveux naturels ou en transition et peut ajouter de la d\u00e9finition et\u2026","rel":"","context":"Similar post","block_context":{"text":"Similar post","link":""},"img":{"alt_text":"","src":"","width":0,"height":0},"classes":[]},{"id":26143,"url":"https:\/\/sakaba.mghosteur.com\/en\/product\/sunny-kle-jamaicain-black-castor-oil\/","url_meta":{"origin":34745,"position":2},"title":"SUNNY ISLE JAMAICAIN BLACK CASTOR OIL","author":"admin","date":"November 24, 2022","format":false,"excerpt":"L'huile de ricin noire jama\u00efcaine Sunny Isle est une huile de ricin noire 100 % naturelle de Jama\u00efque formul\u00e9e pour donner force et nutrition aux cheveux ab\u00eem\u00e9s. Elle est fabriqu\u00e9e \u00e0 partir de graines de ricin biologiques qui sont torr\u00e9fi\u00e9es et moulues par un broyeur manuel, puis bouillies pour en\u2026","rel":"","context":"Similar post","block_context":{"text":"Similar post","link":""},"img":{"alt_text":"","src":"","width":0,"height":0},"classes":[]},{"id":34733,"url":"https:\/\/sakaba.mghosteur.com\/en\/product\/black-castor-oil-shampoo\/","url_meta":{"origin":34745,"position":3},"title":"BLACK CASTOR OIL SHAMPOO","author":"admin","date":"May 31, 2024","format":false,"excerpt":"","rel":"","context":"Similar post","block_context":{"text":"Similar post","link":""},"img":{"alt_text":"","src":"","width":0,"height":0},"classes":[]},{"id":26136,"url":"https:\/\/sakaba.mghosteur.com\/en\/product\/sunny-kle-black-castor-oil-intensive-repair-masque\/","url_meta":{"origin":34745,"position":4},"title":"SUNNY ISLE BLACK CASTOR OIL INTENSIVE REPAIR MASQUE","author":"admin","date":"November 24, 2022","format":false,"excerpt":"Ce traitement p\u00e9n\u00e9trant en profondeur est un puissant m\u00e9lange d'ingr\u00e9dients naturels, infus\u00e9 d'huile de ricin noire jama\u00efcaine pour hydrater et nourrir votre cuir chevelu ; laissant vos cheveux plus doux, plus sains et plus forts.","rel":"","context":"Similar post","block_context":{"text":"Similar post","link":""},"img":{"alt_text":"","src":"","width":0,"height":0},"classes":[]},{"id":25756,"url":"https:\/\/sakaba.mghosteur.com\/en\/product\/okay-black-jamaican-castor-oil-leave-in-conditioner\/","url_meta":{"origin":34745,"position":5},"title":"OKAY BLACK JAMAICAN CASTOR OIL  LEAVE IN CONDITIONER","author":"admin","date":"November 22, 2022","format":false,"excerpt":"","rel":"","context":"Similar post","block_context":{"text":"Similar post","link":""},"img":{"alt_text":"","src":"","width":0,"height":0},"classes":[]}],"_links":{"self":[{"href":"https:\/\/sakaba.mghosteur.com\/en\/wp-json\/wp\/v2\/product\/34745","targetHints":{"allow":["GET"]}}],"collection":[{"href":"https:\/\/sakaba.mghosteur.com\/en\/wp-json\/wp\/v2\/product"}],"about":[{"href":"https:\/\/sakaba.mghosteur.com\/en\/wp-json\/wp\/v2\/types\/product"}],"replies":[{"embeddable":true,"href":"https:\/\/sakaba.mghosteur.com\/en\/wp-json\/wp\/v2\/comments?post=34745"}],"version-history":[{"count":0,"href":"https:\/\/sakaba.mghosteur.com\/en\/wp-json\/wp\/v2\/product\/34745\/revisions"}],"wp:attachment":[{"href":"https:\/\/sakaba.mghosteur.com\/en\/wp-json\/wp\/v2\/media?parent=34745"}],"wp:term":[{"taxonomy":"product_brand","embeddable":true,"href":"https:\/\/sakaba.mghosteur.com\/en\/wp-json\/wp\/v2\/product_brand?post=34745"},{"taxonomy":"product_cat","embeddable":true,"href":"https:\/\/sakaba.mghosteur.com\/en\/wp-json\/wp\/v2\/product_cat?post=34745"},{"taxonomy":"product_tag","embeddable":true,"href":"https:\/\/sakaba.mghosteur.com\/en\/wp-json\/wp\/v2\/product_tag?post=34745"}],"curies":[{"name":"wp","href":"https:\/\/api.w.org\/{rel}","templated":true}]}}