{"id":34751,"date":"2024-05-31T16:23:50","date_gmt":"2024-05-31T16:23:50","guid":{"rendered":"https:\/\/sakaba.mghosteur.com\/?post_type=product&#038;p=34751"},"modified":"2024-06-03T11:36:04","modified_gmt":"2024-06-03T11:36:04","slug":"lancome-paris-monsieur-big-mascara","status":"publish","type":"product","link":"https:\/\/sakaba.mghosteur.com\/en\/product\/lancome-paris-monsieur-big-mascara\/","title":{"rendered":"LANCOME PARIS MONSIEUR BIG MASCARA"},"content":{"rendered":"","protected":false},"excerpt":{"rendered":"","protected":false},"featured_media":0,"comment_status":"open","ping_status":"closed","template":"","meta":[],"product_brand":[902],"product_cat":[305,289],"product_tag":[],"class_list":{"0":"post-34751","1":"product","2":"type-product","3":"status-publish","5":"product_brand-lancome","6":"product_cat-levres","7":"product_cat-aaa-maquillage","9":"first","10":"instock","11":"shipping-taxable","12":"product-type-simple"},"jetpack-related-posts":[{"id":27805,"url":"https:\/\/sakaba.mghosteur.com\/en\/product\/lancome-advanced-genifique-anti-aging-face-serum-1-7-oz\/","url_meta":{"origin":34751,"position":0},"title":"Lancome Advanced G\u00e9nifique Anti-Aging Face Serum, 1.7 oz.","author":"admin","date":"November 29, 2022","format":false,"excerpt":"","rel":"","context":"Similar post","block_context":{"text":"Similar post","link":""},"img":{"alt_text":"","src":"","width":0,"height":0},"classes":[]},{"id":24498,"url":"https:\/\/sakaba.mghosteur.com\/en\/product\/la-colors-hd-waterproof-mascara\/","url_meta":{"origin":34751,"position":1},"title":"LA Colors HD Waterproof Mascara","author":"admin","date":"November 10, 2022","format":false,"excerpt":"","rel":"","context":"Similar post","block_context":{"text":"Similar post","link":""},"img":{"alt_text":"","src":"","width":0,"height":0},"classes":[]},{"id":24508,"url":"https:\/\/sakaba.mghosteur.com\/en\/product\/la-colors-drama-lash-mascara\/","url_meta":{"origin":34751,"position":2},"title":"LA Colors Drama Lash Mascara","author":"admin","date":"November 10, 2022","format":false,"excerpt":"","rel":"","context":"Similar post","block_context":{"text":"Similar post","link":""},"img":{"alt_text":"","src":"","width":0,"height":0},"classes":[]},{"id":34487,"url":"https:\/\/sakaba.mghosteur.com\/en\/product\/fenty-beauty-mascara-volumateur-hella-thicc\/","url_meta":{"origin":34751,"position":3},"title":"FENTY BEAUTY MASCARA VOLUMATEUR HELLA THICC","author":"admin","date":"May 29, 2024","format":false,"excerpt":"Obtenez des cils \u00e9pais et rehauss\u00e9s avec ce mascara longue tenue. La formule noire ultra-cr\u00e9meuse est dot\u00e9e d'une brosse qui recouvre chaque cil pour un effet extravagant.","rel":"","context":"Similar post","block_context":{"text":"Similar post","link":""},"img":{"alt_text":"","src":"","width":0,"height":0},"classes":[]},{"id":25023,"url":"https:\/\/sakaba.mghosteur.com\/en\/product\/bobbi-brown-smokey-eye-mascara\/","url_meta":{"origin":34751,"position":4},"title":"Bobbi Brown Smokey Eye Mascara","author":"admin","date":"November 11, 2022","format":false,"excerpt":"","rel":"","context":"Similar post","block_context":{"text":"Similar post","link":""},"img":{"alt_text":"","src":"","width":0,"height":0},"classes":[]},{"id":24505,"url":"https:\/\/sakaba.mghosteur.com\/en\/product\/la-colors-drama-x-volume-mascara\/","url_meta":{"origin":34751,"position":5},"title":"LA Colors Drama X Volume Mascara","author":"admin","date":"November 10, 2022","format":false,"excerpt":"","rel":"","context":"Similar post","block_context":{"text":"Similar post","link":""},"img":{"alt_text":"","src":"","width":0,"height":0},"classes":[]}],"_links":{"self":[{"href":"https:\/\/sakaba.mghosteur.com\/en\/wp-json\/wp\/v2\/product\/34751","targetHints":{"allow":["GET"]}}],"collection":[{"href":"https:\/\/sakaba.mghosteur.com\/en\/wp-json\/wp\/v2\/product"}],"about":[{"href":"https:\/\/sakaba.mghosteur.com\/en\/wp-json\/wp\/v2\/types\/product"}],"replies":[{"embeddable":true,"href":"https:\/\/sakaba.mghosteur.com\/en\/wp-json\/wp\/v2\/comments?post=34751"}],"version-history":[{"count":0,"href":"https:\/\/sakaba.mghosteur.com\/en\/wp-json\/wp\/v2\/product\/34751\/revisions"}],"wp:attachment":[{"href":"https:\/\/sakaba.mghosteur.com\/en\/wp-json\/wp\/v2\/media?parent=34751"}],"wp:term":[{"taxonomy":"product_brand","embeddable":true,"href":"https:\/\/sakaba.mghosteur.com\/en\/wp-json\/wp\/v2\/product_brand?post=34751"},{"taxonomy":"product_cat","embeddable":true,"href":"https:\/\/sakaba.mghosteur.com\/en\/wp-json\/wp\/v2\/product_cat?post=34751"},{"taxonomy":"product_tag","embeddable":true,"href":"https:\/\/sakaba.mghosteur.com\/en\/wp-json\/wp\/v2\/product_tag?post=34751"}],"curies":[{"name":"wp","href":"https:\/\/api.w.org\/{rel}","templated":true}]}}