{"id":34778,"date":"2024-05-31T16:46:03","date_gmt":"2024-05-31T16:46:03","guid":{"rendered":"https:\/\/sakaba.mghosteur.com\/?post_type=product&#038;p=34778"},"modified":"2024-06-03T11:37:12","modified_gmt":"2024-06-03T11:37:12","slug":"too-faced-born-this-matte-foundation-golden-24-hour","status":"publish","type":"product","link":"https:\/\/sakaba.mghosteur.com\/en\/product\/too-faced-born-this-matte-foundation-golden-24-hour\/","title":{"rendered":"TOO FACED BORN THIS MATTE FOUNDATION GOLDEN 24 HOUR"},"content":{"rendered":"","protected":false},"excerpt":{"rendered":"","protected":false},"featured_media":0,"comment_status":"open","ping_status":"closed","template":"","meta":[],"product_brand":[991],"product_cat":[289,311],"product_tag":[],"class_list":{"0":"post-34778","1":"product","2":"type-product","3":"status-publish","5":"product_brand-too-faced","6":"product_cat-aaa-maquillage","7":"product_cat-teint","9":"first","10":"instock","11":"shipping-taxable","12":"product-type-simple"},"jetpack-related-posts":[{"id":34781,"url":"https:\/\/sakaba.mghosteur.com\/en\/product\/too-faced-born-this-matte-foundation-golden-beige-24-hour\/","url_meta":{"origin":34778,"position":0},"title":"TOO FACED BORN THIS MATTE FOUNDATION GOLDEN BEIGE 24 HOUR","author":"admin","date":"May 31, 2024","format":false,"excerpt":"","rel":"","context":"Similar post","block_context":{"text":"Similar post","link":""},"img":{"alt_text":"","src":"","width":0,"height":0},"classes":[]},{"id":34784,"url":"https:\/\/sakaba.mghosteur.com\/en\/product\/too-faced-born-this-matte-foundation-honey\/","url_meta":{"origin":34778,"position":1},"title":"TOO FACED BORN THIS MATTE FOUNDATION HONEY","author":"admin","date":"May 31, 2024","format":false,"excerpt":"","rel":"","context":"Similar post","block_context":{"text":"Similar post","link":""},"img":{"alt_text":"","src":"","width":0,"height":0},"classes":[]},{"id":23043,"url":"https:\/\/sakaba.mghosteur.com\/en\/product\/too-faced-born-this-way-complexion-powder\/","url_meta":{"origin":34778,"position":2},"title":"TOO FACED BORN THIS WAY COMPLEXION POWDER","author":"admin","date":"October 25, 2022","format":false,"excerpt":"","rel":"","context":"Similar post","block_context":{"text":"Similar post","link":""},"img":{"alt_text":"","src":"","width":0,"height":0},"classes":[]},{"id":34736,"url":"https:\/\/sakaba.mghosteur.com\/en\/product\/born-this-way-the-natural-nudes-eye-shadow-palette\/","url_meta":{"origin":34778,"position":3},"title":"BORN THIS WAY THE NATURAL NUDES EYE SHADOW PALETTE","author":"admin","date":"May 31, 2024","format":false,"excerpt":"Une palette de fards \u00e0 paupi\u00e8res nudes modernes inspir\u00e9e des belles nuances des vrais tons de peau. Effets : Inspir\u00e9es de la magnifique collection de teintes de fond de teint Born This Way, ces 16 teintes de fards \u00e0 paupi\u00e8res nude modernes et hautement pigment\u00e9es vont des teintes mates flatteuses\u2026","rel":"","context":"Similar post","block_context":{"text":"Similar post","link":""},"img":{"alt_text":"","src":"","width":0,"height":0},"classes":[]},{"id":33762,"url":"https:\/\/sakaba.mghosteur.com\/en\/product\/bobbi-brown-skin-long-wear-weightless-foundation-s-6-golden\/","url_meta":{"origin":34778,"position":4},"title":"Bobbi Brown Skin Long-Wear Weightless Foundation S 6-Golden","author":"admin","date":"May 23, 2024","format":false,"excerpt":"","rel":"","context":"Similar post","block_context":{"text":"Similar post","link":""},"img":{"alt_text":"","src":"","width":0,"height":0},"classes":[]},{"id":24564,"url":"https:\/\/sakaba.mghosteur.com\/en\/product\/too-faced-better-than-sex-mascara-80ml\/","url_meta":{"origin":34778,"position":5},"title":"TOO FACED BETTER THAN SEX MASCARA 80ML","author":"admin","date":"November 10, 2022","format":false,"excerpt":"","rel":"","context":"Similar post","block_context":{"text":"Similar post","link":""},"img":{"alt_text":"","src":"","width":0,"height":0},"classes":[]}],"_links":{"self":[{"href":"https:\/\/sakaba.mghosteur.com\/en\/wp-json\/wp\/v2\/product\/34778","targetHints":{"allow":["GET"]}}],"collection":[{"href":"https:\/\/sakaba.mghosteur.com\/en\/wp-json\/wp\/v2\/product"}],"about":[{"href":"https:\/\/sakaba.mghosteur.com\/en\/wp-json\/wp\/v2\/types\/product"}],"replies":[{"embeddable":true,"href":"https:\/\/sakaba.mghosteur.com\/en\/wp-json\/wp\/v2\/comments?post=34778"}],"version-history":[{"count":0,"href":"https:\/\/sakaba.mghosteur.com\/en\/wp-json\/wp\/v2\/product\/34778\/revisions"}],"wp:attachment":[{"href":"https:\/\/sakaba.mghosteur.com\/en\/wp-json\/wp\/v2\/media?parent=34778"}],"wp:term":[{"taxonomy":"product_brand","embeddable":true,"href":"https:\/\/sakaba.mghosteur.com\/en\/wp-json\/wp\/v2\/product_brand?post=34778"},{"taxonomy":"product_cat","embeddable":true,"href":"https:\/\/sakaba.mghosteur.com\/en\/wp-json\/wp\/v2\/product_cat?post=34778"},{"taxonomy":"product_tag","embeddable":true,"href":"https:\/\/sakaba.mghosteur.com\/en\/wp-json\/wp\/v2\/product_tag?post=34778"}],"curies":[{"name":"wp","href":"https:\/\/api.w.org\/{rel}","templated":true}]}}