{"id":34830,"date":"2024-06-03T16:00:13","date_gmt":"2024-06-03T16:00:13","guid":{"rendered":"https:\/\/sakaba.mghosteur.com\/?post_type=product&#038;p=34830"},"modified":"2024-06-03T16:59:00","modified_gmt":"2024-06-03T16:59:00","slug":"akira-tranexamic-acid-cream-5w-w-20g","status":"publish","type":"product","link":"https:\/\/sakaba.mghosteur.com\/en\/product\/akira-tranexamic-acid-cream-5w-w-20g\/","title":{"rendered":"AKIRA TRANEXAMIC ACID CREAM 5%W W 20G"},"content":{"rendered":"","protected":false},"excerpt":{"rendered":"","protected":false},"featured_media":0,"comment_status":"open","ping_status":"closed","template":"","meta":[],"product_brand":[1092],"product_cat":[335,451,334],"product_tag":[],"class_list":{"0":"post-34830","1":"product","2":"type-product","3":"status-publish","5":"product_brand-akira","6":"product_cat-serum-visage","7":"product_cat-aab-soin-du-visage","8":"product_cat-traitement-serum","10":"first","11":"instock","12":"shipping-taxable","13":"product-type-simple"},"jetpack-related-posts":[{"id":26574,"url":"https:\/\/sakaba.mghosteur.com\/en\/product\/azelaic-acid-cream-20w-w-aziderm\/","url_meta":{"origin":34830,"position":0},"title":"AZELAIC ACID CREAM 20%W\/W AZIDERM","author":"admin","date":"November 25, 2022","format":false,"excerpt":"","rel":"","context":"Similar post","block_context":{"text":"Similar post","link":""},"img":{"alt_text":"","src":"","width":0,"height":0},"classes":[]},{"id":26198,"url":"https:\/\/sakaba.mghosteur.com\/en\/product\/tranexamic-topical-acid-5\/","url_meta":{"origin":34830,"position":1},"title":"TRANEXAMIC TOPICAL ACID 5%","author":"admin","date":"November 24, 2022","format":false,"excerpt":"","rel":"","context":"Similar post","block_context":{"text":"Similar post","link":""},"img":{"alt_text":"","src":"","width":0,"height":0},"classes":[]},{"id":26364,"url":"https:\/\/sakaba.mghosteur.com\/en\/product\/naturium-multi-bright-tranexamic-acid-treatment-5\/","url_meta":{"origin":34830,"position":2},"title":"NATURIUM MULTI BRIGHT TRANEXAMIC ACID TREATMENT 5%","author":"admin","date":"November 25, 2022","format":false,"excerpt":"Le s\u00e9rum topique \u00e0 l'acide tranexamique est formul\u00e9 avec un niveau puissant d'acide tranexamique, ainsi que de l'acide kojique, de la niacinamide et de l'extrait de racine de r\u00e9glisse pour aider \u00e0 att\u00e9nuer l'apparence des taches brunes, pour une peau plus lumineuse. Il est cliniquement prouv\u00e9 que notre acide topique\u2026","rel":"","context":"Similar post","block_context":{"text":"Similar post","link":""},"img":{"alt_text":"","src":"","width":0,"height":0},"classes":[]},{"id":26263,"url":"https:\/\/sakaba.mghosteur.com\/en\/product\/belo-kojic-acid-tranexamic-acid\/","url_meta":{"origin":34830,"position":3},"title":"BELO KOJIC ACID +TRANEXAMIC ACID","author":"admin","date":"November 24, 2022","format":false,"excerpt":"","rel":"","context":"Similar post","block_context":{"text":"Similar post","link":""},"img":{"alt_text":"","src":"","width":0,"height":0},"classes":[]},{"id":26271,"url":"https:\/\/sakaba.mghosteur.com\/en\/product\/belo-kojic-acid-tranexamic-acid-2\/","url_meta":{"origin":34830,"position":4},"title":"BELO KOJIC ACID +TRANEXAMIC ACID","author":"admin","date":"November 24, 2022","format":false,"excerpt":"","rel":"","context":"Similar post","block_context":{"text":"Similar post","link":""},"img":{"alt_text":"","src":"","width":0,"height":0},"classes":[]},{"id":26277,"url":"https:\/\/sakaba.mghosteur.com\/en\/product\/belo-kojic-acid-tranexamic-acid-copy\/","url_meta":{"origin":34830,"position":5},"title":"BELO KOJIC ACID +TRANEXAMIC ACID (Copy)","author":"admin","date":"November 24, 2022","format":false,"excerpt":"","rel":"","context":"Similar post","block_context":{"text":"Similar post","link":""},"img":{"alt_text":"","src":"","width":0,"height":0},"classes":[]}],"_links":{"self":[{"href":"https:\/\/sakaba.mghosteur.com\/en\/wp-json\/wp\/v2\/product\/34830","targetHints":{"allow":["GET"]}}],"collection":[{"href":"https:\/\/sakaba.mghosteur.com\/en\/wp-json\/wp\/v2\/product"}],"about":[{"href":"https:\/\/sakaba.mghosteur.com\/en\/wp-json\/wp\/v2\/types\/product"}],"replies":[{"embeddable":true,"href":"https:\/\/sakaba.mghosteur.com\/en\/wp-json\/wp\/v2\/comments?post=34830"}],"version-history":[{"count":0,"href":"https:\/\/sakaba.mghosteur.com\/en\/wp-json\/wp\/v2\/product\/34830\/revisions"}],"wp:attachment":[{"href":"https:\/\/sakaba.mghosteur.com\/en\/wp-json\/wp\/v2\/media?parent=34830"}],"wp:term":[{"taxonomy":"product_brand","embeddable":true,"href":"https:\/\/sakaba.mghosteur.com\/en\/wp-json\/wp\/v2\/product_brand?post=34830"},{"taxonomy":"product_cat","embeddable":true,"href":"https:\/\/sakaba.mghosteur.com\/en\/wp-json\/wp\/v2\/product_cat?post=34830"},{"taxonomy":"product_tag","embeddable":true,"href":"https:\/\/sakaba.mghosteur.com\/en\/wp-json\/wp\/v2\/product_tag?post=34830"}],"curies":[{"name":"wp","href":"https:\/\/api.w.org\/{rel}","templated":true}]}}