{"id":34857,"date":"2024-06-03T16:20:28","date_gmt":"2024-06-03T16:20:28","guid":{"rendered":"https:\/\/sakaba.mghosteur.com\/?post_type=product&#038;p=34857"},"modified":"2024-08-08T02:35:33","modified_gmt":"2024-08-08T02:35:33","slug":"glow-recipe-guava-vitamin-c-dark-spot-serum","status":"publish","type":"product","link":"https:\/\/sakaba.mghosteur.com\/en\/product\/glow-recipe-guava-vitamin-c-dark-spot-serum\/","title":{"rendered":"GLOW RECIPE  GUAVA VITAMIN C DARK SPOT SERUM"},"content":{"rendered":"","protected":false},"excerpt":{"rendered":"","protected":false},"featured_media":0,"comment_status":"open","ping_status":"closed","template":"","meta":[],"product_brand":[867],"product_cat":[293,291,331,451],"product_tag":[],"class_list":{"0":"post-34857","1":"product","2":"type-product","3":"status-publish","5":"product_brand-glow-recipe","6":"product_cat-anti-taches","7":"product_cat-eclaircissant","8":"product_cat-hydratant-visage","9":"product_cat-aab-soin-du-visage","11":"first","12":"instock","13":"shipping-taxable","14":"product-type-simple"},"jetpack-related-posts":[{"id":27997,"url":"https:\/\/sakaba.mghosteur.com\/en\/product\/biossance-squalane-vitamin-c-dark-spot-serum\/","url_meta":{"origin":34857,"position":0},"title":"BIOSSANCE SQUALANE +VITAMIN C DARK SPOT SERUM","author":"admin","date":"November 29, 2022","format":false,"excerpt":"Ce s\u00e9rum, un traitement cibl\u00e9 \u00e0 10 % de vitamine C, illumine visiblement instantan\u00e9ment tout en agissant au fil du temps pour dissoudre la pigmentation et pr\u00e9venir une nouvelle d\u00e9coloration. R\u00e9sultats rapides, puissants et durables. Ce s\u00e9rum unique en son genre offre des r\u00e9sultats plus rapides, plus puissants et plus\u2026","rel":"","context":"Similar post","block_context":{"text":"Similar post","link":""},"img":{"alt_text":"","src":"","width":0,"height":0},"classes":[]},{"id":27908,"url":"https:\/\/sakaba.mghosteur.com\/en\/product\/green-tangerine-vita-c-dark-spot-serum\/","url_meta":{"origin":34857,"position":1},"title":"GREEN TANGERINE VITA C DARK SPOT SERUM+","author":"admin","date":"November 29, 2022","format":false,"excerpt":"Le s\u00e9rum anti-taches brunes \u00e0 la vitamine C contient un puissant m\u00e9lange de 70 % d'extrait de mandarine verte fra\u00eeche, de 4 % de niacinamide et d'arbutine. Les mandarines vertes sont riches en antioxydants et contiennent 10 fois plus de vitamine C que les citrons. Gr\u00e2ce \u00e0 ce fruit, notre\u2026","rel":"","context":"Similar post","block_context":{"text":"Similar post","link":""},"img":{"alt_text":"","src":"","width":0,"height":0},"classes":[]},{"id":24733,"url":"https:\/\/sakaba.mghosteur.com\/en\/product\/differin-dark-spot-correcting-serum\/","url_meta":{"origin":34857,"position":2},"title":"DIFFERIN DARK SPOT CORRECTING SERUM","author":"admin","date":"November 10, 2022","format":false,"excerpt":"Le s\u00e9rum correcteur de taches brunes Differin est un s\u00e9rum pour le visage qui aide \u00e0 r\u00e9duire l'apparence des marques post-acn\u00e9, de l'hyperpigmentation, des taches, des taches de vieillesse et m\u00eame des taches de rousseur. Il contient 4 % de niacinamide, un ingr\u00e9dient \u00e9claircissant cliniquement prouv\u00e9. Il contient \u00e9galement de\u2026","rel":"","context":"Similar post","block_context":{"text":"Similar post","link":""},"img":{"alt_text":"","src":"","width":0,"height":0},"classes":[]},{"id":34863,"url":"https:\/\/sakaba.mghosteur.com\/en\/product\/glow-recipe-plum-plump-hyaluronic-serum\/","url_meta":{"origin":34857,"position":3},"title":"GLOW RECIPE PLUM PLUMP HYALURONIC SERUM","author":"admin","date":"June 3, 2024","format":false,"excerpt":"","rel":"","context":"Similar post","block_context":{"text":"Similar post","link":""},"img":{"alt_text":"","src":"","width":0,"height":0},"classes":[]},{"id":27345,"url":"https:\/\/sakaba.mghosteur.com\/en\/product\/algenist-blue-algae-vitamin-c-dark-spot\/","url_meta":{"origin":34857,"position":4},"title":"ALGENIST BLUE ALGAE VITAMIN C DARK SPOT","author":"admin","date":"November 29, 2022","format":false,"excerpt":"Un puissant peeling resurfa\u00e7ant et exfoliant infus\u00e9 de vitamine C exclusive d'algues bleues, d'un complexe triple acide, d'un m\u00e9lange d'AHA, de BHA et de PHA pour aider \u00e0 r\u00e9duire l'apparence des taches brunes, des d\u00e9colorations, des imperfections et des imperfections - r\u00e9v\u00e9lant un teint lisse, radieux et uniforme.","rel":"","context":"Similar post","block_context":{"text":"Similar post","link":""},"img":{"alt_text":"","src":"","width":0,"height":0},"classes":[]},{"id":26926,"url":"https:\/\/sakaba.mghosteur.com\/en\/product\/kiehls-clearly-corrective-dark-spot-solution\/","url_meta":{"origin":34857,"position":5},"title":"KIEHL&#8217;S CLEARLY CORRECTIVE DARK SPOT SOLUTION","author":"admin","date":"November 28, 2022","format":false,"excerpt":"Kiehl's Clearly Corrective Dark Spot Solution est un s\u00e9rum pour le visage qui aide \u00e0 r\u00e9duire l'apparence des taches brunes, de l'hyperpigmentation et des marques post-acn\u00e9. Il s'agit d'un s\u00e9rum quotidien l\u00e9ger et \u00e0 absorption rapide. Il contient une forme stabilis\u00e9e de vitamine C appel\u00e9e C activ\u00e9e, ainsi que de\u2026","rel":"","context":"Similar post","block_context":{"text":"Similar post","link":""},"img":{"alt_text":"","src":"","width":0,"height":0},"classes":[]}],"_links":{"self":[{"href":"https:\/\/sakaba.mghosteur.com\/en\/wp-json\/wp\/v2\/product\/34857","targetHints":{"allow":["GET"]}}],"collection":[{"href":"https:\/\/sakaba.mghosteur.com\/en\/wp-json\/wp\/v2\/product"}],"about":[{"href":"https:\/\/sakaba.mghosteur.com\/en\/wp-json\/wp\/v2\/types\/product"}],"replies":[{"embeddable":true,"href":"https:\/\/sakaba.mghosteur.com\/en\/wp-json\/wp\/v2\/comments?post=34857"}],"version-history":[{"count":0,"href":"https:\/\/sakaba.mghosteur.com\/en\/wp-json\/wp\/v2\/product\/34857\/revisions"}],"wp:attachment":[{"href":"https:\/\/sakaba.mghosteur.com\/en\/wp-json\/wp\/v2\/media?parent=34857"}],"wp:term":[{"taxonomy":"product_brand","embeddable":true,"href":"https:\/\/sakaba.mghosteur.com\/en\/wp-json\/wp\/v2\/product_brand?post=34857"},{"taxonomy":"product_cat","embeddable":true,"href":"https:\/\/sakaba.mghosteur.com\/en\/wp-json\/wp\/v2\/product_cat?post=34857"},{"taxonomy":"product_tag","embeddable":true,"href":"https:\/\/sakaba.mghosteur.com\/en\/wp-json\/wp\/v2\/product_tag?post=34857"}],"curies":[{"name":"wp","href":"https:\/\/api.w.org\/{rel}","templated":true}]}}