{"id":34860,"date":"2024-06-03T16:21:36","date_gmt":"2024-06-03T16:21:36","guid":{"rendered":"https:\/\/sakaba.mghosteur.com\/?post_type=product&#038;p=34860"},"modified":"2024-09-01T13:47:55","modified_gmt":"2024-09-01T13:47:55","slug":"glow-recipe-hey-you-youre-glowing-coffret","status":"publish","type":"product","link":"https:\/\/sakaba.mghosteur.com\/en\/product\/glow-recipe-hey-you-youre-glowing-coffret\/","title":{"rendered":"GLOW RECIPE HEY YOU, YOU\u2019RE GLOWING COFFRET"},"content":{"rendered":"<p>Un duo best-seller en format standard contenant de la niacinamide et de l&#8217;acide hyaluronique pour resserrer visiblement les pores et \u00e9claircir la peau pour un aspect hydrat\u00e9 et \u00e9clatant.<\/p>\n<p>Ce duo devenu viral comprend le tonique Watermelon Glow PHA + BHA Pore-Tight, qui lisse et hydrate pour une peau visiblement \u00e9clatante, et les gouttes de ros\u00e9e \u00e0 la niacinamide Watermelon Glow (formul\u00e9es sans mica, paillettes ou reflets gris) pour stimuler l&#8217;hydratation et r\u00e9duire visiblement l&#8217;hyperpigmentation pour un \u00e9clat ros\u00e9 imm\u00e9diat et au fil du temps.<\/p>\n<p>Type de peau : normale, s\u00e8che, mixte et grasse<\/p>\n<p>Probl\u00e8mes de peau : pores, s\u00e9cheresse et teint terne<\/p>\n<p>Ingr\u00e9dients phares :<\/p>\n<p>&#8211; Niacinamide : \u00e9quilibre visiblement tous les tons et types de peau tout en minimisant l&#8217;apparence de l&#8217;hyperpigmentation, du teint terne et des pores.<\/p>\n<p>&#8211; Acide hyaluronique : retient 1 000 fois son poids en eau, gardant la peau hydrat\u00e9e et rebondie.<\/p>\n<p>&#8211; PHA et BHA : exfolient en douceur et d\u00e9congestionnent les pores pour une peau plus lisse et plus claire.<\/p>\n<p>Ce coffret contient :<\/p>\n<p>&#8211; 150 ml de tonique Watermelon Glow PHA + BHA Pore-Tight (format standard)<\/p>\n<p>&#8211; 40 ml de gouttes de ros\u00e9e \u00e0 la niacinamide Watermelon Glow (format standard)<\/p>","protected":false},"excerpt":{"rendered":"<p>Un duo best-seller en format standard contenant de la niacinamide et de l&#8217;acide hyaluronique pour resserrer visiblement les pores et \u00e9claircir la peau pour un aspect hydrat\u00e9 et \u00e9clatant. Ce duo devenu viral comprend le tonique Watermelon Glow PHA + BHA Pore-Tight, qui lisse et hydrate pour une peau visiblement \u00e9clatante, et les gouttes de<span class=\"read-more-faq\"><a href=\"https:\/\/sakaba.mghosteur.com\/en\/product\/glow-recipe-hey-you-youre-glowing-coffret\/\">Read More<\/a><\/span><\/p>","protected":false},"featured_media":0,"comment_status":"open","ping_status":"closed","template":"","meta":[],"product_brand":[867],"product_cat":[293,1057,291,451],"product_tag":[],"class_list":{"0":"post-34860","1":"product","2":"type-product","3":"status-publish","5":"product_brand-glow-recipe","6":"product_cat-anti-taches","7":"product_cat-coffret-soins-visage","8":"product_cat-eclaircissant","9":"product_cat-aab-soin-du-visage","11":"first","12":"instock","13":"shipping-taxable","14":"product-type-simple"},"jetpack-related-posts":[{"id":26999,"url":"https:\/\/sakaba.mghosteur.com\/en\/product\/hyper-even-fade-and-glow-aha-mask\/","url_meta":{"origin":34860,"position":0},"title":"HYPER EVEN FADE AND GLOW AHA MASK","author":"admin","date":"November 28, 2022","format":false,"excerpt":"Le masque AHA Fade and Glow de la marque Hyper Even est le soin ultime pour redonner de l'\u00e9clat \u00e0 votre peau. Il est compos\u00e9 d'un duo AHA puissant, l'acide glycolique (5%) et l'acide mand\u00e9lique (5%), qui \u00e9liminent les impuret\u00e9s et illuminent instantan\u00e9ment le teint terne. La niacinamide et la\u2026","rel":"","context":"Similar post","block_context":{"text":"Similar post","link":""},"img":{"alt_text":"","src":"","width":0,"height":0},"classes":[]},{"id":56192,"url":"https:\/\/sakaba.mghosteur.com\/en\/product\/glow-filter-vitamin-illuminating-serum\/","url_meta":{"origin":34860,"position":1},"title":"Glow Filter Vitamin Illuminating Serum","author":"Sope DIA","date":"January 2, 2026","format":false,"excerpt":"\u00c9CLAT NATUREL \u00c0 LA VITAMINE C : VITAQUEEN Acerola 40 % procure une infusion rafra\u00eechissante, tonifie la peau, lui redonne de l'\u00e9clat et la rend plus saine pour une peau radieuse et \u00e9clatante \u2013 bonjour l'\u00e9clat ! TRIPLE SOIN BEAUT\u00c9 : La niacinamide 4 % + l'arbutine 2 % agissent\u2026","rel":"","context":"Similar post","block_context":{"text":"Similar post","link":""},"img":{"alt_text":"","src":"","width":0,"height":0},"classes":[]},{"id":56150,"url":"https:\/\/sakaba.mghosteur.com\/en\/product\/beauty-of-joseon-glow-serum-propolis-niacinamide\/","url_meta":{"origin":34860,"position":2},"title":"Beauty of Joseon Glow Serum  Propolis +Niacinamide","author":"Sope DIA","date":"January 2, 2026","format":false,"excerpt":"L'\u00e9clat des soins cor\u00e9ens\u00a0: Plongez dans l'univers de la K-beauty avec notre S\u00e9rum \u00c9clat, un m\u00e9lange harmonieux de pratiques de soins traditionnelles de la dynastie Joseon et d'innovations modernes. D\u00e9couvrez l'\u00e9clat qui d\u00e9finit la beaut\u00e9 cor\u00e9enne. \u00c9clat et exfoliation\u00a0: La niacinamide renforce et hydrate la peau. Elle am\u00e9liore le teint\u2026","rel":"","context":"Similar post","block_context":{"text":"Similar post","link":""},"img":{"alt_text":"","src":"","width":0,"height":0},"classes":[]},{"id":31711,"url":"https:\/\/sakaba.mghosteur.com\/en\/product\/byoma-brightening-serum\/","url_meta":{"origin":34860,"position":3},"title":"BYOMA BRIGHTENING SERUM","author":"admin","date":"May 10, 2024","format":false,"excerpt":"S\u00c9RUM \u00c9CLAIRCISSANT \u00c9CLAIRCIR ET HYDRATER 30 ML\/1,01 FL.OZ Ce puissant s\u00e9rum \u00e9claircissant pour le visage aide \u00e0 am\u00e9liorer consid\u00e9rablement le teint et la texture de la peau pour des r\u00e9sultats uniformes et \u00e9clatants. Ce s\u00e9rum l\u00e9ger illumine visiblement tout en aidant \u00e0 att\u00e9nuer les signes d'hyperpigmentation et le teint irr\u00e9gulier\u2026","rel":"","context":"Similar post","block_context":{"text":"Similar post","link":""},"img":{"alt_text":"","src":"","width":0,"height":0},"classes":[]},{"id":30233,"url":"https:\/\/sakaba.mghosteur.com\/en\/product\/glow-serum-propolis-niacinamide\/","url_meta":{"origin":34860,"position":4},"title":"GLOW SERUM PROPOLIS +NIACINAMIDE","author":"admin","date":"May 4, 2023","format":false,"excerpt":"D\u00e9couvrez le S\u00e9rum \u00c9clat de la marque Beauty of Joseon, con\u00e7u pour les probl\u00e8mes de pores dilat\u00e9s et de peau enflamm\u00e9e. Ce s\u00e9rum contient 60 % d'extrait de propolis, ingr\u00e9dient traditionnel de soin de la peau utilis\u00e9 par les femmes de la dynastie Joseon pour hydrater et am\u00e9liorer la peau\u2026","rel":"","context":"Similar post","block_context":{"text":"Similar post","link":""},"img":{"alt_text":"","src":"","width":0,"height":0},"classes":[]},{"id":56141,"url":"https:\/\/sakaba.mghosteur.com\/en\/product\/anua-niacinamide-5-txa-brightening-pad\/","url_meta":{"origin":34860,"position":5},"title":"Anua Niacinamide 5 TXA Brightening Pad","author":"Sope DIA","date":"January 2, 2026","format":false,"excerpt":"Le ANUA Niacinamide 5 TXA Brightening Pad est un disque con\u00e7u pour unifier le teint, illuminer les zones ternes et traiter l\u2019hyperpigmentation tout en respectant les peaux sensibles. Infus\u00e9 de niacinamide et d\u2019acide tranexamique (TXA), il att\u00e9nue les taches pigmentaires et am\u00e9liore la clart\u00e9 de la peau. Sa formule est\u2026","rel":"","context":"Similar post","block_context":{"text":"Similar post","link":""},"img":{"alt_text":"","src":"","width":0,"height":0},"classes":[]}],"_links":{"self":[{"href":"https:\/\/sakaba.mghosteur.com\/en\/wp-json\/wp\/v2\/product\/34860","targetHints":{"allow":["GET"]}}],"collection":[{"href":"https:\/\/sakaba.mghosteur.com\/en\/wp-json\/wp\/v2\/product"}],"about":[{"href":"https:\/\/sakaba.mghosteur.com\/en\/wp-json\/wp\/v2\/types\/product"}],"replies":[{"embeddable":true,"href":"https:\/\/sakaba.mghosteur.com\/en\/wp-json\/wp\/v2\/comments?post=34860"}],"version-history":[{"count":0,"href":"https:\/\/sakaba.mghosteur.com\/en\/wp-json\/wp\/v2\/product\/34860\/revisions"}],"wp:attachment":[{"href":"https:\/\/sakaba.mghosteur.com\/en\/wp-json\/wp\/v2\/media?parent=34860"}],"wp:term":[{"taxonomy":"product_brand","embeddable":true,"href":"https:\/\/sakaba.mghosteur.com\/en\/wp-json\/wp\/v2\/product_brand?post=34860"},{"taxonomy":"product_cat","embeddable":true,"href":"https:\/\/sakaba.mghosteur.com\/en\/wp-json\/wp\/v2\/product_cat?post=34860"},{"taxonomy":"product_tag","embeddable":true,"href":"https:\/\/sakaba.mghosteur.com\/en\/wp-json\/wp\/v2\/product_tag?post=34860"}],"curies":[{"name":"wp","href":"https:\/\/api.w.org\/{rel}","templated":true}]}}