{"id":34866,"date":"2024-06-03T16:23:32","date_gmt":"2024-06-03T16:23:32","guid":{"rendered":"https:\/\/sakaba.mghosteur.com\/?post_type=product&#038;p=34866"},"modified":"2024-06-06T14:53:13","modified_gmt":"2024-06-06T14:53:13","slug":"glow-recipe-watermelon-glow-aha-night-treatment","status":"publish","type":"product","link":"https:\/\/sakaba.mghosteur.com\/en\/product\/glow-recipe-watermelon-glow-aha-night-treatment\/","title":{"rendered":"GLOW RECIPE WATERMELON GLOW AHA NIGHT TREATMENT"},"content":{"rendered":"","protected":false},"excerpt":{"rendered":"","protected":false},"featured_media":0,"comment_status":"open","ping_status":"closed","template":"","meta":[],"product_brand":[867],"product_cat":[331,451],"product_tag":[],"class_list":{"0":"post-34866","1":"product","2":"type-product","3":"status-publish","5":"product_brand-glow-recipe","6":"product_cat-hydratant-visage","7":"product_cat-aab-soin-du-visage","9":"first","10":"instock","11":"shipping-taxable","12":"product-type-simple"},"jetpack-related-posts":[{"id":34869,"url":"https:\/\/sakaba.mghosteur.com\/en\/product\/glow-recipe-watermelon-glow-niacinamide-dew-drops\/","url_meta":{"origin":34866,"position":0},"title":"GLOW RECIPE WATERMELON GLOW NIACINAMIDE DEW DROPS","author":"admin","date":"June 3, 2024","format":false,"excerpt":"","rel":"","context":"Similar post","block_context":{"text":"Similar post","link":""},"img":{"alt_text":"","src":"","width":0,"height":0},"classes":[]},{"id":34872,"url":"https:\/\/sakaba.mghosteur.com\/en\/product\/glow-recipe-watermelon-glow-p-h-a-b-h-a-pore-150ml\/","url_meta":{"origin":34866,"position":1},"title":"GLOW RECIPE WATERMELON GLOW P H A + B H A PORE 150ml","author":"admin","date":"June 3, 2024","format":false,"excerpt":"","rel":"","context":"Similar post","block_context":{"text":"Similar post","link":""},"img":{"alt_text":"","src":"","width":0,"height":0},"classes":[]},{"id":34875,"url":"https:\/\/sakaba.mghosteur.com\/en\/product\/glow-recipe-watermelon-pink-juice-moisturizer\/","url_meta":{"origin":34866,"position":2},"title":"GLOW RECIPE WATERMELON PINK JUICE MOISTURIZER","author":"admin","date":"June 3, 2024","format":false,"excerpt":"","rel":"","context":"Similar post","block_context":{"text":"Similar post","link":""},"img":{"alt_text":"","src":"","width":0,"height":0},"classes":[]},{"id":34860,"url":"https:\/\/sakaba.mghosteur.com\/en\/product\/glow-recipe-hey-you-youre-glowing-coffret\/","url_meta":{"origin":34866,"position":3},"title":"GLOW RECIPE HEY YOU, YOU\u2019RE GLOWING COFFRET","author":"admin","date":"June 3, 2024","format":false,"excerpt":"Un duo best-seller en format standard contenant de la niacinamide et de l'acide hyaluronique pour resserrer visiblement les pores et \u00e9claircir la peau pour un aspect hydrat\u00e9 et \u00e9clatant. Ce duo devenu viral comprend le tonique Watermelon Glow PHA + BHA Pore-Tight, qui lisse et hydrate pour une peau visiblement\u2026","rel":"","context":"Similar post","block_context":{"text":"Similar post","link":""},"img":{"alt_text":"","src":"","width":0,"height":0},"classes":[]},{"id":27897,"url":"https:\/\/sakaba.mghosteur.com\/en\/product\/farmacy-honey-moon-glow-aha-resurfacing-night-serum\/","url_meta":{"origin":34866,"position":4},"title":"FARMACY HONEY MOON GLOW AHA RESURFACING NIGHT SERUM","author":"admin","date":"November 29, 2022","format":false,"excerpt":"","rel":"","context":"Similar post","block_context":{"text":"Similar post","link":""},"img":{"alt_text":"","src":"","width":0,"height":0},"classes":[]},{"id":33706,"url":"https:\/\/sakaba.mghosteur.com\/en\/product\/farmacy-honey-moon-glow-aha-resurfacing-night-ser\/","url_meta":{"origin":34866,"position":5},"title":"FARMACY HONEY MOON GLOW AHA RESURFACING NIGHT SER","author":"admin","date":"May 22, 2024","format":false,"excerpt":"","rel":"","context":"Similar post","block_context":{"text":"Similar post","link":""},"img":{"alt_text":"","src":"","width":0,"height":0},"classes":[]}],"_links":{"self":[{"href":"https:\/\/sakaba.mghosteur.com\/en\/wp-json\/wp\/v2\/product\/34866","targetHints":{"allow":["GET"]}}],"collection":[{"href":"https:\/\/sakaba.mghosteur.com\/en\/wp-json\/wp\/v2\/product"}],"about":[{"href":"https:\/\/sakaba.mghosteur.com\/en\/wp-json\/wp\/v2\/types\/product"}],"replies":[{"embeddable":true,"href":"https:\/\/sakaba.mghosteur.com\/en\/wp-json\/wp\/v2\/comments?post=34866"}],"version-history":[{"count":0,"href":"https:\/\/sakaba.mghosteur.com\/en\/wp-json\/wp\/v2\/product\/34866\/revisions"}],"wp:attachment":[{"href":"https:\/\/sakaba.mghosteur.com\/en\/wp-json\/wp\/v2\/media?parent=34866"}],"wp:term":[{"taxonomy":"product_brand","embeddable":true,"href":"https:\/\/sakaba.mghosteur.com\/en\/wp-json\/wp\/v2\/product_brand?post=34866"},{"taxonomy":"product_cat","embeddable":true,"href":"https:\/\/sakaba.mghosteur.com\/en\/wp-json\/wp\/v2\/product_cat?post=34866"},{"taxonomy":"product_tag","embeddable":true,"href":"https:\/\/sakaba.mghosteur.com\/en\/wp-json\/wp\/v2\/product_tag?post=34866"}],"curies":[{"name":"wp","href":"https:\/\/api.w.org\/{rel}","templated":true}]}}