{"id":34952,"date":"2024-06-03T17:50:25","date_gmt":"2024-06-03T17:50:25","guid":{"rendered":"https:\/\/sakaba.mghosteur.com\/?post_type=product&#038;p=34952"},"modified":"2024-06-06T12:56:27","modified_gmt":"2024-06-06T12:56:27","slug":"innisfree-intensive-hydrating-serum-with-green","status":"publish","type":"product","link":"https:\/\/sakaba.mghosteur.com\/en\/product\/innisfree-intensive-hydrating-serum-with-green\/","title":{"rendered":"INNISFREE INTENSIVE HYDRATING SERUM WITH GREEN"},"content":{"rendered":"","protected":false},"excerpt":{"rendered":"","protected":false},"featured_media":0,"comment_status":"open","ping_status":"closed","template":"","meta":[],"product_brand":[881],"product_cat":[451,334],"product_tag":[],"class_list":{"0":"post-34952","1":"product","2":"type-product","3":"status-publish","5":"product_brand-innisfree","6":"product_cat-aab-soin-du-visage","7":"product_cat-traitement-serum","9":"first","10":"instock","11":"shipping-taxable","12":"product-type-simple"},"jetpack-related-posts":[{"id":34948,"url":"https:\/\/sakaba.mghosteur.com\/en\/product\/innisfree-intensive-hydrating-cream-with-greenbtea\/","url_meta":{"origin":34952,"position":0},"title":"INNISFREE INTENSIVE HYDRATING CREAM WITH GREENBTEA","author":"admin","date":"June 3, 2024","format":false,"excerpt":"","rel":"","context":"Similar post","block_context":{"text":"Similar post","link":""},"img":{"alt_text":"","src":"","width":0,"height":0},"classes":[]},{"id":34942,"url":"https:\/\/sakaba.mghosteur.com\/en\/product\/innisfree-hydrating-cleansing-foamwith-green-tea\/","url_meta":{"origin":34952,"position":1},"title":"INNISFREE HYDRATING CLEANSING FOAMWITH GREEN TEA","author":"admin","date":"June 3, 2024","format":false,"excerpt":"","rel":"","context":"Similar post","block_context":{"text":"Similar post","link":""},"img":{"alt_text":"","src":"","width":0,"height":0},"classes":[]},{"id":34961,"url":"https:\/\/sakaba.mghosteur.com\/en\/product\/innisfreecoffret-hydration-heros-with-green-tea\/","url_meta":{"origin":34952,"position":2},"title":"INNISFREE COFFRET HYDRATION HEROS WITH GREEN TEA","author":"admin","date":"June 3, 2024","format":false,"excerpt":"L'ensemble comprend\u00a0: 1. S\u00e9rum hydratant intensif aux graines de th\u00e9 vert, 80\u00a0ml Hydratez-vous d\u00e8s la premi\u00e8re goutte gr\u00e2ce \u00e0 notre m\u00e9lange parfaitement \u00e9quilibr\u00e9 d'extrait de th\u00e9 vert et d'huile de graines de th\u00e9 vert. Riche en acides amin\u00e9s et en min\u00e9raux, ce s\u00e9rum l\u00e9ger mais nourrissant aide \u00e0 reconstituer le\u2026","rel":"","context":"Similar post","block_context":{"text":"Similar post","link":""},"img":{"alt_text":"","src":"","width":0,"height":0},"classes":[]},{"id":34955,"url":"https:\/\/sakaba.mghosteur.com\/en\/product\/innisfree-intensive-hydrating-toner\/","url_meta":{"origin":34952,"position":3},"title":"INNISFREE INTENSIVE HYDRATING TONER","author":"admin","date":"June 3, 2024","format":false,"excerpt":"","rel":"","context":"Similar post","block_context":{"text":"Similar post","link":""},"img":{"alt_text":"","src":"","width":0,"height":0},"classes":[]},{"id":34945,"url":"https:\/\/sakaba.mghosteur.com\/en\/product\/innisfree-hydrating-sleeping-mask\/","url_meta":{"origin":34952,"position":4},"title":"INNISFREE HYDRATING SLEEPING MASK","author":"admin","date":"June 3, 2024","format":false,"excerpt":"","rel":"","context":"Similar post","block_context":{"text":"Similar post","link":""},"img":{"alt_text":"","src":"","width":0,"height":0},"classes":[]},{"id":29056,"url":"https:\/\/sakaba.mghosteur.com\/en\/product\/cerave-hydrating-hyaluronic-acid-serum\/","url_meta":{"origin":34952,"position":5},"title":"CERAVE HYDRATING HYALURONIC ACID SERUM","author":"admin","date":"March 13, 2023","format":false,"excerpt":"Le S\u00e9rum hydratant \u00e0 l'acide hyaluronique de CeraVe est un puissant hydratant contenant de l'acide hyaluronique, de la vitamine B5 et trois c\u00e9ramides essentiels qui aident \u00e0 restaurer la barri\u00e8re protectrice de votre peau et \u00e0 lui donner une hydratation intense jusqu'\u00e0 24 heures. La technologie brevet\u00e9e MVE assure une\u2026","rel":"","context":"Similar post","block_context":{"text":"Similar post","link":""},"img":{"alt_text":"","src":"","width":0,"height":0},"classes":[]}],"_links":{"self":[{"href":"https:\/\/sakaba.mghosteur.com\/en\/wp-json\/wp\/v2\/product\/34952","targetHints":{"allow":["GET"]}}],"collection":[{"href":"https:\/\/sakaba.mghosteur.com\/en\/wp-json\/wp\/v2\/product"}],"about":[{"href":"https:\/\/sakaba.mghosteur.com\/en\/wp-json\/wp\/v2\/types\/product"}],"replies":[{"embeddable":true,"href":"https:\/\/sakaba.mghosteur.com\/en\/wp-json\/wp\/v2\/comments?post=34952"}],"version-history":[{"count":0,"href":"https:\/\/sakaba.mghosteur.com\/en\/wp-json\/wp\/v2\/product\/34952\/revisions"}],"wp:attachment":[{"href":"https:\/\/sakaba.mghosteur.com\/en\/wp-json\/wp\/v2\/media?parent=34952"}],"wp:term":[{"taxonomy":"product_brand","embeddable":true,"href":"https:\/\/sakaba.mghosteur.com\/en\/wp-json\/wp\/v2\/product_brand?post=34952"},{"taxonomy":"product_cat","embeddable":true,"href":"https:\/\/sakaba.mghosteur.com\/en\/wp-json\/wp\/v2\/product_cat?post=34952"},{"taxonomy":"product_tag","embeddable":true,"href":"https:\/\/sakaba.mghosteur.com\/en\/wp-json\/wp\/v2\/product_tag?post=34952"}],"curies":[{"name":"wp","href":"https:\/\/api.w.org\/{rel}","templated":true}]}}