{"id":34955,"date":"2024-06-03T17:51:43","date_gmt":"2024-06-03T17:51:43","guid":{"rendered":"https:\/\/sakaba.mghosteur.com\/?post_type=product&#038;p=34955"},"modified":"2024-09-01T04:34:57","modified_gmt":"2024-09-01T04:34:57","slug":"innisfree-intensive-hydrating-toner","status":"publish","type":"product","link":"https:\/\/sakaba.mghosteur.com\/en\/product\/innisfree-intensive-hydrating-toner\/","title":{"rendered":"INNISFREE INTENSIVE HYDRATING TONER"},"content":{"rendered":"","protected":false},"excerpt":{"rendered":"","protected":false},"featured_media":0,"comment_status":"open","ping_status":"closed","template":"","meta":[],"product_brand":[881],"product_cat":[324,451],"product_tag":[],"class_list":{"0":"post-34955","1":"product","2":"type-product","3":"status-publish","5":"product_brand-innisfree","6":"product_cat-demaquillant-nettoyant","7":"product_cat-aab-soin-du-visage","9":"first","10":"instock","11":"shipping-taxable","12":"product-type-simple"},"jetpack-related-posts":[{"id":34952,"url":"https:\/\/sakaba.mghosteur.com\/en\/product\/innisfree-intensive-hydrating-serum-with-green\/","url_meta":{"origin":34955,"position":0},"title":"INNISFREE INTENSIVE HYDRATING SERUM WITH GREEN","author":"admin","date":"June 3, 2024","format":false,"excerpt":"","rel":"","context":"Similar post","block_context":{"text":"Similar post","link":""},"img":{"alt_text":"","src":"","width":0,"height":0},"classes":[]},{"id":34948,"url":"https:\/\/sakaba.mghosteur.com\/en\/product\/innisfree-intensive-hydrating-cream-with-greenbtea\/","url_meta":{"origin":34955,"position":1},"title":"INNISFREE INTENSIVE HYDRATING CREAM WITH GREENBTEA","author":"admin","date":"June 3, 2024","format":false,"excerpt":"","rel":"","context":"Similar post","block_context":{"text":"Similar post","link":""},"img":{"alt_text":"","src":"","width":0,"height":0},"classes":[]},{"id":34945,"url":"https:\/\/sakaba.mghosteur.com\/en\/product\/innisfree-hydrating-sleeping-mask\/","url_meta":{"origin":34955,"position":2},"title":"INNISFREE HYDRATING SLEEPING MASK","author":"admin","date":"June 3, 2024","format":false,"excerpt":"","rel":"","context":"Similar post","block_context":{"text":"Similar post","link":""},"img":{"alt_text":"","src":"","width":0,"height":0},"classes":[]},{"id":34942,"url":"https:\/\/sakaba.mghosteur.com\/en\/product\/innisfree-hydrating-cleansing-foamwith-green-tea\/","url_meta":{"origin":34955,"position":3},"title":"INNISFREE HYDRATING CLEANSING FOAMWITH GREEN TEA","author":"admin","date":"June 3, 2024","format":false,"excerpt":"","rel":"","context":"Similar post","block_context":{"text":"Similar post","link":""},"img":{"alt_text":"","src":"","width":0,"height":0},"classes":[]},{"id":24526,"url":"https:\/\/sakaba.mghosteur.com\/en\/product\/cerave-hydrating-toner\/","url_meta":{"origin":34955,"position":4},"title":"CERAVE HYDRATING TONER","author":"admin","date":"November 10, 2022","format":false,"excerpt":"Le tonique hydratant de CeraVe est un produit incontournable pour une peau saine et bien hydrat\u00e9e. Avec sa formule douce et non dess\u00e9chante, ce toner \u00e9quilibre le pH de la peau et aide \u00e0 \u00e9liminer les r\u00e9sidus laiss\u00e9s apr\u00e8s le nettoyage du visage. Gr\u00e2ce \u00e0 sa composition riche en c\u00e9ramides,\u2026","rel":"","context":"Similar post","block_context":{"text":"Similar post","link":""},"img":{"alt_text":"","src":"","width":0,"height":0},"classes":[]},{"id":31749,"url":"https:\/\/sakaba.mghosteur.com\/en\/product\/byoma-hydrating-milky-toner-150ml\/","url_meta":{"origin":34955,"position":5},"title":"BYOMA HYDRATING MILKY TONER 150ML","author":"admin","date":"May 10, 2024","format":false,"excerpt":"HYDRATER ET APAISER 150 ML Ce tonique ultra-apaisant et doux agit pour d\u00e9salt\u00e9rer la peau s\u00e8che tout en r\u00e9parant et en restaurant les barri\u00e8res cutan\u00e9es sensibilis\u00e9es et sensibles. La formule laiteuse r\u00e9confortante hydrate, calme et apaise la peau d\u00e8s la premi\u00e8re utilisation, renfor\u00e7ant ainsi la fonction quotidienne de la barri\u00e8re\u2026","rel":"","context":"Similar post","block_context":{"text":"Similar post","link":""},"img":{"alt_text":"","src":"","width":0,"height":0},"classes":[]}],"_links":{"self":[{"href":"https:\/\/sakaba.mghosteur.com\/en\/wp-json\/wp\/v2\/product\/34955","targetHints":{"allow":["GET"]}}],"collection":[{"href":"https:\/\/sakaba.mghosteur.com\/en\/wp-json\/wp\/v2\/product"}],"about":[{"href":"https:\/\/sakaba.mghosteur.com\/en\/wp-json\/wp\/v2\/types\/product"}],"replies":[{"embeddable":true,"href":"https:\/\/sakaba.mghosteur.com\/en\/wp-json\/wp\/v2\/comments?post=34955"}],"version-history":[{"count":0,"href":"https:\/\/sakaba.mghosteur.com\/en\/wp-json\/wp\/v2\/product\/34955\/revisions"}],"wp:attachment":[{"href":"https:\/\/sakaba.mghosteur.com\/en\/wp-json\/wp\/v2\/media?parent=34955"}],"wp:term":[{"taxonomy":"product_brand","embeddable":true,"href":"https:\/\/sakaba.mghosteur.com\/en\/wp-json\/wp\/v2\/product_brand?post=34955"},{"taxonomy":"product_cat","embeddable":true,"href":"https:\/\/sakaba.mghosteur.com\/en\/wp-json\/wp\/v2\/product_cat?post=34955"},{"taxonomy":"product_tag","embeddable":true,"href":"https:\/\/sakaba.mghosteur.com\/en\/wp-json\/wp\/v2\/product_tag?post=34955"}],"curies":[{"name":"wp","href":"https:\/\/api.w.org\/{rel}","templated":true}]}}