{"id":34958,"date":"2024-06-03T17:52:47","date_gmt":"2024-06-03T17:52:47","guid":{"rendered":"https:\/\/sakaba.mghosteur.com\/?post_type=product&#038;p=34958"},"modified":"2024-06-04T11:27:35","modified_gmt":"2024-06-04T11:27:35","slug":"innisfree-pore-clearing-matte-moisturizer","status":"publish","type":"product","link":"https:\/\/sakaba.mghosteur.com\/en\/product\/innisfree-pore-clearing-matte-moisturizer\/","title":{"rendered":"INNISFREE PORE CLEARING MATTE MOISTURIZER"},"content":{"rendered":"","protected":false},"excerpt":{"rendered":"","protected":false},"featured_media":0,"comment_status":"open","ping_status":"closed","template":"","meta":[],"product_brand":[881],"product_cat":[355],"product_tag":[],"class_list":{"0":"post-34958","1":"product","2":"type-product","3":"status-publish","5":"product_brand-innisfree","6":"product_cat-hydratant-corps","8":"first","9":"instock","10":"shipping-taxable","11":"product-type-simple"},"jetpack-related-posts":[{"id":33442,"url":"https:\/\/sakaba.mghosteur.com\/en\/product\/perterthomasroth-acne-clear-oil-free-matte-moisturizer\/","url_meta":{"origin":34958,"position":0},"title":"Perterthomasroth Acne-Clear Oil-Free Matte Moisturizer","author":"admin","date":"May 21, 2024","format":false,"excerpt":"","rel":"","context":"Similar post","block_context":{"text":"Similar post","link":""},"img":{"alt_text":"","src":"","width":0,"height":0},"classes":[]},{"id":27849,"url":"https:\/\/sakaba.mghosteur.com\/en\/product\/pores-be-gone-matte-primer-whit-fig-extract\/","url_meta":{"origin":34958,"position":1},"title":"PORES BE GONE MATTE PRIMER WHIT FIG EXTRACT","author":"admin","date":"November 29, 2022","format":false,"excerpt":"","rel":"","context":"Similar post","block_context":{"text":"Similar post","link":""},"img":{"alt_text":"","src":"","width":0,"height":0},"classes":[]},{"id":26351,"url":"https:\/\/sakaba.mghosteur.com\/en\/product\/paula-choice-clear-60ml-2\/","url_meta":{"origin":34958,"position":2},"title":"PAULA CHOICE CLEAR Oil-Free Moisturizer","author":"admin","date":"November 25, 2022","format":false,"excerpt":"Le Oil-Free Moisturizer de la marque Paula's Choice est un hydratant l\u00e9ger et sans huile sp\u00e9cialement formul\u00e9 pour les peaux sujettes aux imperfections. Ce produit fournit une hydratation apaisante qui n'obstrue pas les pores et ne provoque pas d'\u00e9ruptions cutan\u00e9es. La niacinamide contenue dans la formule aide \u00e0 minimiser les\u2026","rel":"","context":"Similar post","block_context":{"text":"Similar post","link":""},"img":{"alt_text":"","src":"","width":0,"height":0},"classes":[]},{"id":34945,"url":"https:\/\/sakaba.mghosteur.com\/en\/product\/innisfree-hydrating-sleeping-mask\/","url_meta":{"origin":34958,"position":3},"title":"INNISFREE HYDRATING SLEEPING MASK","author":"admin","date":"June 3, 2024","format":false,"excerpt":"","rel":"","context":"Similar post","block_context":{"text":"Similar post","link":""},"img":{"alt_text":"","src":"","width":0,"height":0},"classes":[]},{"id":34955,"url":"https:\/\/sakaba.mghosteur.com\/en\/product\/innisfree-intensive-hydrating-toner\/","url_meta":{"origin":34958,"position":4},"title":"INNISFREE INTENSIVE HYDRATING TONER","author":"admin","date":"June 3, 2024","format":false,"excerpt":"","rel":"","context":"Similar post","block_context":{"text":"Similar post","link":""},"img":{"alt_text":"","src":"","width":0,"height":0},"classes":[]},{"id":34952,"url":"https:\/\/sakaba.mghosteur.com\/en\/product\/innisfree-intensive-hydrating-serum-with-green\/","url_meta":{"origin":34958,"position":5},"title":"INNISFREE INTENSIVE HYDRATING SERUM WITH GREEN","author":"admin","date":"June 3, 2024","format":false,"excerpt":"","rel":"","context":"Similar post","block_context":{"text":"Similar post","link":""},"img":{"alt_text":"","src":"","width":0,"height":0},"classes":[]}],"_links":{"self":[{"href":"https:\/\/sakaba.mghosteur.com\/en\/wp-json\/wp\/v2\/product\/34958","targetHints":{"allow":["GET"]}}],"collection":[{"href":"https:\/\/sakaba.mghosteur.com\/en\/wp-json\/wp\/v2\/product"}],"about":[{"href":"https:\/\/sakaba.mghosteur.com\/en\/wp-json\/wp\/v2\/types\/product"}],"replies":[{"embeddable":true,"href":"https:\/\/sakaba.mghosteur.com\/en\/wp-json\/wp\/v2\/comments?post=34958"}],"version-history":[{"count":0,"href":"https:\/\/sakaba.mghosteur.com\/en\/wp-json\/wp\/v2\/product\/34958\/revisions"}],"wp:attachment":[{"href":"https:\/\/sakaba.mghosteur.com\/en\/wp-json\/wp\/v2\/media?parent=34958"}],"wp:term":[{"taxonomy":"product_brand","embeddable":true,"href":"https:\/\/sakaba.mghosteur.com\/en\/wp-json\/wp\/v2\/product_brand?post=34958"},{"taxonomy":"product_cat","embeddable":true,"href":"https:\/\/sakaba.mghosteur.com\/en\/wp-json\/wp\/v2\/product_cat?post=34958"},{"taxonomy":"product_tag","embeddable":true,"href":"https:\/\/sakaba.mghosteur.com\/en\/wp-json\/wp\/v2\/product_tag?post=34958"}],"curies":[{"name":"wp","href":"https:\/\/api.w.org\/{rel}","templated":true}]}}