{"id":34961,"date":"2024-06-03T17:53:47","date_gmt":"2024-06-03T17:53:47","guid":{"rendered":"https:\/\/sakaba.mghosteur.com\/?post_type=product&#038;p=34961"},"modified":"2024-09-01T13:50:43","modified_gmt":"2024-09-01T13:50:43","slug":"innisfreecoffret-hydration-heros-with-green-tea","status":"publish","type":"product","link":"https:\/\/sakaba.mghosteur.com\/en\/product\/innisfreecoffret-hydration-heros-with-green-tea\/","title":{"rendered":"INNISFREE COFFRET HYDRATION HEROS WITH GREEN TEA"},"content":{"rendered":"<p>L&#8217;ensemble comprend&nbsp;:<\/p>\n<p>1. S\u00e9rum hydratant intensif aux graines de th\u00e9 vert, 80&nbsp;ml<\/p>\n<p>Hydratez-vous d\u00e8s la premi\u00e8re goutte gr\u00e2ce \u00e0 notre m\u00e9lange parfaitement \u00e9quilibr\u00e9 d&#8217;extrait de th\u00e9 vert et d&#8217;huile de graines de th\u00e9 vert. Riche en acides amin\u00e9s et en min\u00e9raux, ce s\u00e9rum l\u00e9ger mais nourrissant aide \u00e0 reconstituer le niveau d&#8217;hydratation optimal de votre peau, enveloppant la peau de confort pour un teint doux et \u00e9clatant.<\/p>\n<p>2. Cr\u00e8me hydratante intensive aux graines de th\u00e9 vert, 20&nbsp;ml<\/p>\n<p>La cr\u00e8me douce offre une hydratation l\u00e9g\u00e8re mais intense gr\u00e2ce \u00e0 un m\u00e9lange d&#8217;extrait de th\u00e9 vert de Jeju et d&#8217;huile de graines de th\u00e9 vert pour aider \u00e0 reconstituer la peau en pr\u00e9servant son niveau d&#8217;hydratation et lui donner un \u00e9clat d&#8217;apparence saine.<\/p>\n<p>3. Tonique hydratant intensif aux graines de th\u00e9 vert, 30&nbsp;ml<\/p>\n<p>Ce tonique l\u00e9ger et hydratant, riche en antioxydants et en acides amin\u00e9s issus d&#8217;un m\u00e9lange \u00e9quilibr\u00e9 de th\u00e9 vert, aide \u00e0 pr\u00e9parer la peau pour le reste de votre routine tout en soutenant sa barri\u00e8re d&#8217;hydratation naturelle.<\/p>\n<p>4. Mousse nettoyante hydratante au th\u00e9 vert, 150 ml<\/p>\n<p>Cette mousse nettoyante rafra\u00eechissante et hydratante \u00e0 l&#8217;extrait de th\u00e9 vert de Jeju \u00e9limine la salet\u00e9 et les impuret\u00e9s, laissant la peau propre, douce et souple. \u00c0 utiliser seule ou comme deuxi\u00e8me \u00e9tape de votre routine de double nettoyage.<\/p>","protected":false},"excerpt":{"rendered":"<p>L&#8217;ensemble comprend&nbsp;: 1. S\u00e9rum hydratant intensif aux graines de th\u00e9 vert, 80&nbsp;ml Hydratez-vous d\u00e8s la premi\u00e8re goutte gr\u00e2ce \u00e0 notre m\u00e9lange parfaitement \u00e9quilibr\u00e9 d&#8217;extrait de th\u00e9 vert et d&#8217;huile de graines de th\u00e9 vert. Riche en acides amin\u00e9s et en min\u00e9raux, ce s\u00e9rum l\u00e9ger mais nourrissant aide \u00e0 reconstituer le niveau d&#8217;hydratation optimal de votre<span class=\"read-more-faq\"><a href=\"https:\/\/sakaba.mghosteur.com\/en\/product\/innisfreecoffret-hydration-heros-with-green-tea\/\">Read More<\/a><\/span><\/p>","protected":false},"featured_media":0,"comment_status":"open","ping_status":"closed","template":"","meta":[],"product_brand":[881],"product_cat":[1095,1057,451,334],"product_tag":[],"class_list":{"0":"post-34961","1":"product","2":"type-product","3":"status-publish","5":"product_brand-innisfree","6":"product_cat-anti-age","7":"product_cat-coffret-soins-visage","8":"product_cat-aab-soin-du-visage","9":"product_cat-traitement-serum","11":"first","12":"instock","13":"shipping-taxable","14":"product-type-simple"},"jetpack-related-posts":[{"id":31719,"url":"https:\/\/sakaba.mghosteur.com\/en\/product\/byoma-coffret-hydrating-trio\/","url_meta":{"origin":34961,"position":0},"title":"BYOMA COFFRET HYDRATING TRIO","author":"admin","date":"May 10, 2024","format":false,"excerpt":"MINI NETTOYANT, MINI GEL CR\u00c8ME ET MINI S\u00c9RUM HYDRATANT 30 ML, 15 ML ET 15 ML D\u00e9couvrez ce trio d\u2019essentiels hydratants, approuv\u00e9s par les dermatologues pour chaque visage, chaque jour. Avec le COMPLEXE TRI-CERAMIDE (c\u00e9ramides, cholest\u00e9rol, acides gras), ce coffret offre les \u00e9l\u00e9ments constitutifs d'une routine de soin ultime, donnant\u2026","rel":"","context":"Similar post","block_context":{"text":"Similar post","link":""},"img":{"alt_text":"","src":"","width":0,"height":0},"classes":[]},{"id":31755,"url":"https:\/\/sakaba.mghosteur.com\/en\/product\/byoma-moisturing-gel-cream\/","url_meta":{"origin":34961,"position":1},"title":"BYOMA MOISTURIZING GEL CREAM","author":"admin","date":"May 10, 2024","format":false,"excerpt":"Cette cr\u00e8me hydratante quotidienne l\u00e9g\u00e8re et sans huile offre une hydratation cibl\u00e9e et efficace aux peaux assoiff\u00e9es. Sa texture gel-cr\u00e8me unique s'absorbe instantan\u00e9ment, adoucissant et hydratant la peau gr\u00e2ce \u00e0 un m\u00e9lange d'ingr\u00e9dients soigneusement s\u00e9lectionn\u00e9s qui renforcent la barri\u00e8re cutan\u00e9e. C'est la texture l\u00e9g\u00e8re et rafra\u00eechissante d'un gel avec l'hydratation\u2026","rel":"","context":"Similar post","block_context":{"text":"Similar post","link":""},"img":{"alt_text":"","src":"","width":0,"height":0},"classes":[]},{"id":56102,"url":"https:\/\/sakaba.mghosteur.com\/en\/product\/advanced-clinicals-green-coffee-bean-oil-thermo-firming-cream\/","url_meta":{"origin":34961,"position":2},"title":"Advanced Clinicals Green Coffee Bean Oil Thermo-Firming Cream","author":"Sope DIA","date":"January 2, 2026","format":false,"excerpt":"Cr\u00e8me \u00e0 l'huile de caf\u00e9 vert : hydrate visiblement pour une peau plus ferme et lisse. Ce lait corporel thermo-raffermissant hydrate intens\u00e9ment la peau, lui donnant un aspect plus rebondi et raffermi. L'hydratation suppl\u00e9mentaire favorise un effet liftant et lisse, pour une peau visiblement renouvel\u00e9e. Id\u00e9al pour les femmes et\u2026","rel":"","context":"Similar post","block_context":{"text":"Similar post","link":""},"img":{"alt_text":"","src":"","width":0,"height":0},"classes":[]},{"id":31596,"url":"https:\/\/sakaba.mghosteur.com\/en\/product\/laneige-water-bank-hydro-essence-serum-hydratant\/","url_meta":{"origin":34961,"position":3},"title":"LANEIGE WATER BANK HYDRO ESSENCE SERUM HYDRATANT","author":"admin","date":"May 10, 2024","format":false,"excerpt":"D\u00e9couvrez le s\u00e9rum hydratant \"Hydro Essence\" de la marque LANEIGE, un indispensable pour r\u00e9hydrater et lisser votre peau en profondeur. Sp\u00e9cialement con\u00e7u pour les peaux normales \u00e0 mixtes, ce s\u00e9rum contient de l'Eau Min\u00e9rale Verte impr\u00e9gn\u00e9e d'extraits de l\u00e9gumes, fournissant \u00e0 votre peau six min\u00e9raux essentiels pour une sensation de\u2026","rel":"","context":"Similar post","block_context":{"text":"Similar post","link":""},"img":{"alt_text":"","src":"","width":0,"height":0},"classes":[]},{"id":26960,"url":"https:\/\/sakaba.mghosteur.com\/en\/product\/supergel-moisturiser-oil-free\/","url_meta":{"origin":34961,"position":4},"title":"FACETHEORY Supergel Oil-free Moisturiser M3 for Oily and Acne","author":"admin","date":"November 28, 2022","format":false,"excerpt":"D\u00e9couvrez le Supergel Hydratant sans huile M3 de FACETHEORY, sp\u00e9cialement formul\u00e9 pour les peaux grasses et sujettes \u00e0 l'acn\u00e9. Ce gel d'aloe vera l\u00e9ger hydrate la peau sans laisser de r\u00e9sidus gras et aide \u00e0 r\u00e9duire la taille des pores gr\u00e2ce au niacinamide et \u00e0 soulager la congestion cutan\u00e9e gr\u00e2ce\u2026","rel":"","context":"Similar post","block_context":{"text":"Similar post","link":""},"img":{"alt_text":"","src":"","width":0,"height":0},"classes":[]},{"id":32086,"url":"https:\/\/sakaba.mghosteur.com\/en\/product\/naturium-the-glow-getter-multi-oil-body-butter\/","url_meta":{"origin":34961,"position":5},"title":"NATURIUM THE GLOW GETTER MULTI OIL BODY BUTTER","author":"admin","date":"May 13, 2024","format":false,"excerpt":"Ce beurre corporel fouett\u00e9 multi-huiles hydrate, nourrit et apaise intens\u00e9ment la peau. Formul\u00e9 avec un m\u00e9lange d'huiles botaniques riches en linol\u00e9ique, de beurre de karit\u00e9, de glyc\u00e9rine, de squalane et de peptides \u00e0 base de plantes qui aident \u00e0 raffermir l'apparence de la peau pour un \u00e9clat sain et hydrat\u00e9.\u2026","rel":"","context":"Similar post","block_context":{"text":"Similar post","link":""},"img":{"alt_text":"","src":"","width":0,"height":0},"classes":[]}],"_links":{"self":[{"href":"https:\/\/sakaba.mghosteur.com\/en\/wp-json\/wp\/v2\/product\/34961","targetHints":{"allow":["GET"]}}],"collection":[{"href":"https:\/\/sakaba.mghosteur.com\/en\/wp-json\/wp\/v2\/product"}],"about":[{"href":"https:\/\/sakaba.mghosteur.com\/en\/wp-json\/wp\/v2\/types\/product"}],"replies":[{"embeddable":true,"href":"https:\/\/sakaba.mghosteur.com\/en\/wp-json\/wp\/v2\/comments?post=34961"}],"version-history":[{"count":0,"href":"https:\/\/sakaba.mghosteur.com\/en\/wp-json\/wp\/v2\/product\/34961\/revisions"}],"wp:attachment":[{"href":"https:\/\/sakaba.mghosteur.com\/en\/wp-json\/wp\/v2\/media?parent=34961"}],"wp:term":[{"taxonomy":"product_brand","embeddable":true,"href":"https:\/\/sakaba.mghosteur.com\/en\/wp-json\/wp\/v2\/product_brand?post=34961"},{"taxonomy":"product_cat","embeddable":true,"href":"https:\/\/sakaba.mghosteur.com\/en\/wp-json\/wp\/v2\/product_cat?post=34961"},{"taxonomy":"product_tag","embeddable":true,"href":"https:\/\/sakaba.mghosteur.com\/en\/wp-json\/wp\/v2\/product_tag?post=34961"}],"curies":[{"name":"wp","href":"https:\/\/api.w.org\/{rel}","templated":true}]}}