{"id":34986,"date":"2024-06-05T13:42:10","date_gmt":"2024-06-05T13:42:10","guid":{"rendered":"https:\/\/sakaba.mghosteur.com\/?post_type=product&#038;p=34986"},"modified":"2024-08-28T03:22:04","modified_gmt":"2024-08-28T03:22:04","slug":"nars-light-reflecting-fond-de-teint-medium-deep-5-marquises","status":"publish","type":"product","link":"https:\/\/sakaba.mghosteur.com\/en\/product\/nars-light-reflecting-fond-de-teint-medium-deep-5-marquises\/","title":{"rendered":"NARS LIGHT REFLECTING FOND DE TEINT MEDIUM DEEP 5 MARQUISES"},"content":{"rendered":"<p>Ce m\u00e9lange innovant de maquillage et de soin de la peau estompe instantan\u00e9ment les imperfections, lisse l&#8217;apparence de la peau textur\u00e9e et aide \u00e0 dissimuler les imperfections, les taches brunes et les rougeurs. Am\u00e9liore visiblement la clart\u00e9 de la peau apr\u00e8s six semaines d&#8217;utilisation quotidienne, m\u00eame apr\u00e8s le d\u00e9maquillage. Aliment\u00e9 par des ingr\u00e9dients de soin avanc\u00e9s qui aident \u00e0 se d\u00e9fendre contre les agressions environnementales et la lumi\u00e8re bleue, il renforce imm\u00e9diatement la barri\u00e8re cutan\u00e9e pour aider \u00e0 maintenir son hydratation. Convient \u00e0 la plupart des types de peau, y compris les peaux sensibles. Couvrance moyenne et modulable avec un fini naturel. Respirant, tenue toute la journ\u00e9e<\/p>","protected":false},"excerpt":{"rendered":"<p>Ce m\u00e9lange innovant de maquillage et de soin de la peau estompe instantan\u00e9ment les imperfections, lisse l&#8217;apparence de la peau textur\u00e9e et aide \u00e0 dissimuler les imperfections, les taches brunes et les rougeurs. Am\u00e9liore visiblement la clart\u00e9 de la peau apr\u00e8s six semaines d&#8217;utilisation quotidienne, m\u00eame apr\u00e8s le d\u00e9maquillage. Aliment\u00e9 par des ingr\u00e9dients de soin<span class=\"read-more-faq\"><a href=\"https:\/\/sakaba.mghosteur.com\/en\/product\/nars-light-reflecting-fond-de-teint-medium-deep-5-marquises\/\">Read More<\/a><\/span><\/p>","protected":false},"featured_media":0,"comment_status":"open","ping_status":"closed","template":"","meta":[],"product_brand":[924],"product_cat":[289,311],"product_tag":[],"class_list":{"0":"post-34986","1":"product","2":"type-product","3":"status-publish","5":"product_brand-nars","6":"product_cat-aaa-maquillage","7":"product_cat-teint","9":"first","10":"instock","11":"shipping-taxable","12":"product-type-simple"},"jetpack-related-posts":[{"id":34989,"url":"https:\/\/sakaba.mghosteur.com\/en\/product\/nars-light-reflecting-fond-de-teint-medium-deep-macao\/","url_meta":{"origin":34986,"position":0},"title":"NARS LIGHT REFLECTING FOND DE TEINT MEDIUM DEEP MACAO","author":"admin","date":"June 5, 2024","format":false,"excerpt":"Ce m\u00e9lange innovant de maquillage et de soin de la peau estompe instantan\u00e9ment les imperfections, lisse l'apparence de la peau textur\u00e9e et aide \u00e0 dissimuler les imperfections, les taches brunes et les rougeurs. Am\u00e9liore visiblement la clart\u00e9 de la peau apr\u00e8s six semaines d'utilisation quotidienne, m\u00eame apr\u00e8s le d\u00e9maquillage. Aliment\u00e9\u2026","rel":"","context":"Similar post","block_context":{"text":"Similar post","link":""},"img":{"alt_text":"","src":"","width":0,"height":0},"classes":[]},{"id":34983,"url":"https:\/\/sakaba.mghosteur.com\/en\/product\/nars-light-reflecting-fond-de-teint-medium-deep-2-6-huahine\/","url_meta":{"origin":34986,"position":1},"title":"NARS LIGHT REFLECTING FOND DE TEINT MEDIUM DEEP 2.6 HUAHINE","author":"admin","date":"June 5, 2024","format":false,"excerpt":"Ce m\u00e9lange innovant de maquillage et de soin de la peau estompe instantan\u00e9ment les imperfections, lisse l'apparence de la peau textur\u00e9e et aide \u00e0 dissimuler les imperfections, les taches brunes et les rougeurs. Am\u00e9liore visiblement la clart\u00e9 de la peau apr\u00e8s six semaines d'utilisation quotidienne, m\u00eame apr\u00e8s le d\u00e9maquillage. Aliment\u00e9\u2026","rel":"","context":"Similar post","block_context":{"text":"Similar post","link":""},"img":{"alt_text":"","src":"","width":0,"height":0},"classes":[]},{"id":31566,"url":"https:\/\/sakaba.mghosteur.com\/en\/product\/cosrx-master-pacth-set-90-patches-4\/","url_meta":{"origin":34986,"position":2},"title":"COSRX MASTER PATCH SET 90 PATCHES","author":"admin","date":"May 10, 2024","format":false,"excerpt":"D\u00e9couvrez ce produit r\u00e9volutionnaire pour une peau impeccable et \u00e9clatante. Con\u00e7u pour prot\u00e9ger votre peau des irritations ext\u00e9rieures et des contaminants, ce produit est votre alli\u00e9 ultime contre les imperfections. Gr\u00e2ce \u00e0 sa formule innovante, il aide \u00e0 r\u00e9duire visiblement les rougeurs tout en absorbant l'exc\u00e8s de s\u00e9bum et les\u2026","rel":"","context":"Similar post","block_context":{"text":"Similar post","link":""},"img":{"alt_text":"","src":"","width":0,"height":0},"classes":[]},{"id":31422,"url":"https:\/\/sakaba.mghosteur.com\/en\/product\/paula-choice-clear-60ml\/","url_meta":{"origin":34986,"position":3},"title":"PAULA CHOICE CLEAR 60ML","author":"admin","date":"May 10, 2024","format":false,"excerpt":"D\u00e9couvrez notre hydratant le plus l\u00e9ger, parfaitement adapt\u00e9 aux peaux grasses sujettes aux imperfections. Cette cr\u00e8me fluide ultra-l\u00e9g\u00e8re agit en plusieurs \u00e9tapes pour offrir \u00e0 votre peau une protection et une hydratation optimales : Matifie la peau : Sa formule sp\u00e9ciale aide \u00e0 r\u00e9duire l'exc\u00e8s de s\u00e9bum, laissant votre peau\u2026","rel":"","context":"Similar post","block_context":{"text":"Similar post","link":""},"img":{"alt_text":"","src":"","width":0,"height":0},"classes":[]},{"id":23969,"url":"https:\/\/sakaba.mghosteur.com\/en\/product\/cerave-acne-foaming-cream-cleanser\/","url_meta":{"origin":34986,"position":4},"title":"CERAVE ACNE FOAMING CREAM CLEANSER","author":"admin","date":"November 9, 2022","format":false,"excerpt":"La cr\u00e8me nettoyante moussante contre l'acn\u00e9 de CeraVe est un produit essentiel pour tout r\u00e9gime de soin de la peau contre l'acn\u00e9. Cette formule efficace contient 4 % de peroxyde de benzoyle pour aider \u00e0 \u00e9liminer l'acn\u00e9 et les points noirs, tout en pr\u00e9venant la formation de nouvelles imperfections. Les\u2026","rel":"","context":"Similar post","block_context":{"text":"Similar post","link":""},"img":{"alt_text":"","src":"","width":0,"height":0},"classes":[]},{"id":31600,"url":"https:\/\/sakaba.mghosteur.com\/en\/product\/cosrx-original-clear-pad-salix-alba-bark-water-bha\/","url_meta":{"origin":34986,"position":5},"title":"ONE STEP ORIGINAL CLEAR PAD","author":"admin","date":"May 10, 2024","format":false,"excerpt":"Les Tampons Exfoliants Clear Pad One Step Original sont votre alli\u00e9 pour une peau claire et sans imperfections. Chaque bo\u00eete contient 70 tampons, impr\u00e9gn\u00e9s d'une essence douce qui \u00e9limine les impuret\u00e9s et l'exc\u00e8s de s\u00e9bum en un seul geste. Gr\u00e2ce \u00e0 leur texture gaufr\u00e9e, ces tampons p\u00e9n\u00e8trent en profondeur dans\u2026","rel":"","context":"Similar post","block_context":{"text":"Similar post","link":""},"img":{"alt_text":"","src":"","width":0,"height":0},"classes":[]}],"_links":{"self":[{"href":"https:\/\/sakaba.mghosteur.com\/en\/wp-json\/wp\/v2\/product\/34986","targetHints":{"allow":["GET"]}}],"collection":[{"href":"https:\/\/sakaba.mghosteur.com\/en\/wp-json\/wp\/v2\/product"}],"about":[{"href":"https:\/\/sakaba.mghosteur.com\/en\/wp-json\/wp\/v2\/types\/product"}],"replies":[{"embeddable":true,"href":"https:\/\/sakaba.mghosteur.com\/en\/wp-json\/wp\/v2\/comments?post=34986"}],"version-history":[{"count":0,"href":"https:\/\/sakaba.mghosteur.com\/en\/wp-json\/wp\/v2\/product\/34986\/revisions"}],"wp:attachment":[{"href":"https:\/\/sakaba.mghosteur.com\/en\/wp-json\/wp\/v2\/media?parent=34986"}],"wp:term":[{"taxonomy":"product_brand","embeddable":true,"href":"https:\/\/sakaba.mghosteur.com\/en\/wp-json\/wp\/v2\/product_brand?post=34986"},{"taxonomy":"product_cat","embeddable":true,"href":"https:\/\/sakaba.mghosteur.com\/en\/wp-json\/wp\/v2\/product_cat?post=34986"},{"taxonomy":"product_tag","embeddable":true,"href":"https:\/\/sakaba.mghosteur.com\/en\/wp-json\/wp\/v2\/product_tag?post=34986"}],"curies":[{"name":"wp","href":"https:\/\/api.w.org\/{rel}","templated":true}]}}