{"id":35025,"date":"2024-06-05T13:53:51","date_gmt":"2024-06-05T13:53:51","guid":{"rendered":"https:\/\/sakaba.mghosteur.com\/?post_type=product&#038;p=35025"},"modified":"2024-08-28T03:30:40","modified_gmt":"2024-08-28T03:30:40","slug":"nars-radiant-creamy-concealer-truffle-dark-275","status":"publish","type":"product","link":"https:\/\/sakaba.mghosteur.com\/en\/product\/nars-radiant-creamy-concealer-truffle-dark-275\/","title":{"rendered":"NARS RADIANT CREAMY CONCEALER TRUFFLE DARK 2,75"},"content":{"rendered":"<p>un anti-cernes polyvalent qui illumine, corrige et perfectionne jusqu&#8217;\u00e0 16 heures avec une couvrance cr\u00e9meuse moyenne \u00e0 modulable et un fini naturel et \u00e9clatant.<\/p>","protected":false},"excerpt":{"rendered":"<p>un anti-cernes polyvalent qui illumine, corrige et perfectionne jusqu&#8217;\u00e0 16 heures avec une couvrance cr\u00e9meuse moyenne \u00e0 modulable et un fini naturel et \u00e9clatant.<\/p>","protected":false},"featured_media":0,"comment_status":"open","ping_status":"closed","template":"","meta":[],"product_brand":[924],"product_cat":[289,311],"product_tag":[],"class_list":{"0":"post-35025","1":"product","2":"type-product","3":"status-publish","5":"product_brand-nars","6":"product_cat-aaa-maquillage","7":"product_cat-teint","9":"first","10":"instock","11":"shipping-taxable","12":"product-type-simple"},"jetpack-related-posts":[{"id":30180,"url":"https:\/\/sakaba.mghosteur.com\/en\/product\/vital-proteins-marine-collagene-221g\/","url_meta":{"origin":35025,"position":0},"title":"VITAL PROTEINS MARINE COLLAGENE 221G","author":"admin","date":"May 3, 2023","format":false,"excerpt":"Qu'est-ce que le collag\u00e8ne ---- Le collag\u00e8ne est la prot\u00e9ine la plus pr\u00e9sente dans le corps*, il aide \u00e0 maintenir l'\u00e9lasticit\u00e9 de la peau, \u00e0 r\u00e9duire les signes de fatigue li\u00e9s \u00e0 l'\u00e2ge et \u00e0 fortifier les cheveux. Notre synth\u00e8se de collag\u00e8ne diminue avec l\u2019\u00e2ge**. C'est pourquoi il est important\u2026","rel":"","context":"Similar post","block_context":{"text":"Similar post","link":""},"img":{"alt_text":"","src":"","width":0,"height":0},"classes":[]},{"id":31671,"url":"https:\/\/sakaba.mghosteur.com\/en\/product\/sulfur8-medicated-dandruf-treatment-for-braids-356ml\/","url_meta":{"origin":35025,"position":1},"title":"SULFUR8 MEDICATED DANDRUF TREATMENT FOR BRAIDS 356ML","author":"admin","date":"May 10, 2024","format":false,"excerpt":"Les tresses peuvent souvent \u00eatre sujettes \u00e0 des probl\u00e8mes de pellicules. Pour r\u00e9pondre \u00e0 ce besoin, Sulfur8 a con\u00e7u un traitement anti-pelliculaire sp\u00e9cialement formul\u00e9 pour les tresses, visant \u00e0 \u00e9liminer les pellicules et \u00e0 apaiser les d\u00e9mangeaisons du cuir chevelu associ\u00e9es. Ce traitement nourrissant contribue \u00e9galement \u00e0 prot\u00e9ger et \u00e0\u2026","rel":"","context":"Similar post","block_context":{"text":"Similar post","link":""},"img":{"alt_text":"","src":"","width":0,"height":0},"classes":[]},{"id":27894,"url":"https:\/\/sakaba.mghosteur.com\/en\/product\/doux-nettoyant-gommant-a-express-a-la-seve-dorange\/","url_meta":{"origin":35025,"position":2},"title":"DOUX NETTOYANT GOMMANT A EXPRESS A LA SEVE DORANGE","author":"admin","date":"November 29, 2022","format":false,"excerpt":"","rel":"","context":"Similar post","block_context":{"text":"Similar post","link":""},"img":{"alt_text":"","src":"","width":0,"height":0},"classes":[]},{"id":31346,"url":"https:\/\/sakaba.mghosteur.com\/en\/product\/paula-choice-skin-perfecting-6-mandelic-acid-2-lactic-acid-88ml\/","url_meta":{"origin":35025,"position":3},"title":"PAULA CHOICE SKIN PERFECTING 6% MANDELIC ACID + 2%  LACTIC ACID 88ml","author":"admin","date":"May 10, 2024","format":false,"excerpt":"D\u00e9couvrez un produit innovant pour votre routine de soins de la peau : le m\u00e9lange d'acide mand\u00e9lique \u00e0 6 % et d'exfoliant liquide \u00e0 l'acide lactique \u00e0 2 %. Ce puissant m\u00e9lange d'exfoliants AHA offre une solution douce mais efficace pour raviver votre peau. Il aide \u00e0 \u00e9liminer les cellules\u2026","rel":"","context":"Similar post","block_context":{"text":"Similar post","link":""},"img":{"alt_text":"","src":"","width":0,"height":0},"classes":[]},{"id":24146,"url":"https:\/\/sakaba.mghosteur.com\/en\/product\/jergens-smoothing-avocado\/","url_meta":{"origin":35025,"position":4},"title":"JERGENS SMOOTHING AVOCADO","author":"admin","date":"November 9, 2022","format":false,"excerpt":"D\u00e9couvrez l'hydratant lissant \u00e0 l'avocat de Jergens, un produit de soin de la peau qui vous permet de prendre soin de votre peau au quotidien. Avec une formule infus\u00e9e d'huile d'avocat nourrissante et d'extrait d'avoine, cet hydratant est con\u00e7u pour fournir une hydratation compl\u00e8te de votre corps pendant 24 heures.\u2026","rel":"","context":"Similar post","block_context":{"text":"Similar post","link":""},"img":{"alt_text":"","src":"","width":0,"height":0},"classes":[]},{"id":30175,"url":"https:\/\/sakaba.mghosteur.com\/en\/product\/vital-proteins-collagene-a-boire-complement-alimentaire-peptides-de-collagene-hydrolyses-non-aromatise\/","url_meta":{"origin":35025,"position":5},"title":"Vital Proteins, Collag\u00e8ne \u00e0 boire, Compl\u00e9ment Alimentaire, Peptides de Collag\u00e8ne Hydrolys\u00e9s, Non Aromatis\u00e9","author":"admin","date":"May 3, 2023","format":false,"excerpt":"Qu'est-ce que le collag\u00e8ne ? Le collag\u00e8ne est la prot\u00e9ine la plus pr\u00e9sente dans le corps, il contribue \u00e0 maintenir l'\u00e9lasticit\u00e9 de la peau, \u00e0 r\u00e9duire les signes de fatigue li\u00e9s \u00e0 l'\u00e2ge, \u00e0 fortifier les cheveux. Notre synth\u00e8se de collag\u00e8ne diminue avec l'\u00e2ge, c'est pourquoi il est important d'ajouter\u2026","rel":"","context":"Similar post","block_context":{"text":"Similar post","link":""},"img":{"alt_text":"","src":"","width":0,"height":0},"classes":[]}],"_links":{"self":[{"href":"https:\/\/sakaba.mghosteur.com\/en\/wp-json\/wp\/v2\/product\/35025","targetHints":{"allow":["GET"]}}],"collection":[{"href":"https:\/\/sakaba.mghosteur.com\/en\/wp-json\/wp\/v2\/product"}],"about":[{"href":"https:\/\/sakaba.mghosteur.com\/en\/wp-json\/wp\/v2\/types\/product"}],"replies":[{"embeddable":true,"href":"https:\/\/sakaba.mghosteur.com\/en\/wp-json\/wp\/v2\/comments?post=35025"}],"version-history":[{"count":0,"href":"https:\/\/sakaba.mghosteur.com\/en\/wp-json\/wp\/v2\/product\/35025\/revisions"}],"wp:attachment":[{"href":"https:\/\/sakaba.mghosteur.com\/en\/wp-json\/wp\/v2\/media?parent=35025"}],"wp:term":[{"taxonomy":"product_brand","embeddable":true,"href":"https:\/\/sakaba.mghosteur.com\/en\/wp-json\/wp\/v2\/product_brand?post=35025"},{"taxonomy":"product_cat","embeddable":true,"href":"https:\/\/sakaba.mghosteur.com\/en\/wp-json\/wp\/v2\/product_cat?post=35025"},{"taxonomy":"product_tag","embeddable":true,"href":"https:\/\/sakaba.mghosteur.com\/en\/wp-json\/wp\/v2\/product_tag?post=35025"}],"curies":[{"name":"wp","href":"https:\/\/api.w.org\/{rel}","templated":true}]}}