{"id":35031,"date":"2024-06-05T14:14:14","date_gmt":"2024-06-05T14:14:14","guid":{"rendered":"https:\/\/sakaba.mghosteur.com\/?post_type=product&#038;p=35031"},"modified":"2024-09-09T13:00:03","modified_gmt":"2024-09-09T13:00:03","slug":"nars-soft-matte-complete-foundation-caracas","status":"publish","type":"product","link":"https:\/\/sakaba.mghosteur.com\/en\/product\/nars-soft-matte-complete-foundation-caracas\/","title":{"rendered":"NARS Soft Matte Complete Foundation Caracas"},"content":{"rendered":"<p>Le fond de teint Soft Matte Complete de NARS, qui se diffuse parfaitement et offre un effet seconde peau, offre jusqu&#8217;\u00e0 16 heures de tenue fid\u00e8le de la couleur avec un fini couvrant. D\u00e9velopp\u00e9 avec le complexe antioxydant \u00e0 base de plantes de la marque, ce fond de teint riche en antioxydants aide \u00e0 emp\u00eacher la couleur de se d\u00e9grader, tout en prot\u00e9geant la peau contre les polluants urbains et les dommages caus\u00e9s par la lumi\u00e8re bleue.<\/p>","protected":false},"excerpt":{"rendered":"<p>Le fond de teint Soft Matte Complete de NARS, qui se diffuse parfaitement et offre un effet seconde peau, offre jusqu&#8217;\u00e0 16 heures de tenue fid\u00e8le de la couleur avec un fini couvrant. D\u00e9velopp\u00e9 avec le complexe antioxydant \u00e0 base de plantes de la marque, ce fond de teint riche en antioxydants aide \u00e0 emp\u00eacher<span class=\"read-more-faq\"><a href=\"https:\/\/sakaba.mghosteur.com\/en\/product\/nars-soft-matte-complete-foundation-caracas\/\">Read More<\/a><\/span><\/p>","protected":false},"featured_media":0,"comment_status":"open","ping_status":"closed","template":"","meta":[],"product_brand":[924],"product_cat":[289,311],"product_tag":[],"class_list":{"0":"post-35031","1":"product","2":"type-product","3":"status-publish","5":"product_brand-nars","6":"product_cat-aaa-maquillage","7":"product_cat-teint","9":"first","10":"instock","11":"shipping-taxable","12":"product-type-simple"},"jetpack-related-posts":[{"id":35028,"url":"https:\/\/sakaba.mghosteur.com\/en\/product\/nars-soft-matte-complete-foundation-cadiz\/","url_meta":{"origin":35031,"position":0},"title":"NARS Soft Matte Complete Foundation Cadiz","author":"admin","date":"June 5, 2024","format":false,"excerpt":"Le fond de teint Soft Matte Complete de NARS, qui se diffuse parfaitement et offre un effet seconde peau, offre jusqu'\u00e0 16 heures de tenue fid\u00e8le de la couleur avec un fini couvrant. D\u00e9velopp\u00e9 avec le complexe antioxydant \u00e0 base de plantes de la marque, ce fond de teint riche\u2026","rel":"","context":"Similar post","block_context":{"text":"Similar post","link":""},"img":{"alt_text":"","src":"","width":0,"height":0},"classes":[]},{"id":35034,"url":"https:\/\/sakaba.mghosteur.com\/en\/product\/nars-soft-matte-complete-foundation-deauville\/","url_meta":{"origin":35031,"position":1},"title":"NARS Soft Matte Complete Foundation DEAUVILLE","author":"admin","date":"June 5, 2024","format":false,"excerpt":"Le fond de teint Soft Matte Complete de NARS, qui se diffuse parfaitement et offre un effet seconde peau, offre jusqu'\u00e0 16 heures de tenue fid\u00e8le de la couleur avec un fini couvrant. D\u00e9velopp\u00e9 avec le complexe antioxydant \u00e0 base de plantes de la marque, ce fond de teint riche\u2026","rel":"","context":"Similar post","block_context":{"text":"Similar post","link":""},"img":{"alt_text":"","src":"","width":0,"height":0},"classes":[]},{"id":35037,"url":"https:\/\/sakaba.mghosteur.com\/en\/product\/nars-soft-matte-complete-foundation-mananus\/","url_meta":{"origin":35031,"position":2},"title":"NARS Soft Matte Complete Foundation MANANUS","author":"admin","date":"June 5, 2024","format":false,"excerpt":"Le fond de teint Soft Matte Complete de NARS, qui se diffuse parfaitement et offre un effet seconde peau, offre jusqu'\u00e0 16 heures de tenue fid\u00e8le de la couleur avec un fini couvrant. D\u00e9velopp\u00e9 avec le complexe antioxydant \u00e0 base de plantes de la marque, ce fond de teint riche\u2026","rel":"","context":"Similar post","block_context":{"text":"Similar post","link":""},"img":{"alt_text":"","src":"","width":0,"height":0},"classes":[]},{"id":35040,"url":"https:\/\/sakaba.mghosteur.com\/en\/product\/nars-soft-matte-complete-foundation-namibia\/","url_meta":{"origin":35031,"position":3},"title":"NARS Soft Matte Complete Foundation Namibia","author":"admin","date":"June 5, 2024","format":false,"excerpt":"Le fond de teint Soft Matte Complete de NARS, qui se diffuse parfaitement et offre un effet seconde peau, offre jusqu'\u00e0 16 heures de tenue fid\u00e8le de la couleur avec un fini couvrant. D\u00e9velopp\u00e9 avec le complexe antioxydant \u00e0 base de plantes de la marque, ce fond de teint riche\u2026","rel":"","context":"Similar post","block_context":{"text":"Similar post","link":""},"img":{"alt_text":"","src":"","width":0,"height":0},"classes":[]},{"id":35046,"url":"https:\/\/sakaba.mghosteur.com\/en\/product\/nars-soft-matte-complete-foundation-punjab\/","url_meta":{"origin":35031,"position":4},"title":"NARS Soft Matte Complete Foundation PUNJAB","author":"admin","date":"June 5, 2024","format":false,"excerpt":"Le fond de teint Soft Matte Complete de NARS, qui se diffuse parfaitement et offre un effet seconde peau, offre jusqu'\u00e0 16 heures de tenue fid\u00e8le de la couleur avec un fini couvrant. D\u00e9velopp\u00e9 avec le complexe antioxydant \u00e0 base de plantes de la marque, ce fond de teint riche\u2026","rel":"","context":"Similar post","block_context":{"text":"Similar post","link":""},"img":{"alt_text":"","src":"","width":0,"height":0},"classes":[]},{"id":35049,"url":"https:\/\/sakaba.mghosteur.com\/en\/product\/nars-soft-matte-complete-foundation-tahoe\/","url_meta":{"origin":35031,"position":5},"title":"NARS Soft Matte Complete Foundation Tahoe","author":"admin","date":"June 5, 2024","format":false,"excerpt":"Le fond de teint Soft Matte Complete de NARS, qui se diffuse parfaitement et offre un effet seconde peau, offre jusqu'\u00e0 16 heures de tenue fid\u00e8le de la couleur avec un fini couvrant. D\u00e9velopp\u00e9 avec le complexe antioxydant \u00e0 base de plantes de la marque, ce fond de teint riche\u2026","rel":"","context":"Similar post","block_context":{"text":"Similar post","link":""},"img":{"alt_text":"","src":"","width":0,"height":0},"classes":[]}],"_links":{"self":[{"href":"https:\/\/sakaba.mghosteur.com\/en\/wp-json\/wp\/v2\/product\/35031","targetHints":{"allow":["GET"]}}],"collection":[{"href":"https:\/\/sakaba.mghosteur.com\/en\/wp-json\/wp\/v2\/product"}],"about":[{"href":"https:\/\/sakaba.mghosteur.com\/en\/wp-json\/wp\/v2\/types\/product"}],"replies":[{"embeddable":true,"href":"https:\/\/sakaba.mghosteur.com\/en\/wp-json\/wp\/v2\/comments?post=35031"}],"version-history":[{"count":0,"href":"https:\/\/sakaba.mghosteur.com\/en\/wp-json\/wp\/v2\/product\/35031\/revisions"}],"wp:attachment":[{"href":"https:\/\/sakaba.mghosteur.com\/en\/wp-json\/wp\/v2\/media?parent=35031"}],"wp:term":[{"taxonomy":"product_brand","embeddable":true,"href":"https:\/\/sakaba.mghosteur.com\/en\/wp-json\/wp\/v2\/product_brand?post=35031"},{"taxonomy":"product_cat","embeddable":true,"href":"https:\/\/sakaba.mghosteur.com\/en\/wp-json\/wp\/v2\/product_cat?post=35031"},{"taxonomy":"product_tag","embeddable":true,"href":"https:\/\/sakaba.mghosteur.com\/en\/wp-json\/wp\/v2\/product_tag?post=35031"}],"curies":[{"name":"wp","href":"https:\/\/api.w.org\/{rel}","templated":true}]}}