{"id":35052,"date":"2024-06-05T14:20:02","date_gmt":"2024-06-05T14:20:02","guid":{"rendered":"https:\/\/sakaba.mghosteur.com\/?post_type=product&#038;p=35052"},"modified":"2024-09-01T03:26:53","modified_gmt":"2024-09-01T03:26:53","slug":"radiant-creamy-concealer-anti-cernes-eclat","status":"publish","type":"product","link":"https:\/\/sakaba.mghosteur.com\/en\/product\/radiant-creamy-concealer-anti-cernes-eclat\/","title":{"rendered":"RADIANT CREAMY CONCEALER ANTI CERNES ECLAT"},"content":{"rendered":"","protected":false},"excerpt":{"rendered":"","protected":false},"featured_media":0,"comment_status":"open","ping_status":"closed","template":"","meta":[],"product_brand":[924],"product_cat":[289,311],"product_tag":[],"class_list":{"0":"post-35052","1":"product","2":"type-product","3":"status-publish","5":"product_brand-nars","6":"product_cat-aaa-maquillage","7":"product_cat-teint","9":"first","10":"instock","11":"shipping-taxable","12":"product-type-simple"},"jetpack-related-posts":[{"id":35010,"url":"https:\/\/sakaba.mghosteur.com\/en\/product\/nars-radiant-creamy-concealer-light-3-honey\/","url_meta":{"origin":35052,"position":0},"title":"NARS RADIANT CREAMY CONCEALER  LIGHT 3 HONEY","author":"admin","date":"June 5, 2024","format":false,"excerpt":"un anti-cernes polyvalent qui illumine, corrige et perfectionne jusqu'\u00e0 16 heures avec une couvrance cr\u00e9meuse moyenne \u00e0 modulable et un fini naturel et \u00e9clatant.","rel":"","context":"Similar post","block_context":{"text":"Similar post","link":""},"img":{"alt_text":"","src":"","width":0,"height":0},"classes":[]},{"id":35013,"url":"https:\/\/sakaba.mghosteur.com\/en\/product\/nars-radiant-creamy-concealer-ginger-medium-2\/","url_meta":{"origin":35052,"position":1},"title":"NARS RADIANT CREAMY CONCEALER GINGER MEDIUM 2","author":"admin","date":"June 5, 2024","format":false,"excerpt":"un anti-cernes polyvalent qui illumine, corrige et perfectionne jusqu'\u00e0 16 heures avec une couvrance cr\u00e9meuse moyenne \u00e0 modulable et un fini naturel et \u00e9clatant.","rel":"","context":"Similar post","block_context":{"text":"Similar post","link":""},"img":{"alt_text":"","src":"","width":0,"height":0},"classes":[]},{"id":35019,"url":"https:\/\/sakaba.mghosteur.com\/en\/product\/nars-radiant-creamy-concealer-hazelnut-dark-4\/","url_meta":{"origin":35052,"position":2},"title":"NARS RADIANT CREAMY CONCEALER HAZELNUT DARK 4","author":"admin","date":"June 5, 2024","format":false,"excerpt":"un anti-cernes polyvalent qui illumine, corrige et perfectionne jusqu'\u00e0 16 heures avec une couvrance cr\u00e9meuse moyenne \u00e0 modulable et un fini naturel et \u00e9clatant.","rel":"","context":"Similar post","block_context":{"text":"Similar post","link":""},"img":{"alt_text":"","src":"","width":0,"height":0},"classes":[]},{"id":35025,"url":"https:\/\/sakaba.mghosteur.com\/en\/product\/nars-radiant-creamy-concealer-truffle-dark-275\/","url_meta":{"origin":35052,"position":3},"title":"NARS RADIANT CREAMY CONCEALER TRUFFLE DARK 2,75","author":"admin","date":"June 5, 2024","format":false,"excerpt":"un anti-cernes polyvalent qui illumine, corrige et perfectionne jusqu'\u00e0 16 heures avec une couvrance cr\u00e9meuse moyenne \u00e0 modulable et un fini naturel et \u00e9clatant.","rel":"","context":"Similar post","block_context":{"text":"Similar post","link":""},"img":{"alt_text":"","src":"","width":0,"height":0},"classes":[]},{"id":33863,"url":"https:\/\/sakaba.mghosteur.com\/en\/product\/nars-radiant-creamy-concealer-sucre-d-orge-dark-15\/","url_meta":{"origin":35052,"position":4},"title":"NARS RADIANT CREAMY CONCEALER SUCRE D ORGE DARK 1,5","author":"admin","date":"May 23, 2024","format":false,"excerpt":"un anti-cernes polyvalent qui illumine, corrige et perfectionne jusqu'\u00e0 16 heures avec une couvrance cr\u00e9meuse moyenne \u00e0 modulable et un fini naturel et \u00e9clatant.","rel":"","context":"Similar post","block_context":{"text":"Similar post","link":""},"img":{"alt_text":"","src":"","width":0,"height":0},"classes":[]},{"id":35016,"url":"https:\/\/sakaba.mghosteur.com\/en\/product\/nars-radiant-creamy-concealer-ginger-medium-2-2\/","url_meta":{"origin":35052,"position":5},"title":"NARS RADIANT CREAMY CONCEALER GINGER MEDIUM 2","author":"admin","date":"June 5, 2024","format":false,"excerpt":"un anti-cernes polyvalent qui illumine, corrige et perfectionne jusqu'\u00e0 16 heures avec une couvrance cr\u00e9meuse moyenne \u00e0 modulable et un fini naturel et \u00e9clatant.","rel":"","context":"Similar post","block_context":{"text":"Similar post","link":""},"img":{"alt_text":"","src":"","width":0,"height":0},"classes":[]}],"_links":{"self":[{"href":"https:\/\/sakaba.mghosteur.com\/en\/wp-json\/wp\/v2\/product\/35052","targetHints":{"allow":["GET"]}}],"collection":[{"href":"https:\/\/sakaba.mghosteur.com\/en\/wp-json\/wp\/v2\/product"}],"about":[{"href":"https:\/\/sakaba.mghosteur.com\/en\/wp-json\/wp\/v2\/types\/product"}],"replies":[{"embeddable":true,"href":"https:\/\/sakaba.mghosteur.com\/en\/wp-json\/wp\/v2\/comments?post=35052"}],"version-history":[{"count":0,"href":"https:\/\/sakaba.mghosteur.com\/en\/wp-json\/wp\/v2\/product\/35052\/revisions"}],"wp:attachment":[{"href":"https:\/\/sakaba.mghosteur.com\/en\/wp-json\/wp\/v2\/media?parent=35052"}],"wp:term":[{"taxonomy":"product_brand","embeddable":true,"href":"https:\/\/sakaba.mghosteur.com\/en\/wp-json\/wp\/v2\/product_brand?post=35052"},{"taxonomy":"product_cat","embeddable":true,"href":"https:\/\/sakaba.mghosteur.com\/en\/wp-json\/wp\/v2\/product_cat?post=35052"},{"taxonomy":"product_tag","embeddable":true,"href":"https:\/\/sakaba.mghosteur.com\/en\/wp-json\/wp\/v2\/product_tag?post=35052"}],"curies":[{"name":"wp","href":"https:\/\/api.w.org\/{rel}","templated":true}]}}