{"id":35058,"date":"2024-06-05T15:58:23","date_gmt":"2024-06-05T15:58:23","guid":{"rendered":"https:\/\/sakaba.mghosteur.com\/?post_type=product&#038;p=35058"},"modified":"2024-08-31T03:01:44","modified_gmt":"2024-08-31T03:01:44","slug":"kiko-milano-3d-hydra-lipgloss-03","status":"publish","type":"product","link":"https:\/\/sakaba.mghosteur.com\/en\/product\/kiko-milano-3d-hydra-lipgloss-03\/","title":{"rendered":"KIKO MILANO 3D HYDRA LIPGLOSS 03"},"content":{"rendered":"<p>Brillant \u00e0 l\u00e8vres adoucissant pour un look 3D<\/p>\n<p>La texture douce est merveilleuse, se fond dans les l\u00e8vres et les laisse lisses et \u00e9clatantes.<\/p>\n<p>La formule contient de l&#8217;extrait de Bidens.<\/p>\n<p>La texture non collante est longue tenue.<\/p>","protected":false},"excerpt":{"rendered":"<p>Brillant \u00e0 l\u00e8vres adoucissant pour un look 3D La texture douce est merveilleuse, se fond dans les l\u00e8vres et les laisse lisses et \u00e9clatantes. La formule contient de l&#8217;extrait de Bidens. La texture non collante est longue tenue.<\/p>","protected":false},"featured_media":0,"comment_status":"open","ping_status":"closed","template":"","meta":[],"product_brand":[892],"product_cat":[305,289],"product_tag":[],"class_list":{"0":"post-35058","1":"product","2":"type-product","3":"status-publish","5":"product_brand-kiko","6":"product_cat-levres","7":"product_cat-aaa-maquillage","9":"first","10":"instock","11":"shipping-taxable","12":"product-type-simple"},"jetpack-related-posts":[{"id":35061,"url":"https:\/\/sakaba.mghosteur.com\/en\/product\/kiko-milano-3d-hydra-lipgloss-05\/","url_meta":{"origin":35058,"position":0},"title":"KIKO MILANO 3D HYDRA LIPGLOSS 05","author":"admin","date":"June 5, 2024","format":false,"excerpt":"Brillant \u00e0 l\u00e8vres adoucissant pour un look 3D La texture douce est merveilleuse, se fond dans les l\u00e8vres et les laisse lisses et \u00e9clatantes. La formule contient de l'extrait de Bidens. La texture non collante est longue tenue.","rel":"","context":"Similar post","block_context":{"text":"Similar post","link":""},"img":{"alt_text":"","src":"","width":0,"height":0},"classes":[]},{"id":35065,"url":"https:\/\/sakaba.mghosteur.com\/en\/product\/kiko-milano-3d-hydra-lipgloss-20\/","url_meta":{"origin":35058,"position":1},"title":"KIKO MILANO 3D HYDRA LIPGLOSS 20","author":"admin","date":"June 5, 2024","format":false,"excerpt":"Brillant \u00e0 l\u00e8vres adoucissant pour un look 3D La texture douce est merveilleuse, se fond dans les l\u00e8vres et les laisse lisses et \u00e9clatantes. La formule contient de l'extrait de Bidens. La texture non collante est longue tenue.","rel":"","context":"Similar post","block_context":{"text":"Similar post","link":""},"img":{"alt_text":"","src":"","width":0,"height":0},"classes":[]},{"id":35068,"url":"https:\/\/sakaba.mghosteur.com\/en\/product\/kiko-milano-3d-hydra-lipgloss-21\/","url_meta":{"origin":35058,"position":2},"title":"KIKO MILANO 3D HYDRA LIPGLOSS 21","author":"admin","date":"June 5, 2024","format":false,"excerpt":"Brillant \u00e0 l\u00e8vres adoucissant pour un look 3D La texture douce est merveilleuse, se fond dans les l\u00e8vres et les laisse lisses et \u00e9clatantes. La formule contient de l'extrait de Bidens. La texture non collante est longue tenue.","rel":"","context":"Similar post","block_context":{"text":"Similar post","link":""},"img":{"alt_text":"","src":"","width":0,"height":0},"classes":[]},{"id":35071,"url":"https:\/\/sakaba.mghosteur.com\/en\/product\/kiko-milano-3d-hydra-lipgloss-22\/","url_meta":{"origin":35058,"position":3},"title":"KIKO MILANO 3D HYDRA LIPGLOSS 22","author":"admin","date":"June 5, 2024","format":false,"excerpt":"Brillant \u00e0 l\u00e8vres adoucissant pour un look 3D La texture douce est merveilleuse, se fond dans les l\u00e8vres et les laisse lisses et \u00e9clatantes. La formule contient de l'extrait de Bidens. La texture non collante est longue tenue.","rel":"","context":"Similar post","block_context":{"text":"Similar post","link":""},"img":{"alt_text":"","src":"","width":0,"height":0},"classes":[]},{"id":35074,"url":"https:\/\/sakaba.mghosteur.com\/en\/product\/kiko-milano-3d-hydra-lipgloss-23\/","url_meta":{"origin":35058,"position":4},"title":"KIKO MILANO 3D HYDRA LIPGLOSS 23","author":"admin","date":"June 5, 2024","format":false,"excerpt":"Brillant \u00e0 l\u00e8vres adoucissant pour un look 3D La texture douce est merveilleuse, se fond dans les l\u00e8vres et les laisse lisses et \u00e9clatantes. La formule contient de l'extrait de Bidens. La texture non collante est longue tenue.","rel":"","context":"Similar post","block_context":{"text":"Similar post","link":""},"img":{"alt_text":"","src":"","width":0,"height":0},"classes":[]},{"id":35077,"url":"https:\/\/sakaba.mghosteur.com\/en\/product\/kiko-milano-3d-hydra-lipgloss-27\/","url_meta":{"origin":35058,"position":5},"title":"KIKO MILANO 3D HYDRA LIPGLOSS 27","author":"admin","date":"June 5, 2024","format":false,"excerpt":"Brillant \u00e0 l\u00e8vres adoucissant pour un look 3D La texture douce est merveilleuse, se fond dans les l\u00e8vres et les laisse lisses et \u00e9clatantes. La formule contient de l'extrait de Bidens. La texture non collante est longue tenue.","rel":"","context":"Similar post","block_context":{"text":"Similar post","link":""},"img":{"alt_text":"","src":"","width":0,"height":0},"classes":[]}],"_links":{"self":[{"href":"https:\/\/sakaba.mghosteur.com\/en\/wp-json\/wp\/v2\/product\/35058","targetHints":{"allow":["GET"]}}],"collection":[{"href":"https:\/\/sakaba.mghosteur.com\/en\/wp-json\/wp\/v2\/product"}],"about":[{"href":"https:\/\/sakaba.mghosteur.com\/en\/wp-json\/wp\/v2\/types\/product"}],"replies":[{"embeddable":true,"href":"https:\/\/sakaba.mghosteur.com\/en\/wp-json\/wp\/v2\/comments?post=35058"}],"version-history":[{"count":0,"href":"https:\/\/sakaba.mghosteur.com\/en\/wp-json\/wp\/v2\/product\/35058\/revisions"}],"wp:attachment":[{"href":"https:\/\/sakaba.mghosteur.com\/en\/wp-json\/wp\/v2\/media?parent=35058"}],"wp:term":[{"taxonomy":"product_brand","embeddable":true,"href":"https:\/\/sakaba.mghosteur.com\/en\/wp-json\/wp\/v2\/product_brand?post=35058"},{"taxonomy":"product_cat","embeddable":true,"href":"https:\/\/sakaba.mghosteur.com\/en\/wp-json\/wp\/v2\/product_cat?post=35058"},{"taxonomy":"product_tag","embeddable":true,"href":"https:\/\/sakaba.mghosteur.com\/en\/wp-json\/wp\/v2\/product_tag?post=35058"}],"curies":[{"name":"wp","href":"https:\/\/api.w.org\/{rel}","templated":true}]}}