{"id":35978,"date":"2024-08-10T23:18:12","date_gmt":"2024-08-10T23:18:12","guid":{"rendered":"https:\/\/sakaba.mghosteur.com\/?post_type=product&#038;p=35978"},"modified":"2024-09-01T13:51:02","modified_gmt":"2024-09-01T13:51:02","slug":"medix-5-5-retinol-ferulic-acid-age-rewind-444ml","status":"publish","type":"product","link":"https:\/\/sakaba.mghosteur.com\/en\/product\/medix-5-5-retinol-ferulic-acid-age-rewind-444ml\/","title":{"rendered":"MEDIX 5.5 RETINOL FERULIC ACID AGE REWIND 444ML"},"content":{"rendered":"<p>MEDIX 5.5 \u2013 RETINOL CREAM contient d\u2019autres ingr\u00e9dients actifs tels que l\u2019acide f\u00e9rulique, le th\u00e9 vert, la vitamine E, le beurre de karit\u00e9 et l\u2019aloe vera qui agissent en synergie pour am\u00e9liorer la sant\u00e9 globale et l\u2019apparence de votre peau afin de donner \u00e0 votre peau un \u00e9clat jeune et radieux.<\/p>\n<p>Le r\u00e9tinol est une forme de vitamine A, qui est une solution anti-\u00e2ge puissante pour r\u00e9duire l\u2019apparence des rides, du rel\u00e2chement cutan\u00e9, de la peau cr\u00e9pue, des dommages caus\u00e9s par le soleil, des ridules et des taches brunes. Le r\u00e9tinol aide \u00e0 neutraliser les radicaux libres et favorise la production de collag\u00e8ne, ce qui peut aider \u00e0 r\u00e9duire l\u2019apparence des ridules, des rides et d\u2019autres signes de vieillissement.<\/p>\n<p>L\u2019acide f\u00e9rulique est un puissant inhibiteur qui aide \u00e0 prot\u00e9ger contre les dommages environnementaux et \u00e0 r\u00e9duire l\u2019apparence de l\u2019hyperpigmentation et des taches brunes. Il am\u00e9liore l\u2019efficacit\u00e9 globale du r\u00e9tinol, ce qui donne une peau plus lisse, plus lumineuse et plus uniforme.<\/p>\n<p>La vitamine E prot\u00e8ge la peau des radicaux libres et des dommages caus\u00e9s par les UV. Il aide \u00e9galement \u00e0 r\u00e9duire l\u2019apparence des cicatrices, des ridules et des rides.<\/p>\n<p>L\u2019Aloe Vera est connu pour sa capacit\u00e9 apaisante \u00e0 calmer et hydrater la peau. Il contient \u00e9galement des enzymes qui aident \u00e0 \u00e9liminer les cellules mortes de la peau, favorisant un teint plus lumineux et plus jeune.<\/p>\n<p>Convient \u00e0 tous les types de peau, y compris les peaux sensibles. Cette puissante formule de r\u00e9tinol offre des avantages complets pour un teint plus jeune, radieux et d\u2019apparence saine. Alors, si vous cherchez une solution efficace pour rajeunir + revitaliser votre peau,<\/p>","protected":false},"excerpt":{"rendered":"<p>MEDIX 5.5 \u2013 RETINOL CREAM contient d\u2019autres ingr\u00e9dients actifs tels que l\u2019acide f\u00e9rulique, le th\u00e9 vert, la vitamine E, le beurre de karit\u00e9 et l\u2019aloe vera qui agissent en synergie pour am\u00e9liorer la sant\u00e9 globale et l\u2019apparence de votre peau afin de donner \u00e0 votre peau un \u00e9clat jeune et radieux. Le r\u00e9tinol est une<span class=\"read-more-faq\"><a href=\"https:\/\/sakaba.mghosteur.com\/en\/product\/medix-5-5-retinol-ferulic-acid-age-rewind-444ml\/\">Read More<\/a><\/span><\/p>","protected":false},"featured_media":0,"comment_status":"open","ping_status":"closed","template":"","meta":[],"product_brand":[1029],"product_cat":[1095,385,447,1061],"product_tag":[],"class_list":{"0":"post-35978","1":"product","2":"type-product","3":"status-publish","5":"product_brand-medix-5-5","6":"product_cat-anti-age","7":"product_cat-anti-vergetures","8":"product_cat-aac-bain-et-corps","9":"product_cat-lait-huile_corporelle","11":"first","12":"instock","13":"shipping-taxable","14":"product-type-simple"},"jetpack-related-posts":[{"id":27657,"url":"https:\/\/sakaba.mghosteur.com\/en\/product\/carrot-vitamin-c-vitamin-c-serum\/","url_meta":{"origin":35978,"position":0},"title":"40 CARROT VITAMIN SERUM + VITAMIN C","author":"admin","date":"November 29, 2022","format":false,"excerpt":"Soins de la peau riches en r\u00e9tinol 40 Carrots contiennent un complexe exclusif Betanol Age-Radiance. Ce complexe unique est une combinaison de b\u00eata-carot\u00e8ne \u00e9claircissant et de r\u00e9tinol (vitamine A) antirides recommand\u00e9 par les dermatologues. Ce puissant combo aide \u00e0 r\u00e9duire l'apparence des ridules et des rides tout en lissant le\u2026","rel":"","context":"Similar post","block_context":{"text":"Similar post","link":""},"img":{"alt_text":"","src":"","width":0,"height":0},"classes":[]},{"id":31729,"url":"https:\/\/sakaba.mghosteur.com\/en\/product\/medix-5-5-vitamin-c-tumeric-brighten-film-444ml\/","url_meta":{"origin":35978,"position":1},"title":"MEDIX 5.5 VITAMIN C + TUMERIC BRIGHTEN +FILM 444ML","author":"admin","date":"May 10, 2024","format":false,"excerpt":"VITAMINE C \u2013 Int\u00e9grez une lotion corporelle infus\u00e9e de vitamine C dans votre routine de soins quotidiens pour favoriser un teint plus sain, plus radieux et plus jeune. La vitamine C aide \u00e0 uniformiser le teint, tout en stimulant la production de collag\u00e8ne pour am\u00e9liorer l'\u00e9lasticit\u00e9 et la fermet\u00e9 de\u2026","rel":"","context":"Similar post","block_context":{"text":"Similar post","link":""},"img":{"alt_text":"","src":"","width":0,"height":0},"classes":[]},{"id":35988,"url":"https:\/\/sakaba.mghosteur.com\/en\/product\/medix-5-5-argan-oil-vitamin-e-body-treatmen-444ml\/","url_meta":{"origin":35978,"position":2},"title":"MEDIX 5.5 ARGAN OIL+ VITAMIN E BODY TREATMEN 444ML","author":"admin","date":"August 10, 2024","format":false,"excerpt":"Le soin corporel \u00e0 l'huile d'argan et \u00e0 la vitamine E Medix 5.5 est une cr\u00e8me de 15 fl oz qui utilise des ingr\u00e9dients naturels pour aider \u00e0 r\u00e9duire l'apparence des rides, des ridules, de la cellulite, du rel\u00e2chement cutan\u00e9 et des imperfections. Il est sans alcool, sans paraben et\u2026","rel":"","context":"Similar post","block_context":{"text":"Similar post","link":""},"img":{"alt_text":"","src":"","width":0,"height":0},"classes":[]},{"id":33122,"url":"https:\/\/sakaba.mghosteur.com\/en\/product\/medix-5-5-20-vitamin-f-barrier-booster-serum-50ml-15\/","url_meta":{"origin":35978,"position":3},"title":"MEDIX 5.5 20% VITAMIN F BARRIER BOOSTER SERUM 50ML 15","author":"admin","date":"May 20, 2024","format":false,"excerpt":"Le s\u00e9rum Medix 5.5 20% Vitamin F Barrier Booster 50 ml est un s\u00e9rum qui contient de la vitamine F, un acide gras qui aide \u00e0 maintenir l'hydratation et l'int\u00e9grit\u00e9 de la barri\u00e8re cutan\u00e9e. Il est sans paraben, sans cruaut\u00e9 et convient \u00e0 tous les types de peau. Le s\u00e9rum\u2026","rel":"","context":"Similar post","block_context":{"text":"Similar post","link":""},"img":{"alt_text":"","src":"","width":0,"height":0},"classes":[]},{"id":29139,"url":"https:\/\/sakaba.mghosteur.com\/en\/product\/the-inkey-list-coffret-winter-skin-101\/","url_meta":{"origin":35978,"position":4},"title":"THE INKEY LIST COFFRET WINTER SKIN 101","author":"admin","date":"March 15, 2023","format":false,"excerpt":"L'ensemble INKEY List Winter Skin 101 de la marque THE INKEY LIST est la solution parfaite pour les peaux s\u00e8ches et hivernales qui ont besoin d'\u00eatre chouchout\u00e9es. Ce kit complet en 4 \u00e9tapes vous offre des produits en taille r\u00e9elle pour une peau renouvel\u00e9e et hydrat\u00e9e. Le Baume nettoyant \u00e0\u2026","rel":"","context":"Similar post","block_context":{"text":"Similar post","link":""},"img":{"alt_text":"","src":"","width":0,"height":0},"classes":[]},{"id":26880,"url":"https:\/\/sakaba.mghosteur.com\/en\/product\/1-retinol-treatment-with-peptides-vitamin-c\/","url_meta":{"origin":35978,"position":5},"title":"1% RETINOL TREATMENT WITH PEPTIDES +VITAMIN C","author":"admin","date":"November 28, 2022","format":false,"excerpt":"Le traitement au R\u00e9tinol 1% de la marque Paula's Choice est une solution de r\u00e9tinol puissante qui hydrate et offre des avantages anti-\u00e2ge remarquables. Sa formulation unique avec un syst\u00e8me de lib\u00e9ration contr\u00f4l\u00e9e permet une absorption uniforme et constante, pour des r\u00e9sultats optimaux. La lotion l\u00e9g\u00e8re de ce traitement aide\u2026","rel":"","context":"Similar post","block_context":{"text":"Similar post","link":""},"img":{"alt_text":"","src":"","width":0,"height":0},"classes":[]}],"_links":{"self":[{"href":"https:\/\/sakaba.mghosteur.com\/en\/wp-json\/wp\/v2\/product\/35978","targetHints":{"allow":["GET"]}}],"collection":[{"href":"https:\/\/sakaba.mghosteur.com\/en\/wp-json\/wp\/v2\/product"}],"about":[{"href":"https:\/\/sakaba.mghosteur.com\/en\/wp-json\/wp\/v2\/types\/product"}],"replies":[{"embeddable":true,"href":"https:\/\/sakaba.mghosteur.com\/en\/wp-json\/wp\/v2\/comments?post=35978"}],"version-history":[{"count":0,"href":"https:\/\/sakaba.mghosteur.com\/en\/wp-json\/wp\/v2\/product\/35978\/revisions"}],"wp:attachment":[{"href":"https:\/\/sakaba.mghosteur.com\/en\/wp-json\/wp\/v2\/media?parent=35978"}],"wp:term":[{"taxonomy":"product_brand","embeddable":true,"href":"https:\/\/sakaba.mghosteur.com\/en\/wp-json\/wp\/v2\/product_brand?post=35978"},{"taxonomy":"product_cat","embeddable":true,"href":"https:\/\/sakaba.mghosteur.com\/en\/wp-json\/wp\/v2\/product_cat?post=35978"},{"taxonomy":"product_tag","embeddable":true,"href":"https:\/\/sakaba.mghosteur.com\/en\/wp-json\/wp\/v2\/product_tag?post=35978"}],"curies":[{"name":"wp","href":"https:\/\/api.w.org\/{rel}","templated":true}]}}