{"id":35982,"date":"2024-08-10T23:30:48","date_gmt":"2024-08-10T23:30:48","guid":{"rendered":"https:\/\/sakaba.mghosteur.com\/?post_type=product&#038;p=35982"},"modified":"2024-08-14T03:55:00","modified_gmt":"2024-08-14T03:55:00","slug":"medix-5-5-collagen-peptides-plump-lift-444ml","status":"publish","type":"product","link":"https:\/\/sakaba.mghosteur.com\/en\/product\/medix-5-5-collagen-peptides-plump-lift-444ml\/","title":{"rendered":"MEDIX 5.5 COLLAGEN + PEPTIDES PLUMP + LIFT 444ML"},"content":{"rendered":"<p>La cr\u00e8me pour le corps Medix 5.5 Collag\u00e8ne + Peptide aide \u00e0 renforcer l\u2019\u00e9lasticit\u00e9 de la peau, \u00e0 restaurer le collag\u00e8ne dans votre peau, \u00e0 hydrater et nourrir votre peau, la laissant plus douce, souple et radieuse. Elle aide \u00e0 am\u00e9liorer la texture et le teint de la peau, \u00e0 repulper la peau affaiss\u00e9e et \u00e0 pr\u00e9venir les signes de vieillissement pr\u00e9matur\u00e9. Cette cr\u00e8me au collag\u00e8ne Medix 5.5 contient un m\u00e9lange d\u2019ingr\u00e9dients hydratants comme des peptides, du beurre de karit\u00e9, de la vitamine E, de l\u2019aloe vera, etc., qui agissent ensemble pour hydrater et apaiser votre peau pour la rendre plus souple, plus lisse, plus ferme et plus radieuse.<\/p>","protected":false},"excerpt":{"rendered":"<p>La cr\u00e8me pour le corps Medix 5.5 Collag\u00e8ne + Peptide aide \u00e0 renforcer l\u2019\u00e9lasticit\u00e9 de la peau, \u00e0 restaurer le collag\u00e8ne dans votre peau, \u00e0 hydrater et nourrir votre peau, la laissant plus douce, souple et radieuse. Elle aide \u00e0 am\u00e9liorer la texture et le teint de la peau, \u00e0 repulper la peau affaiss\u00e9e et<span class=\"read-more-faq\"><a href=\"https:\/\/sakaba.mghosteur.com\/en\/product\/medix-5-5-collagen-peptides-plump-lift-444ml\/\">Read More<\/a><\/span><\/p>","protected":false},"featured_media":0,"comment_status":"open","ping_status":"closed","template":"","meta":[],"product_brand":[1029],"product_cat":[1095,447,1061],"product_tag":[],"class_list":{"0":"post-35982","1":"product","2":"type-product","3":"status-publish","5":"product_brand-medix-5-5","6":"product_cat-anti-age","7":"product_cat-aac-bain-et-corps","8":"product_cat-lait-huile_corporelle","10":"first","11":"instock","12":"shipping-taxable","13":"product-type-simple"},"jetpack-related-posts":[{"id":35992,"url":"https:\/\/sakaba.mghosteur.com\/en\/product\/medix-5-5-vitamin-c-tumeric-brighten-film-444ml-18500\/","url_meta":{"origin":35982,"position":0},"title":"MEDIX 5.5 VITAMIN C + TUMERIC BRIGHTEN +FILM 444ML 18500","author":"admin","date":"August 10, 2024","format":false,"excerpt":"L\u2019incorporation d\u2019une lotion pour le corps infus\u00e9e de vitamine C dans votre routine quotidienne de soins de la peau peut aider \u00e0 promouvoir un teint plus sain, plus radieux et plus jeune. La vitamine C aide \u00e0 favoriser un teint uniforme, tout en aidant \u00e9galement \u00e0 stimuler la production de\u2026","rel":"","context":"Similar post","block_context":{"text":"Similar post","link":""},"img":{"alt_text":"","src":"","width":0,"height":0},"classes":[]},{"id":31729,"url":"https:\/\/sakaba.mghosteur.com\/en\/product\/medix-5-5-vitamin-c-tumeric-brighten-film-444ml\/","url_meta":{"origin":35982,"position":1},"title":"MEDIX 5.5 VITAMIN C + TUMERIC BRIGHTEN +FILM 444ML","author":"admin","date":"May 10, 2024","format":false,"excerpt":"VITAMINE C \u2013 Int\u00e9grez une lotion corporelle infus\u00e9e de vitamine C dans votre routine de soins quotidiens pour favoriser un teint plus sain, plus radieux et plus jeune. La vitamine C aide \u00e0 uniformiser le teint, tout en stimulant la production de collag\u00e8ne pour am\u00e9liorer l'\u00e9lasticit\u00e9 et la fermet\u00e9 de\u2026","rel":"","context":"Similar post","block_context":{"text":"Similar post","link":""},"img":{"alt_text":"","src":"","width":0,"height":0},"classes":[]},{"id":35978,"url":"https:\/\/sakaba.mghosteur.com\/en\/product\/medix-5-5-retinol-ferulic-acid-age-rewind-444ml\/","url_meta":{"origin":35982,"position":2},"title":"MEDIX 5.5 RETINOL FERULIC ACID AGE REWIND 444ML","author":"admin","date":"August 10, 2024","format":false,"excerpt":"MEDIX 5.5 \u2013 RETINOL CREAM contient d\u2019autres ingr\u00e9dients actifs tels que l\u2019acide f\u00e9rulique, le th\u00e9 vert, la vitamine E, le beurre de karit\u00e9 et l\u2019aloe vera qui agissent en synergie pour am\u00e9liorer la sant\u00e9 globale et l\u2019apparence de votre peau afin de donner \u00e0 votre peau un \u00e9clat jeune et\u2026","rel":"","context":"Similar post","block_context":{"text":"Similar post","link":""},"img":{"alt_text":"","src":"","width":0,"height":0},"classes":[]},{"id":31734,"url":"https:\/\/sakaba.mghosteur.com\/en\/product\/medix-clinical-solution-collagen-hyauluronic-acid\/","url_meta":{"origin":35982,"position":3},"title":"MEDIX CLINICAL SOLUTION COLLAGEN+ HYAULURONIC ACID","author":"admin","date":"May 10, 2024","format":false,"excerpt":"Repulpez et raffermissez votre peau avec ce s\u00e9rum enrichi en collag\u00e8ne, ciblant efficacement les rides et ridules tout en hydratant en profondeur. Gr\u00e2ce \u00e0 sa formule unique associant le pouvoir du collag\u00e8ne \u00e0 des extraits naturels aux vertus nutritives, votre peau retrouve \u00e9clat et fermet\u00e9. L'Aloe Vera apaise et hydrate,\u2026","rel":"","context":"Similar post","block_context":{"text":"Similar post","link":""},"img":{"alt_text":"","src":"","width":0,"height":0},"classes":[]},{"id":31811,"url":"https:\/\/sakaba.mghosteur.com\/en\/product\/olay-regenerist-collagen-peptide-24-cream-cleanser\/","url_meta":{"origin":35982,"position":4},"title":"Olay Regenerist Collagen Peptide 24 Cream Cleanser","author":"admin","date":"May 10, 2024","format":false,"excerpt":"Ce nettoyant cr\u00e9meux exfolie votre peau en douceur sans la dess\u00e9cher ni la tirailler. En un seul nettoyage, il \u00e9limine la salet\u00e9, le s\u00e9bum, le maquillage et les impuret\u00e9s pour la pr\u00e9parer \u00e0 absorber les ingr\u00e9dients de vos soins du visage et de vos hydratants. Le matin, le soir, apr\u00e8s\u2026","rel":"","context":"Similar post","block_context":{"text":"Similar post","link":""},"img":{"alt_text":"","src":"","width":0,"height":0},"classes":[]},{"id":27435,"url":"https:\/\/sakaba.mghosteur.com\/en\/product\/the-inkey-list-collagen-booster\/","url_meta":{"origin":35982,"position":5},"title":"THE INKEY LIST COLLAGEN BOOSTER","author":"admin","date":"November 29, 2022","format":false,"excerpt":"Le Collagen Booster de The Inkey List est un must-have pour toute personne soucieuse de la sant\u00e9 de sa peau. Ce s\u00e9rum est con\u00e7u pour aider \u00e0 am\u00e9liorer la texture de la peau en stimulant la production naturelle de collag\u00e8ne, pour une apparence plus jeune et plus radieuse. Le peptide\u2026","rel":"","context":"Similar post","block_context":{"text":"Similar post","link":""},"img":{"alt_text":"","src":"","width":0,"height":0},"classes":[]}],"_links":{"self":[{"href":"https:\/\/sakaba.mghosteur.com\/en\/wp-json\/wp\/v2\/product\/35982","targetHints":{"allow":["GET"]}}],"collection":[{"href":"https:\/\/sakaba.mghosteur.com\/en\/wp-json\/wp\/v2\/product"}],"about":[{"href":"https:\/\/sakaba.mghosteur.com\/en\/wp-json\/wp\/v2\/types\/product"}],"replies":[{"embeddable":true,"href":"https:\/\/sakaba.mghosteur.com\/en\/wp-json\/wp\/v2\/comments?post=35982"}],"version-history":[{"count":0,"href":"https:\/\/sakaba.mghosteur.com\/en\/wp-json\/wp\/v2\/product\/35982\/revisions"}],"wp:attachment":[{"href":"https:\/\/sakaba.mghosteur.com\/en\/wp-json\/wp\/v2\/media?parent=35982"}],"wp:term":[{"taxonomy":"product_brand","embeddable":true,"href":"https:\/\/sakaba.mghosteur.com\/en\/wp-json\/wp\/v2\/product_brand?post=35982"},{"taxonomy":"product_cat","embeddable":true,"href":"https:\/\/sakaba.mghosteur.com\/en\/wp-json\/wp\/v2\/product_cat?post=35982"},{"taxonomy":"product_tag","embeddable":true,"href":"https:\/\/sakaba.mghosteur.com\/en\/wp-json\/wp\/v2\/product_tag?post=35982"}],"curies":[{"name":"wp","href":"https:\/\/api.w.org\/{rel}","templated":true}]}}